{"id":3311,"date":"2021-02-18T08:52:27","date_gmt":"2021-02-18T08:52:27","guid":{"rendered":"http:\/\/conex-casting.com\/?page_id=3311"},"modified":"2021-10-23T08:05:11","modified_gmt":"2021-10-23T08:05:11","slug":"pecas-moldadas-em-latao","status":"publish","type":"page","link":"https:\/\/conex-casting.com\/pt-br\/pecas-moldadas-em-latao\/","title":{"rendered":"Pe\u00e7as moldadas em lat\u00e3o"},"content":{"rendered":"<p style=\"text-align: center;\"><span style=\"text-decoration: underline; color: #800000;\"> <span style=\"font-size: 18pt;\"> <strong> Moldagem em lat\u00e3o Pe\u00e7as <\/strong> <\/span> <\/span><\/p>\n<p style=\"text-align: center;\"><a class=\"maxbutton-1 maxbutton maxbutton-product-page-button open-popup-modal\"><span class=\"mb-text\">Pe\u00e7a uma cota\u00e7\u00e3o<\/span><\/a><\/p>\n<p style=\"text-align: justify;\">Fundimos v\u00e1rias pe\u00e7as moldadas em lat\u00e3o em nossa fundi\u00e7\u00e3o, pois \u00e9 uma maneira econ\u00f4mica de fazer pe\u00e7as fundidas complexas. A maioria dessas pe\u00e7as feitas em nossa fundi\u00e7\u00e3o de moldagem de casca precisa de um m\u00ednimo de usinagem e s\u00e3o altamente econ\u00f4micas.<\/p>\n<table style=\"border-collapse: collapse; width: 100%;\">\n<tbody>\n<tr>\n<td style=\"width: 50%;\"><img loading=\"lazy\" decoding=\"async\" class=\"aligncenter wp-image-3312\" title=\"Brass Shell Moulding Parts\" src=\"http:\/\/conex-casting.com\/wp-content\/uploads\/2020\/10\/Brass-Shell-Moulding-Parts-01.jpg\" alt=\"Brass Shell Moulding Parts\" width=\"250\" height=\"250\" srcset=\"https:\/\/conex-casting.com\/wp-content\/uploads\/2020\/10\/Brass-Shell-Moulding-Parts-01.jpg 300w, https:\/\/conex-casting.com\/wp-content\/uploads\/2020\/10\/Brass-Shell-Moulding-Parts-01-150x150.jpg 150w\" sizes=\"auto, (max-width: 250px) 100vw, 250px\" \/><\/td>\n<td style=\"width: 50%;\"><img loading=\"lazy\" decoding=\"async\" class=\"aligncenter wp-image-3313\" title=\"Brass Shell Moulding Parts\" src=\"http:\/\/conex-casting.com\/wp-content\/uploads\/2020\/10\/Brass-Shell-Moulding-Parts-02.jpg\" alt=\"Brass Shell Moulding Parts\" width=\"250\" height=\"250\" srcset=\"https:\/\/conex-casting.com\/wp-content\/uploads\/2020\/10\/Brass-Shell-Moulding-Parts-02.jpg 300w, https:\/\/conex-casting.com\/wp-content\/uploads\/2020\/10\/Brass-Shell-Moulding-Parts-02-150x150.jpg 150w\" sizes=\"auto, (max-width: 250px) 100vw, 250px\" \/><\/td>\n<\/tr>\n<\/tbody>\n<\/table>\n<p style=\"text-align: justify;\">A principal diferen\u00e7a entre a fundi\u00e7\u00e3o em molde de casca e fundi\u00e7\u00e3o em areia \u00e9 o molde. Em Shell Mold Casting, o molde \u00e9 uma casca de parede fina criada pela aplica\u00e7\u00e3o de mistura de passas e areia ao redor do padr\u00e3o. O padr\u00e3o \u00e9 uma pe\u00e7a de metal no formato da pe\u00e7a a ser fundida. O padr\u00e3o \u00e9 reutilizado para formar v\u00e1rios moldes de casca.<\/p>\n<p><strong> As vantagens das pe\u00e7as de moldagem em casca incluem: <\/strong><\/p>\n<ul>\n<li>O acabamento da superf\u00edcie \u00e9 geralmente bom e consistente, resultando em menor necessidade e custo de usinagem<\/li>\n<li>A moldagem por carca\u00e7a permite a fabrica\u00e7\u00e3o de pe\u00e7as complexas com toler\u00e2ncia dimensional de aproximadamente 0,2 mm<\/li>\n<li>Os custos de ferramentas s\u00e3o comparativamente baixos e prazos de entrega mais curtos s\u00e3o necess\u00e1rios<\/li>\n<\/ul>\n<p><strong> Pe\u00e7as de moldagem de lat\u00e3o t\u00edpicas: <\/strong><\/p>\n<ul>\n<li>Conectores e terminais el\u00e9tricos de lat\u00e3o<\/li>\n<li>Acess\u00f3rios de lat\u00e3o para mangueiras e acoplamentos de mangueiras<\/li>\n<li>Cones de rolamento de lat\u00e3o e pe\u00e7as de rolamento<\/li>\n<li>Pe\u00e7as do motor<\/li>\n<li>Acess\u00f3rios sanit\u00e1rios, torneiras, torneiras com n\u00facleo<\/li>\n<li>Pe\u00e7as hidr\u00e1ulicas e pneum\u00e1ticas, flanges e acess\u00f3rios para tubos flex\u00edveis<\/li>\n<li>Acess\u00f3rios marinhos de lat\u00e3o e bronze e suprimentos para barcos<\/li>\n<\/ul>\n<p><strong> Graus de lat\u00e3o usados \u200b\u200bpara moldagem de casca: <\/strong><\/p>\n<table style=\"largura: 92,8503%;\" border=\"1\" width=\"50%\" cellspacing=\"0\" cellpadding=\"1\">\n<tbody>\n<tr>\n<th style=\"text-align: center; width: 10.3011%;\">No. da liga de cobre<\/th>\n<th style=\"text-align: center; width: 6.81458%;\">Cu<\/th>\n<th style=\"text-align: center; width: 6.81458%;\">Zn<\/th>\n<th style=\"text-align: center; width: 5.54675%;\">Pb<\/th>\n<th style=\"text-align: center; width: 5.22979%;\">Sn<\/th>\n<th style=\"text-align: center; width: 5.07587%;\">Sb<\/th>\n<th style=\"text-align: center; width: 5.22903%;\">Ni<\/th>\n<th style=\"text-align: center; width: 4.11968%;\">Fe<\/th>\n<th style=\"text-align: center; width: 6.4946%;\">Al<\/th>\n<th style=\"text-align: center; width: 8.71632%;\">Mn<\/th>\n<th style=\"text-align: center; width: 5.39357%;\">Como<\/th>\n<th style=\"text-align: center; width: 7.28472%;\">S<\/th>\n<th style=\"text-align: center; width: 5.23358%;\">P<\/th>\n<th style=\"text-align: center; width: 4,43361%;\">Si<\/th>\n<th style=\"text-align: center; width: 20.957%;\">Outros elementos nomeados<\/th>\n<\/tr>\n<tr bgcolor=\"#eeeeee\">\n<td style=\"width: 10.3011%;\">C85200<\/td>\n<td style=\"width: 6,81458%; text-align: center;\">70,0-74,0<\/td>\n<td style=\"width: 6,81458%; text-align: center;\">20,0-27,0<\/td>\n<td style=\"width: 5.54675%; text-align: center;\">1,5-3,8<\/td>\n<td style=\"width: 5,22979%; text-align: center;\">. 7-2,0<\/td>\n<td style=\"width: 5.07587%; text-align: center;\">. 20<\/td>\n<td style=\"width: 5.22903%; text-align: center;\">1.0<\/td>\n<td style=\"width: 4.11968%; text-align: center;\">. 6<\/td>\n<td style=\"width: 6.4946%; text-align: center;\">. 005<\/td>\n<td style=\"width: 8.71632%; text-align: center;\">&#8211;<\/td>\n<td style=\"width: 5.39357%; text-align: center;\">&#8211;<\/td>\n<td style=\"width: 7.28472%; text-align: center;\">. 05<\/td>\n<td style=\"width: 5.23358%; text-align: center;\">. 02<\/td>\n<td style=\"width: 4,43361%; text-align: center;\">. 05<\/td>\n<td style=\"width: 20.957%; text-align: center;\">&#8211;<\/td>\n<\/tr>\n<tr bgcolor=\"#d5d5d5\">\n<td style=\"width: 10.3011%;\">C85400<\/td>\n<td style=\"width: 6,81458%; text-align: center;\">65,0-70,0<\/td>\n<td style=\"width: 6,81458%; text-align: center;\">24,0-32,0<\/td>\n<td style=\"width: 5.54675%; text-align: center;\">1,5-3,8<\/td>\n<td style=\"width: 5,22979%; text-align: center;\">. 50-1,5<\/td>\n<td style=\"width: 5.07587%; text-align: center;\">&#8211;<\/td>\n<td style=\"width: 5.22903%; text-align: center;\">1.0<\/td>\n<td style=\"width: 4.11968%; text-align: center;\">. 7<\/td>\n<td style=\"width: 6.4946%; text-align: center;\">. 35<\/td>\n<td style=\"width: 8.71632%; text-align: center;\">&#8211;<\/td>\n<td style=\"width: 5.39357%; text-align: center;\">&#8211;<\/td>\n<td style=\"width: 7.28472%; text-align: center;\">&#8211;<\/td>\n<td style=\"width: 5.23358%; text-align: center;\">&#8211;<\/td>\n<td style=\"width: 4,43361%; text-align: center;\">. 05<\/td>\n<td style=\"width: 20.957%; text-align: center;\">&#8211;<\/td>\n<\/tr>\n<tr bgcolor=\"#eeeeee\">\n<td style=\"width: 10.3011%;\">C85450<\/td>\n<td style=\"width: 6,81458%; text-align: center;\">60,0-64,0<\/td>\n<td style=\"width: 6.81458%; text-align: center;\">Rem.<\/td>\n<td style=\"width: 5.54675%; text-align: center;\">. 09<\/td>\n<td style=\"width: 5,22979%; text-align: center;\">. 50-1,5<\/td>\n<td style=\"width: 5.07587%; text-align: center;\">&#8211;<\/td>\n<td style=\"width: 5.22903%; text-align: center;\">1.0<\/td>\n<td style=\"width: 4.11968%; text-align: center;\">. 30-1,0<\/td>\n<td style=\"width: 6.4946%; text-align: center;\">1.0<\/td>\n<td style=\"width: 8.71632%; text-align: center;\">. 6<\/td>\n<td style=\"width: 5.39357%; text-align: center;\">&#8211;<\/td>\n<td style=\"width: 7.28472%; text-align: center;\">&#8211;<\/td>\n<td style=\"width: 5.23358%; text-align: center;\">&#8211;<\/td>\n<td style=\"width: 4,43361%; text-align: center;\">&#8211;<\/td>\n<td style=\"width: 20.957%; text-align: center;\">&#8211;<\/td>\n<\/tr>\n<tr bgcolor=\"#d5d5d5\">\n<td style=\"width: 10.3011%;\">C85500<\/td>\n<td style=\"width: 6,81458%; text-align: center;\">59,0-63,0<\/td>\n<td style=\"width: 6.81458%; text-align: center;\">Rem.<\/td>\n<td style=\"width: 5.54675%; text-align: center;\">. 20<\/td>\n<td style=\"width: 5.22979%; text-align: center;\">. 20<\/td>\n<td style=\"width: 5.07587%; text-align: center;\">&#8211;<\/td>\n<td style=\"width: 5.22903%; text-align: center;\">. 20<\/td>\n<td style=\"width: 4.11968%; text-align: center;\">. 20<\/td>\n<td style=\"width: 6.4946%; text-align: center;\">&#8211;<\/td>\n<td style=\"width: 8.71632%; text-align: center;\">. 20<\/td>\n<td style=\"width: 5.39357%; text-align: center;\">&#8211;<\/td>\n<td style=\"width: 7.28472%; text-align: center;\">&#8211;<\/td>\n<td style=\"width: 5.23358%; text-align: center;\">&#8211;<\/td>\n<td style=\"width: 4,43361%; text-align: center;\">&#8211;<\/td>\n<td style=\"width: 20.957%; text-align: center;\">&#8211;<\/td>\n<\/tr>\n<tr bgcolor=\"#eeeeee\">\n<td style=\"width: 10.3011%;\">C85550<\/td>\n<td style=\"width: 6,81458%; text-align: center;\">59,0-64,0<\/td>\n<td style=\"width: 6.81458%; text-align: center;\">Rem.<\/td>\n<td style=\"width: 5.54675%; text-align: center;\">. 09<\/td>\n<td style=\"width: 5,22979%; text-align: center;\">. 30<\/td>\n<td style=\"width: 5.07587%; text-align: center;\">&#8211;<\/td>\n<td style=\"width: 5.22903%; text-align: center;\">. 20<\/td>\n<td style=\"width: 4.11968%; text-align: center;\">. 15<\/td>\n<td style=\"width: 6,4946%; text-align: center;\">. 30<\/td>\n<td style=\"width: 8.71632%; text-align: center;\">&#8211;<\/td>\n<td style=\"width: 5.39357%; text-align: center;\">&#8211;<\/td>\n<td style=\"width: 7.28472%; text-align: center;\">&#8211;<\/td>\n<td style=\"width: 5.23358%; text-align: center;\">&#8211;<\/td>\n<td style=\"width: 4,43361%; text-align: center;\">. 30-1,0<\/td>\n<td style=\"width: 20.957%; text-align: center;\">&#8211;<\/td>\n<\/tr>\n<tr bgcolor=\"#d5d5d5\">\n<td style=\"width: 10.3011%;\">C85700<\/td>\n<td style=\"width: 6,81458%; text-align: center;\">58,0-64,0<\/td>\n<td style=\"width: 6,81458%; text-align: center;\">32,0-40,0<\/td>\n<td style=\"width: 5.54675%; text-align: center;\">. 8-1,5<\/td>\n<td style=\"width: 5,22979%; text-align: center;\">. 50-1,5<\/td>\n<td style=\"width: 5.07587%; text-align: center;\">&#8211;<\/td>\n<td style=\"width: 5.22903%; text-align: center;\">1.0<\/td>\n<td style=\"width: 4.11968%; text-align: center;\">. 7<\/td>\n<td style=\"width: 6,4946%; text-align: center;\">. 8<\/td>\n<td style=\"width: 8.71632%; text-align: center;\">&#8211;<\/td>\n<td style=\"width: 5.39357%; text-align: center;\">&#8211;<\/td>\n<td style=\"width: 7.28472%; text-align: center;\">&#8211;<\/td>\n<td style=\"width: 5.23358%; text-align: center;\">&#8211;<\/td>\n<td style=\"width: 4,43361%; text-align: center;\">. 05<\/td>\n<td style=\"width: 20.957%; text-align: center;\">&#8211;<\/td>\n<\/tr>\n<tr bgcolor=\"#eeeeee\">\n<td style=\"width: 10.3011%;\">C85800<\/td>\n<td style=\"width: 6,81458%; text-align: center;\">57,0 min<\/td>\n<td style=\"width: 6,81458%; text-align: center;\">31,0-41,0<\/td>\n<td style=\"width: 5.54675%; text-align: center;\">1,5<\/td>\n<td style=\"width: 5,22979%; text-align: center;\">1,5<\/td>\n<td style=\"width: 5.07587%; text-align: center;\">. 05<\/td>\n<td style=\"width: 5,22903%; text-align: center;\">. 50<\/td>\n<td style=\"width: 4.11968%; text-align: center;\">. 50<\/td>\n<td style=\"width: 6,4946%; text-align: center;\">. 55<\/td>\n<td style=\"width: 8.71632%; text-align: center;\">. 25<\/td>\n<td style=\"width: 5.39357%; text-align: center;\">. 05<\/td>\n<td style=\"width: 7.28472%; text-align: center;\">. 05<\/td>\n<td style=\"width: 5.23358%; text-align: center;\">. 01<\/td>\n<td style=\"width: 4,43361%; text-align: center;\">. 25<\/td>\n<td style=\"width: 20.957%; text-align: center;\">&#8211;<\/td>\n<\/tr>\n<tr bgcolor=\"#d5d5d5\">\n<td style=\"width: 10.3011%;\">C85900<\/td>\n<td style=\"width: 6,81458%; text-align: center;\">58,0-62,0<\/td>\n<td style=\"width: 6,81458%; text-align: center;\">31,0-41,0<\/td>\n<td style=\"width: 5.54675%; text-align: center;\">. 09<\/td>\n<td style=\"width: 5,22979%; text-align: center;\">1,5<\/td>\n<td style=\"width: 5.07587%; text-align: center;\">. 20<\/td>\n<td style=\"width: 5,22903%; text-align: center;\">1,5<\/td>\n<td style=\"width: 4.11968%; text-align: center;\">. 50<\/td>\n<td style=\"width: 6.4946%; text-align: center;\">. 10- .6<\/td>\n<td style=\"width: 8.71632%; text-align: center;\">. 01<\/td>\n<td style=\"width: 5.39357%; text-align: center;\">&#8211;<\/td>\n<td style=\"width: 7.28472%; text-align: center;\">. 10- .65<\/td>\n<td style=\"width: 5.23358%; text-align: center;\">. 01<\/td>\n<td style=\"width: 4,43361%; text-align: center;\">. 25<\/td>\n<td style=\"width: 20.957%; text-align: center;\">. 20B .20Zr<\/td>\n<\/tr>\n<tr bgcolor=\"#eeeeee\">\n<td style=\"width: 10.3011%;\">C85910<\/td>\n<td style=\"width: 6,81458%; text-align: center;\">58,0-62,0<\/td>\n<td style=\"width: 6,81458%; text-align: center;\">31,0-41,0<\/td>\n<td style=\"width: 5.54675%; text-align: center;\">. 09<\/td>\n<td style=\"width: 5,22979%; text-align: center;\">1,5<\/td>\n<td style=\"width: 5.07587%; text-align: center;\">. 20<\/td>\n<td style=\"width: 5,22903%; text-align: center;\">1,5<\/td>\n<td style=\"width: 4.11968%; text-align: center;\">. 50<\/td>\n<td style=\"width: 6.4946%; text-align: center;\">. 10- .6<\/td>\n<td style=\"width: 8.71632%; text-align: center;\">. 01- .20<\/td>\n<td style=\"width: 5.39357%; text-align: center;\">&#8211;<\/td>\n<td style=\"width: 7.28472%; text-align: center;\">. 10- .65<\/td>\n<td style=\"width: 5.23358%; text-align: center;\">. 01<\/td>\n<td style=\"width: 4,43361%; text-align: center;\">. 25<\/td>\n<td style=\"width: 20.957%; text-align: center;\">. 20B .20Zr<\/td>\n<\/tr>\n<tr bgcolor=\"#d5d5d5\">\n<td style=\"width: 10.3011%;\">C85920<\/td>\n<td style=\"width: 6,81458%; text-align: center;\">58,0-62,0<\/td>\n<td style=\"width: 6,81458%; text-align: center;\">31,0-41,0<\/td>\n<td style=\"width: 5.54675%; text-align: center;\">. 09<\/td>\n<td style=\"width: 5,22979%; text-align: center;\">1,5<\/td>\n<td style=\"width: 5.07587%; text-align: center;\">. 20<\/td>\n<td style=\"width: 5,22903%; text-align: center;\">1,5<\/td>\n<td style=\"width: 4.11968%; text-align: center;\">. 50<\/td>\n<td style=\"width: 6.4946%; text-align: center;\">. 10- .6<\/td>\n<td style=\"width: 8.71632%; text-align: center;\">. 20<\/td>\n<td style=\"width: 5.39357%; text-align: center;\">&#8211;<\/td>\n<td style=\"width: 7.28472%; text-align: center;\">. 1<\/td>\n<td style=\"width: 5.23358%; text-align: center;\">. 01<\/td>\n<td style=\"width: 4,43361%; text-align: center;\">. 25<\/td>\n<td style=\"width: 20.957%; text-align: center;\">. 20B .10C .30Ti .20Zr<\/td>\n<\/tr>\n<tr bgcolor=\"#eeeeee\">\n<td style=\"width: 10.3011%;\">C85930<\/td>\n<td style=\"width: 6,81458%; text-align: center;\">58,0-62,0<\/td>\n<td style=\"width: 6,81458%; text-align: center;\">31,0-41,0<\/td>\n<td style=\"width: 5.54675%; text-align: center;\">. 09<\/td>\n<td style=\"width: 5,22979%; text-align: center;\">1,5<\/td>\n<td style=\"width: 5.07587%; text-align: center;\">. 10-1,5<\/td>\n<td style=\"width: 5,22903%; text-align: center;\">1,5<\/td>\n<td style=\"width: 4.11968%; text-align: center;\">. 50<\/td>\n<td style=\"width: 6.4946%; text-align: center;\">. 10- .6<\/td>\n<td style=\"width: 8.71632%; text-align: center;\">. 20<\/td>\n<td style=\"width: 5.39357%; text-align: center;\">&#8211;<\/td>\n<td style=\"width: 7.28472%; text-align: center;\">. 10- .65<\/td>\n<td style=\"width: 5.23358%; text-align: center;\">. 01<\/td>\n<td style=\"width: 4,43361%; text-align: center;\">. 25<\/td>\n<td style=\"width: 20.957%; text-align: center;\">. 20B .10C .30Ti .20Zr<\/td>\n<\/tr>\n<\/tbody>\n<\/table>\n","protected":false},"excerpt":{"rendered":"<p>Moldagem em lat\u00e3o Pe\u00e7as Pe\u00e7a uma cota\u00e7\u00e3o Fundimos v\u00e1rias pe\u00e7as moldadas em lat\u00e3o em nossa fundi\u00e7\u00e3o, pois \u00e9 uma maneira econ\u00f4mica de fazer pe\u00e7as fundidas complexas. A maioria dessas pe\u00e7as feitas em nossa fundi\u00e7\u00e3o de moldagem de casca precisa de um m\u00ednimo de usinagem e s\u00e3o altamente econ\u00f4micas. A principal diferen\u00e7a entre a fundi\u00e7\u00e3o em [&hellip;]<\/p>\n","protected":false},"author":1,"featured_media":0,"parent":0,"menu_order":0,"comment_status":"closed","ping_status":"closed","template":"","meta":{"_joinchat":[],"footnotes":""},"class_list":["post-3311","page","type-page","status-publish","hentry"],"_links":{"self":[{"href":"https:\/\/conex-casting.com\/pt-br\/wp-json\/wp\/v2\/pages\/3311","targetHints":{"allow":["GET"]}}],"collection":[{"href":"https:\/\/conex-casting.com\/pt-br\/wp-json\/wp\/v2\/pages"}],"about":[{"href":"https:\/\/conex-casting.com\/pt-br\/wp-json\/wp\/v2\/types\/page"}],"author":[{"embeddable":true,"href":"https:\/\/conex-casting.com\/pt-br\/wp-json\/wp\/v2\/users\/1"}],"replies":[{"embeddable":true,"href":"https:\/\/conex-casting.com\/pt-br\/wp-json\/wp\/v2\/comments?post=3311"}],"version-history":[{"count":3,"href":"https:\/\/conex-casting.com\/pt-br\/wp-json\/wp\/v2\/pages\/3311\/revisions"}],"predecessor-version":[{"id":6184,"href":"https:\/\/conex-casting.com\/pt-br\/wp-json\/wp\/v2\/pages\/3311\/revisions\/6184"}],"wp:attachment":[{"href":"https:\/\/conex-casting.com\/pt-br\/wp-json\/wp\/v2\/media?parent=3311"}],"curies":[{"name":"wp","href":"https:\/\/api.w.org\/{rel}","templated":true}]}}