{"id":3325,"date":"2021-02-18T09:21:29","date_gmt":"2021-02-18T09:21:29","guid":{"rendered":"http:\/\/conex-casting.com\/?page_id=3325"},"modified":"2021-10-23T07:57:22","modified_gmt":"2021-10-23T07:57:22","slug":"fundicao-de-bronze","status":"publish","type":"page","link":"https:\/\/conex-casting.com\/pt-br\/fundicao-de-bronze\/","title":{"rendered":"Fundi\u00e7\u00e3o de Bronze"},"content":{"rendered":"<p style=\"text-align: center;\"><span style=\"text-decoration: underline; color: #800000;\"> <span style=\"font-size: 18pt;\"> <strong> Fundi\u00e7\u00e3o de Bronze <\/strong> <\/span> <\/span><\/p>\n<p style=\"text-align: center;\"><a class=\"maxbutton-1 maxbutton maxbutton-product-page-button open-popup-modal\"><span class=\"mb-text\">Pe\u00e7a uma cota\u00e7\u00e3o<\/span><\/a><\/p>\n<p style=\"text-align: justify;\"><strong> Tipos de produtos fundidos de bronze: <\/strong> Na Conex, lan\u00e7amos diferentes varia\u00e7\u00f5es de ligas de bronze com e sem chumbo para v\u00e1rios setores. Todos os metais s\u00e3o ligados internamente usando nosso analisador de metais SPECTROLAB para atender \u00e0s demandas de nossos clientes. Os produtos Conex Bronze Cast s\u00e3o usados \u200b\u200bem v\u00e1rias aplica\u00e7\u00f5es, desde el\u00e9trica \/ aterramento, encanamento \/ conex\u00f5es de tubula\u00e7\u00e3o, mar\u00edtima etc.<\/p>\n<table style=\"border-collapse: collapse; width: 100%;\" border=\"0\">\n<tbody>\n<tr style=\"height: 257px;\">\n<td style=\"width: 50%; height: 257px;\"><img loading=\"lazy\" decoding=\"async\" class=\"aligncenter wp-image-3329 size-full\" title=\"Fundi\u00e7\u00e3o de Bronze\" src=\"http:\/\/conex-casting.com\/wp-content\/uploads\/2019\/02\/bronze-casting-01.jpg\" alt=\"Fundi\u00e7\u00e3o de Bronze\" width=\"250\" height=\"250\" srcset=\"https:\/\/conex-casting.com\/wp-content\/uploads\/2019\/02\/bronze-casting-01.jpg 250w, https:\/\/conex-casting.com\/wp-content\/uploads\/2019\/02\/bronze-casting-01-150x150.jpg 150w\" sizes=\"auto, (max-width: 250px) 100vw, 250px\" \/><\/td>\n<td style=\"width: 50%; height: 257px;\"><img loading=\"lazy\" decoding=\"async\" class=\"aligncenter wp-image-3330 size-full\" title=\"Fundi\u00e7\u00e3o de Bronze\" src=\"http:\/\/conex-casting.com\/wp-content\/uploads\/2019\/02\/bronze-casting-02.jpg\" alt=\"Fundi\u00e7\u00e3o de Bronze\" width=\"250\" height=\"250\" srcset=\"https:\/\/conex-casting.com\/wp-content\/uploads\/2019\/02\/bronze-casting-02.jpg 250w, https:\/\/conex-casting.com\/wp-content\/uploads\/2019\/02\/bronze-casting-02-150x150.jpg 150w\" sizes=\"auto, (max-width: 250px) 100vw, 250px\" \/><\/td>\n<\/tr>\n<\/tbody>\n<\/table>\n<ul>\n<li><span style=\"text-decoration: underline;\"> <a href=\"https:\/\/conex-casting.com\/pt-br\/fundicao-de-bronze-de-grau-eletrico\/\"> Fundi\u00e7\u00e3o de bronze de grau el\u00e9trico&nbsp;<\/a><\/span><\/li>\n<li><span style=\"text-decoration: underline;\"> <a href=\"https:\/\/conex-casting.com\/pt-br\/fundicao-de-bronze-de-grau-naval\/\"> Fundi\u00e7\u00e3o de bronze de grau naval&nbsp;<\/a><\/span><\/li>\n<li><span style=\"text-decoration: underline;\"> <a href=\"https:\/\/conex-casting.com\/pt-br\/fundicao-de-bronze-geral\/\"> Fundi\u00e7\u00e3o geral de bronze <\/a> <\/span><\/li>\n<\/ul>\n<p><strong> Alguns dos produtos para fundi\u00e7\u00e3o de bronze de grau el\u00e9trico s\u00e3o: <\/strong><\/p>\n<ul>\n<li><span style=\"text-decoration: underline;\"> <a href=\"https:\/\/conex-casting.com\/pt-br\/bracadeiras-de-bronze-para-tubos\/\"> Bra\u00e7adeiras de bronze para tubos mo\u00eddos&nbsp;<\/a><\/span><\/li>\n<li><span style=\"text-decoration: underline;\"> <a href=\"https:\/\/conex-casting.com\/pt-br\/grampos-para-haste-de-aterramento\/\"> Bra\u00e7adeiras de aterramento <\/a> <\/span><\/li>\n<li><span style=\"text-decoration: underline;\"> <a href=\"https:\/\/conex-casting.com\/pt-br\/fundicao-de-bronze-de-grau-eletrico\/bronze-vise-clamps\/\"> Grampos de bronze Vise <\/a> <\/span><\/li>\n<li><span style=\"text-decoration: underline;\"> <a href=\"https:\/\/conex-casting.com\/pt-br\/grampos-de-colagem\/\"> Grampos de colagem&nbsp;<\/a><\/span><\/li>\n<li><span style=\"text-decoration: underline;\"> <a href=\"https:\/\/conex-casting.com\/pt-br\/parafusos-de-olho\/\"> Eye-Bolts&nbsp;<\/a><\/span><\/li>\n<li><span style=\"text-decoration: underline;\"> <a href=\"https:\/\/conex-casting.com\/pt-br\/colocar-em-taloes\/\"> Colocar nas al\u00e7as <\/a> <\/span><\/li>\n<li><span style=\"text-decoration: underline;\"> <a href=\"https:\/\/conex-casting.com\/pt-br\/grampos-de-vergalhao\/\"> Grampos de vergalh\u00e3o&nbsp;<\/a><\/span><\/li>\n<li><span style=\"text-decoration: underline;\"> <a href=\"https:\/\/conex-casting.com\/pt-br\/conectores-de-tanque-de-transformador\/\"> Transformer Tank Connectors <\/a> <\/span><\/li>\n<li><span style=\"text-decoration: underline;\"> <a href=\"https:\/\/conex-casting.com\/pt-br\/grampos-de-parafuso-u\/\"> Grampos para parafuso em&nbsp;<\/a><\/span><\/li>\n<li><span style=\"text-decoration: underline;\"> <a href=\"https:\/\/conex-casting.com\/pt-br\/pincas-de-linha-direta\/\"> Pin\u00e7as de linha direta <\/a> <\/span><\/li>\n<\/ul>\n<p><strong> Alguns dos produtos para fundi\u00e7\u00e3o de bronze de grau marinho s\u00e3o: <\/strong><\/p>\n<ul>\n<li><span style=\"text-decoration: underline;\"> <a href=\"https:\/\/conex-casting.com\/pt-br\/acessorios-para-casco-marinho-com-revestimento-de-bronze\/\"> Casco marinho de encaixe de bronze Acess\u00f3rios <\/a> <\/span><\/li>\n<li><span style=\"text-decoration: underline;\"> <a href=\"https:\/\/conex-casting.com\/pt-br\/filtros-para-casco-de-bronze-para-marinhas\/\"> Filtros de casco de bronze Filtros para colher marinhas <\/a> <\/span><\/li>\n<\/ul>\n<p><strong> Alguns dos produtos para Fundi\u00e7\u00e3o de Bronze Geral s\u00e3o: <\/strong><\/p>\n<ul>\n<li><span style=\"text-decoration: underline;\"> <a href=\"https:\/\/conex-casting.com\/pt-br\/flanges-de-bronze\/\"> Flanges de bronze&nbsp;<\/a><\/span><\/li>\n<li><span style=\"text-decoration: underline;\"> <a href=\"https:\/\/conex-casting.com\/pt-br\/flanges-de-bomba-de-bronze\/\"> Flanges de bomba de bronze <\/a> <\/span><\/li>\n<li><span style=\"text-decoration: underline;\"> <a href=\"https:\/\/conex-casting.com\/pt-br\/porcas-de-bronze-de-silicone\/\"> Porcas de sil\u00edcio bronze <\/a> <\/span><\/li>\n<li><span style=\"text-decoration: underline;\"> <a href=\"https:\/\/conex-casting.com\/pt-br\/acessorios-de-bronze-cotovelos-redutores-de-cotovelos-rosqueados\/\"> Acess\u00f3rios de bronze &#8211; cotovelos redutores Cotovelos rosqueados <\/a> <\/span><\/li>\n<li><span style=\"text-decoration: underline;\"> <a href=\"https:\/\/conex-casting.com\/pt-br\/t-shirt-de-acessorios-para-tubos-de-bronze\/\"> Acess\u00f3rios para tubos de bronze &#8211; camisetas <\/a> <\/span><\/li>\n<li><span style=\"text-decoration: underline;\"> <a href=\"https:\/\/conex-casting.com\/pt-br\/bicos-de-mangueira-de-bronze-caudas-de-farpas\/\"> Bicos de mangueira de bronze Rabos de barbas <\/a><\/span><\/li>\n<li><span style=\"text-decoration: underline;\"> <a href=\"https:\/\/conex-casting.com\/pt-br\/acoplamentos-de-mangueira-de-fogo-de-bronze\/\"> Acoplamentos de bronze para mangueiras de inc\u00eandio&nbsp;<\/a><\/span><\/li>\n<li><span style=\"text-decoration: underline;\"> <a href=\"https:\/\/conex-casting.com\/pt-br\/buchas-de-bronze\/\"> Buchas de bronze&nbsp;<\/a><\/span><\/li>\n<\/ul>\n","protected":false},"excerpt":{"rendered":"<p>Fundi\u00e7\u00e3o de Bronze Pe\u00e7a uma cota\u00e7\u00e3o Tipos de produtos fundidos de bronze: Na Conex, lan\u00e7amos diferentes varia\u00e7\u00f5es de ligas de bronze com e sem chumbo para v\u00e1rios setores. Todos os metais s\u00e3o ligados internamente usando nosso analisador de metais SPECTROLAB para atender \u00e0s demandas de nossos clientes. Os produtos Conex Bronze Cast s\u00e3o usados \u200b\u200bem [&hellip;]<\/p>\n","protected":false},"author":1,"featured_media":0,"parent":0,"menu_order":0,"comment_status":"closed","ping_status":"closed","template":"","meta":{"_joinchat":[],"footnotes":""},"class_list":["post-3325","page","type-page","status-publish","hentry"],"_links":{"self":[{"href":"https:\/\/conex-casting.com\/pt-br\/wp-json\/wp\/v2\/pages\/3325","targetHints":{"allow":["GET"]}}],"collection":[{"href":"https:\/\/conex-casting.com\/pt-br\/wp-json\/wp\/v2\/pages"}],"about":[{"href":"https:\/\/conex-casting.com\/pt-br\/wp-json\/wp\/v2\/types\/page"}],"author":[{"embeddable":true,"href":"https:\/\/conex-casting.com\/pt-br\/wp-json\/wp\/v2\/users\/1"}],"replies":[{"embeddable":true,"href":"https:\/\/conex-casting.com\/pt-br\/wp-json\/wp\/v2\/comments?post=3325"}],"version-history":[{"count":6,"href":"https:\/\/conex-casting.com\/pt-br\/wp-json\/wp\/v2\/pages\/3325\/revisions"}],"predecessor-version":[{"id":6148,"href":"https:\/\/conex-casting.com\/pt-br\/wp-json\/wp\/v2\/pages\/3325\/revisions\/6148"}],"wp:attachment":[{"href":"https:\/\/conex-casting.com\/pt-br\/wp-json\/wp\/v2\/media?parent=3325"}],"curies":[{"name":"wp","href":"https:\/\/api.w.org\/{rel}","templated":true}]}}