{"id":3335,"date":"2021-02-18T09:32:31","date_gmt":"2021-02-18T09:32:31","guid":{"rendered":"http:\/\/conex-casting.com\/?page_id=3335"},"modified":"2021-10-23T08:03:07","modified_gmt":"2021-10-23T08:03:07","slug":"fundicao-centrifuga-de-bronze","status":"publish","type":"page","link":"https:\/\/conex-casting.com\/pt-br\/fundicao-centrifuga-de-bronze\/","title":{"rendered":"Fundi\u00e7\u00e3o Centr\u00edfuga de Bronze"},"content":{"rendered":"<p style=\"text-align: center;\"><span style=\"text-decoration: underline; color: #800000;\"> <span style=\"font-size: 18pt;\"> <strong> Fundi\u00e7\u00e3o centr\u00edfuga de bronze <\/strong><\/span><\/span><\/p>\n<p style=\"text-align: center;\"><a class=\"maxbutton-1 maxbutton maxbutton-product-page-button open-popup-modal\"><span class=\"mb-text\">Pe\u00e7a uma cota\u00e7\u00e3o<\/span><\/a><\/p>\n<p style=\"text-align: justify;\">As pe\u00e7as fundidas centr\u00edfugas de bronze s\u00e3o feitas na forma s\u00f3lida entre 15-300 mm; e forma de tubo entre 35-300 mm. O m\u00e9todo de fundi\u00e7\u00e3o centr\u00edfuga \u00e9 25% mais eficiente em compara\u00e7\u00e3o com a fundi\u00e7\u00e3o em areia e aumenta a vida \u00fatil do mecanismo &amp; amp; reduza os custos de manuten\u00e7\u00e3o ao m\u00ednimo.<\/p>\n<table style=\"border-collapse: collapse; width: 100%;\">\n<tbody>\n<tr>\n<td style=\"width: 33.3333%;\"><img loading=\"lazy\" decoding=\"async\" class=\"size-full wp-image-3468 aligncenter\" src=\"http:\/\/conex-casting.com\/wp-content\/uploads\/2020\/08\/Bronze-Centrifugal-Casting-01.jpg\" alt=\"Bronze Centrifugal Casting\" width=\"250\" height=\"250\" srcset=\"https:\/\/conex-casting.com\/wp-content\/uploads\/2020\/08\/Bronze-Centrifugal-Casting-01.jpg 250w, https:\/\/conex-casting.com\/wp-content\/uploads\/2020\/08\/Bronze-Centrifugal-Casting-01-150x150.jpg 150w\" sizes=\"auto, (max-width: 250px) 100vw, 250px\" \/><\/td>\n<td style=\"width: 33.3333%;\"><img loading=\"lazy\" decoding=\"async\" class=\"size-full wp-image-3338 aligncenter\" src=\"http:\/\/conex-casting.com\/wp-content\/uploads\/2020\/08\/Bronze-Centrifugal-Casting-02.jpg\" alt=\"Bronze Centrifugal Casting\" width=\"250\" height=\"250\" srcset=\"https:\/\/conex-casting.com\/wp-content\/uploads\/2020\/08\/Bronze-Centrifugal-Casting-02.jpg 250w, https:\/\/conex-casting.com\/wp-content\/uploads\/2020\/08\/Bronze-Centrifugal-Casting-02-150x150.jpg 150w\" sizes=\"auto, (max-width: 250px) 100vw, 250px\" \/><\/td>\n<td style=\"width: 33.3333%;\"><img loading=\"lazy\" decoding=\"async\" class=\"alignnone size-full wp-image-3339\" src=\"http:\/\/conex-casting.com\/wp-content\/uploads\/2020\/08\/Bronze-Centrifugal-Casting-03.jpg\" alt=\"Bronze Centrifugal Casting\" width=\"250\" height=\"250\" srcset=\"https:\/\/conex-casting.com\/wp-content\/uploads\/2020\/08\/Bronze-Centrifugal-Casting-03.jpg 250w, https:\/\/conex-casting.com\/wp-content\/uploads\/2020\/08\/Bronze-Centrifugal-Casting-03-150x150.jpg 150w\" sizes=\"auto, (max-width: 250px) 100vw, 250px\" \/><\/td>\n<\/tr>\n<\/tbody>\n<\/table>\n","protected":false},"excerpt":{"rendered":"<p>Fundi\u00e7\u00e3o centr\u00edfuga de bronze Pe\u00e7a uma cota\u00e7\u00e3o As pe\u00e7as fundidas centr\u00edfugas de bronze s\u00e3o feitas na forma s\u00f3lida entre 15-300 mm; e forma de tubo entre 35-300 mm. O m\u00e9todo de fundi\u00e7\u00e3o centr\u00edfuga \u00e9 25% mais eficiente em compara\u00e7\u00e3o com a fundi\u00e7\u00e3o em areia e aumenta a vida \u00fatil do mecanismo &amp; amp; reduza os [&hellip;]<\/p>\n","protected":false},"author":1,"featured_media":0,"parent":0,"menu_order":0,"comment_status":"closed","ping_status":"closed","template":"","meta":{"_joinchat":[],"footnotes":""},"class_list":["post-3335","page","type-page","status-publish","hentry"],"_links":{"self":[{"href":"https:\/\/conex-casting.com\/pt-br\/wp-json\/wp\/v2\/pages\/3335","targetHints":{"allow":["GET"]}}],"collection":[{"href":"https:\/\/conex-casting.com\/pt-br\/wp-json\/wp\/v2\/pages"}],"about":[{"href":"https:\/\/conex-casting.com\/pt-br\/wp-json\/wp\/v2\/types\/page"}],"author":[{"embeddable":true,"href":"https:\/\/conex-casting.com\/pt-br\/wp-json\/wp\/v2\/users\/1"}],"replies":[{"embeddable":true,"href":"https:\/\/conex-casting.com\/pt-br\/wp-json\/wp\/v2\/comments?post=3335"}],"version-history":[{"count":3,"href":"https:\/\/conex-casting.com\/pt-br\/wp-json\/wp\/v2\/pages\/3335\/revisions"}],"predecessor-version":[{"id":6174,"href":"https:\/\/conex-casting.com\/pt-br\/wp-json\/wp\/v2\/pages\/3335\/revisions\/6174"}],"wp:attachment":[{"href":"https:\/\/conex-casting.com\/pt-br\/wp-json\/wp\/v2\/media?parent=3335"}],"curies":[{"name":"wp","href":"https:\/\/api.w.org\/{rel}","templated":true}]}}