{"id":3358,"date":"2021-02-18T09:50:17","date_gmt":"2021-02-18T09:50:17","guid":{"rendered":"http:\/\/conex-casting.com\/?page_id=3358"},"modified":"2021-10-23T07:58:51","modified_gmt":"2021-10-23T07:58:51","slug":"bracadeiras-de-bronze-para-tubos","status":"publish","type":"page","link":"https:\/\/conex-casting.com\/pt-br\/bracadeiras-de-bronze-para-tubos\/","title":{"rendered":"Bra\u00e7adeiras de bronze para tubos"},"content":{"rendered":"<p style=\"text-align: center;\"><span style=\"text-decoration: underline; color: #800000;\"> <span style=\"color: # 800000; font-size: 18pt;\"> <strong> Tubula\u00e7\u00e3o subterr\u00e2nea de bronze Bra\u00e7adeiras <\/strong> <\/span> <\/span><\/p>\n<p style=\"text-align: center;\"><a class=\"maxbutton-1 maxbutton maxbutton-product-page-button open-popup-modal\"><span class=\"mb-text\">Pe\u00e7a uma cota\u00e7\u00e3o<\/span><\/a><\/p>\n<p style=\"text-align: justify;\">Feito de bronze de alta resist\u00eancia atrav\u00e9s de fundi\u00e7\u00e3o em areia fina. As bra\u00e7adeiras de tubo est\u00e3o dispon\u00edveis para v\u00e1rios tamanhos de tubo de \u00bd \u201d- 1\u201d a 4 \u201d-6\u201d. Ele pode ser usado para tamanhos de fio que variam de # 2 AWG a # 10AWG.<\/p>\n<table style=\"border-collapse: collapse; width: 100%;\" border=\"0\">\n<tbody>\n<tr>\n<td style=\"width: 50%;\"><img loading=\"lazy\" decoding=\"async\" class=\"aligncenter wp-image-3359 size-full\" title=\"Bra\u00e7adeiras de bronze para tubos\" src=\"http:\/\/conex-casting.com\/wp-content\/uploads\/2019\/02\/ground-pipe-clamps-03.jpg\" alt=\"Bra\u00e7adeiras de bronze para tubos\" width=\"350\" height=\"350\" srcset=\"https:\/\/conex-casting.com\/wp-content\/uploads\/2019\/02\/ground-pipe-clamps-03.jpg 350w, https:\/\/conex-casting.com\/wp-content\/uploads\/2019\/02\/ground-pipe-clamps-03-150x150.jpg 150w, https:\/\/conex-casting.com\/wp-content\/uploads\/2019\/02\/ground-pipe-clamps-03-300x300.jpg 300w\" sizes=\"auto, (max-width: 350px) 100vw, 350px\" \/><\/td>\n<td style=\"width: 50%;\"><img loading=\"lazy\" decoding=\"async\" class=\"aligncenter wp-image-3360 size-full\" title=\"Bra\u00e7adeiras de bronze para tubos\" src=\"http:\/\/conex-casting.com\/wp-content\/uploads\/2019\/02\/ground-pipe-clamps-01-e1549347793984.jpg\" alt=\"Bra\u00e7adeiras de bronze para tubos\" width=\"350\" height=\"350\" srcset=\"https:\/\/conex-casting.com\/wp-content\/uploads\/2019\/02\/ground-pipe-clamps-01-e1549347793984.jpg 350w, https:\/\/conex-casting.com\/wp-content\/uploads\/2019\/02\/ground-pipe-clamps-01-e1549347793984-150x150.jpg 150w, https:\/\/conex-casting.com\/wp-content\/uploads\/2019\/02\/ground-pipe-clamps-01-e1549347793984-300x300.jpg 300w\" sizes=\"auto, (max-width: 350px) 100vw, 350px\" \/><\/td>\n<\/tr>\n<\/tbody>\n<\/table>\n","protected":false},"excerpt":{"rendered":"<p>Tubula\u00e7\u00e3o subterr\u00e2nea de bronze Bra\u00e7adeiras Pe\u00e7a uma cota\u00e7\u00e3o Feito de bronze de alta resist\u00eancia atrav\u00e9s de fundi\u00e7\u00e3o em areia fina. As bra\u00e7adeiras de tubo est\u00e3o dispon\u00edveis para v\u00e1rios tamanhos de tubo de \u00bd \u201d- 1\u201d a 4 \u201d-6\u201d. Ele pode ser usado para tamanhos de fio que variam de # 2 AWG a # 10AWG.<\/p>\n","protected":false},"author":1,"featured_media":0,"parent":0,"menu_order":0,"comment_status":"closed","ping_status":"closed","template":"","meta":{"_joinchat":[],"footnotes":""},"class_list":["post-3358","page","type-page","status-publish","hentry"],"_links":{"self":[{"href":"https:\/\/conex-casting.com\/pt-br\/wp-json\/wp\/v2\/pages\/3358","targetHints":{"allow":["GET"]}}],"collection":[{"href":"https:\/\/conex-casting.com\/pt-br\/wp-json\/wp\/v2\/pages"}],"about":[{"href":"https:\/\/conex-casting.com\/pt-br\/wp-json\/wp\/v2\/types\/page"}],"author":[{"embeddable":true,"href":"https:\/\/conex-casting.com\/pt-br\/wp-json\/wp\/v2\/users\/1"}],"replies":[{"embeddable":true,"href":"https:\/\/conex-casting.com\/pt-br\/wp-json\/wp\/v2\/comments?post=3358"}],"version-history":[{"count":3,"href":"https:\/\/conex-casting.com\/pt-br\/wp-json\/wp\/v2\/pages\/3358\/revisions"}],"predecessor-version":[{"id":6154,"href":"https:\/\/conex-casting.com\/pt-br\/wp-json\/wp\/v2\/pages\/3358\/revisions\/6154"}],"wp:attachment":[{"href":"https:\/\/conex-casting.com\/pt-br\/wp-json\/wp\/v2\/media?parent=3358"}],"curies":[{"name":"wp","href":"https:\/\/api.w.org\/{rel}","templated":true}]}}