{"id":3397,"date":"2021-02-18T11:55:09","date_gmt":"2021-02-18T11:55:09","guid":{"rendered":"http:\/\/conex-casting.com\/?page_id=3397"},"modified":"2021-03-04T14:35:13","modified_gmt":"2021-03-04T14:35:13","slug":"qualidade","status":"publish","type":"page","link":"https:\/\/conex-casting.com\/pt-br\/qualidade\/","title":{"rendered":"Qualidade"},"content":{"rendered":"<p class=\"marg-lg-b30\" style=\"text-align: justify;\">A qualidade \u00e9 importante para nosso neg\u00f3cio porque valorizamos nossos clientes e seus neg\u00f3cios recorrentes. N\u00f3s nos esfor\u00e7amos para fornecer aos nossos clientes produtos e servi\u00e7os que atendam ou superem suas expectativas e levem a um relacionamento de longo e bem-sucedido entre n\u00f3s. Temos orgulho de ter um relacionamento duradouro com nossos clientes e de ser o \u00fanico fornecedor para todas as suas necessidades de componentes de lat\u00e3o.<\/p>\n<p style=\"text-align: justify;\">Nossa estrita ader\u00eancia aos altos padr\u00f5es de qualidade nos levou onde estamos. Come\u00e7amos como uma empresa familiar h\u00e1 33 anos e hoje evolu\u00edmos para um dos maiores exportadores de componentes de lat\u00e3o da \u00cdndia.<\/p>\n<p style=\"text-align: justify;\">Esta pol\u00edtica foi publicada no escrit\u00f3rio da empresa e todos os funcion\u00e1rios devem se esfor\u00e7ar todos os dias em seu trabalho para cumpri-la.<\/p>\n","protected":false},"excerpt":{"rendered":"<p>A qualidade \u00e9 importante para nosso neg\u00f3cio porque valorizamos nossos clientes e seus neg\u00f3cios recorrentes. N\u00f3s nos esfor\u00e7amos para fornecer aos nossos clientes produtos e servi\u00e7os que atendam ou superem suas expectativas e levem a um relacionamento de longo e bem-sucedido entre n\u00f3s. Temos orgulho de ter um relacionamento duradouro com nossos clientes e de [&hellip;]<\/p>\n","protected":false},"author":1,"featured_media":0,"parent":0,"menu_order":0,"comment_status":"closed","ping_status":"closed","template":"","meta":{"_joinchat":[],"footnotes":""},"class_list":["post-3397","page","type-page","status-publish","hentry"],"_links":{"self":[{"href":"https:\/\/conex-casting.com\/pt-br\/wp-json\/wp\/v2\/pages\/3397","targetHints":{"allow":["GET"]}}],"collection":[{"href":"https:\/\/conex-casting.com\/pt-br\/wp-json\/wp\/v2\/pages"}],"about":[{"href":"https:\/\/conex-casting.com\/pt-br\/wp-json\/wp\/v2\/types\/page"}],"author":[{"embeddable":true,"href":"https:\/\/conex-casting.com\/pt-br\/wp-json\/wp\/v2\/users\/1"}],"replies":[{"embeddable":true,"href":"https:\/\/conex-casting.com\/pt-br\/wp-json\/wp\/v2\/comments?post=3397"}],"version-history":[{"count":1,"href":"https:\/\/conex-casting.com\/pt-br\/wp-json\/wp\/v2\/pages\/3397\/revisions"}],"predecessor-version":[{"id":3399,"href":"https:\/\/conex-casting.com\/pt-br\/wp-json\/wp\/v2\/pages\/3397\/revisions\/3399"}],"wp:attachment":[{"href":"https:\/\/conex-casting.com\/pt-br\/wp-json\/wp\/v2\/media?parent=3397"}],"curies":[{"name":"wp","href":"https:\/\/api.w.org\/{rel}","templated":true}]}}