{"id":3402,"date":"2021-02-18T12:01:44","date_gmt":"2021-02-18T12:01:44","guid":{"rendered":"http:\/\/conex-casting.com\/?page_id=3402"},"modified":"2021-03-04T14:33:44","modified_gmt":"2021-03-04T14:33:44","slug":"entre-em-contato-conosco","status":"publish","type":"page","link":"https:\/\/conex-casting.com\/pt-br\/entre-em-contato-conosco\/","title":{"rendered":"Entre em contato conosco"},"content":{"rendered":"<p class=\"clear\">Por favor, preencha o formul\u00e1rio abaixo com suas d\u00favidas ou qualquer mensagem e nos envie. Entraremos em contato com voc\u00ea o mais breve poss\u00edvel.<\/p>\n<div class=\"floatleft\">\n<div class=\"wpcf7 no-js\" id=\"wpcf7-f768-o1\" lang=\"en-US\" dir=\"ltr\" data-wpcf7-id=\"768\">\n<div class=\"screen-reader-response\"><p role=\"status\" aria-live=\"polite\" aria-atomic=\"true\"><\/p> <ul><\/ul><\/div>\n<form action=\"\/pt-br\/wp-json\/wp\/v2\/pages\/3402#wpcf7-f768-o1\" method=\"post\" class=\"wpcf7-form init\" aria-label=\"Contact form\" novalidate=\"novalidate\" data-status=\"init\">\n<fieldset class=\"hidden-fields-container\"><input type=\"hidden\" name=\"_wpcf7\" value=\"768\" \/><input type=\"hidden\" name=\"_wpcf7_version\" value=\"6.1.5\" \/><input type=\"hidden\" name=\"_wpcf7_locale\" value=\"en_US\" \/><input type=\"hidden\" name=\"_wpcf7_unit_tag\" value=\"wpcf7-f768-o1\" \/><input type=\"hidden\" name=\"_wpcf7_container_post\" value=\"0\" \/><input type=\"hidden\" name=\"_wpcf7_posted_data_hash\" value=\"\" \/><input type=\"hidden\" name=\"_wpcf7_recaptcha_response\" value=\"\" \/>\n<\/fieldset>\n<p><label><b> Your Name (required)<br \/>\n<span class=\"wpcf7-form-control-wrap\" data-name=\"your-name\"><input size=\"40\" maxlength=\"400\" class=\"wpcf7-form-control wpcf7-text wpcf7-validates-as-required\" aria-required=\"true\" aria-invalid=\"false\" value=\"\" type=\"text\" name=\"your-name\" \/><\/span> <\/b><\/label>\n<\/p>\n<p><label> Your Email (required)<br \/>\n<span class=\"wpcf7-form-control-wrap\" data-name=\"your-email\"><input size=\"40\" maxlength=\"400\" class=\"wpcf7-form-control wpcf7-email wpcf7-validates-as-required wpcf7-text wpcf7-validates-as-email\" aria-required=\"true\" aria-invalid=\"false\" value=\"\" type=\"email\" name=\"your-email\" \/><\/span> <\/label>\n<\/p>\n<p><label> Subject<br \/>\n<span class=\"wpcf7-form-control-wrap\" data-name=\"your-subject\"><input size=\"40\" maxlength=\"400\" class=\"wpcf7-form-control wpcf7-text\" aria-invalid=\"false\" value=\"\" type=\"text\" name=\"your-subject\" \/><\/span> <\/label>\n<\/p>\n<p><label> Your Message<br \/>\n<span class=\"wpcf7-form-control-wrap\" data-name=\"your-message\"><textarea cols=\"40\" rows=\"10\" maxlength=\"2000\" class=\"wpcf7-form-control wpcf7-textarea\" aria-invalid=\"false\" name=\"your-message\"><\/textarea><\/span> <\/label><br \/>\n<div class=\"wpcf7-form-control-wrap\"><div data-sitekey=\"6LeRC7QUAAAAAE6LohoaOBdYUwJYs-CMvKeBtBso\" class=\"wpcf7-form-control wpcf7-recaptcha g-recaptcha\"><\/div>\r\n<noscript>\r\n\t<div class=\"grecaptcha-noscript\">\r\n\t\t<iframe loading=\"lazy\" src=\"https:\/\/www.google.com\/recaptcha\/api\/fallback?k=6LeRC7QUAAAAAE6LohoaOBdYUwJYs-CMvKeBtBso\" frameborder=\"0\" scrolling=\"no\" width=\"310\" height=\"430\">\r\n\t\t<\/iframe>\r\n\t\t<textarea name=\"g-recaptcha-response\" rows=\"3\" cols=\"40\" placeholder=\"reCaptcha Response Here\">\r\n\t\t<\/textarea>\r\n\t<\/div>\r\n<\/noscript>\r\n<\/div><br \/>\n<input class=\"wpcf7-form-control wpcf7-submit has-spinner\" type=\"submit\" value=\"Send\" \/>\n<\/p><input type='hidden' class='wpcf7-pum' value='{\"closepopup\":false,\"closedelay\":0,\"openpopup\":false,\"openpopup_id\":0}' \/><div class=\"wpcf7-response-output\" aria-hidden=\"true\"><\/div>\n<\/form>\n<\/div>\n<\/div>\n<div class=\"floatright\">\n<ul class=\"contact-info\">\n<li style=\"list-style-type: none;\">\n<ul class=\"contact-info\">\n<li style=\"list-style-type: none;\">\n<ul class=\"contact-info\">\n<li><img loading=\"lazy\" decoding=\"async\" class=\"alignnone wp-image-3404\" src=\"http:\/\/conex-casting.com\/wp-content\/uploads\/2018\/07\/logo-1.jpg\" alt=\"conex-casting-logo\" width=\"222\" height=\"83\" srcset=\"https:\/\/conex-casting.com\/wp-content\/uploads\/2018\/07\/logo-1.jpg 324w, https:\/\/conex-casting.com\/wp-content\/uploads\/2018\/07\/logo-1-300x112.jpg 300w\" sizes=\"auto, (max-width: 222px) 100vw, 222px\" \/><\/li>\n<\/ul>\n<\/li>\n<\/ul>\n<ul class=\"contact-info\">\n<li><\/li>\n<li><i class=\"fa fa-map-marker\"><\/i>1406\/1414 Torres Dalamal,<br \/>\nNariman Point, Mumbai &#8211; 400 021, \u00cdndia.<\/li>\n<\/ul>\n<\/li>\n<\/ul>\n<ul class=\"contact-info\">\n<li style=\"list-style-type: none;\">\n<ul class=\"contact-info\">\n<li><i class=\"fa fa-phone\"><\/i>+91-22-43449300, +91-22-43449323.<\/li>\n<\/ul>\n<\/li>\n<\/ul>\n<ul class=\"contact-info\">\n<li><i class=\"fa fa-envelope\"><\/i><a href=\"mailto:sales@conex-casting.com\">sales@conex-casting.com<\/a><\/li>\n<\/ul>\n<div class=\"map-section\"><iframe loading=\"lazy\" style=\"border: 0;\" src=\"https:\/\/www.google.com\/maps\/embed?pb=!1m14!1m8!1m3!1d35028.85454125813!2d72.824268!3d18.924635000000002!3m2!1i1024!2i768!4f13.1!3m3!1m2!1s0x0%3A0x483fc144feaa7383!2sConex+Casting+India!5e1!3m2!1sen!2sus!4v1531213080219\" width=\"600\" height=\"450\" frameborder=\"0\" allowfullscreen=\"allowfullscreen\"><\/iframe><\/div>\n<\/div>\n","protected":false},"excerpt":{"rendered":"<p>Por favor, preencha o formul\u00e1rio abaixo com suas d\u00favidas ou qualquer mensagem e nos envie. Entraremos em contato com voc\u00ea o mais breve poss\u00edvel. 1406\/1414 Torres Dalamal, Nariman Point, Mumbai &#8211; 400 021, \u00cdndia. +91-22-43449300, +91-22-43449323. sales@conex-casting.com<\/p>\n","protected":false},"author":1,"featured_media":0,"parent":0,"menu_order":0,"comment_status":"closed","ping_status":"closed","template":"","meta":{"_joinchat":[],"footnotes":""},"class_list":["post-3402","page","type-page","status-publish","hentry"],"_links":{"self":[{"href":"https:\/\/conex-casting.com\/pt-br\/wp-json\/wp\/v2\/pages\/3402","targetHints":{"allow":["GET"]}}],"collection":[{"href":"https:\/\/conex-casting.com\/pt-br\/wp-json\/wp\/v2\/pages"}],"about":[{"href":"https:\/\/conex-casting.com\/pt-br\/wp-json\/wp\/v2\/types\/page"}],"author":[{"embeddable":true,"href":"https:\/\/conex-casting.com\/pt-br\/wp-json\/wp\/v2\/users\/1"}],"replies":[{"embeddable":true,"href":"https:\/\/conex-casting.com\/pt-br\/wp-json\/wp\/v2\/comments?post=3402"}],"version-history":[{"count":3,"href":"https:\/\/conex-casting.com\/pt-br\/wp-json\/wp\/v2\/pages\/3402\/revisions"}],"predecessor-version":[{"id":4412,"href":"https:\/\/conex-casting.com\/pt-br\/wp-json\/wp\/v2\/pages\/3402\/revisions\/4412"}],"wp:attachment":[{"href":"https:\/\/conex-casting.com\/pt-br\/wp-json\/wp\/v2\/media?parent=3402"}],"curies":[{"name":"wp","href":"https:\/\/api.w.org\/{rel}","templated":true}]}}