{"id":3407,"date":"2021-02-18T12:15:11","date_gmt":"2021-02-18T12:15:11","guid":{"rendered":"http:\/\/conex-casting.com\/?page_id=3407"},"modified":"2021-03-04T14:26:35","modified_gmt":"2021-03-04T14:26:35","slug":"ligas-de-fundicao","status":"publish","type":"page","link":"https:\/\/conex-casting.com\/pt-br\/ligas-de-fundicao\/","title":{"rendered":"Ligas de fundi\u00e7\u00e3o"},"content":{"rendered":"<p style=\"text-align: center;\"><span style=\"text-decoration: underline; font-size: 18pt; color: #800000;\"> <strong> Ligas de fundi\u00e7\u00e3o de cobre, bronze e lat\u00e3o<\/strong><\/span><\/p>\n<p><strong> Liga de bronze: <\/strong><\/p>\n<table style=\"border-collapse: collapse; box-shadow: 0px 0px 0px 0px;\" border=\"1\" width=\"100%\" cellspacing=\"1\" cellpadding=\"10\">\n<tbody>\n<tr bgcolor=\"#eeeeee\">\n<td width=\"7%\"><span style=\"text-decoration: underline;\"><span style=\"width: 3.89039%;\"><img loading=\"lazy\" decoding=\"async\" class=\"alignnone size-full wp-image-3409\" src=\"http:\/\/conex-casting.com\/wp-content\/uploads\/2019\/02\/conex-casting-icon.png\" alt=\"conex-casting\" width=\"10\" height=\"10\" \/><\/span><\/span><\/td>\n<td width=\"43%\"><span style=\"text-decoration: underline;\"> <a href=\"https:\/\/conex-casting.com\/pt-br\/liga-de-bronze-c95500-cda-955\/\"> C95500 \/ CDA 955 Bronze Alloy <\/a> <\/span><\/td>\n<td width=\"7%\"><span style=\"text-decoration: underline;\"><span style=\"width: 3.89039%;\"><img loading=\"lazy\" decoding=\"async\" class=\"alignnone size-full wp-image-3409\" src=\"http:\/\/conex-casting.com\/wp-content\/uploads\/2019\/02\/conex-casting-icon.png\" alt=\"conex-casting\" width=\"10\" height=\"10\" \/><\/span><\/span><\/td>\n<td width=\"43%\"><span style=\"text-decoration: underline;\"> <a href=\"https:\/\/conex-casting.com\/pt-br\/liga-de-bronze-c95600-cda-956\/\"> C95600 \/ CDA 956 Liga Bronze <\/a> <\/span><\/td>\n<\/tr>\n<tr>\n<td width=\"7%\"><span style=\"text-decoration: underline;\"><span style=\"width: 3.89039%;\"><img loading=\"lazy\" decoding=\"async\" class=\"alignnone size-full wp-image-3409\" src=\"http:\/\/conex-casting.com\/wp-content\/uploads\/2019\/02\/conex-casting-icon.png\" alt=\"conex-casting\" width=\"10\" height=\"10\" \/><\/span><\/span><\/td>\n<td><span style=\"text-decoration: underline;\"> <a href=\"https:\/\/conex-casting.com\/pt-br\/liga-de-bronze-c86500-cda-865\/\"> Liga de bronze C86500 \/ CDA 865<\/a><\/span><\/td>\n<td width=\"6%\"><span style=\"text-decoration: underline;\"> <span style=\"width: 3.89039%;\"> <img loading=\"lazy\" decoding=\"async\" class=\"alignnone size-full wp-image-3409\" src=\"http:\/\/conex-casting.com\/wp-content\/uploads\/2019\/02\/conex-casting-icon.png\" alt=\"conex-casting\" width=\"10\" height=\"10\" \/><\/span><\/span><\/td>\n<td><span style=\"text-decoration: underline;\"> <span style=\"width: 46,2449%;\"> <a href=\"https:\/\/conex-casting.com\/pt-br\/liga-de-bronze-c84400-cda-844\/\"> Liga de Bronze C84400 \/ CDA 844 <\/a> <\/span><\/span><\/td>\n<\/tr>\n<tr bgcolor=\"#eeeeee\">\n<td><span style=\"text-decoration: underline;\"><span style=\"width: 3.89039%;\"><img loading=\"lazy\" decoding=\"async\" class=\"alignnone size-full wp-image-3409\" src=\"http:\/\/conex-casting.com\/wp-content\/uploads\/2019\/02\/conex-casting-icon.png\" alt=\"conex-casting\" width=\"10\" height=\"10\" \/><\/span><\/span><\/td>\n<td><span style=\"text-decoration: underline;\"> <a href=\"https:\/\/conex-casting.com\/pt-br\/liga-de-bronze-c83600-cda-836\/\"> Liga de bronze C83600 \/ CDA 836 <\/a><\/span><\/td>\n<td><\/td>\n<td><\/td>\n<\/tr>\n<\/tbody>\n<\/table>\n<p><strong> Ligas de bronze vermelho lat\u00e3o: <\/strong><\/p>\n<table style=\"border-collapse: collapse; box-shadow: 0px 0px 0px 0px;\" border=\"1\" width=\"100%\" cellspacing=\"1\" cellpadding=\"10\">\n<tbody>\n<tr bgcolor=\"#eeeeee\">\n<td width=\"7%\"><span style=\"text-decoration: underline;\"><span style=\"width: 3.89039%;\"><img loading=\"lazy\" decoding=\"async\" class=\"alignnone size-full wp-image-3409\" src=\"http:\/\/conex-casting.com\/wp-content\/uploads\/2019\/02\/conex-casting-icon.png\" alt=\"conex-casting\" width=\"10\" height=\"10\" \/><\/span><\/span><\/td>\n<td width=\"43%\"><span style=\"text-decoration: underline;\"> <a href=\"https:\/\/conex-casting.com\/pt-br\/c83300-cda-833-ligas-de-bronze-vermelho\/\"> C83300 \/ CDA 833 Ligas de bronze e lat\u00e3o vermelho <\/a> <\/span><\/td>\n<td width=\"7%\"><span style=\"text-decoration: underline;\"> <span style=\"width: 3.89039%;\"> <img loading=\"lazy\" decoding=\"async\" class=\"alignnone size-full wp-image-3409\" src=\"http:\/\/conex-casting.com\/wp-content\/uploads\/2019\/02\/conex-casting-icon.png\" alt=\"conex-casting\" width=\"10\" height=\"10\" \/><\/span><\/span><\/td>\n<td width=\"43%\"><span style=\"text-decoration: underline;\"> <a href=\"https:\/\/conex-casting.com\/pt-br\/c83600-cda-836-ligas-de-bronze-vermelho\/\"> C83600 \/ CDA 836 Ligas de bronze e lat\u00e3o vermelho <\/a> <\/span><\/td>\n<\/tr>\n<tr>\n<td width=\"7%\"><span style=\"text-decoration: underline;\"><span style=\"width: 3.89039%;\"><img loading=\"lazy\" decoding=\"async\" class=\"alignnone size-full wp-image-3409\" src=\"http:\/\/conex-casting.com\/wp-content\/uploads\/2019\/02\/conex-casting-icon.png\" alt=\"conex-casting\" width=\"10\" height=\"10\" \/><\/span><\/span><\/td>\n<td><span style=\"text-decoration: underline;\"> <a href=\"https:\/\/conex-casting.com\/pt-br\/c83800-cda-838-ligas-de-bronze-vermelho\/\"> C83800 \/ CDA 838 ligas de bronze vermelho, lat\u00e3o<\/a><\/span><\/td>\n<td width=\"6%\"><span style=\"text-decoration: underline;\"><span style=\"width: 3.89039%;\"><img loading=\"lazy\" decoding=\"async\" class=\"alignnone size-full wp-image-3409\" src=\"http:\/\/conex-casting.com\/wp-content\/uploads\/2019\/02\/conex-casting-icon.png\" alt=\"conex-casting\" width=\"10\" height=\"10\" \/><\/span><\/span><\/td>\n<td><span style=\"text-decoration: underline;\"> <span style=\"width: 46,2449%;\"> <a href=\"http:\/\/conex-casting.com\/c84400-cda-844-red -brass-bronze-supplies \/ \"> C84400 \/ CDA 844 Red Lat\u00e3o Bronze Ligas <\/a> <\/span><\/span><\/td>\n<\/tr>\n<tr bgcolor=\"#eeeeee\">\n<td><span style=\"text-decoration: underline;\"><span style=\"width: 3.89039%;\"><img loading=\"lazy\" decoding=\"async\" class=\"alignnone size-full wp-image-3409\" src=\"http:\/\/conex-casting.com\/wp-content\/uploads\/2019\/02\/conex-casting-icon.png\" alt=\"conex-casting\" width=\"10\" height=\"10\" \/><\/span><\/span><\/td>\n<td><span style=\"text-decoration: underline;\"> <a href=\"https:\/\/conex-casting.com\/pt-br\/c84800-cda-848-ligas-de-bronze-vermelho\/\"> C84800 \/ CDA 848 Ligas de Bronze Vermelho <\/a> <\/span><\/td>\n<td><\/td>\n<td><\/td>\n<\/tr>\n<\/tbody>\n<\/table>\n<p><strong> Ligas de lat\u00e3o amarelo: <\/strong><\/p>\n<table style=\"border-collapse: collapse; box-shadow: 0px 0px 0px 0px;\" border=\"1\" width=\"100%\" cellspacing=\"1\" cellpadding=\"10\">\n<tbody>\n<tr style=\"altura: 24px;\" bgcolor=\"#eeeeee\">\n<td style=\"altura: 24px;\" width=\"7%\"><span style=\"text-decoration: underline;\"><span style=\"width: 3.89039%;\"><img loading=\"lazy\" decoding=\"async\" class=\"alignnone size-full wp-image-3409\" src=\"http:\/\/conex-casting.com\/wp-content\/uploads\/2019\/02\/conex-casting-icon.png\" alt=\"conex-casting\" width=\"10\" height=\"10\" \/><\/span><\/span><\/td>\n<td style=\"altura: 24px;\" width=\"43%\"><span style=\"text-decoration: underline;\"> <a href=\"https:\/\/conex-casting.com\/pt-br\/c85200-cda-852-ligas-de-latao-amarelo\/\"> C85200 \/ CDA 852 Ligas de lat\u00e3o amarelo <\/a> <\/span><\/td>\n<td style=\"altura: 24px;\" width=\"7%\"><span style=\"text-decoration: underline;\"> <span style=\"width: 3.89039%;\"> <img decoding=\"async\" class=\"alignnone size-full wp-image-3409\" src=\" http:\/\/conex-casting.com\/wp-content\/uploads\/2019\/02\/conex-casting-icon.png \" alt=\" conex-casting \" width=\" 10 \" height=\" 10 \" \/><\/span><\/span><\/td>\n<td style=\"altura: 24px;\" width=\"43%\"><span style=\"text-decoration: underline;\"> <a href=\"https:\/\/conex-casting.com\/pt-br\/c85700-cda-857-ligas-de-latao-amarelo\/\"> C85700 \/ CDA 857 Yellow Brass Alloys <\/a> <\/span><\/td>\n<\/tr>\n<\/tbody>\n<\/table>\n<p><strong> Ligas de mangan\u00eas de bronze: <\/strong><\/p>\n<table style=\"border-collapse: collapse; box-shadow: 0px 0px 0px 0px;\" border=\"1\" width=\"100%\" cellspacing=\"1\" cellpadding=\"10\">\n<tbody>\n<tr bgcolor=\"#eeeeee\">\n<td width=\"7%\"><span style=\"text-decoration: underline;\"><span style=\"width: 3.89039%;\"><img loading=\"lazy\" decoding=\"async\" class=\"alignnone size-full wp-image-3409\" src=\"http:\/\/conex-casting.com\/wp-content\/uploads\/2019\/02\/conex-casting-icon.png\" alt=\"conex-casting\" width=\"10\" height=\"10\" \/><\/span><\/span><\/td>\n<td width=\"43%\"><span style=\"text-decoration: underline;\"> <a href=\"https:\/\/conex-casting.com\/pt-br\/c86200-cda-862-manganes-bronze-ligas\/\"> C86200 \/ CDA 862 Mangan\u00eas Bronze Ligas <\/a> <\/span><\/td>\n<td width=\"7%\"><span style=\"text-decoration: underline;\"> <span style=\"width: 3.89039%;\"> <img loading=\"lazy\" decoding=\"async\" class=\"alignnone size-full wp-image-3409\" src=\"http:\/\/conex-casting.com\/wp-content\/uploads\/2019\/02\/conex-casting-icon.png\" alt=\"conex-casting\" width=\"10\" height=\"10\" \/><\/span><\/span><\/td>\n<td width=\"43%\"><span style=\"text-decoration: underline;\"> <a href=\"https:\/\/conex-casting.com\/pt-br\/c86300-cda-863-manganes-bronze-ligas\/\"> Liga de bronze de mangan\u00eas C86300 \/ CDA 863 <\/a> <\/span><\/td>\n<\/tr>\n<tr>\n<td width=\"7%\"><span style=\"text-decoration: underline;\"><span style=\"width: 3.89039%;\"><img loading=\"lazy\" decoding=\"async\" class=\"alignnone size-full wp-image-3409\" src=\"http:\/\/conex-casting.com\/wp-content\/uploads\/2019\/02\/conex-casting-icon.png\" alt=\"conex-casting\" width=\"10\" height=\"10\" \/><\/span><\/span><\/td>\n<td><span style=\"text-decoration: underline;\"> <a href=\"https:\/\/conex-casting.com\/pt-br\/c86500-cda-865-manganes-bronze-ligas\/\"> C86500 \/ CDA 865 Mangan\u00eas Ligas de bronze <\/a> <\/span><\/td>\n<td width=\"6%\"><\/td>\n<td><\/td>\n<\/tr>\n<\/tbody>\n<\/table>\n<p><strong> Ligas de cobre e sil\u00edcio e bronze: <\/strong><\/p>\n<table style=\"border-collapse: collapse; box-shadow: 0px 0px 0px 0px;\" border=\"1\" width=\"100%\" cellspacing=\"1\" cellpadding=\"10\">\n<tbody>\n<tr bgcolor=\"#eeeeee\">\n<td width=\"7%\"><span style=\"text-decoration: underline;\"><span style=\"width: 3.89039%;\"><img loading=\"lazy\" decoding=\"async\" class=\"alignnone size-full wp-image-3409\" src=\"http:\/\/conex-casting.com\/wp-content\/uploads\/2019\/02\/conex-casting-icon.png\" alt=\"conex-casting\" width=\"10\" height=\"10\" \/><\/span><\/span><\/td>\n<td width=\"43%\"><span style=\"text-decoration: underline;\"> <a href=\"https:\/\/conex-casting.com\/pt-br\/c87200-cda-872-cobre-silicio-bronze-ligas\/\"> C87200 \/ CDA 872 Cobre Sil\u00edcio Bronze Ligas <\/a> <\/span><\/td>\n<td width=\"7%\"><span style=\"text-decoration: underline;\"> <span style=\"width: 3.89039%;\"> <img loading=\"lazy\" decoding=\"async\" class=\"alignnone size-full wp-image-3409\" src=\"http:\/\/conex-casting.com\/wp-content\/uploads\/2019\/02\/conex-casting-icon.png\" alt=\"conex-casting\" width=\"10\" height=\"10\" \/><\/span><\/span><\/td>\n<td width=\"43%\"><span style=\"text-decoration: underline;\"> <a href=\"https:\/\/conex-casting.com\/pt-br\/c87500-cda-875-cobre-silicio-bronze-ligas\/\"> C87500 \/ CDA 875 Cobre Sil\u00edcio Bronze Ligas <\/a> <\/span><\/td>\n<\/tr>\n<\/tbody>\n<\/table>\n<p><strong> Ligas de estanho de bronze: <\/strong><\/p>\n<table style=\"border-collapse: collapse; box-shadow: 0px 0px 0px 0px;\" border=\"1\" width=\"100%\" cellspacing=\"1\" cellpadding=\"10\">\n<tbody>\n<tr bgcolor=\"#eeeeee\">\n<td width=\"7%\"><span style=\"text-decoration: underline;\"><span style=\"width: 3.89039%;\"><img loading=\"lazy\" decoding=\"async\" class=\"alignnone size-full wp-image-3409\" src=\"http:\/\/conex-casting.com\/wp-content\/uploads\/2019\/02\/conex-casting-icon.png\" alt=\"conex-casting\" width=\"10\" height=\"10\" \/><\/span><\/span><\/td>\n<td width=\"43%\"><span style=\"text-decoration: underline;\"> <a href=\"https:\/\/conex-casting.com\/pt-br\/c90300-cda-903-ligas-de-estanho-bronze\/\"> Ligas de estanho bronze C90300 \/ CDA 903 <\/a> <\/span><\/td>\n<td width=\"7%\"><span style=\"text-decoration: underline;\"> <span style=\"width: 3.89039%;\"> <img loading=\"lazy\" decoding=\"async\" class=\"alignnone size-full wp-image-3409\" src=\"http:\/\/conex-casting.com\/wp-content\/uploads\/2019\/02\/conex-casting-icon.png\" alt=\"conex-casting\" width=\"10\" height=\"10\" \/><\/span><\/span><\/td>\n<td width=\"43%\"><span style=\"text-decoration: underline;\"> <a href=\"https:\/\/conex-casting.com\/pt-br\/c90500-cda-905-ligas-de-estanho-bronze\/\"> Ligas de estanho e bronze C90500 \/ CDA 905 <\/a> <\/span><\/td>\n<\/tr>\n<tr>\n<td width=\"7%\"><span style=\"text-decoration: underline;\"><span style=\"width: 3.89039%;\"><img loading=\"lazy\" decoding=\"async\" class=\"alignnone size-full wp-image-3409\" src=\"http:\/\/conex-casting.com\/wp-content\/uploads\/2019\/02\/conex-casting-icon.png\" alt=\"conex-casting\" width=\"10\" height=\"10\" \/><\/span><\/span><\/td>\n<td><span style=\"text-decoration: underline;\"> <a href=\"https:\/\/conex-casting.com\/pt-br\/c90700-cda-907-ligas-de-estanho-bronze\/\"> Lata C90700 \/ CDA 907 Ligas de bronze <\/a> <\/span><\/td>\n<td width=\"6%\"><\/td>\n<td><\/td>\n<\/tr>\n<\/tbody>\n<\/table>\n<p><strong> Ligas de estanho e bronze com chumbo: <\/strong><\/p>\n<table style=\"border-collapse: collapse; box-shadow: 0px 0px 0px 0px;\" border=\"1\" width=\"100%\" cellspacing=\"1\" cellpadding=\"10\">\n<tbody>\n<tr bgcolor=\"#eeeeee\">\n<td width=\"7%\"><span style=\"text-decoration: underline;\"><span style=\"width: 3.89039%;\"><img loading=\"lazy\" decoding=\"async\" class=\"alignnone size-full wp-image-3409\" src=\"http:\/\/conex-casting.com\/wp-content\/uploads\/2019\/02\/conex-casting-icon.png\" alt=\"conex-casting\" width=\"10\" height=\"10\" \/><\/span><\/span><\/td>\n<td width=\"43%\"><span style=\"text-decoration: underline;\"> <a href=\"https:\/\/conex-casting.com\/pt-br\/c92200-cda-922-ligas-de-estanho-com-chumbo\/\"> Ligas de estanho e bronze com chumbo C92200 \/ CDA 922 <\/a> <\/span><\/td>\n<td width=\"7%\"><span style=\"text-decoration: underline;\"> <span style=\"width: 3.89039%;\"> <img loading=\"lazy\" decoding=\"async\" class=\"alignnone size-full wp-image-3409\" src=\"http:\/\/conex-casting.com\/wp-content\/uploads\/2019\/02\/conex-casting-icon.png\" alt=\"conex-casting\" width=\"10\" height=\"10\" \/><\/span><\/span><\/td>\n<td width=\"43%\"><span style=\"text-decoration: underline;\"> <a href=\"https:\/\/conex-casting.com\/pt-br\/c92300-cda-923-ligas-de-estanho-com-chumbo\/\"> Ligas de estanho e bronze com chumbo C92300 \/ CDA 923 <\/a> <\/span><\/td>\n<\/tr>\n<tr>\n<td width=\"7%\"><span style=\"text-decoration: underline;\"><span style=\"width: 3.89039%;\"><img loading=\"lazy\" decoding=\"async\" class=\"alignnone size-full wp-image-3409\" src=\"http:\/\/conex-casting.com\/wp-content\/uploads\/2019\/02\/conex-casting-icon.png\" alt=\"conex-casting\" width=\"10\" height=\"10\" \/><\/span><\/span><\/td>\n<td><span style=\"text-decoration: underline;\"> <a href=\"https:\/\/conex-casting.com\/pt-br\/c92600-cda-926-ligas-de-estanho-com-chumbo\/\"> C92600 \/ CDA 926 Ligas de estanho e bronze com chumbo <\/a> <\/span><\/td>\n<td width=\"6%\"><span style=\"text-decoration: underline;\"> <span style=\"width: 3.89039%;\"> <img loading=\"lazy\" decoding=\"async\" class=\"alignnone size-full wp-image-3409\" src=\"http:\/\/conex-casting.com\/wp-content\/uploads\/2019\/02\/conex-casting-icon.png\" alt=\"conex-casting\" width=\"10\" height=\"10\" \/><\/span><\/span><\/td>\n<td><span style=\"text-decoration: underline;\"> <a href=\"https:\/\/conex-casting.com\/pt-br\/c92700-cda-927-ligas-de-estanho-com-chumbo\/\"> C92700 \/ CDA 927 Ligas de bronze com chumbo <\/a><\/span><\/td>\n<\/tr>\n<tr bgcolor=\"#eeeeee\">\n<td><span style=\"text-decoration: underline;\"><span style=\"width: 3.89039%;\"><img loading=\"lazy\" decoding=\"async\" class=\"alignnone size-full wp-image-3409\" src=\"http:\/\/conex-casting.com\/wp-content\/uploads\/2019\/02\/conex-casting-icon.png\" alt=\"conex-casting\" width=\"10\" height=\"10\" \/><\/span><\/span><\/td>\n<td><span style=\"text-decoration: underline;\"> <a href=\"https:\/\/conex-casting.com\/pt-br\/c93200-cda-932-ligas-de-estanho-com-chumbo\/\"> C93200 \/ CDA 932 Ligas de estanho e bronze com chumbo <\/a> <\/span><\/td>\n<td><span style=\"text-decoration: underline;\"><span style=\"width: 3.89039%;\"><img loading=\"lazy\" decoding=\"async\" class=\"alignnone size-full wp-image-3409\" src=\"http:\/\/conex-casting.com\/wp-content\/uploads\/2019\/02\/conex-casting-icon.png\" alt=\"conex-casting\" width=\"10\" height=\"10\" \/><\/span><\/span><\/td>\n<td><span style=\"text-decoration: underline;\"> <a href=\"https:\/\/conex-casting.com\/pt-br\/c93400-cda-934-ligas-de-estanho-com-chumbo\/\"> C93400 \/ CDA 934 Ligas de estanho com chumbo de bronze <\/a> <\/span><\/td>\n<\/tr>\n<tr bgcolor=\"#ffffff\">\n<td><span style=\"text-decoration: underline;\"><span style=\"width: 3.89039%;\"><img loading=\"lazy\" decoding=\"async\" class=\"alignnone size-full wp-image-3409\" src=\"http:\/\/conex-casting.com\/wp-content\/uploads\/2019\/02\/conex-casting-icon.png\" alt=\"conex-casting\" width=\"10\" height=\"10\" \/><\/span><\/span><\/td>\n<td><span style=\"text-decoration: underline;\"> <a href=\"https:\/\/conex-casting.com\/pt-br\/c93500-cda-935-ligas-de-estanho-com-chumbo\/\"> C93500 \/ CDA 935 Ligas de estanho e bronze com chumbo <\/a> <\/span><\/td>\n<td><span style=\"text-decoration: underline;\"><span style=\"width: 3.89039%;\"><img loading=\"lazy\" decoding=\"async\" class=\"alignnone size-full wp-image-3409\" src=\"http:\/\/conex-casting.com\/wp-content\/uploads\/2019\/02\/conex-casting-icon.png\" alt=\"conex-casting\" width=\"10\" height=\"10\" \/><\/span><\/span><\/td>\n<td><span style=\"text-decoration: underline;\"> <a href=\"https:\/\/conex-casting.com\/pt-br\/c93700-cda-937-ligas-de-estanho-com-chumbo\/\"> C93700 \/ CDA 937 Ligas de estanho com chumbo de bronze <\/a> <\/span><\/td>\n<\/tr>\n<tr bgcolor=\"#eeeeee\">\n<td><span style=\"text-decoration: underline;\"><span style=\"width: 3.89039%;\"><img loading=\"lazy\" decoding=\"async\" class=\"alignnone size-full wp-image-3409\" src=\"http:\/\/conex-casting.com\/wp-content\/uploads\/2019\/02\/conex-casting-icon.png\" alt=\"conex-casting\" width=\"10\" height=\"10\" \/><\/span><\/span><\/td>\n<td><span style=\"text-decoration: underline;\"> <a href=\"https:\/\/conex-casting.com\/pt-br\/c93800-cda-938-ligas-de-estanho-com-chumbo\/\"> C93800 \/ CDA 938 Ligas de estanho e bronze com chumbo <\/a> <\/span><\/td>\n<td><span style=\"text-decoration: underline;\"><span style=\"width: 3.89039%;\"><img loading=\"lazy\" decoding=\"async\" class=\"alignnone size-full wp-image-3409\" src=\"http:\/\/conex-casting.com\/wp-content\/uploads\/2019\/02\/conex-casting-icon.png\" alt=\"conex-casting\" width=\"10\" height=\"10\" \/><\/span><\/span><\/td>\n<td><span style=\"text-decoration: underline;\"> <a href=\"https:\/\/conex-casting.com\/pt-br\/c94300-cda-943-ligas-de-estanho-com-chumbo\/\"> C94300 \/ CDA 943 Ligas de estanho com chumbo <\/a> <\/span><\/td>\n<\/tr>\n<\/tbody>\n<\/table>\n<p><strong> Ligas de alum\u00ednio e bronze: <\/strong><\/p>\n<table style=\"border-collapse: collapse; box-shadow: 0px 0px 0px 0px;\" border=\"1\" width=\"100%\" cellspacing=\"1\" cellpadding=\"10\">\n<tbody>\n<tr style=\"altura: 24px;\" bgcolor=\"#eeeeee\">\n<td style=\"altura: 24px;\" width=\"7%\"><span style=\"text-decoration: underline;\"><span style=\"width: 3.89039%;\"><img loading=\"lazy\" decoding=\"async\" class=\"alignnone size-full wp-image-3409\" src=\"http:\/\/conex-casting.com\/wp-content\/uploads\/2019\/02\/conex-casting-icon.png\" alt=\"conex-casting\" width=\"10\" height=\"10\" \/><\/span><\/span><\/td>\n<td style=\"altura: 24px;\" width=\"43%\"><span style=\"text-decoration: underline;\"> <a href=\"https:\/\/conex-casting.com\/pt-br\/c95200-cda-952-ligas-de-aluminio-bronze\/\"> C95200 \/ CDA 952 Ligas de alum\u00ednio e bronze <\/a> <\/span><\/td>\n<td style=\"altura: 24px;\" width=\"7%\"><span style=\"text-decoration: underline;\"> <span style=\"width: 3.89039%;\"> <img decoding=\"async\" class=\"alignnone size-full wp-image-3409\" src=\" http:\/\/conex-casting.com\/wp-content\/uploads\/2019\/02\/conex-casting-icon.png \" alt=\" conex-casting \" width=\" 10 \" height=\" 10 \" \/><\/span><\/span><\/td>\n<td style=\"altura: 24px;\" width=\"43%\"><span style=\"text-decoration: underline;\"> <a href=\"https:\/\/conex-casting.com\/pt-br\/c95300-cda-953-ligas-de-aluminio-bronze\/\"> C95300 \/ CDA 953 Ligas de alum\u00ednio e bronze <\/a> <\/span><\/td>\n<\/tr>\n<tr style=\"height: 24px;\">\n<td style=\"altura: 24px;\" width=\"7%\"><span style=\"text-decoration: underline;\"><span style=\"width: 3.89039%;\"><img loading=\"lazy\" decoding=\"async\" class=\"alignnone size-full wp-image-3409\" src=\"http:\/\/conex-casting.com\/wp-content\/uploads\/2019\/02\/conex-casting-icon.png\" alt=\"conex-casting\" width=\"10\" height=\"10\" \/><\/span><\/span><\/td>\n<td style=\"height: 24px;\"><span style=\"text-decoration: underline;\"> <a href=\"https:\/\/conex-casting.com\/pt-br\/c95400-cda-954-ligas-de-aluminio-bronze\/\"> C95400 \/ CDA 954 Ligas de alum\u00ednio e bronze <\/a> <\/span><\/td>\n<td style=\"altura: 24px;\" width=\"6%\"><span style=\"text-decoration: underline;\"> <span style=\"width: 3.89039%;\"> <img decoding=\"async\" class=\"alignnone size-full wp-image-3409\" src=\" http:\/\/conex-casting.com\/wp-content\/uploads\/2019\/02\/conex-casting-icon.png \" alt=\" conex-casting \" width=\" 10 \" height=\" 10 \" \/><\/span><\/span><\/td>\n<td style=\"height: 24px;\"><span style=\"text-decoration: underline;\"> <a href=\"https:\/\/conex-casting.com\/pt-br\/c95500-cda-955-aluminio-ligas-de-bronze\/\"> <span style=\"width: 46.2449%;\"> C95500 \/ CDA 955 Alum\u00ednio Bronze Ligas <\/span> <\/a> <\/span><\/td>\n<\/tr>\n<tr style=\"altura: 24px;\" bgcolor=\"#eeeeee\">\n<td style=\"height: 24px;\"><span style=\"text-decoration: underline;\"><span style=\"width: 3.89039%;\"><img loading=\"lazy\" decoding=\"async\" class=\"alignnone size-full wp-image-3409\" src=\"http:\/\/conex-casting.com\/wp-content\/uploads\/2019\/02\/conex-casting-icon.png\" alt=\"conex-casting\" width=\"10\" height=\"10\" \/><\/span><\/span><\/td>\n<td style=\"height: 24px;\"><span style=\"text-decoration: underline;\"> <a href=\"https:\/\/conex-casting.com\/pt-br\/c95800-cda-958-ligas-de-aluminio-bronze\/\"> Ligas de alum\u00ednio e bronze C95800 \/ CDA 958 <\/a> <\/span><\/td>\n<td style=\"height: 24px;\"><\/td>\n<td style=\"height: 24px;\"><\/td>\n<\/tr>\n<\/tbody>\n<\/table>\n<p><strong> Ligas de cobre e n\u00edquel: <\/strong><\/p>\n<table style=\"border-collapse: collapse; box-shadow: 0px 0px 0px 0px;\" border=\"1\" width=\"100%\" cellspacing=\"1\" cellpadding=\"10\">\n<tbody>\n<tr bgcolor=\"#eeeeee\">\n<td style=\"largura: 7%;\" width=\"7%\"><span style=\"text-decoration: underline;\"><span style=\"width: 3.89039%;\"><img loading=\"lazy\" decoding=\"async\" class=\"alignnone size-full wp-image-3409\" src=\"http:\/\/conex-casting.com\/wp-content\/uploads\/2019\/02\/conex-casting-icon.png\" alt=\"conex-casting\" width=\"10\" height=\"10\" \/><\/span><\/span><\/td>\n<td style=\"largura: 43%;\" width=\"43%\"><span style=\"text-decoration: underline;\"> <a href=\"https:\/\/conex-casting.com\/pt-br\/c96200-cda-962-ligas-de-cobre-e-niquel\/\"> C96200 \/ CDA 962 Ligas de cobre e n\u00edquel <\/a> <\/span><\/td>\n<td style=\"largura: 7%;\" width=\"7%\"><span style=\"text-decoration: underline;\"> <span style=\"width: 3.89039%;\"> <img decoding=\"async\" class=\"alignnone size-full wp-image-3409\" src=\" http:\/\/conex-casting.com\/wp-content\/uploads\/2019\/02\/conex-casting-icon.png \" alt=\" conex-casting \" width=\" 10 \" height=\" 10 \" \/><\/span><\/span><\/td>\n<td style=\"largura: 43%;\" width=\"43%\"><span style=\"text-decoration: underline;\"> <a href=\"https:\/\/conex-casting.com\/pt-br\/c96400-cda-964-ligas-de-cobre-e-niquel\/\"> C96400 \/ CDA 964 Ligas de cobre e n\u00edquel <\/a> <\/span><\/td>\n<\/tr>\n<\/tbody>\n<\/table>\n","protected":false},"excerpt":{"rendered":"<p>Ligas de fundi\u00e7\u00e3o de cobre, bronze e lat\u00e3o Liga de bronze: C95500 \/ CDA 955 Bronze Alloy C95600 \/ CDA 956 Liga Bronze Liga de bronze C86500 \/ CDA 865 Liga de Bronze C84400 \/ CDA 844 Liga de bronze C83600 \/ CDA 836 Ligas de bronze vermelho lat\u00e3o: C83300 \/ CDA 833 Ligas de [&hellip;]<\/p>\n","protected":false},"author":1,"featured_media":0,"parent":0,"menu_order":0,"comment_status":"closed","ping_status":"closed","template":"","meta":{"_joinchat":[],"footnotes":""},"class_list":["post-3407","page","type-page","status-publish","hentry"],"_links":{"self":[{"href":"https:\/\/conex-casting.com\/pt-br\/wp-json\/wp\/v2\/pages\/3407","targetHints":{"allow":["GET"]}}],"collection":[{"href":"https:\/\/conex-casting.com\/pt-br\/wp-json\/wp\/v2\/pages"}],"about":[{"href":"https:\/\/conex-casting.com\/pt-br\/wp-json\/wp\/v2\/types\/page"}],"author":[{"embeddable":true,"href":"https:\/\/conex-casting.com\/pt-br\/wp-json\/wp\/v2\/users\/1"}],"replies":[{"embeddable":true,"href":"https:\/\/conex-casting.com\/pt-br\/wp-json\/wp\/v2\/comments?post=3407"}],"version-history":[{"count":2,"href":"https:\/\/conex-casting.com\/pt-br\/wp-json\/wp\/v2\/pages\/3407\/revisions"}],"predecessor-version":[{"id":3412,"href":"https:\/\/conex-casting.com\/pt-br\/wp-json\/wp\/v2\/pages\/3407\/revisions\/3412"}],"wp:attachment":[{"href":"https:\/\/conex-casting.com\/pt-br\/wp-json\/wp\/v2\/media?parent=3407"}],"curies":[{"name":"wp","href":"https:\/\/api.w.org\/{rel}","templated":true}]}}