{"id":3451,"date":"2021-02-22T05:14:31","date_gmt":"2021-02-22T05:14:31","guid":{"rendered":"http:\/\/conex-casting.com\/?page_id=3451"},"modified":"2021-10-23T08:01:35","modified_gmt":"2021-10-23T08:01:35","slug":"bicos-de-mangueira-de-bronze-caudas-de-farpas","status":"publish","type":"page","link":"https:\/\/conex-casting.com\/pt-br\/bicos-de-mangueira-de-bronze-caudas-de-farpas\/","title":{"rendered":"Bicos de mangueira de bronze caudas de farpas"},"content":{"rendered":"<p style=\"text-align: center;\"><span style=\"text-decoration: underline; color: #800000;\"><span style=\"font-size: 18pt;\"><strong>Bicos de mangueira de bronze caudas de farpas<\/strong><\/span><\/span><\/p>\n<p style=\"text-align: center;\"><a class=\"maxbutton-1 maxbutton maxbutton-product-page-button open-popup-modal\"><span class=\"mb-text\">Pe\u00e7a uma cota\u00e7\u00e3o<\/span><\/a><\/p>\n<table style=\"border-collapse: collapse; width: 100%;\" border=\"0\">\n<tbody>\n<tr>\n<td style=\"width: 50%;\"><img loading=\"lazy\" decoding=\"async\" class=\"aligncenter wp-image-3452 size-full\" title=\"Bicos de mangueira de bronze caudas de farpas\" src=\"http:\/\/conex-casting.com\/wp-content\/uploads\/2019\/02\/Bronze-Hose-Nipples-Barbs-Tails-001.jpg\" alt=\"Bicos de mangueira de bronze caudas de farpas\" width=\"300\" height=\"300\" srcset=\"https:\/\/conex-casting.com\/wp-content\/uploads\/2019\/02\/Bronze-Hose-Nipples-Barbs-Tails-001.jpg 300w, https:\/\/conex-casting.com\/wp-content\/uploads\/2019\/02\/Bronze-Hose-Nipples-Barbs-Tails-001-150x150.jpg 150w\" sizes=\"auto, (max-width: 300px) 100vw, 300px\" \/><\/td>\n<td style=\"width: 50%;\"><img loading=\"lazy\" decoding=\"async\" class=\"aligncenter wp-image-3453 size-full\" title=\"Bicos de mangueira de bronze caudas de farpas\" src=\"http:\/\/conex-casting.com\/wp-content\/uploads\/2019\/02\/Bronze-Hose-Nipples-Barbs-Tails-002.jpg\" alt=\"Bicos de mangueira de bronze caudas de farpas\" width=\"300\" height=\"300\" srcset=\"https:\/\/conex-casting.com\/wp-content\/uploads\/2019\/02\/Bronze-Hose-Nipples-Barbs-Tails-002.jpg 300w, https:\/\/conex-casting.com\/wp-content\/uploads\/2019\/02\/Bronze-Hose-Nipples-Barbs-Tails-002-150x150.jpg 150w\" sizes=\"auto, (max-width: 300px) 100vw, 300px\" \/><\/td>\n<\/tr>\n<\/tbody>\n<\/table>\n","protected":false},"excerpt":{"rendered":"<p>Bicos de mangueira de bronze caudas de farpas Pe\u00e7a uma cota\u00e7\u00e3o<\/p>\n","protected":false},"author":1,"featured_media":0,"parent":0,"menu_order":0,"comment_status":"closed","ping_status":"closed","template":"","meta":{"_joinchat":[],"footnotes":""},"class_list":["post-3451","page","type-page","status-publish","hentry"],"_links":{"self":[{"href":"https:\/\/conex-casting.com\/pt-br\/wp-json\/wp\/v2\/pages\/3451","targetHints":{"allow":["GET"]}}],"collection":[{"href":"https:\/\/conex-casting.com\/pt-br\/wp-json\/wp\/v2\/pages"}],"about":[{"href":"https:\/\/conex-casting.com\/pt-br\/wp-json\/wp\/v2\/types\/page"}],"author":[{"embeddable":true,"href":"https:\/\/conex-casting.com\/pt-br\/wp-json\/wp\/v2\/users\/1"}],"replies":[{"embeddable":true,"href":"https:\/\/conex-casting.com\/pt-br\/wp-json\/wp\/v2\/comments?post=3451"}],"version-history":[{"count":3,"href":"https:\/\/conex-casting.com\/pt-br\/wp-json\/wp\/v2\/pages\/3451\/revisions"}],"predecessor-version":[{"id":6168,"href":"https:\/\/conex-casting.com\/pt-br\/wp-json\/wp\/v2\/pages\/3451\/revisions\/6168"}],"wp:attachment":[{"href":"https:\/\/conex-casting.com\/pt-br\/wp-json\/wp\/v2\/media?parent=3451"}],"curies":[{"name":"wp","href":"https:\/\/api.w.org\/{rel}","templated":true}]}}