{"id":3458,"date":"2021-02-22T05:21:27","date_gmt":"2021-02-22T05:21:27","guid":{"rendered":"http:\/\/conex-casting.com\/?page_id=3458"},"modified":"2026-02-06T05:33:26","modified_gmt":"2026-02-06T05:33:26","slug":"fundicao-usinada-cnc","status":"publish","type":"page","link":"https:\/\/conex-casting.com\/pt-br\/fundicao-usinada-cnc\/","title":{"rendered":"Fundi\u00e7\u00e3o usinada CNC"},"content":{"rendered":"<p style=\"text-align: center;\"><span style=\"text-decoration: underline; font-size: 18pt; color: #800000;\"> <strong> Fundi\u00e7\u00e3o usinada CNC<\/strong><\/span><\/p>\n<p style=\"text-align: center;\"><a class=\"maxbutton-1 maxbutton maxbutton-product-page-button open-popup-modal\"><span class=\"mb-text\">Pe\u00e7a uma cota\u00e7\u00e3o<\/span><\/a><\/p>\n<p style=\"text-align: justify;\">Os servi\u00e7os de fundi\u00e7\u00e3o usinada CNC s\u00e3o capazes de criar grandes volumes de pe\u00e7as complexas com precis\u00e3o de componentes individuais. N\u00f3s garantimos que cada produto receba a mais alta precis\u00e3o e exatid\u00e3o dispon\u00edvel.<\/p>\n<p style=\"text-align: justify;\">Nossos servi\u00e7os de fundi\u00e7\u00e3o usinada CNC s\u00e3o usados \u200b\u200bpara uma variedade de metais e pl\u00e1sticos, incluindo tit\u00e2nio, a\u00e7o, lat\u00e3o e cobre. Estamos confiantes em nossa usinagem de precis\u00e3o e prestamos servi\u00e7os para algumas das ind\u00fastrias mais complexas do mundo.<\/p>\n<\/p>\n<table style=\"border-collapse: collapse; width: 100%;\" border=\"0\">\n<tbody>\n<tr>\n<td style=\"width: 33.3333%;\"><img loading=\"lazy\" decoding=\"async\" class=\"aligncenter wp-image-3461 size-full\" title=\"Fundi\u00e7\u00e3o usinada CNC\" src=\"http:\/\/conex-casting.com\/wp-content\/uploads\/2019\/03\/CNC-Machined-Castings-03.jpg\" alt=\"Fundi\u00e7\u00e3o usinada CNC\" width=\"250\" height=\"250\" srcset=\"https:\/\/conex-casting.com\/wp-content\/uploads\/2019\/03\/CNC-Machined-Castings-03.jpg 250w, https:\/\/conex-casting.com\/wp-content\/uploads\/2019\/03\/CNC-Machined-Castings-03-150x150.jpg 150w\" sizes=\"auto, (max-width: 250px) 100vw, 250px\" \/><\/td>\n<td style=\"width: 33.3333%;\"><img loading=\"lazy\" decoding=\"async\" class=\"aligncenter wp-image-3460 size-full\" title=\"Fundi\u00e7\u00e3o usinada CNC\" src=\"http:\/\/conex-casting.com\/wp-content\/uploads\/2019\/03\/CNC-Machined-Castings-02.jpg\" alt=\"Fundi\u00e7\u00e3o usinada CNC\" width=\"250\" height=\"250\" srcset=\"https:\/\/conex-casting.com\/wp-content\/uploads\/2019\/03\/CNC-Machined-Castings-02.jpg 250w, https:\/\/conex-casting.com\/wp-content\/uploads\/2019\/03\/CNC-Machined-Castings-02-150x150.jpg 150w\" sizes=\"auto, (max-width: 250px) 100vw, 250px\" \/><\/td>\n<td style=\"width: 33.3333%;\"><img loading=\"lazy\" decoding=\"async\" class=\"aligncenter wp-image-3459 size-full\" title=\"Fundi\u00e7\u00e3o usinada CNC\" src=\"http:\/\/conex-casting.com\/wp-content\/uploads\/2019\/03\/CNC-Machined-Castings-01.jpg\" alt=\"Fundi\u00e7\u00e3o usinada CNC\" width=\"250\" height=\"250\" srcset=\"https:\/\/conex-casting.com\/wp-content\/uploads\/2019\/03\/CNC-Machined-Castings-01.jpg 250w, https:\/\/conex-casting.com\/wp-content\/uploads\/2019\/03\/CNC-Machined-Castings-01-150x150.jpg 150w\" sizes=\"auto, (max-width: 250px) 100vw, 250px\" \/><\/td>\n<\/tr>\n<\/tbody>\n<\/table>\n\n\n<table style=\"border-collapse: collapse; width: 100%;\">\n<tbody>\n<tr>\n<td style=\"width: 33.3333%;\"><a href=\"https:\/\/conex-casting.com\/pt-br\/fundicao-de-bronze-usinada-fundicao-de-bronze-usinada-por-cnc\/\"><img loading=\"lazy\" decoding=\"async\" class=\"wp-image-2025\" title=\"Aluminum Bronze Machined Casting | Silicon Bronze Machined Castings | CNC Machining of Bronze Castings\" src=\"http:\/\/conex-casting.com\/wp-content\/uploads\/2025\/10\/Aluminum-bronze-machined-casting-Silicon-bronze-machined-castings-Bronze-Machined-Castings-CNC-machining-of-Bronze-Castings.webp\" alt=\"Aluminum Bronze Machined Casting | Silicon Bronze Machined Castings | CNC Machining of Bronze Castings\" width=\"261\" height=\"261\" \/><\/a><\/td>\n<td style=\"width: 33.3333%;\">\u00a0<\/td>\n<td style=\"width: 33.3333%;\">\u00a0<\/td>\n<\/tr>\n<\/tbody>\n<\/table>\n","protected":false},"excerpt":{"rendered":"<p>Fundi\u00e7\u00e3o usinada CNC Pe\u00e7a uma cota\u00e7\u00e3o Os servi\u00e7os de fundi\u00e7\u00e3o usinada CNC s\u00e3o capazes de criar grandes volumes de pe\u00e7as complexas com precis\u00e3o de componentes individuais. N\u00f3s garantimos que cada produto receba a mais alta precis\u00e3o e exatid\u00e3o dispon\u00edvel. Nossos servi\u00e7os de fundi\u00e7\u00e3o usinada CNC s\u00e3o usados \u200b\u200bpara uma variedade de metais e pl\u00e1sticos, incluindo [&hellip;]<\/p>\n","protected":false},"author":1,"featured_media":0,"parent":0,"menu_order":0,"comment_status":"closed","ping_status":"closed","template":"","meta":{"_joinchat":[],"footnotes":""},"class_list":["post-3458","page","type-page","status-publish","hentry"],"_links":{"self":[{"href":"https:\/\/conex-casting.com\/pt-br\/wp-json\/wp\/v2\/pages\/3458","targetHints":{"allow":["GET"]}}],"collection":[{"href":"https:\/\/conex-casting.com\/pt-br\/wp-json\/wp\/v2\/pages"}],"about":[{"href":"https:\/\/conex-casting.com\/pt-br\/wp-json\/wp\/v2\/types\/page"}],"author":[{"embeddable":true,"href":"https:\/\/conex-casting.com\/pt-br\/wp-json\/wp\/v2\/users\/1"}],"replies":[{"embeddable":true,"href":"https:\/\/conex-casting.com\/pt-br\/wp-json\/wp\/v2\/comments?post=3458"}],"version-history":[{"count":5,"href":"https:\/\/conex-casting.com\/pt-br\/wp-json\/wp\/v2\/pages\/3458\/revisions"}],"predecessor-version":[{"id":8488,"href":"https:\/\/conex-casting.com\/pt-br\/wp-json\/wp\/v2\/pages\/3458\/revisions\/8488"}],"wp:attachment":[{"href":"https:\/\/conex-casting.com\/pt-br\/wp-json\/wp\/v2\/media?parent=3458"}],"curies":[{"name":"wp","href":"https:\/\/api.w.org\/{rel}","templated":true}]}}