{"id":3463,"date":"2021-02-22T05:26:48","date_gmt":"2021-02-22T05:26:48","guid":{"rendered":"http:\/\/conex-casting.com\/?page_id=3463"},"modified":"2021-10-23T07:57:36","modified_gmt":"2021-10-23T07:57:36","slug":"fundicao-centrifuga","status":"publish","type":"page","link":"https:\/\/conex-casting.com\/pt-br\/fundicao-centrifuga\/","title":{"rendered":"Fundi\u00e7\u00e3o Centr\u00edfuga"},"content":{"rendered":"<p style=\"text-align: center;\"><span style=\"text-decoration: underline; color: #800000;\"> <span style=\"font-size: 18pt;\"> <strong> Fundi\u00e7\u00e3o centr\u00edfuga<\/strong><\/span><\/span><\/p>\n<p style=\"text-align: center;\"><a class=\"maxbutton-1 maxbutton maxbutton-product-page-button open-popup-modal\"><span class=\"mb-text\">Pe\u00e7a uma cota\u00e7\u00e3o<\/span><\/a><\/p>\n<p style=\"text-align: justify;\">Uma ampla gama de fundi\u00e7\u00f5es centr\u00edfugas que est\u00e3o dispon\u00edveis em v\u00e1rias especifica\u00e7\u00f5es. As fundi\u00e7\u00f5es centr\u00edfugas s\u00e3o muito populares no mercado. Os clientes podem aproveitar o produto a pre\u00e7os l\u00edderes de mercado de n\u00f3s. As fundi\u00e7\u00f5es centr\u00edfugas que apresentamos s\u00e3o feitas de componentes e materiais de alta qualidade. Eles s\u00e3o extremamente eficientes e oferecem desempenho consistente. Nossa equipe se esfor\u00e7a para garantir que as pe\u00e7as fundidas centr\u00edfugas tenham dimens\u00f5es e designs precisos.<\/p>\n<p><strong> Capacidades de produ\u00e7\u00e3o: <\/strong><\/p>\n<p style=\"text-align: justify;\">As pe\u00e7as fundidas centr\u00edfugas de bronze est\u00e3o dispon\u00edveis na maioria das ligas de cobre. Os di\u00e2metros externos est\u00e3o dispon\u00edveis at\u00e9 124 polegadas (3.150 mm).<\/p>\n<p><strong> Especifica\u00e7\u00e3o do material: <\/strong><\/p>\n<ul>\n<li>Ferro<\/li>\n<li>Bronze<\/li>\n<li>lat\u00e3o<\/li>\n<\/ul>\n<table style=\"border-collapse: collapse; width: 100%; height: 278px;\" border=\"0\">\n<tbody>\n<tr style=\"height: 278px;\">\n<td style=\"width: 33.3333%; height: 278px;\">\n<p><figure id=\"attachment_1664\" aria-describedby=\"caption-attachment-1664\" style=\"width: 230px\" class=\"wp-caption aligncenter\"><a href=\"https:\/\/conex-casting.com\/pt-br\/fundicao-centrifuga-de-latao\/\"><img loading=\"lazy\" decoding=\"async\" class=\"wp-image-3466\" title=\"Fundi\u00e7\u00e3o Centr\u00edfuga\" src=\"http:\/\/conex-casting.com\/wp-content\/uploads\/2019\/04\/Centrifugal-Casting-02.jpg\" alt=\"Fundi\u00e7\u00e3o Centr\u00edfuga\" width=\"230\" height=\"230\" srcset=\"https:\/\/conex-casting.com\/wp-content\/uploads\/2019\/04\/Centrifugal-Casting-02.jpg 250w, https:\/\/conex-casting.com\/wp-content\/uploads\/2019\/04\/Centrifugal-Casting-02-150x150.jpg 150w\" sizes=\"auto, (max-width: 230px) 100vw, 230px\" \/><\/a><figcaption id=\"caption-attachment-1664\" class=\"wp-caption-text\"><a href=\"https:\/\/conex-casting.com\/pt-br\/fundicao-centrifuga-de-latao\/\"><span style=\"text-decoration: underline;\"><strong>Lat\u00e3o Centr\u00edfugo<br \/>Casting<\/strong><\/span><\/a><\/figcaption><\/figure><\/td>\n<td style=\"width: 33.3333%; height: 278px;\">\n<p><figure id=\"attachment_2125\" aria-describedby=\"caption-attachment-2125\" style=\"width: 230px\" class=\"wp-caption aligncenter\"><a href=\"https:\/\/conex-casting.com\/pt-br\/fundicao-centrifuga-de-bronze\/\"><img loading=\"lazy\" decoding=\"async\" class=\"wp-image-3468\" title=\"Fundi\u00e7\u00e3o Centr\u00edfuga de Bronze\" src=\"http:\/\/conex-casting.com\/wp-content\/uploads\/2020\/08\/Bronze-Centrifugal-Casting-01.jpg\" alt=\"Fundi\u00e7\u00e3o Centr\u00edfuga de Bronze\" width=\"230\" height=\"230\" srcset=\"https:\/\/conex-casting.com\/wp-content\/uploads\/2020\/08\/Bronze-Centrifugal-Casting-01.jpg 250w, https:\/\/conex-casting.com\/wp-content\/uploads\/2020\/08\/Bronze-Centrifugal-Casting-01-150x150.jpg 150w\" sizes=\"auto, (max-width: 230px) 100vw, 230px\" \/><\/a><figcaption id=\"caption-attachment-2125\" class=\"wp-caption-text\"><a href=\"https:\/\/conex-casting.com\/pt-br\/fundicao-centrifuga-de-bronze\/\"><strong><span style=\"text-decoration: underline;\">Bronze Centr\u00edfugo<br \/>Casting<\/span><\/strong><\/a><\/figcaption><\/figure><\/td>\n<td style=\"width: 33.3333%; height: 278px;\">\n<p><figure id=\"attachment_2129\" aria-describedby=\"caption-attachment-2129\" style=\"width: 230px\" class=\"wp-caption aligncenter\"><a href=\"https:\/\/conex-casting.com\/pt-br\/oi-liga-de-cobre-fundicao-centrifuga\/\"><img loading=\"lazy\" decoding=\"async\" class=\"wp-image-3469\" title=\"Hi Copper Alloy Centrifugal Casting\" src=\"http:\/\/conex-casting.com\/wp-content\/uploads\/2020\/08\/Hi-Copper-Alloy-Centrifugal-Casting-01.jpg\" alt=\"Hi Copper Alloy Centrifugal Casting\" width=\"230\" height=\"230\" srcset=\"https:\/\/conex-casting.com\/wp-content\/uploads\/2020\/08\/Hi-Copper-Alloy-Centrifugal-Casting-01.jpg 250w, https:\/\/conex-casting.com\/wp-content\/uploads\/2020\/08\/Hi-Copper-Alloy-Centrifugal-Casting-01-150x150.jpg 150w\" sizes=\"auto, (max-width: 230px) 100vw, 230px\" \/><\/a><figcaption id=\"caption-attachment-2129\" class=\"wp-caption-text\"><a href=\"https:\/\/conex-casting.com\/pt-br\/oi-liga-de-cobre-fundicao-centrifuga\/\"><strong><span style=\"text-decoration: underline;\">Fundi\u00e7\u00e3o centr\u00edfuga de alta liga de cobre<\/span><\/strong><\/a><\/figcaption><\/figure><\/td>\n<\/tr>\n<\/tbody>\n<\/table>\n<p>&nbsp;<\/p>\n","protected":false},"excerpt":{"rendered":"<p>Fundi\u00e7\u00e3o centr\u00edfuga Pe\u00e7a uma cota\u00e7\u00e3o Uma ampla gama de fundi\u00e7\u00f5es centr\u00edfugas que est\u00e3o dispon\u00edveis em v\u00e1rias especifica\u00e7\u00f5es. As fundi\u00e7\u00f5es centr\u00edfugas s\u00e3o muito populares no mercado. Os clientes podem aproveitar o produto a pre\u00e7os l\u00edderes de mercado de n\u00f3s. As fundi\u00e7\u00f5es centr\u00edfugas que apresentamos s\u00e3o feitas de componentes e materiais de alta qualidade. Eles s\u00e3o extremamente [&hellip;]<\/p>\n","protected":false},"author":1,"featured_media":0,"parent":0,"menu_order":0,"comment_status":"closed","ping_status":"closed","template":"","meta":{"_joinchat":[],"footnotes":""},"class_list":["post-3463","page","type-page","status-publish","hentry"],"_links":{"self":[{"href":"https:\/\/conex-casting.com\/pt-br\/wp-json\/wp\/v2\/pages\/3463","targetHints":{"allow":["GET"]}}],"collection":[{"href":"https:\/\/conex-casting.com\/pt-br\/wp-json\/wp\/v2\/pages"}],"about":[{"href":"https:\/\/conex-casting.com\/pt-br\/wp-json\/wp\/v2\/types\/page"}],"author":[{"embeddable":true,"href":"https:\/\/conex-casting.com\/pt-br\/wp-json\/wp\/v2\/users\/1"}],"replies":[{"embeddable":true,"href":"https:\/\/conex-casting.com\/pt-br\/wp-json\/wp\/v2\/comments?post=3463"}],"version-history":[{"count":6,"href":"https:\/\/conex-casting.com\/pt-br\/wp-json\/wp\/v2\/pages\/3463\/revisions"}],"predecessor-version":[{"id":6150,"href":"https:\/\/conex-casting.com\/pt-br\/wp-json\/wp\/v2\/pages\/3463\/revisions\/6150"}],"wp:attachment":[{"href":"https:\/\/conex-casting.com\/pt-br\/wp-json\/wp\/v2\/media?parent=3463"}],"curies":[{"name":"wp","href":"https:\/\/api.w.org\/{rel}","templated":true}]}}