{"id":3476,"date":"2021-02-22T05:32:49","date_gmt":"2021-02-22T05:32:49","guid":{"rendered":"http:\/\/conex-casting.com\/?page_id=3476"},"modified":"2021-10-23T07:57:45","modified_gmt":"2021-10-23T07:57:45","slug":"fundicao-sob-pressao","status":"publish","type":"page","link":"https:\/\/conex-casting.com\/pt-br\/fundicao-sob-pressao\/","title":{"rendered":"Fundi\u00e7\u00e3o sob press\u00e3o"},"content":{"rendered":"<p style=\"text-align: center;\"><span style=\"color: #800000;\"><strong> <span style=\"text-decoration: underline; color: # 800000;\"> <span style=\"font-size: 18pt;\"> Fundi\u00e7\u00e3o por gravidade<\/span><\/span><\/strong><\/span><\/p>\n<p style=\"text-align: center;\"><a class=\"maxbutton-1 maxbutton maxbutton-product-page-button open-popup-modal\"><span class=\"mb-text\">Pe\u00e7a uma cota\u00e7\u00e3o<\/span><\/a><\/p>\n<p style=\"text-align: justify;\">Estamos fabricando e exportando uma ampla variedade de fundi\u00e7\u00e3o sob press\u00e3o e fundi\u00e7\u00e3o por gravidade. Fabricamos essas pe\u00e7as fundidas sob a supervis\u00e3o de nossos profissionais bem treinados e m\u00e1quinas avan\u00e7adas. Nossos produtos de fundi\u00e7\u00e3o por gravidade s\u00e3o bem conhecidos por sua confiabilidade, exist\u00eancia prolongada e durabilidade.<\/p>\n<p style=\"text-align: justify;\">Nossa linha \u00e9 fabricada com tecnologia e maquin\u00e1rios altamente sofisticados para atender aos padr\u00f5es internacionais de qualidade. \u00c9 comum em ind\u00fastrias, que exigem uma fundi\u00e7\u00e3o de boa durabilidade e excelente resist\u00eancia \u00e0 tra\u00e7\u00e3o.<\/p>\n<p style=\"text-align: justify;\">\u00c9 usado em ind\u00fastrias pesadas e de longa escala. \u00c9 uma demanda instant\u00e2nea no mercado de mat\u00e9rias-primas.<\/p>\n<p><strong> Material: <\/strong> Alum\u00ednio, Lat\u00e3o, Zinco.<\/p>\n<table style=\"border-collapse: collapse; width: 100%;\" border=\"0\">\n<tbody>\n<tr>\n<td style=\"width: 33.3333%;\"><img loading=\"lazy\" decoding=\"async\" class=\"aligncenter wp-image-3478 size-full\" title=\"Fundi\u00e7\u00e3o sob press\u00e3o\" src=\"http:\/\/conex-casting.com\/wp-content\/uploads\/2019\/03\/Gravity-Die-Casting-01.jpg\" alt=\"Fundi\u00e7\u00e3o sob press\u00e3o\" width=\"250\" height=\"250\" srcset=\"https:\/\/conex-casting.com\/wp-content\/uploads\/2019\/03\/Gravity-Die-Casting-01.jpg 250w, https:\/\/conex-casting.com\/wp-content\/uploads\/2019\/03\/Gravity-Die-Casting-01-150x150.jpg 150w\" sizes=\"auto, (max-width: 250px) 100vw, 250px\" \/><\/td>\n<td style=\"width: 33.3333%;\"><img loading=\"lazy\" decoding=\"async\" class=\"aligncenter wp-image-3479 size-full\" title=\"Fundi\u00e7\u00e3o sob press\u00e3o\" src=\"http:\/\/conex-casting.com\/wp-content\/uploads\/2019\/03\/Gravity-Die-Casting-02.jpg\" alt=\"Fundi\u00e7\u00e3o sob press\u00e3o\" width=\"250\" height=\"250\" srcset=\"https:\/\/conex-casting.com\/wp-content\/uploads\/2019\/03\/Gravity-Die-Casting-02.jpg 250w, https:\/\/conex-casting.com\/wp-content\/uploads\/2019\/03\/Gravity-Die-Casting-02-150x150.jpg 150w\" sizes=\"auto, (max-width: 250px) 100vw, 250px\" \/><\/td>\n<td style=\"width: 33.3333%;\"><img loading=\"lazy\" decoding=\"async\" class=\"aligncenter wp-image-3480 size-full\" title=\"Fundi\u00e7\u00e3o sob press\u00e3o\" src=\"http:\/\/conex-casting.com\/wp-content\/uploads\/2019\/03\/Gravity-Die-Casting-03.jpg\" alt=\"Fundi\u00e7\u00e3o sob press\u00e3o\" width=\"250\" height=\"250\" srcset=\"https:\/\/conex-casting.com\/wp-content\/uploads\/2019\/03\/Gravity-Die-Casting-03.jpg 250w, https:\/\/conex-casting.com\/wp-content\/uploads\/2019\/03\/Gravity-Die-Casting-03-150x150.jpg 150w\" sizes=\"auto, (max-width: 250px) 100vw, 250px\" \/><\/td>\n<\/tr>\n<\/tbody>\n<\/table>\n","protected":false},"excerpt":{"rendered":"<p>Fundi\u00e7\u00e3o por gravidade Pe\u00e7a uma cota\u00e7\u00e3o Estamos fabricando e exportando uma ampla variedade de fundi\u00e7\u00e3o sob press\u00e3o e fundi\u00e7\u00e3o por gravidade. Fabricamos essas pe\u00e7as fundidas sob a supervis\u00e3o de nossos profissionais bem treinados e m\u00e1quinas avan\u00e7adas. Nossos produtos de fundi\u00e7\u00e3o por gravidade s\u00e3o bem conhecidos por sua confiabilidade, exist\u00eancia prolongada e durabilidade. Nossa linha \u00e9 [&hellip;]<\/p>\n","protected":false},"author":1,"featured_media":0,"parent":0,"menu_order":0,"comment_status":"closed","ping_status":"closed","template":"","meta":{"_joinchat":[],"footnotes":""},"class_list":["post-3476","page","type-page","status-publish","hentry"],"_links":{"self":[{"href":"https:\/\/conex-casting.com\/pt-br\/wp-json\/wp\/v2\/pages\/3476","targetHints":{"allow":["GET"]}}],"collection":[{"href":"https:\/\/conex-casting.com\/pt-br\/wp-json\/wp\/v2\/pages"}],"about":[{"href":"https:\/\/conex-casting.com\/pt-br\/wp-json\/wp\/v2\/types\/page"}],"author":[{"embeddable":true,"href":"https:\/\/conex-casting.com\/pt-br\/wp-json\/wp\/v2\/users\/1"}],"replies":[{"embeddable":true,"href":"https:\/\/conex-casting.com\/pt-br\/wp-json\/wp\/v2\/comments?post=3476"}],"version-history":[{"count":3,"href":"https:\/\/conex-casting.com\/pt-br\/wp-json\/wp\/v2\/pages\/3476\/revisions"}],"predecessor-version":[{"id":6151,"href":"https:\/\/conex-casting.com\/pt-br\/wp-json\/wp\/v2\/pages\/3476\/revisions\/6151"}],"wp:attachment":[{"href":"https:\/\/conex-casting.com\/pt-br\/wp-json\/wp\/v2\/media?parent=3476"}],"curies":[{"name":"wp","href":"https:\/\/api.w.org\/{rel}","templated":true}]}}