{"id":3481,"date":"2021-02-22T05:39:50","date_gmt":"2021-02-22T05:39:50","guid":{"rendered":"http:\/\/conex-casting.com\/?page_id=3481"},"modified":"2021-10-23T07:57:52","modified_gmt":"2021-10-23T07:57:52","slug":"fundicao-de-investimento","status":"publish","type":"page","link":"https:\/\/conex-casting.com\/pt-br\/fundicao-de-investimento\/","title":{"rendered":"Fundi\u00e7\u00e3o de Investimento"},"content":{"rendered":"<p style=\"text-align: center;\"><span style=\"text-decoration: underline; color: #800000;\"> <span style=\"font-size: 18pt;\"> <strong> Fundi\u00e7\u00e3o de Investimento <\/strong> <\/span> <\/span><\/p>\n<p style=\"text-align: center;\"><a class=\"maxbutton-1 maxbutton maxbutton-product-page-button open-popup-modal\"><span class=\"mb-text\">Pe\u00e7a uma cota\u00e7\u00e3o<\/span><\/a><\/p>\n<p style=\"text-align: justify;\"><b> Fundi\u00e7\u00e3o por revestimento <\/b> \u00e9 um processo industrial baseado na <i> fundi\u00e7\u00e3o por cera perdida <\/i>, uma das mais antigas t\u00e9cnicas de conforma\u00e7\u00e3o de metal conhecidas. O termo &#8220;fundi\u00e7\u00e3o por cera perdida&#8221; tamb\u00e9m pode se referir a processos modernos de fundi\u00e7\u00e3o de investimento.<\/p>\n<p style=\"text-align: justify;\">A fundi\u00e7\u00e3o de revestimento tem sido usada de v\u00e1rias formas nos \u00faltimos 5.000 anos. Em suas primeiras formas, a cera de abelha foi usada para formar os padr\u00f5es necess\u00e1rios para o processo de fundi\u00e7\u00e3o. Hoje, ceras mais avan\u00e7adas, materiais refrat\u00e1rios e ligas especializadas s\u00e3o normalmente usados \u200b\u200bpara fazer padr\u00f5es. A fundi\u00e7\u00e3o de revestimento \u00e9 valorizada por sua capacidade de produzir componentes com precis\u00e3o, repetibilidade, versatilidade e integridade em uma variedade de metais e ligas de alto desempenho.<\/p>\n<p><strong> Vantagens: <\/strong><\/p>\n<ul>\n<li>Excelente acabamento superficial<\/li>\n<li>Alta precis\u00e3o dimensional<\/li>\n<li>Pe\u00e7as extremamente complexas podem ser fundidas<\/li>\n<li>Quase qualquer metal pode ser fundido<\/li>\n<li>Sem sinais luminosos ou linhas de parti\u00e7\u00e3o<\/li>\n<\/ul>\n<table style=\"border-collapse: collapse; width: 100%; height: 302px;\" border=\"0\">\n<tbody>\n<tr style=\"height: 278px;\">\n<td style=\"width: 33.3333%; height: 278px;\">\n<p><figure id=\"attachment_1539\" aria-describedby=\"caption-attachment-1539\" style=\"width: 230px\" class=\"wp-caption aligncenter\"><a href=\"https:\/\/conex-casting.com\/pt-br\/fundicao-de-aco-inoxidavel\/\"><img loading=\"lazy\" decoding=\"async\" class=\"wp-image-3887\" title=\"Fundi\u00e7\u00e3o de A\u00e7o Inoxid\u00e1vel\" src=\"http:\/\/conex-casting.com\/wp-content\/uploads\/2019\/02\/Stainless-Steel-Investment-Casting-02.jpg\" alt=\"SS Investment Casting\" width=\"230\" height=\"230\" srcset=\"https:\/\/conex-casting.com\/wp-content\/uploads\/2019\/02\/Stainless-Steel-Investment-Casting-02.jpg 250w, https:\/\/conex-casting.com\/wp-content\/uploads\/2019\/02\/Stainless-Steel-Investment-Casting-02-150x150.jpg 150w\" sizes=\"auto, (max-width: 230px) 100vw, 230px\" \/><\/a><figcaption id=\"caption-attachment-1539\" class=\"wp-caption-text\"><span style=\"text-decoration: underline;\"><strong><a href=\"https:\/\/conex-casting.com\/pt-br\/fundicao-de-aco-inoxidavel\/\">Fundi\u00e7\u00e3o de A\u00e7o Inoxid\u00e1vel<\/a><\/strong><\/span><\/figcaption><\/figure><\/td>\n<td style=\"width: 33.3333%; height: 278px;\">\n<p><figure id=\"attachment_1528\" aria-describedby=\"caption-attachment-1528\" style=\"width: 230px\" class=\"wp-caption aligncenter\"><a href=\"https:\/\/conex-casting.com\/pt-br\/fundicao-de-latao\/\"><img loading=\"lazy\" decoding=\"async\" class=\"wp-image-3307\" title=\"Investimento de lat\u00e3o Casting\" src=\"http:\/\/conex-casting.com\/wp-content\/uploads\/2019\/02\/Brass-Investment-Casting-01-1.jpg\" alt=\"Investimento de lat\u00e3o Casting\" width=\"230\" height=\"230\" srcset=\"https:\/\/conex-casting.com\/wp-content\/uploads\/2019\/02\/Brass-Investment-Casting-01-1.jpg 250w, https:\/\/conex-casting.com\/wp-content\/uploads\/2019\/02\/Brass-Investment-Casting-01-1-150x150.jpg 150w\" sizes=\"auto, (max-width: 230px) 100vw, 230px\" \/><\/a><figcaption id=\"caption-attachment-1528\" class=\"wp-caption-text\"><a href=\"https:\/\/conex-casting.com\/pt-br\/fundicao-de-latao\/\"><strong><span style=\"text-decoration: underline;\">Investimento de lat\u00e3o<br \/>Casting<\/span><\/strong><\/a><\/figcaption><\/figure><\/td>\n<td style=\"width: 33.3333%; height: 278px;\">\n<p><figure id=\"attachment_1313\" aria-describedby=\"caption-attachment-1313\" style=\"width: 230px\" class=\"wp-caption aligncenter\"><a href=\"https:\/\/conex-casting.com\/pt-br\/fundicao-de-bronze-de-investimento\/\"><img loading=\"lazy\" decoding=\"async\" class=\"wp-image-3329\" title=\"bronze investment casting\" src=\"http:\/\/conex-casting.com\/wp-content\/uploads\/2019\/02\/bronze-casting-01.jpg\" alt=\"bronze investment casting\" width=\"230\" height=\"230\" srcset=\"https:\/\/conex-casting.com\/wp-content\/uploads\/2019\/02\/bronze-casting-01.jpg 250w, https:\/\/conex-casting.com\/wp-content\/uploads\/2019\/02\/bronze-casting-01-150x150.jpg 150w\" sizes=\"auto, (max-width: 230px) 100vw, 230px\" \/><\/a><figcaption id=\"caption-attachment-1313\" class=\"wp-caption-text\"><span style=\"text-decoration: underline;\"><a href=\"https:\/\/conex-casting.com\/pt-br\/fundicao-de-bronze-de-investimento\/\"><strong>Investimento de Bronze Casting<\/strong><\/a><\/span><\/figcaption><\/figure><\/td>\n<\/tr>\n<tr style=\"height: 24px;\">\n<td style=\"width: 33.3333%; height: 24px;\"><\/td>\n<\/tr>\n<\/tbody>\n<\/table>\n","protected":false},"excerpt":{"rendered":"<p>Fundi\u00e7\u00e3o de Investimento Pe\u00e7a uma cota\u00e7\u00e3o Fundi\u00e7\u00e3o por revestimento \u00e9 um processo industrial baseado na fundi\u00e7\u00e3o por cera perdida , uma das mais antigas t\u00e9cnicas de conforma\u00e7\u00e3o de metal conhecidas. O termo &#8220;fundi\u00e7\u00e3o por cera perdida&#8221; tamb\u00e9m pode se referir a processos modernos de fundi\u00e7\u00e3o de investimento. A fundi\u00e7\u00e3o de revestimento tem sido usada de [&hellip;]<\/p>\n","protected":false},"author":1,"featured_media":0,"parent":0,"menu_order":0,"comment_status":"closed","ping_status":"closed","template":"","meta":{"_joinchat":[],"footnotes":""},"class_list":["post-3481","page","type-page","status-publish","hentry"],"_links":{"self":[{"href":"https:\/\/conex-casting.com\/pt-br\/wp-json\/wp\/v2\/pages\/3481","targetHints":{"allow":["GET"]}}],"collection":[{"href":"https:\/\/conex-casting.com\/pt-br\/wp-json\/wp\/v2\/pages"}],"about":[{"href":"https:\/\/conex-casting.com\/pt-br\/wp-json\/wp\/v2\/types\/page"}],"author":[{"embeddable":true,"href":"https:\/\/conex-casting.com\/pt-br\/wp-json\/wp\/v2\/users\/1"}],"replies":[{"embeddable":true,"href":"https:\/\/conex-casting.com\/pt-br\/wp-json\/wp\/v2\/comments?post=3481"}],"version-history":[{"count":5,"href":"https:\/\/conex-casting.com\/pt-br\/wp-json\/wp\/v2\/pages\/3481\/revisions"}],"predecessor-version":[{"id":6152,"href":"https:\/\/conex-casting.com\/pt-br\/wp-json\/wp\/v2\/pages\/3481\/revisions\/6152"}],"wp:attachment":[{"href":"https:\/\/conex-casting.com\/pt-br\/wp-json\/wp\/v2\/media?parent=3481"}],"curies":[{"name":"wp","href":"https:\/\/api.w.org\/{rel}","templated":true}]}}