{"id":3494,"date":"2021-02-22T05:48:26","date_gmt":"2021-02-22T05:48:26","guid":{"rendered":"http:\/\/conex-casting.com\/?page_id=3494"},"modified":"2021-10-23T07:57:59","modified_gmt":"2021-10-23T07:57:59","slug":"casca-moldagem-casca-moldagem","status":"publish","type":"page","link":"https:\/\/conex-casting.com\/pt-br\/casca-moldagem-casca-moldagem\/","title":{"rendered":"Casca Moldagem Casca Moldagem"},"content":{"rendered":"<p style=\"text-align: center;\"><span style=\"text-decoration: underline; color: #800000;\"> <span style=\"font-size: 18pt;\"> <strong> Casca Moldagem Casca Moldagem <\/strong> <\/span> <\/span><\/p>\n<p style=\"text-align: center;\"><a class=\"maxbutton-1 maxbutton maxbutton-product-page-button open-popup-modal\"><span class=\"mb-text\">Pe\u00e7a uma cota\u00e7\u00e3o<\/span><\/a><\/p>\n<p style=\"text-align: justify;\">A moldagem com casca \u00e9 um processo de moldagem dispens\u00e1vel que usa areia coberta com resina para formar o molde. Em compara\u00e7\u00e3o com a fundi\u00e7\u00e3o em areia, esse processo tem melhor precis\u00e3o dimensional, maior taxa de produtividade e menor necessidade de m\u00e3o de obra. \u00c9 freq\u00fcentemente usado para produzir pe\u00e7as fundidas maiores com muitos contornos finos. As ferramentas necess\u00e1rias para este tipo de fundi\u00e7\u00e3o s\u00e3o extensas e caras. Portanto, a moldagem de casca \u00e9 preferida apenas para produ\u00e7\u00e3o em massa em grande escala.<\/p>\n<table style=\"border-collapse: collapse; width: 100%; height: 72px;\">\n<tbody>\n<tr style=\"height: 48px;\">\n<td style=\"width: 16.4367%; height: 48px;\"><b> Materiais <\/b><\/td>\n<td style=\"width: 3.33332%; text-align: center; height: 48px;\">:<\/td>\n<td style=\"width: 80.2299%; height: 48px;\">Lat\u00e3o, lat\u00e3o vermelho, metal de arma, bronze de alum\u00ednio, bronze de magn\u00e9sio e bronze de sil\u00edcio.<\/td>\n<\/tr>\n<tr style=\"height: 24px;\">\n<td style=\"width: 16.4367%; height: 24px;\"><b> Tamanhos <\/b><\/td>\n<td style=\"width: 3.33332%; text-align: center; height: 24px;\">:<\/td>\n<td style=\"width: 80.2299%; height: 24px;\">20g a 20kgs.<\/td>\n<\/tr>\n<\/tbody>\n<\/table>\n<table style=\"border-collapse: collapse; width: 100%; height: 282px;\">\n<tbody>\n<tr>\n<td style=\"width: 33.3333%;\">\n<p><figure id=\"attachment_2184\" aria-describedby=\"caption-attachment-2184\" style=\"width: 250px\" class=\"wp-caption aligncenter\"><a href=\"https:\/\/conex-casting.com\/pt-br\/pecas-moldadas-em-latao\/\"><img loading=\"lazy\" decoding=\"async\" class=\"wp-image-3496 size-full\" src=\"http:\/\/conex-casting.com\/wp-content\/uploads\/2020\/08\/Brass-Shell-Molding-Parts-01.jpg\" alt=\"Pe\u00e7as moldadas em lat\u00e3o\" width=\"250\" height=\"250\" srcset=\"https:\/\/conex-casting.com\/wp-content\/uploads\/2020\/08\/Brass-Shell-Molding-Parts-01.jpg 250w, https:\/\/conex-casting.com\/wp-content\/uploads\/2020\/08\/Brass-Shell-Molding-Parts-01-150x150.jpg 150w\" sizes=\"auto, (max-width: 250px) 100vw, 250px\" \/><\/a><figcaption id=\"caption-attachment-2184\" class=\"wp-caption-text\"><a href=\"https:\/\/conex-casting.com\/pt-br\/pecas-moldadas-em-latao\/\"><span style=\"text-decoration: underline;\"><strong>Pe\u00e7as moldadas em lat\u00e3o<\/strong><\/span><\/a><\/figcaption><\/figure><\/td>\n<td style=\"width: 33.3333%;\">\n<p><figure id=\"attachment_2186\" aria-describedby=\"caption-attachment-2186\" style=\"width: 250px\" class=\"wp-caption aligncenter\"><a href=\"https:\/\/conex-casting.com\/pt-br\/pecas-de-moldagem-de-bronze\/\"><img loading=\"lazy\" decoding=\"async\" class=\"wp-image-3497 size-full\" src=\"http:\/\/conex-casting.com\/wp-content\/uploads\/2020\/08\/Bronze-Shell-Molding-Parts-01.jpg\" alt=\"Pe\u00e7as de moldagem de bronze\" width=\"250\" height=\"250\" srcset=\"https:\/\/conex-casting.com\/wp-content\/uploads\/2020\/08\/Bronze-Shell-Molding-Parts-01.jpg 250w, https:\/\/conex-casting.com\/wp-content\/uploads\/2020\/08\/Bronze-Shell-Molding-Parts-01-150x150.jpg 150w\" sizes=\"auto, (max-width: 250px) 100vw, 250px\" \/><\/a><figcaption id=\"caption-attachment-2186\" class=\"wp-caption-text\"><a href=\"https:\/\/conex-casting.com\/pt-br\/pecas-de-moldagem-de-bronze\/\"><span style=\"text-decoration: underline;\"><strong>Pe\u00e7as de moldagem de bronze<\/strong><\/span><\/a><\/figcaption><\/figure><\/td>\n<\/tr>\n<\/tbody>\n<\/table>\n","protected":false},"excerpt":{"rendered":"<p>Casca Moldagem Casca Moldagem Pe\u00e7a uma cota\u00e7\u00e3o A moldagem com casca \u00e9 um processo de moldagem dispens\u00e1vel que usa areia coberta com resina para formar o molde. Em compara\u00e7\u00e3o com a fundi\u00e7\u00e3o em areia, esse processo tem melhor precis\u00e3o dimensional, maior taxa de produtividade e menor necessidade de m\u00e3o de obra. \u00c9 freq\u00fcentemente usado para [&hellip;]<\/p>\n","protected":false},"author":1,"featured_media":0,"parent":0,"menu_order":0,"comment_status":"closed","ping_status":"closed","template":"","meta":{"_joinchat":[],"footnotes":""},"class_list":["post-3494","page","type-page","status-publish","hentry"],"_links":{"self":[{"href":"https:\/\/conex-casting.com\/pt-br\/wp-json\/wp\/v2\/pages\/3494","targetHints":{"allow":["GET"]}}],"collection":[{"href":"https:\/\/conex-casting.com\/pt-br\/wp-json\/wp\/v2\/pages"}],"about":[{"href":"https:\/\/conex-casting.com\/pt-br\/wp-json\/wp\/v2\/types\/page"}],"author":[{"embeddable":true,"href":"https:\/\/conex-casting.com\/pt-br\/wp-json\/wp\/v2\/users\/1"}],"replies":[{"embeddable":true,"href":"https:\/\/conex-casting.com\/pt-br\/wp-json\/wp\/v2\/comments?post=3494"}],"version-history":[{"count":3,"href":"https:\/\/conex-casting.com\/pt-br\/wp-json\/wp\/v2\/pages\/3494\/revisions"}],"predecessor-version":[{"id":6153,"href":"https:\/\/conex-casting.com\/pt-br\/wp-json\/wp\/v2\/pages\/3494\/revisions\/6153"}],"wp:attachment":[{"href":"https:\/\/conex-casting.com\/pt-br\/wp-json\/wp\/v2\/media?parent=3494"}],"curies":[{"name":"wp","href":"https:\/\/api.w.org\/{rel}","templated":true}]}}