{"id":3507,"date":"2021-02-22T06:48:11","date_gmt":"2021-02-22T06:48:11","guid":{"rendered":"http:\/\/conex-casting.com\/?page_id=3507"},"modified":"2021-10-23T08:01:04","modified_gmt":"2021-10-23T08:01:04","slug":"filtros-para-casco-de-bronze-para-marinhas","status":"publish","type":"page","link":"https:\/\/conex-casting.com\/pt-br\/filtros-para-casco-de-bronze-para-marinhas\/","title":{"rendered":"Filtros para casco de bronze para marinhas"},"content":{"rendered":"<p style=\"text-align: center;\"><span style=\"text-decoration: underline; color: #800000;\"> <span style=\"font-size: 18pt;\"> <strong> Filtros de casco de bronze Filtros de concha para mar marinho <\/strong> <\/span> <\/span><\/p>\n<p style=\"text-align: center;\"><a class=\"maxbutton-1 maxbutton maxbutton-product-page-button open-popup-modal\"><span class=\"mb-text\">Pe\u00e7a uma cota\u00e7\u00e3o<\/span><\/a><\/p>\n<table style=\"border-collapse: collapse; width: 100%;\" border=\"0\">\n<tbody>\n<tr>\n<td style=\"width: 50%;\"><img loading=\"lazy\" decoding=\"async\" class=\"aligncenter wp-image-3508 size-full\" title=\"Bronze Hull Strainers Marine Sea Scoop Strainers\" src=\"http:\/\/conex-casting.com\/wp-content\/uploads\/2019\/02\/Bronze-Hull-Strainers-Marine-Sea-Scoop-Strainers-01-1.jpg\" alt=\"Bronze Hull Strainers Marine Sea Scoop Strainers\" width=\"300\" height=\"300\" srcset=\"https:\/\/conex-casting.com\/wp-content\/uploads\/2019\/02\/Bronze-Hull-Strainers-Marine-Sea-Scoop-Strainers-01-1.jpg 350w, https:\/\/conex-casting.com\/wp-content\/uploads\/2019\/02\/Bronze-Hull-Strainers-Marine-Sea-Scoop-Strainers-01-1-150x150.jpg 150w, https:\/\/conex-casting.com\/wp-content\/uploads\/2019\/02\/Bronze-Hull-Strainers-Marine-Sea-Scoop-Strainers-01-1-300x300.jpg 300w\" sizes=\"auto, (max-width: 300px) 100vw, 300px\" \/><\/td>\n<td style=\"width: 50%;\"><img loading=\"lazy\" decoding=\"async\" class=\"aligncenter wp-image-3509 size-full\" title=\"Bronze Hull Strainers Marine Sea Scoop Strainers\" src=\"http:\/\/conex-casting.com\/wp-content\/uploads\/2019\/02\/Bronze-Hull-Strainers-Marine-Sea-Scoop-Strainers-02.jpg\" alt=\"Bronze Hull Strainers Marine Sea Scoop Strainers\" width=\"300\" height=\"300\" srcset=\"https:\/\/conex-casting.com\/wp-content\/uploads\/2019\/02\/Bronze-Hull-Strainers-Marine-Sea-Scoop-Strainers-02.jpg 350w, https:\/\/conex-casting.com\/wp-content\/uploads\/2019\/02\/Bronze-Hull-Strainers-Marine-Sea-Scoop-Strainers-02-150x150.jpg 150w, https:\/\/conex-casting.com\/wp-content\/uploads\/2019\/02\/Bronze-Hull-Strainers-Marine-Sea-Scoop-Strainers-02-300x300.jpg 300w\" sizes=\"auto, (max-width: 300px) 100vw, 300px\" \/><\/td>\n<\/tr>\n<\/tbody>\n<\/table>\n<p><strong> Tamanho: <\/strong> 1 &#8220;, 11\/2&#8221;, 2 &#8220;BSP com orif\u00edcios de fixa\u00e7\u00e3o de parafuso<\/p>\n<p><strong> Material: <\/strong> fundi\u00e7\u00f5es de bronze Gunmetal LG2<\/p>\n","protected":false},"excerpt":{"rendered":"<p>Filtros de casco de bronze Filtros de concha para mar marinho Pe\u00e7a uma cota\u00e7\u00e3o Tamanho: 1 &#8220;, 11\/2&#8221;, 2 &#8220;BSP com orif\u00edcios de fixa\u00e7\u00e3o de parafuso Material: fundi\u00e7\u00f5es de bronze Gunmetal LG2<\/p>\n","protected":false},"author":1,"featured_media":0,"parent":0,"menu_order":0,"comment_status":"closed","ping_status":"closed","template":"","meta":{"_joinchat":[],"footnotes":""},"class_list":["post-3507","page","type-page","status-publish","hentry"],"_links":{"self":[{"href":"https:\/\/conex-casting.com\/pt-br\/wp-json\/wp\/v2\/pages\/3507","targetHints":{"allow":["GET"]}}],"collection":[{"href":"https:\/\/conex-casting.com\/pt-br\/wp-json\/wp\/v2\/pages"}],"about":[{"href":"https:\/\/conex-casting.com\/pt-br\/wp-json\/wp\/v2\/types\/page"}],"author":[{"embeddable":true,"href":"https:\/\/conex-casting.com\/pt-br\/wp-json\/wp\/v2\/users\/1"}],"replies":[{"embeddable":true,"href":"https:\/\/conex-casting.com\/pt-br\/wp-json\/wp\/v2\/comments?post=3507"}],"version-history":[{"count":3,"href":"https:\/\/conex-casting.com\/pt-br\/wp-json\/wp\/v2\/pages\/3507\/revisions"}],"predecessor-version":[{"id":6164,"href":"https:\/\/conex-casting.com\/pt-br\/wp-json\/wp\/v2\/pages\/3507\/revisions\/6164"}],"wp:attachment":[{"href":"https:\/\/conex-casting.com\/pt-br\/wp-json\/wp\/v2\/media?parent=3507"}],"curies":[{"name":"wp","href":"https:\/\/api.w.org\/{rel}","templated":true}]}}