{"id":3511,"date":"2021-02-22T06:52:11","date_gmt":"2021-02-22T06:52:11","guid":{"rendered":"http:\/\/conex-casting.com\/?page_id=3511"},"modified":"2021-10-23T08:04:52","modified_gmt":"2021-10-23T08:04:52","slug":"fundicao-de-bronze-de-investimento","status":"publish","type":"page","link":"https:\/\/conex-casting.com\/pt-br\/fundicao-de-bronze-de-investimento\/","title":{"rendered":"Fundi\u00e7\u00e3o de Bronze de Investimento"},"content":{"rendered":"<p style=\"text-align: center;\"><span style=\"text-decoration: underline; color: #800000;\"> <span style=\"font-size: 18pt;\"> <strong> Fundi\u00e7\u00e3o de Bronze<\/strong><\/span><\/span><\/p>\n<p style=\"text-align: center;\"><a class=\"maxbutton-1 maxbutton maxbutton-product-page-button open-popup-modal\"><span class=\"mb-text\">Pe\u00e7a uma cota\u00e7\u00e3o<\/span><\/a><\/p>\n<table style=\"border-collapse: collapse; width: 100%;\" border=\"0\">\n<tbody>\n<tr>\n<td style=\"width: 33.3333%;\"><img loading=\"lazy\" decoding=\"async\" class=\"aligncenter wp-image-3513 size-full\" title=\"Fundi\u00e7\u00e3o de Bronze de Investimento\" src=\"http:\/\/conex-casting.com\/wp-content\/uploads\/2019\/02\/Bronze-Investment-Casting-01.jpg\" alt=\"Fundi\u00e7\u00e3o de Bronze de Investimento\" width=\"250\" height=\"250\" srcset=\"https:\/\/conex-casting.com\/wp-content\/uploads\/2019\/02\/Bronze-Investment-Casting-01.jpg 250w, https:\/\/conex-casting.com\/wp-content\/uploads\/2019\/02\/Bronze-Investment-Casting-01-150x150.jpg 150w\" sizes=\"auto, (max-width: 250px) 100vw, 250px\" \/><\/td>\n<td style=\"width: 33.3333%;\"><img loading=\"lazy\" decoding=\"async\" class=\"aligncenter wp-image-3514 size-full\" title=\"Fundi\u00e7\u00e3o de Bronze de Investimento\" src=\"http:\/\/conex-casting.com\/wp-content\/uploads\/2019\/02\/Bronze-Investment-Casting-02.jpg\" alt=\"Fundi\u00e7\u00e3o de Bronze de Investimento\" width=\"250\" height=\"250\" srcset=\"https:\/\/conex-casting.com\/wp-content\/uploads\/2019\/02\/Bronze-Investment-Casting-02.jpg 250w, https:\/\/conex-casting.com\/wp-content\/uploads\/2019\/02\/Bronze-Investment-Casting-02-150x150.jpg 150w\" sizes=\"auto, (max-width: 250px) 100vw, 250px\" \/><\/td>\n<td style=\"width: 33.3333%;\"><img loading=\"lazy\" decoding=\"async\" class=\"aligncenter wp-image-3329 size-full\" title=\"Fundi\u00e7\u00e3o de Bronze de Investimento\" src=\"http:\/\/conex-casting.com\/wp-content\/uploads\/2019\/02\/bronze-casting-01.jpg\" alt=\"Fundi\u00e7\u00e3o de Bronze de Investimento\" width=\"250\" height=\"250\" srcset=\"https:\/\/conex-casting.com\/wp-content\/uploads\/2019\/02\/bronze-casting-01.jpg 250w, https:\/\/conex-casting.com\/wp-content\/uploads\/2019\/02\/bronze-casting-01-150x150.jpg 150w\" sizes=\"auto, (max-width: 250px) 100vw, 250px\" \/><\/td>\n<\/tr>\n<\/tbody>\n<\/table>\n<p style=\"text-align: justify;\">Conex \u00e9 um fabricante e exportador l\u00edder de fundi\u00e7\u00e3o de bronze. Nossos produtos de fundi\u00e7\u00e3o de bronze variam de alguns gramas at\u00e9 cinq\u00fcenta quilogramas. As ligas de bronze usadas na fundi\u00e7\u00e3o de bronze s\u00e3o bronze sil\u00edcio, bronze de alum\u00ednio, bronze de estanho e bronze de mangan\u00eas. Todos os Bronzes t\u00eam propriedades semelhantes, mas s\u00e3o os elementos adicionados que fornecem o desempenho necess\u00e1rio para o ambiente no qual os produtos de Bronze Investment Casting s\u00e3o usados. Por exemplo. Bronze de sil\u00edcio e bronze de alum\u00ednio s\u00e3o as escolhas preferidas para a maioria dos ambientes marinhos por causa de sua resist\u00eancia superior \u00e0 corros\u00e3o e sua durabilidade e resist\u00eancia.<\/p>\n<p><strong> Alguns dos produtos fabricados pela Bronze Investment Casting incluem: <\/strong><\/p>\n<ul>\n<li>Filtros de casco de bronze \/ filtros de concha mar\u00edtima<\/li>\n<li>Acess\u00f3rios para casco marinho de bronze para pele<\/li>\n<li>Grampos para ind\u00fastria el\u00e9trica e de aterramento<\/li>\n<li>Tal\u00f5es para ind\u00fastria el\u00e9trica e de aterramento<\/li>\n<\/ul>\n<p><strong> Os v\u00e1rios graus de Bronze usados \u200b\u200bs\u00e3o: <\/strong><\/p>\n<ul>\n<li>Ligas C83300 \/ CDA 833 Lat\u00e3o Vermelho Bronze<\/li>\n<li>Ligas de bronze C83600 \/ CDA 836<\/li>\n<li>C83600 \/ CDA 836 Ligas de bronze vermelho e lat\u00e3o<\/li>\n<li>C83800 \/ CDA 838 Ligas de bronze e lat\u00e3o vermelho<\/li>\n<li>Ligas de bronze C84400 \/ CDA 844<\/li>\n<li>C84400 \/ CDA 844 vermelho lat\u00e3o bronze ligas<\/li>\n<li>C84800 \/ CDA 848 Ligas de bronze e lat\u00e3o vermelho<\/li>\n<li>Liga de bronze de mangan\u00eas C86200 \/ CDA 862<\/li>\n<li>Ligas de bronze C86500 \/ CDA 865<\/li>\n<li>C86500 \/ CDA 865 Ligas de mangan\u00eas e bronze<\/li>\n<li>C87200 \/ CDA 872 Cobre, Liga de Sil\u00edcio e Bronze<\/li>\n<li>C87500 \/ CDA 875 Cobre Sil\u00edcio Bronze Ligas<\/li>\n<\/ul>\n","protected":false},"excerpt":{"rendered":"<p>Fundi\u00e7\u00e3o de Bronze Pe\u00e7a uma cota\u00e7\u00e3o Conex \u00e9 um fabricante e exportador l\u00edder de fundi\u00e7\u00e3o de bronze. Nossos produtos de fundi\u00e7\u00e3o de bronze variam de alguns gramas at\u00e9 cinq\u00fcenta quilogramas. As ligas de bronze usadas na fundi\u00e7\u00e3o de bronze s\u00e3o bronze sil\u00edcio, bronze de alum\u00ednio, bronze de estanho e bronze de mangan\u00eas. Todos os Bronzes [&hellip;]<\/p>\n","protected":false},"author":1,"featured_media":0,"parent":0,"menu_order":0,"comment_status":"closed","ping_status":"closed","template":"","meta":{"_joinchat":[],"footnotes":""},"class_list":["post-3511","page","type-page","status-publish","hentry"],"_links":{"self":[{"href":"https:\/\/conex-casting.com\/pt-br\/wp-json\/wp\/v2\/pages\/3511","targetHints":{"allow":["GET"]}}],"collection":[{"href":"https:\/\/conex-casting.com\/pt-br\/wp-json\/wp\/v2\/pages"}],"about":[{"href":"https:\/\/conex-casting.com\/pt-br\/wp-json\/wp\/v2\/types\/page"}],"author":[{"embeddable":true,"href":"https:\/\/conex-casting.com\/pt-br\/wp-json\/wp\/v2\/users\/1"}],"replies":[{"embeddable":true,"href":"https:\/\/conex-casting.com\/pt-br\/wp-json\/wp\/v2\/comments?post=3511"}],"version-history":[{"count":3,"href":"https:\/\/conex-casting.com\/pt-br\/wp-json\/wp\/v2\/pages\/3511\/revisions"}],"predecessor-version":[{"id":6181,"href":"https:\/\/conex-casting.com\/pt-br\/wp-json\/wp\/v2\/pages\/3511\/revisions\/6181"}],"wp:attachment":[{"href":"https:\/\/conex-casting.com\/pt-br\/wp-json\/wp\/v2\/media?parent=3511"}],"curies":[{"name":"wp","href":"https:\/\/api.w.org\/{rel}","templated":true}]}}