{"id":3516,"date":"2021-02-22T07:04:08","date_gmt":"2021-02-22T07:04:08","guid":{"rendered":"http:\/\/conex-casting.com\/?page_id=3516"},"modified":"2021-10-23T08:01:46","modified_gmt":"2021-10-23T08:01:46","slug":"t-shirt-de-acessorios-para-tubos-de-bronze","status":"publish","type":"page","link":"https:\/\/conex-casting.com\/pt-br\/t-shirt-de-acessorios-para-tubos-de-bronze\/","title":{"rendered":"T shirt de acess\u00f3rios para tubos de bronze"},"content":{"rendered":"<p style=\"text-align: center;\"><span style=\"text-decoration: underline; font-size: 18pt; color: #800000;\"> <strong> T shirt de acess\u00f3rios para tubos de bronze<\/strong><\/span><\/p>\n<p style=\"text-align: center;\"><a class=\"maxbutton-1 maxbutton maxbutton-product-page-button open-popup-modal\"><span class=\"mb-text\">Pe\u00e7a uma cota\u00e7\u00e3o<\/span><\/a><\/p>\n<p style=\"text-align: justify;\">Um Tee, o encaixe de tubo mais comum, \u00e9 usado para combinar (ou dividir) o fluxo de fluido \/ \u00e1gua. Est\u00e1 dispon\u00edvel em aberturas de 3 vias. Eles podem ser masculinos ou femininos.<\/p>\n<table style=\"border-collapse: collapse; width: 100%;\" border=\"0\">\n<tbody>\n<tr>\n<td style=\"width: 50%;\"><img loading=\"lazy\" decoding=\"async\" class=\"aligncenter wp-image-3518 size-full\" title=\"T shirt de acess\u00f3rios para tubos de bronze\" src=\"http:\/\/conex-casting.com\/wp-content\/uploads\/2019\/02\/Bronze-Pipe-Fittings-Tees-002.jpg\" alt=\"T shirt de acess\u00f3rios para tubos de bronze\" width=\"300\" height=\"300\" srcset=\"https:\/\/conex-casting.com\/wp-content\/uploads\/2019\/02\/Bronze-Pipe-Fittings-Tees-002.jpg 300w, https:\/\/conex-casting.com\/wp-content\/uploads\/2019\/02\/Bronze-Pipe-Fittings-Tees-002-150x150.jpg 150w\" sizes=\"auto, (max-width: 300px) 100vw, 300px\" \/><\/td>\n<td style=\"width: 50%;\"><img loading=\"lazy\" decoding=\"async\" class=\"aligncenter wp-image-3517 size-full\" title=\"T shirt de acess\u00f3rios para tubos de bronze\" src=\"http:\/\/conex-casting.com\/wp-content\/uploads\/2019\/02\/Bronze-Pipe-Fittings-Tees-001.jpg\" alt=\"T shirt de acess\u00f3rios para tubos de bronze\" width=\"300\" height=\"300\" srcset=\"https:\/\/conex-casting.com\/wp-content\/uploads\/2019\/02\/Bronze-Pipe-Fittings-Tees-001.jpg 300w, https:\/\/conex-casting.com\/wp-content\/uploads\/2019\/02\/Bronze-Pipe-Fittings-Tees-001-150x150.jpg 150w\" sizes=\"auto, (max-width: 300px) 100vw, 300px\" \/><\/td>\n<\/tr>\n<\/tbody>\n<\/table>\n<p>&nbsp;<\/p>\n","protected":false},"excerpt":{"rendered":"<p>T shirt de acess\u00f3rios para tubos de bronze Pe\u00e7a uma cota\u00e7\u00e3o Um Tee, o encaixe de tubo mais comum, \u00e9 usado para combinar (ou dividir) o fluxo de fluido \/ \u00e1gua. Est\u00e1 dispon\u00edvel em aberturas de 3 vias. Eles podem ser masculinos ou femininos. &nbsp;<\/p>\n","protected":false},"author":1,"featured_media":0,"parent":0,"menu_order":0,"comment_status":"closed","ping_status":"closed","template":"","meta":{"_joinchat":[],"footnotes":""},"class_list":["post-3516","page","type-page","status-publish","hentry"],"_links":{"self":[{"href":"https:\/\/conex-casting.com\/pt-br\/wp-json\/wp\/v2\/pages\/3516","targetHints":{"allow":["GET"]}}],"collection":[{"href":"https:\/\/conex-casting.com\/pt-br\/wp-json\/wp\/v2\/pages"}],"about":[{"href":"https:\/\/conex-casting.com\/pt-br\/wp-json\/wp\/v2\/types\/page"}],"author":[{"embeddable":true,"href":"https:\/\/conex-casting.com\/pt-br\/wp-json\/wp\/v2\/users\/1"}],"replies":[{"embeddable":true,"href":"https:\/\/conex-casting.com\/pt-br\/wp-json\/wp\/v2\/comments?post=3516"}],"version-history":[{"count":3,"href":"https:\/\/conex-casting.com\/pt-br\/wp-json\/wp\/v2\/pages\/3516\/revisions"}],"predecessor-version":[{"id":6169,"href":"https:\/\/conex-casting.com\/pt-br\/wp-json\/wp\/v2\/pages\/3516\/revisions\/6169"}],"wp:attachment":[{"href":"https:\/\/conex-casting.com\/pt-br\/wp-json\/wp\/v2\/media?parent=3516"}],"curies":[{"name":"wp","href":"https:\/\/api.w.org\/{rel}","templated":true}]}}