{"id":3520,"date":"2021-02-22T07:10:42","date_gmt":"2021-02-22T07:10:42","guid":{"rendered":"http:\/\/conex-casting.com\/?page_id=3520"},"modified":"2021-03-04T14:18:27","modified_gmt":"2021-03-04T14:18:27","slug":"flanges-de-bomba-de-bronze","status":"publish","type":"page","link":"https:\/\/conex-casting.com\/pt-br\/flanges-de-bomba-de-bronze\/","title":{"rendered":"Flanges de bomba de bronze"},"content":{"rendered":"<p style=\"text-align: center;\"><span style=\"text-decoration: underline; color: #800000;\"> <span style=\"font-size: 18pt;\"> <strong> Flanges de bomba de bronze <\/strong><\/span><\/span><\/p>\n<p style=\"text-align: justify;\">As dimens\u00f5es do Flange da Bomba de Bronze est\u00e3o em conformidade com os padr\u00f5es ASME B16.24 e est\u00e3o dispon\u00edveis em 1 \u201d, 1 \u00bc\u201d, 1 \u00bd \u201d, 2\u201d, 3 \u201d, 4\u201d, 6 \u201dE 8\u201d. Todos os flanges possuem roscas NPT, NPS. Tamb\u00e9m podemos oferecer nossos flanges de bomba de bronze em roscas BSP \/ m\u00e9tricas.<\/p>\n<p style=\"text-align: justify;\">Nossos flanges de bomba de bronze est\u00e3o dispon\u00edveis sem chumbo e com variantes de chumbo. Normalmente, os flanges de bomba de bronze s\u00e3o vendidos em kits de 2.<\/p>\n<ul>\n<li>Caracter\u00edsticas: Feito de fundi\u00e7\u00e3o de bronze de alta qualidade e usinado CNC<\/li>\n<li>Threads s\u00e3o verificados com medidores go e not go<\/li>\n<li>Esses flanges de tubo servir\u00e3o para todos os circuladores de bronze<\/li>\n<\/ul>\n<table style=\"border-collapse: collapse; width: 100%;\" border=\"0\">\n<tbody>\n<tr>\n<td style=\"width: 50%;\"><img loading=\"lazy\" decoding=\"async\" class=\"aligncenter wp-image-3522 size-full\" title=\"Flanges de bomba de bronze\" src=\"http:\/\/conex-casting.com\/wp-content\/uploads\/2019\/02\/Bronze-Pump-Flanges-003.jpg\" alt=\"Flanges de bomba de bronze\" width=\"300\" height=\"300\" srcset=\"https:\/\/conex-casting.com\/wp-content\/uploads\/2019\/02\/Bronze-Pump-Flanges-003.jpg 300w, https:\/\/conex-casting.com\/wp-content\/uploads\/2019\/02\/Bronze-Pump-Flanges-003-150x150.jpg 150w\" sizes=\"auto, (max-width: 300px) 100vw, 300px\" \/><\/td>\n<td style=\"width: 50%;\"><img loading=\"lazy\" decoding=\"async\" class=\"aligncenter wp-image-3521 size-full\" title=\"Flanges de bomba de bronze\" src=\"http:\/\/conex-casting.com\/wp-content\/uploads\/2019\/02\/Bronze-Pump-Flanges-001.jpg\" alt=\"Flanges de bomba de bronze\" width=\"300\" height=\"300\" srcset=\"https:\/\/conex-casting.com\/wp-content\/uploads\/2019\/02\/Bronze-Pump-Flanges-001.jpg 300w, https:\/\/conex-casting.com\/wp-content\/uploads\/2019\/02\/Bronze-Pump-Flanges-001-150x150.jpg 150w\" sizes=\"auto, (max-width: 300px) 100vw, 300px\" \/><\/td>\n<\/tr>\n<\/tbody>\n<\/table>\n","protected":false},"excerpt":{"rendered":"<p>Flanges de bomba de bronze As dimens\u00f5es do Flange da Bomba de Bronze est\u00e3o em conformidade com os padr\u00f5es ASME B16.24 e est\u00e3o dispon\u00edveis em 1 \u201d, 1 \u00bc\u201d, 1 \u00bd \u201d, 2\u201d, 3 \u201d, 4\u201d, 6 \u201dE 8\u201d. Todos os flanges possuem roscas NPT, NPS. Tamb\u00e9m podemos oferecer nossos flanges de bomba de bronze [&hellip;]<\/p>\n","protected":false},"author":1,"featured_media":0,"parent":0,"menu_order":0,"comment_status":"closed","ping_status":"closed","template":"","meta":{"_joinchat":[],"footnotes":""},"class_list":["post-3520","page","type-page","status-publish","hentry"],"_links":{"self":[{"href":"https:\/\/conex-casting.com\/pt-br\/wp-json\/wp\/v2\/pages\/3520","targetHints":{"allow":["GET"]}}],"collection":[{"href":"https:\/\/conex-casting.com\/pt-br\/wp-json\/wp\/v2\/pages"}],"about":[{"href":"https:\/\/conex-casting.com\/pt-br\/wp-json\/wp\/v2\/types\/page"}],"author":[{"embeddable":true,"href":"https:\/\/conex-casting.com\/pt-br\/wp-json\/wp\/v2\/users\/1"}],"replies":[{"embeddable":true,"href":"https:\/\/conex-casting.com\/pt-br\/wp-json\/wp\/v2\/comments?post=3520"}],"version-history":[{"count":2,"href":"https:\/\/conex-casting.com\/pt-br\/wp-json\/wp\/v2\/pages\/3520\/revisions"}],"predecessor-version":[{"id":4406,"href":"https:\/\/conex-casting.com\/pt-br\/wp-json\/wp\/v2\/pages\/3520\/revisions\/4406"}],"wp:attachment":[{"href":"https:\/\/conex-casting.com\/pt-br\/wp-json\/wp\/v2\/media?parent=3520"}],"curies":[{"name":"wp","href":"https:\/\/api.w.org\/{rel}","templated":true}]}}