{"id":3529,"date":"2021-02-22T07:31:08","date_gmt":"2021-02-22T07:31:08","guid":{"rendered":"http:\/\/conex-casting.com\/?page_id=3529"},"modified":"2021-10-23T08:01:13","modified_gmt":"2021-10-23T08:01:13","slug":"acessorios-para-casco-marinho-com-revestimento-de-bronze","status":"publish","type":"page","link":"https:\/\/conex-casting.com\/pt-br\/acessorios-para-casco-marinho-com-revestimento-de-bronze\/","title":{"rendered":"Acess\u00f3rios para casco marinho com revestimento de bronze"},"content":{"rendered":"<p style=\"text-align: center;\"><strong><span style=\"text-decoration: underline; color: #800000;\"><span style=\"font-size: 18pt;\">Acess\u00f3rios para casco marinho com revestimento de bronze<\/span><\/span><\/strong><\/p>\n<p style=\"text-align: center;\"><a class=\"maxbutton-1 maxbutton maxbutton-product-page-button open-popup-modal\"><span class=\"mb-text\">Pe\u00e7a uma cota\u00e7\u00e3o<\/span><\/a><\/p>\n<table style=\"border-collapse: collapse; width: 100%;\" border=\"0\">\n<tbody>\n<tr>\n<td style=\"width: 50%;\"><img loading=\"lazy\" decoding=\"async\" class=\"aligncenter wp-image-3531\" title=\"Acess\u00f3rios para casco marinho com revestimento de bronze\" src=\"http:\/\/conex-casting.com\/wp-content\/uploads\/2019\/02\/Bronze-Skin-Fitting-Marine-Hull-Fittings-01-300x300.jpg\" alt=\"Acess\u00f3rios para casco marinho com revestimento de bronze\" width=\"300\" height=\"300\" srcset=\"https:\/\/conex-casting.com\/wp-content\/uploads\/2019\/02\/Bronze-Skin-Fitting-Marine-Hull-Fittings-01-300x300.jpg 300w, https:\/\/conex-casting.com\/wp-content\/uploads\/2019\/02\/Bronze-Skin-Fitting-Marine-Hull-Fittings-01-150x150.jpg 150w, https:\/\/conex-casting.com\/wp-content\/uploads\/2019\/02\/Bronze-Skin-Fitting-Marine-Hull-Fittings-01.jpg 350w\" sizes=\"auto, (max-width: 300px) 100vw, 300px\" \/><\/td>\n<td style=\"width: 50%;\"><img loading=\"lazy\" decoding=\"async\" class=\"aligncenter wp-image-1344 size-medium\" title=\"Acess\u00f3rios para casco marinho com revestimento de bronze\" src=\"http:\/\/conex-casting.com\/wp-content\/uploads\/2019\/02\/Bronze-Skin-Fitting-Marine-Hull-Fittings-02-300x300.jpg\" alt=\"Acess\u00f3rios para casco marinho com revestimento de bronze\" width=\"300\" height=\"300\" srcset=\"https:\/\/conex-casting.com\/wp-content\/uploads\/2019\/02\/Bronze-Skin-Fitting-Marine-Hull-Fittings-02-300x300.jpg 300w, https:\/\/conex-casting.com\/wp-content\/uploads\/2019\/02\/Bronze-Skin-Fitting-Marine-Hull-Fittings-02-150x150.jpg 150w, https:\/\/conex-casting.com\/wp-content\/uploads\/2019\/02\/Bronze-Skin-Fitting-Marine-Hull-Fittings-02.jpg 350w\" sizes=\"auto, (max-width: 300px) 100vw, 300px\" \/><\/td>\n<\/tr>\n<\/tbody>\n<\/table>\n<p>&nbsp;<\/p>\n<table border=\"1\" width=\"500\">\n<tbody>\n<tr bgcolor=\"717e94\">\n<td><span style=\"color: #ffffff;\"> <strong> N\u00ba da pe\u00e7a <\/strong> <\/span><\/td>\n<td><span style=\"color: #ffffff;\"> <strong> Tamanho da rosca BSP <\/strong> <\/span><\/td>\n<td><span style=\"color: #ffffff;\"> <strong> Dia Interno em MM <\/strong> <\/span><\/td>\n<\/tr>\n<tr>\n<td>CONHULL1<\/td>\n<td>1\/2 &#8220;<\/td>\n<td>13 mm<\/td>\n<\/tr>\n<tr bgcolor=\"eeeeee\">\n<td>CONHULL2<\/td>\n<td>3\/4 &#8220;<\/td>\n<td>19 mm<\/td>\n<\/tr>\n<tr>\n<td>CONHULL3<\/td>\n<td>1 &#8220;<\/td>\n<td>25 mm<\/td>\n<\/tr>\n<tr bgcolor=\"eeeeee\">\n<td>CONHULL4<\/td>\n<td>11\/4 &#8220;<\/td>\n<td>32 mm<\/td>\n<\/tr>\n<tr>\n<td>CONHULL5<\/td>\n<td>11\/2 &#8220;<\/td>\n<td>38 mm<\/td>\n<\/tr>\n<tr bgcolor=\"eeeeee\">\n<td>CONHULL6<\/td>\n<td>2 &#8220;<\/td>\n<td>50 mm<\/td>\n<\/tr>\n<\/tbody>\n<\/table>\n<ul>\n<li>Atrav\u00e9s do revestimento do casco moldado em bronze, com al\u00e7as internas para facilitar a fixa\u00e7\u00e3o.<\/li>\n<li>Nossos encaixes de casco de bronze e encaixes de Huill para uso mar\u00edtimo v\u00eam completos com porcas de seguran\u00e7a e arruelas de bronze.<\/li>\n<li>BSP encadeado<\/li>\n<li>Os acess\u00f3rios para casco de bronze de bronze tamb\u00e9m podem vir com revestimento de cromo<\/li>\n<\/ul>\n","protected":false},"excerpt":{"rendered":"<p>Acess\u00f3rios para casco marinho com revestimento de bronze Pe\u00e7a uma cota\u00e7\u00e3o &nbsp; N\u00ba da pe\u00e7a Tamanho da rosca BSP Dia Interno em MM CONHULL1 1\/2 &#8220; 13 mm CONHULL2 3\/4 &#8220; 19 mm CONHULL3 1 &#8220; 25 mm CONHULL4 11\/4 &#8220; 32 mm CONHULL5 11\/2 &#8220; 38 mm CONHULL6 2 &#8220; 50 mm Atrav\u00e9s do [&hellip;]<\/p>\n","protected":false},"author":1,"featured_media":0,"parent":0,"menu_order":0,"comment_status":"closed","ping_status":"closed","template":"","meta":{"_joinchat":[],"footnotes":""},"class_list":["post-3529","page","type-page","status-publish","hentry"],"_links":{"self":[{"href":"https:\/\/conex-casting.com\/pt-br\/wp-json\/wp\/v2\/pages\/3529","targetHints":{"allow":["GET"]}}],"collection":[{"href":"https:\/\/conex-casting.com\/pt-br\/wp-json\/wp\/v2\/pages"}],"about":[{"href":"https:\/\/conex-casting.com\/pt-br\/wp-json\/wp\/v2\/types\/page"}],"author":[{"embeddable":true,"href":"https:\/\/conex-casting.com\/pt-br\/wp-json\/wp\/v2\/users\/1"}],"replies":[{"embeddable":true,"href":"https:\/\/conex-casting.com\/pt-br\/wp-json\/wp\/v2\/comments?post=3529"}],"version-history":[{"count":3,"href":"https:\/\/conex-casting.com\/pt-br\/wp-json\/wp\/v2\/pages\/3529\/revisions"}],"predecessor-version":[{"id":6165,"href":"https:\/\/conex-casting.com\/pt-br\/wp-json\/wp\/v2\/pages\/3529\/revisions\/6165"}],"wp:attachment":[{"href":"https:\/\/conex-casting.com\/pt-br\/wp-json\/wp\/v2\/media?parent=3529"}],"curies":[{"name":"wp","href":"https:\/\/api.w.org\/{rel}","templated":true}]}}