{"id":3543,"date":"2021-02-22T08:33:36","date_gmt":"2021-02-22T08:33:36","guid":{"rendered":"http:\/\/conex-casting.com\/?page_id=3543"},"modified":"2021-03-04T14:19:33","modified_gmt":"2021-03-04T14:19:33","slug":"c83300-cda-833-ligas-de-bronze-vermelho","status":"publish","type":"page","link":"https:\/\/conex-casting.com\/pt-br\/c83300-cda-833-ligas-de-bronze-vermelho\/","title":{"rendered":"C83300 CDA 833 Ligas de Bronze Vermelho"},"content":{"rendered":"<p style=\"text-align: center;\"><span style=\"text-decoration: underline; color: #800000;\"> <span style=\"font-size: 18pt;\"> <strong> C83300 \/ CDA 833 ligas de bronze vermelho de bronze <\/strong> <\/span> <\/span><\/p>\n<p><strong> Especifica\u00e7\u00e3o: <\/strong><\/p>\n<table border=\"1\" width=\"750\" cellspacing=\"0\" cellpadding=\"5\">\n<tbody>\n<tr bgcolor=\"#eeeeee\">\n<td><\/td>\n<td>M\u00ednimo<\/td>\n<td>M\u00e1ximo<\/td>\n<\/tr>\n<tr>\n<td>Cobre (Cu)<\/td>\n<td>92<\/td>\n<td>94<\/td>\n<\/tr>\n<tr bgcolor=\"#eeeeee\">\n<td>Estanho (Sn)<\/td>\n<td>1<\/td>\n<td>2<\/td>\n<\/tr>\n<tr>\n<td>Chumbo (Pb)<\/td>\n<td>1<\/td>\n<td>2<\/td>\n<\/tr>\n<tr bgcolor=\"#eeeeee\">\n<td>Zinco (Zn)<\/td>\n<td>2<\/td>\n<td>6<\/td>\n<\/tr>\n<tr>\n<td>Cobre + Soma dos Elementos Nomeados<\/td>\n<td>99,3<\/td>\n<td><\/td>\n<\/tr>\n<\/tbody>\n<\/table>\n<p><strong> Propriedades de especifica\u00e7\u00e3o: <\/strong><\/p>\n<table border=\"1\" width=\"750\" cellspacing=\"0\" cellpadding=\"5\">\n<tbody>\n<tr bgcolor=\"#eeeeee\">\n<td>(Tratamento t\u00e9rmico &#8216;F&#8217; indica o elenco)<\/td>\n<td>M\u00ednimo<\/td>\n<\/tr>\n<tr>\n<td>Resist\u00eancia \u00e0 tra\u00e7\u00e3o (ksi)<\/td>\n<td><\/td>\n<\/tr>\n<tr bgcolor=\"#eeeeee\">\n<td>For\u00e7a de rendimento (0,5% de extens\u00e3o sob carga) (ksi)<\/td>\n<td><\/td>\n<\/tr>\n<tr>\n<td>Alongamento (comprimento padr\u00e3o de 2 polegadas) (%)<\/td>\n<td><\/td>\n<\/tr>\n<\/tbody>\n<\/table>\n<p><strong> Propriedades de especifica\u00e7\u00e3o: <\/strong><\/p>\n<table border=\"1\" width=\"750\" cellspacing=\"0\" cellpadding=\"5\">\n<tbody>\n<tr bgcolor=\"#eeeeee\">\n<td><\/td>\n<td>T\u00edpico<\/td>\n<\/tr>\n<tr>\n<td>M\u00f3dulo de elasticidade (ksi)<\/td>\n<td>15.000<\/td>\n<\/tr>\n<tr bgcolor=\"#eeeeee\">\n<td>Dureza (Brinell) (HB @ 500kg)<\/td>\n<td>35<\/td>\n<\/tr>\n<tr>\n<td>Usinabilidade (% de lat\u00e3o de corte livre)<\/td>\n<td>35<\/td>\n<\/tr>\n<tr bgcolor=\"#eeeeee\">\n<td>Faixa de fus\u00e3o (Liquidus-Solidus) (F)<\/td>\n<td>1940-1886<\/td>\n<\/tr>\n<tr>\n<td>Calor espec\u00edfico (Btu \/ lb \/ F @ 68F)<\/td>\n<td>0,09<\/td>\n<\/tr>\n<tr bgcolor=\"#eeeeee\">\n<td>Condutividade el\u00e9trica (% IACS @ 68F)<\/td>\n<td>32<\/td>\n<\/tr>\n<tr>\n<td>Densidade (lb \/ cu.in. @ 68F)<\/td>\n<td>.318<\/td>\n<\/tr>\n<tr bgcolor=\"#eeeeee\">\n<td>Redu\u00e7\u00e3o dos criadores de padr\u00f5es (pol \/ ft)<\/td>\n<td>16\/3 &#8211; 1\/4<\/td>\n<\/tr>\n<tr>\n<td>Esc\u00f3ria<\/td>\n<td>Baixo<\/td>\n<\/tr>\n<tr bgcolor=\"#eeeeee\">\n<td>Gaseamento<\/td>\n<td>M\u00e9dio<\/td>\n<\/tr>\n<tr>\n<td>Fluidez<\/td>\n<td>M\u00e9dio<\/td>\n<\/tr>\n<tr bgcolor=\"#eeeeee\">\n<td>Redu\u00e7\u00e3o<\/td>\n<td>M\u00e9dio<\/td>\n<\/tr>\n<\/tbody>\n<\/table>\n","protected":false},"excerpt":{"rendered":"<p>C83300 \/ CDA 833 ligas de bronze vermelho de bronze Especifica\u00e7\u00e3o: M\u00ednimo M\u00e1ximo Cobre (Cu) 92 94 Estanho (Sn) 1 2 Chumbo (Pb) 1 2 Zinco (Zn) 2 6 Cobre + Soma dos Elementos Nomeados 99,3 Propriedades de especifica\u00e7\u00e3o: (Tratamento t\u00e9rmico &#8216;F&#8217; indica o elenco) M\u00ednimo Resist\u00eancia \u00e0 tra\u00e7\u00e3o (ksi) For\u00e7a de rendimento (0,5% de [&hellip;]<\/p>\n","protected":false},"author":1,"featured_media":0,"parent":0,"menu_order":0,"comment_status":"closed","ping_status":"closed","template":"","meta":{"_joinchat":[],"footnotes":""},"class_list":["post-3543","page","type-page","status-publish","hentry"],"_links":{"self":[{"href":"https:\/\/conex-casting.com\/pt-br\/wp-json\/wp\/v2\/pages\/3543","targetHints":{"allow":["GET"]}}],"collection":[{"href":"https:\/\/conex-casting.com\/pt-br\/wp-json\/wp\/v2\/pages"}],"about":[{"href":"https:\/\/conex-casting.com\/pt-br\/wp-json\/wp\/v2\/types\/page"}],"author":[{"embeddable":true,"href":"https:\/\/conex-casting.com\/pt-br\/wp-json\/wp\/v2\/users\/1"}],"replies":[{"embeddable":true,"href":"https:\/\/conex-casting.com\/pt-br\/wp-json\/wp\/v2\/comments?post=3543"}],"version-history":[{"count":1,"href":"https:\/\/conex-casting.com\/pt-br\/wp-json\/wp\/v2\/pages\/3543\/revisions"}],"predecessor-version":[{"id":3544,"href":"https:\/\/conex-casting.com\/pt-br\/wp-json\/wp\/v2\/pages\/3543\/revisions\/3544"}],"wp:attachment":[{"href":"https:\/\/conex-casting.com\/pt-br\/wp-json\/wp\/v2\/media?parent=3543"}],"curies":[{"name":"wp","href":"https:\/\/api.w.org\/{rel}","templated":true}]}}