{"id":3554,"date":"2021-02-22T09:46:28","date_gmt":"2021-02-22T09:46:28","guid":{"rendered":"http:\/\/conex-casting.com\/?page_id=3554"},"modified":"2021-03-04T14:20:34","modified_gmt":"2021-03-04T14:20:34","slug":"liga-de-bronze-c84400-cda-844","status":"publish","type":"page","link":"https:\/\/conex-casting.com\/pt-br\/liga-de-bronze-c84400-cda-844\/","title":{"rendered":"Liga de bronze C84400 CDA 844"},"content":{"rendered":"<p style=\"text-align: center;\"><span style=\"text-decoration: underline; color: #800000;\"><span style=\"font-size: 18pt;\"><strong>Liga de bronze C84400 \/ CDA 844<\/strong><\/span><\/span><\/p>\n<table style=\"altura: 432px; largura: 100%;\" border=\"1\" width=\"500\" cellspacing=\"0\" cellpadding=\"5\">\n<tbody>\n<tr style=\"altura: 24px;\" bgcolor=\"#eeeeee\">\n<th style=\"height: 24px;\">Elemento%<\/th>\n<th style=\"height: 24px;\">Nominal<\/th>\n<th style=\"height: 24px;\">M\u00ednimo<\/th>\n<th style=\"height: 24px;\">M\u00e1ximo<\/th>\n<\/tr>\n<\/tbody>\n<tbody>\n<tr style=\"altura: 24px;\" bgcolor=\"#eeeeee\">\n<td style=\"height: 24px;\"><strong> Alum\u00ednio <\/strong><\/td>\n<td style=\"height: 24px;\">&#8211;<\/td>\n<td style=\"height: 24px;\">&#8211;<\/td>\n<td style=\"height: 24px;\">. 005<\/td>\n<\/tr>\n<tr style=\"height: 24px;\">\n<td style=\"height: 24px;\"><strong> Antim\u00f4nio <\/strong><\/td>\n<td style=\"height: 24px;\">&#8211;<\/td>\n<td style=\"height: 24px;\">&#8211;<\/td>\n<td style=\"height: 24px;\">. 25<\/td>\n<\/tr>\n<tr style=\"altura: 24px;\" bgcolor=\"#eeeeee\">\n<td style=\"height: 24px;\"><strong> Cobre <\/strong><\/td>\n<td style=\"height: 24px;\">81<\/td>\n<td style=\"height: 24px;\">78<\/td>\n<td style=\"height: 24px;\">82<\/td>\n<\/tr>\n<tr style=\"height: 24px;\">\n<td style=\"height: 24px;\"><strong> Ferro <\/strong><\/td>\n<td style=\"height: 24px;\">&#8211;<\/td>\n<td style=\"height: 24px;\">&#8211;<\/td>\n<td style=\"height: 24px;\">. 40<\/td>\n<\/tr>\n<tr style=\"altura: 24px;\" bgcolor=\"#eeeeee\">\n<td style=\"height: 24px;\"><strong> Lead <\/strong><\/td>\n<td style=\"height: 24px;\">7<\/td>\n<td style=\"height: 24px;\">6<\/td>\n<td style=\"height: 24px;\">8<\/td>\n<\/tr>\n<tr style=\"height: 24px;\">\n<td style=\"height: 24px;\"><strong> N\u00edquel <\/strong><\/td>\n<td style=\"height: 24px;\">&#8211;<\/td>\n<td style=\"height: 24px;\">&#8211;<\/td>\n<td style=\"height: 24px;\">1<\/td>\n<\/tr>\n<tr style=\"altura: 24px;\" bgcolor=\"#eeeeee\">\n<td style=\"height: 24px;\"><strong> F\u00f3sforo <\/strong><\/td>\n<td style=\"height: 24px;\">&#8211;<\/td>\n<td style=\"height: 24px;\">&#8211;<\/td>\n<td style=\"height: 24px;\">1,5<\/td>\n<\/tr>\n<tr style=\"height: 24px;\">\n<td style=\"height: 24px;\"><strong> Sil\u00edcio <\/strong><\/td>\n<td style=\"height: 24px;\">&#8211;<\/td>\n<td style=\"height: 24px;\">&#8211;<\/td>\n<td style=\"height: 24px;\">. 005<\/td>\n<\/tr>\n<tr style=\"altura: 24px;\" bgcolor=\"#eeeeee\">\n<td style=\"height: 24px;\"><strong> Enxofre <\/strong><\/td>\n<td style=\"height: 24px;\">&#8211;<\/td>\n<td style=\"height: 24px;\">&#8211;<\/td>\n<td style=\"height: 24px;\">. 08<\/td>\n<\/tr>\n<tr style=\"height: 24px;\">\n<td style=\"height: 24px;\"><strong> Lata <\/strong><\/td>\n<td style=\"height: 24px;\">3<\/td>\n<td style=\"height: 24px;\">2,3<\/td>\n<td style=\"height: 24px;\">3,5<\/td>\n<\/tr>\n<tr style=\"altura: 24px;\" bgcolor=\"#eeeeee\">\n<td style=\"height: 24px;\"><strong> Zinco <\/strong><\/td>\n<td style=\"height: 24px;\">9<\/td>\n<td style=\"height: 24px;\">7<\/td>\n<td style=\"height: 24px;\">10<\/td>\n<\/tr>\n<tr style=\"height: 48px;\">\n<td style=\"height: 48px;\"><strong> Dureza BHN (carga de 500 kg) <\/strong><\/td>\n<td style=\"height: 48px;\">&#8211;<\/td>\n<td style=\"height: 48px;\">55<\/td>\n<td style=\"height: 48px;\">&#8211;<\/td>\n<\/tr>\n<tr style=\"altura: 24px;\" bgcolor=\"#eeeeee\">\n<td style=\"height: 24px;\"><strong> Resist\u00eancia \u00e0 tra\u00e7\u00e3o ksi <\/strong><\/td>\n<td style=\"height: 24px;\">&#8211;<\/td>\n<td style=\"height: 24px;\">30<\/td>\n<td style=\"height: 24px;\">&#8211;<\/td>\n<\/tr>\n<tr style=\"height: 48px;\">\n<td style=\"height: 48px;\"><strong> For\u00e7a de elasticidade ksi (0,5% ext. sob carga) <\/strong><\/td>\n<td style=\"height: 48px;\">&#8211;<\/td>\n<td style=\"height: 48px;\">15<\/td>\n<td style=\"height: 48px;\">&#8211;<\/td>\n<\/tr>\n<tr style=\"altura: 24px;\" bgcolor=\"#eeeeee\">\n<td style=\"height: 24px;\"><strong>% de alongamento em 2 polegadas <\/strong><\/td>\n<td style=\"height: 24px;\">&#8211;<\/td>\n<td style=\"height: 24px;\">16<\/td>\n<td style=\"height: 24px;\">&#8211;<\/td>\n<\/tr>\n<\/tbody>\n<\/table>\n<p style=\"text-align: justify;\">Os valores listados acima representam aproxima\u00e7\u00f5es razo\u00e1veis \u200b\u200badequadas para uso geral de engenharia. Devido \u00e0s varia\u00e7\u00f5es comerciais na composi\u00e7\u00e3o e \u00e0s limita\u00e7\u00f5es de fabrica\u00e7\u00e3o, eles n\u00e3o devem ser usados \u200b\u200bpara fins de especifica\u00e7\u00e3o.<\/p>\n<p><strong> Aplicativos: <\/strong><br \/>\nFerragens em geral, pe\u00e7as fundidas ornamentais, suprimentos e acess\u00f3rios para encanamento, v\u00e1lvulas e acess\u00f3rios de baixa press\u00e3o.<\/p>\n<p><strong> Pr\u00e1ticas de Fabrica\u00e7\u00e3o: <\/strong><\/p>\n<table border=\"1\" width=\"500\" cellspacing=\"0\" cellpadding=\"5\">\n<tbody>\n<tr bgcolor=\"#eeeeee\">\n<td width=\"264\" height=\"26\"><strong> Temperatura de al\u00edvio de estresse <\/strong><\/td>\n<td width=\"200\" height=\"26\">500 F ou 260 C<\/td>\n<\/tr>\n<tr>\n<td width=\"264\" height=\"26\"><strong> Tempo na temperatura <\/strong><\/td>\n<td width=\"200\" height=\"26\">1 hora por polegada de espessura de se\u00e7\u00e3o<\/td>\n<\/tr>\n<tr bgcolor=\"#eeeeee\">\n<td width=\"264\" height=\"26\"><strong> Responde ao tratamento t\u00e9rmico <\/strong><\/td>\n<td width=\"200\" height=\"26\">N\u00e3o<\/td>\n<\/tr>\n<tr>\n<td width=\"264\" height=\"26\"><strong> Classifica\u00e7\u00e3o de usinabilidade (lat\u00e3o de corte livre = 100) <\/strong><\/td>\n<td width=\"200\" height=\"26\">90<\/td>\n<\/tr>\n<tr bgcolor=\"#eeeeee\">\n<td width=\"264\" height=\"26\"><strong> Adequa\u00e7\u00e3o para ser unido por: <\/strong><\/td>\n<td width=\"200\" height=\"26\">Solda \/ Excelente<\/td>\n<\/tr>\n<tr>\n<td width=\"264\" height=\"26\"><\/td>\n<td width=\"200\" height=\"26\">Brasagem \/ Boa *<\/td>\n<\/tr>\n<tr bgcolor=\"#eeeeee\">\n<td width=\"264\" height=\"26\"><\/td>\n<td width=\"200\" height=\"26\">Soldagem de oxiacetileno \/ n\u00e3o recomendada<\/td>\n<\/tr>\n<tr>\n<td width=\"264\" height=\"26\"><\/td>\n<td width=\"200\" height=\"26\">Soldagem a arco protegido com g\u00e1s \/ n\u00e3o recomendada<\/td>\n<\/tr>\n<tr bgcolor=\"#eeeeee\">\n<td width=\"264\" height=\"26\"><\/td>\n<td width=\"200\" height=\"26\">Soldagem por arco de metal revestido \/ razo\u00e1vel<\/td>\n<\/tr>\n<\/tbody>\n<\/table>\n<p><strong> Propriedades F\u00edsicas: <\/strong><\/p>\n<table border=\"1\" width=\"500\" cellspacing=\"0\" cellpadding=\"5\">\n<tbody>\n<tr bgcolor=\"#eeeeee\">\n<td><strong> Condutividade t\u00e9rmica <\/strong><\/td>\n<td>BTU \/ (sq ft-ft-hr-F)<\/td>\n<td>41,9<\/td>\n<\/tr>\n<tr>\n<td><strong> Calor espec\u00edfico <\/strong><\/td>\n<td>BTU \/ lb \/ \u00baF @ 68F<\/td>\n<td>0,09<\/td>\n<\/tr>\n<tr bgcolor=\"#eeeeee\">\n<td><strong> Expans\u00e3o t\u00e9rmica <\/strong><\/td>\n<td>Por \u00b0 F de 68 F a 500 F<\/td>\n<td>.000010<\/td>\n<\/tr>\n<tr>\n<td><strong>Densidade<\/strong><\/td>\n<td>lb \/ cu in @ 68 F<\/td>\n<td>0,314<\/td>\n<\/tr>\n<tr bgcolor=\"#eeeeee\">\n<td><strong> Condutividade el\u00e9trica <\/strong><\/td>\n<td>% IACS @ 68 F<\/td>\n<td>16,4<\/td>\n<\/tr>\n<tr>\n<td><strong> M\u00f3dulo de elasticidade <\/strong><\/td>\n<td>KSI<\/td>\n<td>13.000<\/td>\n<\/tr>\n<\/tbody>\n<\/table>\n","protected":false},"excerpt":{"rendered":"<p>Liga de bronze C84400 \/ CDA 844 Elemento% Nominal M\u00ednimo M\u00e1ximo Alum\u00ednio &#8211; &#8211; . 005 Antim\u00f4nio &#8211; &#8211; . 25 Cobre 81 78 82 Ferro &#8211; &#8211; . 40 Lead 7 6 8 N\u00edquel &#8211; &#8211; 1 F\u00f3sforo &#8211; &#8211; 1,5 Sil\u00edcio &#8211; &#8211; . 005 Enxofre &#8211; &#8211; . 08 Lata 3 2,3 [&hellip;]<\/p>\n","protected":false},"author":1,"featured_media":0,"parent":0,"menu_order":0,"comment_status":"closed","ping_status":"closed","template":"","meta":{"_joinchat":[],"footnotes":""},"class_list":["post-3554","page","type-page","status-publish","hentry"],"_links":{"self":[{"href":"https:\/\/conex-casting.com\/pt-br\/wp-json\/wp\/v2\/pages\/3554","targetHints":{"allow":["GET"]}}],"collection":[{"href":"https:\/\/conex-casting.com\/pt-br\/wp-json\/wp\/v2\/pages"}],"about":[{"href":"https:\/\/conex-casting.com\/pt-br\/wp-json\/wp\/v2\/types\/page"}],"author":[{"embeddable":true,"href":"https:\/\/conex-casting.com\/pt-br\/wp-json\/wp\/v2\/users\/1"}],"replies":[{"embeddable":true,"href":"https:\/\/conex-casting.com\/pt-br\/wp-json\/wp\/v2\/comments?post=3554"}],"version-history":[{"count":1,"href":"https:\/\/conex-casting.com\/pt-br\/wp-json\/wp\/v2\/pages\/3554\/revisions"}],"predecessor-version":[{"id":3555,"href":"https:\/\/conex-casting.com\/pt-br\/wp-json\/wp\/v2\/pages\/3554\/revisions\/3555"}],"wp:attachment":[{"href":"https:\/\/conex-casting.com\/pt-br\/wp-json\/wp\/v2\/media?parent=3554"}],"curies":[{"name":"wp","href":"https:\/\/api.w.org\/{rel}","templated":true}]}}