{"id":3562,"date":"2021-02-22T10:13:34","date_gmt":"2021-02-22T10:13:34","guid":{"rendered":"http:\/\/conex-casting.com\/?page_id=3562"},"modified":"2021-03-04T14:22:49","modified_gmt":"2021-03-04T14:22:49","slug":"c85200-cda-852-ligas-de-latao-amarelo","status":"publish","type":"page","link":"https:\/\/conex-casting.com\/pt-br\/c85200-cda-852-ligas-de-latao-amarelo\/","title":{"rendered":"C85200 CDA 852 Ligas de lat\u00e3o amarelo"},"content":{"rendered":"<p style=\"text-align: center;\"><span style=\"text-decoration: underline;\"><span style=\"font-size: 18pt; color: #800000;\"><strong>C85200 \/ CDA 852 Ligas de lat\u00e3o amarelo<\/strong><\/span><\/span><\/p>\n<table border=\"1\" width=\"700\" cellspacing=\"0\" cellpadding=\"5\">\n<tbody>\n<tr>\n<th>Propriedades f\u00edsicas<\/th>\n<th>M\u00e9trica<\/th>\n<th><\/th>\n<\/tr>\n<tr bgcolor=\"#eeeeee\">\n<td>Densidade<\/td>\n<td>8,50 g \/ cc<\/td>\n<td>0,307 lb \/ in\u00b3<\/td>\n<\/tr>\n<tr>\n<td colspan=\"4\"><\/td>\n<\/tr>\n<tr>\n<th>Propriedades Mec\u00e2nicas<\/th>\n<th>M\u00e9trica<\/th>\n<th><\/th>\n<\/tr>\n<tr bgcolor=\"#eeeeee\">\n<td>Dureza, Brinell<\/td>\n<td>45<\/td>\n<td>45<\/td>\n<\/tr>\n<tr>\n<td>Resist\u00eancia \u00e0 tra\u00e7\u00e3o, final<\/td>\n<td>260 MPa<\/td>\n<td>37700 psi<\/td>\n<\/tr>\n<tr bgcolor=\"#eeeeee\">\n<td>Resist\u00eancia \u00e0 tra\u00e7\u00e3o, rendimento<\/td>\n<td>90,0 MPa<br \/>\n@Strain 0,500%<\/td>\n<td>13100 psi<br \/>\n@Strain 0,500%<\/td>\n<\/tr>\n<tr>\n<td>Alongamento na ruptura<\/td>\n<td>35%<\/td>\n<td>35%<\/td>\n<\/tr>\n<tr bgcolor=\"#eeeeee\">\n<td>M\u00f3dulo de elasticidade<\/td>\n<td>76,0 GPa<\/td>\n<td>11000 ksi<\/td>\n<\/tr>\n<tr>\n<td>Maquinabilidade<\/td>\n<td>80%<\/td>\n<td>80%<\/td>\n<\/tr>\n<tr>\n<td colspan=\"4\"><\/td>\n<\/tr>\n<tr>\n<th>Propriedades el\u00e9tricas<\/th>\n<th>M\u00e9trica<\/th>\n<th><\/th>\n<\/tr>\n<tr bgcolor=\"#eeeeee\">\n<td>Resistividade el\u00e9trica<\/td>\n<td>0,000009269 ohm-cm<br \/>\n@Temperatura 20,0 \u00b0 C<\/td>\n<td>0,000009269 ohm-cm<br \/>\n@Temperatura 68,0 \u00b0 F<\/td>\n<\/tr>\n<tr>\n<td>Permeabilidade magn\u00e9tica<\/td>\n<td>1.0<\/td>\n<td>1.0<\/td>\n<\/tr>\n<tr>\n<td colspan=\"4\"><\/td>\n<\/tr>\n<tr>\n<th>Propriedades t\u00e9rmicas<\/th>\n<th>M\u00e9trica<\/th>\n<th><\/th>\n<\/tr>\n<tr bgcolor=\"#eeeeee\">\n<td>CTE, linear<\/td>\n<td>21,0 \u00b5m \/ m- \u00b0 C<br \/>\n@Temperatura 20,0 &#8211; 100 \u00b0 C<\/td>\n<td>11,7 \u00b5in \/ in- \u00b0 F<br \/>\n@Temperatura 68,0 &#8211; 212 \u00b0 F<\/td>\n<\/tr>\n<tr>\n<td>Capacidade de calor espec\u00edfica<\/td>\n<td>0,380 J \/ g- \u00b0 C<\/td>\n<td>0,0908 BTU \/ lb- \u00b0 F<\/td>\n<\/tr>\n<tr bgcolor=\"#eeeeee\">\n<td>Condutividade t\u00e9rmica<\/td>\n<td>83,9 W \/ m-K<br \/>\n@Temperatura 20,0 \u00b0 C<\/td>\n<td>582 BTU-in \/ hr-ft\u00b2- \u00b0 F<br \/>\n@Temperatura 68,0 \u00b0 F<\/td>\n<\/tr>\n<tr>\n<td>Ponto de fus\u00e3o<\/td>\n<td>925 &#8211; 940 \u00b0 C<\/td>\n<td>1700 &#8211; 1720 \u00b0 F<\/td>\n<\/tr>\n<tr bgcolor=\"#eeeeee\">\n<td>Solidus<\/td>\n<td>25 \u00b0 C<\/td>\n<td>1700 \u00b0 F<\/td>\n<\/tr>\n<tr>\n<td>Liquidus<\/td>\n<td>940 \u00b0 C<\/td>\n<td>1720 \u00b0 F<\/td>\n<\/tr>\n<tr bgcolor=\"#eeeeee\">\n<td>Redu\u00e7\u00e3o<\/td>\n<td>1,60%<\/td>\n<td>1,60%<\/td>\n<\/tr>\n<tr>\n<td colspan=\"4\"><\/td>\n<\/tr>\n<tr>\n<th>Propriedades dos elementos do componente<\/th>\n<th>M\u00e9trica<\/th>\n<th><\/th>\n<\/tr>\n<tr bgcolor=\"#eeeeee\">\n<td>Alum\u00ednio, Al<\/td>\n<td>&amp; lt; = 0,0050%<\/td>\n<td>&amp; lt; = 0,0050%<\/td>\n<\/tr>\n<tr>\n<td>Antim\u00f4nio, Sb<\/td>\n<td>&amp; lt; = 0,20%<\/td>\n<td>&amp; lt; = 0,20%<\/td>\n<\/tr>\n<tr bgcolor=\"#eeeeee\">\n<td>Cobre, Cu<\/td>\n<td>70 &#8211; 74%<\/td>\n<td>70 &#8211; 74%<\/td>\n<\/tr>\n<tr>\n<td>Ferro, Fe<\/td>\n<td>&amp; lt; = 0,60%<\/td>\n<td>&amp; lt; = 0,60%<\/td>\n<\/tr>\n<tr bgcolor=\"#eeeeee\">\n<td>Chumbo, Pb<\/td>\n<td>1,5 &#8211; 3,8%<\/td>\n<td>1,5 &#8211; 3,8%<\/td>\n<\/tr>\n<tr>\n<td>N\u00edquel, Ni<\/td>\n<td>&amp; lt; = 1,0%<\/td>\n<td>&amp; lt; = 1,0%<\/td>\n<\/tr>\n<tr bgcolor=\"#eeeeee\">\n<td>F\u00f3sforo, P<\/td>\n<td>&amp; lt; = 0,020%<\/td>\n<td>&amp; lt; = 0,020%<\/td>\n<\/tr>\n<tr>\n<td>Sil\u00edcio, Si<\/td>\n<td>&amp; lt; = 0,050%<\/td>\n<td>&amp; lt; = 0,050%<\/td>\n<\/tr>\n<tr bgcolor=\"#eeeeee\">\n<td>Enxofre, S<\/td>\n<td>&amp; lt; = 0,050%<\/td>\n<td>&amp; lt; = 0,050%<\/td>\n<\/tr>\n<tr>\n<td>Estanho, Sn<\/td>\n<td>0,70 &#8211; 2,0%<\/td>\n<td>0,70 &#8211; 2,0%<\/td>\n<\/tr>\n<tr bgcolor=\"#eeeeee\">\n<td>Zinco, Zn<\/td>\n<td>20 &#8211; 27%<\/td>\n<td>20 &#8211; 27%<\/td>\n<\/tr>\n<\/tbody>\n<\/table>\n","protected":false},"excerpt":{"rendered":"<p>C85200 \/ CDA 852 Ligas de lat\u00e3o amarelo Propriedades f\u00edsicas M\u00e9trica Densidade 8,50 g \/ cc 0,307 lb \/ in\u00b3 Propriedades Mec\u00e2nicas M\u00e9trica Dureza, Brinell 45 45 Resist\u00eancia \u00e0 tra\u00e7\u00e3o, final 260 MPa 37700 psi Resist\u00eancia \u00e0 tra\u00e7\u00e3o, rendimento 90,0 MPa @Strain 0,500% 13100 psi @Strain 0,500% Alongamento na ruptura 35% 35% M\u00f3dulo de elasticidade [&hellip;]<\/p>\n","protected":false},"author":1,"featured_media":0,"parent":0,"menu_order":0,"comment_status":"closed","ping_status":"closed","template":"","meta":{"_joinchat":[],"footnotes":""},"class_list":["post-3562","page","type-page","status-publish","hentry"],"_links":{"self":[{"href":"https:\/\/conex-casting.com\/pt-br\/wp-json\/wp\/v2\/pages\/3562","targetHints":{"allow":["GET"]}}],"collection":[{"href":"https:\/\/conex-casting.com\/pt-br\/wp-json\/wp\/v2\/pages"}],"about":[{"href":"https:\/\/conex-casting.com\/pt-br\/wp-json\/wp\/v2\/types\/page"}],"author":[{"embeddable":true,"href":"https:\/\/conex-casting.com\/pt-br\/wp-json\/wp\/v2\/users\/1"}],"replies":[{"embeddable":true,"href":"https:\/\/conex-casting.com\/pt-br\/wp-json\/wp\/v2\/comments?post=3562"}],"version-history":[{"count":1,"href":"https:\/\/conex-casting.com\/pt-br\/wp-json\/wp\/v2\/pages\/3562\/revisions"}],"predecessor-version":[{"id":3563,"href":"https:\/\/conex-casting.com\/pt-br\/wp-json\/wp\/v2\/pages\/3562\/revisions\/3563"}],"wp:attachment":[{"href":"https:\/\/conex-casting.com\/pt-br\/wp-json\/wp\/v2\/media?parent=3562"}],"curies":[{"name":"wp","href":"https:\/\/api.w.org\/{rel}","templated":true}]}}