{"id":3568,"date":"2021-02-22T10:36:05","date_gmt":"2021-02-22T10:36:05","guid":{"rendered":"http:\/\/conex-casting.com\/?page_id=3568"},"modified":"2021-03-04T14:23:01","modified_gmt":"2021-03-04T14:23:01","slug":"c86200-cda-862-manganes-bronze-ligas","status":"publish","type":"page","link":"https:\/\/conex-casting.com\/pt-br\/c86200-cda-862-manganes-bronze-ligas\/","title":{"rendered":"C86200 CDA 862 Mangan\u00eas Bronze Ligas"},"content":{"rendered":"<p style=\"text-align: center;\"><span style=\"text-decoration: underline; font-size: 18pt; color: #800000;\"> <strong> C86200 \/ CDA 862 Mangan\u00eas Bronze Ligas<\/strong><\/span><\/p>\n<p><strong> Especifica\u00e7\u00e3o: <\/strong><\/p>\n<table border=\"1\" width=\"750\" cellspacing=\"0\" cellpadding=\"5\">\n<tbody>\n<tr>\n<th>CDA<\/th>\n<th>ASTM<\/th>\n<th>ASARCON<\/th>\n<th>SAE<\/th>\n<th>AMS<\/th>\n<th>Federal<\/th>\n<th>Militar<\/th>\n<th>Outro<\/th>\n<\/tr>\n<\/tbody>\n<tbody>\n<tr bgcolor=\"#eeeeee\">\n<td>C862<\/td>\n<td>B505<br \/>\nB505M<\/td>\n<td><\/td>\n<td>430A<br \/>\nJ461<br \/>\nJ462<\/td>\n<td><\/td>\n<td>QQ-C-390, C4;<br \/>\nQQ-B-726, CLASSE B<\/td>\n<td>MIL-C-22229, COMP 9<\/td>\n<td><\/td>\n<\/tr>\n<\/tbody>\n<\/table>\n<p><strong> Composi\u00e7\u00e3o Qu\u00edmica: <\/strong><\/p>\n<table border=\"1\" width=\"750\" cellspacing=\"0\" cellpadding=\"5\">\n<tbody>\n<tr>\n<th>Cu%<sup>1<\/sup><\/th>\n<th>Pb%<\/th>\n<th>Sn%<\/th>\n<th>Zn%<\/th>\n<th>Fe%<\/th>\n<th>Ni%<sup>2<\/sup><\/th>\n<th>Al%<\/th>\n<th>Mn%<\/th>\n<\/tr>\n<\/tbody>\n<tfoot>\n<tr>\n<td colspan=\"12\">\n<div>Composi\u00e7\u00e3o qu\u00edmica de acordo com ASTM B505 \/ B505M-18<\/div>\n<div><\/div>\n<div><sup> 1 <\/sup> Na determina\u00e7\u00e3o do Cu min., o Cu pode ser calculado como Cu + Ni. <sup> 2 <\/sup> O valor Ni inclui Co.<\/div>\n<div>Valores \u00fanicos representam m\u00e1ximos.<\/div>\n<\/td>\n<\/tr>\n<\/tfoot>\n<tbody>\n<tr bgcolor=\"#eeeeee\">\n<td>60,00-<br \/>\n66,00<\/td>\n<td>0,20<\/td>\n<td>0,20<\/td>\n<td>22,00-<br \/>\n28,00<\/td>\n<td>2,00-<br \/>\n4,00<\/td>\n<td>1,00<\/td>\n<td>3,00-<br \/>\n4,90<\/td>\n<td>2,50-<br \/>\n5,00<\/td>\n<\/tr>\n<\/tbody>\n<\/table>\n<p><strong> Usinabilidade: <\/strong><\/p>\n<table border=\"1\" width=\"750\" cellspacing=\"0\" cellpadding=\"5\">\n<tbody>\n<tr>\n<th>Liga de cobre No. UNS<\/th>\n<th>Classifica\u00e7\u00e3o de usinabilidade<\/th>\n<th>Densidade (lb \/ in <sup> 3 <\/sup> a 68 \u00b0 F)<\/th>\n<\/tr>\n<\/tbody>\n<tbody>\n<tr bgcolor=\"#eeeeee\">\n<td>C862<\/td>\n<td>30<\/td>\n<td>0,288<\/td>\n<\/tr>\n<\/tbody>\n<\/table>\n<p><strong> Propriedades Mec\u00e2nicas: <\/strong><\/p>\n<table border=\"1\" width=\"750\" cellspacing=\"0\" cellpadding=\"5\">\n<tfoot>\n<tr>\n<td colspan=\"12\">\n<div>Propriedades mec\u00e2nicas de acordo com ASTM B505 \/ B505M-18<\/div>\n<\/td>\n<\/tr>\n<\/tfoot>\n<tbody>\n<tr>\n<th colspan=\"2\">Resist\u00eancia \u00e0 tra\u00e7\u00e3o, min<\/th>\n<th colspan=\"2\">For\u00e7a de rendimento, a 0,5% de extens\u00e3o sob carga, min<\/th>\n<th>Alongamento, em 2 pol. ou 50 mm min<\/th>\n<th>Dureza Brinell (carga de 3.000 kg)<\/th>\n<th>Observa\u00e7\u00f5es<\/th>\n<\/tr>\n<tr>\n<th>ksi<\/th>\n<th>MPa<\/th>\n<th>ksi<\/th>\n<th>MPa<\/th>\n<th>%<\/th>\n<th>BHN t\u00edpico<\/th>\n<th><\/th>\n<\/tr>\n<\/tbody>\n<tbody>\n<tr bgcolor=\"#eeeeee\">\n<td>90<\/td>\n<td>621<\/td>\n<td>45<\/td>\n<td>310<\/td>\n<td>18<\/td>\n<td>180<\/td>\n<td><\/td>\n<\/tr>\n<\/tbody>\n<\/table>\n<p><strong> Propriedades F\u00edsicas: <\/strong><\/p>\n<table border=\"1\" width=\"750\" cellspacing=\"0\" cellpadding=\"5\">\n<tfoot>\n<tr>\n<td colspan=\"12\">\n<div>Propriedades f\u00edsicas fornecidas por CDA * For\u00e7a de campo 16 kA \/ m<\/div>\n<\/td>\n<\/tr>\n<\/tfoot>\n<tbody>\n<tr>\n<th><\/th>\n<th>Costumeiros nos EUA<\/th>\n<th>M\u00e9trica<\/th>\n<\/tr>\n<\/tbody>\n<tbody>\n<tr>\n<td><strong> Ponto de fus\u00e3o &#8211; Liquidus <\/strong><\/td>\n<td>1725 \u00b0 F<\/td>\n<td>941 \u00b0 C<\/td>\n<\/tr>\n<tr>\n<td><strong> Ponto de fus\u00e3o &#8211; Solidus <\/strong><\/td>\n<td>1650 \u00b0 F<\/td>\n<td>899 \u00b0 C<\/td>\n<\/tr>\n<tr>\n<td><strong>Densidade<\/strong><\/td>\n<td>0,288 lb \/ pol <sup> 3 <\/sup> a 68 \u00b0 F<\/td>\n<td>7,97 gm \/ cm <sup> 3 <\/sup> a 20 \u00b0 C<\/td>\n<\/tr>\n<tr>\n<td><strong> Gravidade espec\u00edfica <\/strong><\/td>\n<td>7,97<\/td>\n<td>7,97<\/td>\n<\/tr>\n<tr>\n<td><strong> Condutividade el\u00e9trica <\/strong><\/td>\n<td>8% IACS a 68 \u00b0 F<\/td>\n<td>0,044 MegaSiemens \/ cm a 20 \u00b0 C<\/td>\n<\/tr>\n<tr>\n<td><strong> Condutividade t\u00e9rmica <\/strong><\/td>\n<td>20,5 Btu \/ p\u00e9s quadrados \/ p\u00e9s hr \/ \u00b0 F a 68 \u00b0 F<\/td>\n<td>35,5 W \/ m a 20 \u00b0 C<\/td>\n<\/tr>\n<tr>\n<td><strong> Coeficiente de expans\u00e3o t\u00e9rmica 68-572 <\/strong><\/td>\n<td>12 \u00b7 10 <sup> -6 <\/sup> por \u00b0 F (68-572 \u00b0 F)<\/td>\n<td>20,7 \u00b7 10 <sup> -6 <\/sup> por \u00b0 C (20-300 \u00b0 C)<\/td>\n<\/tr>\n<tr>\n<td><strong> Capacidade de calor espec\u00edfica <\/strong><\/td>\n<td>0,09 Btu \/ lb \/ \u00b0 F a 68 \u00b0 F<\/td>\n<td>377,1 J \/ kg a 293 \u00b0 C<\/td>\n<\/tr>\n<tr>\n<td><strong> M\u00f3dulo de elasticidade na tens\u00e3o <\/strong><\/td>\n<td>15.000 ksi<\/td>\n<td>103400 MPa<\/td>\n<\/tr>\n<tr>\n<td><strong> Permeabilidade magn\u00e9tica * <\/strong><\/td>\n<td>1,24<\/td>\n<\/tr>\n<\/tbody>\n<\/table>\n<p>&nbsp;<\/p>\n","protected":false},"excerpt":{"rendered":"<p>C86200 \/ CDA 862 Mangan\u00eas Bronze Ligas Especifica\u00e7\u00e3o: CDA ASTM ASARCON SAE AMS Federal Militar Outro C862 B505 B505M 430A J461 J462 QQ-C-390, C4; QQ-B-726, CLASSE B MIL-C-22229, COMP 9 Composi\u00e7\u00e3o Qu\u00edmica: Cu%1 Pb% Sn% Zn% Fe% Ni%2 Al% Mn% Composi\u00e7\u00e3o qu\u00edmica de acordo com ASTM B505 \/ B505M-18 1 Na determina\u00e7\u00e3o do Cu min., [&hellip;]<\/p>\n","protected":false},"author":1,"featured_media":0,"parent":0,"menu_order":0,"comment_status":"closed","ping_status":"closed","template":"","meta":{"_joinchat":[],"footnotes":""},"class_list":["post-3568","page","type-page","status-publish","hentry"],"_links":{"self":[{"href":"https:\/\/conex-casting.com\/pt-br\/wp-json\/wp\/v2\/pages\/3568","targetHints":{"allow":["GET"]}}],"collection":[{"href":"https:\/\/conex-casting.com\/pt-br\/wp-json\/wp\/v2\/pages"}],"about":[{"href":"https:\/\/conex-casting.com\/pt-br\/wp-json\/wp\/v2\/types\/page"}],"author":[{"embeddable":true,"href":"https:\/\/conex-casting.com\/pt-br\/wp-json\/wp\/v2\/users\/1"}],"replies":[{"embeddable":true,"href":"https:\/\/conex-casting.com\/pt-br\/wp-json\/wp\/v2\/comments?post=3568"}],"version-history":[{"count":1,"href":"https:\/\/conex-casting.com\/pt-br\/wp-json\/wp\/v2\/pages\/3568\/revisions"}],"predecessor-version":[{"id":3569,"href":"https:\/\/conex-casting.com\/pt-br\/wp-json\/wp\/v2\/pages\/3568\/revisions\/3569"}],"wp:attachment":[{"href":"https:\/\/conex-casting.com\/pt-br\/wp-json\/wp\/v2\/media?parent=3568"}],"curies":[{"name":"wp","href":"https:\/\/api.w.org\/{rel}","templated":true}]}}