{"id":3580,"date":"2021-02-22T11:10:59","date_gmt":"2021-02-22T11:10:59","guid":{"rendered":"http:\/\/conex-casting.com\/?page_id=3580"},"modified":"2021-03-04T14:24:03","modified_gmt":"2021-03-04T14:24:03","slug":"c87200-cda-872-cobre-silicio-bronze-ligas","status":"publish","type":"page","link":"https:\/\/conex-casting.com\/pt-br\/c87200-cda-872-cobre-silicio-bronze-ligas\/","title":{"rendered":"C87200 CDA 872 Cobre Sil\u00edcio Bronze Ligas"},"content":{"rendered":"<p style=\"text-align: center;\"><span style=\"text-decoration: underline; color: #800000;\"><strong><span style=\"font-size: 18pt;\">C87200 \/ CDA 872 Cobre, Liga de Sil\u00edcio e Bronze<\/span><\/strong><\/span><\/p>\n<p><strong> Padr\u00f5es de fundi\u00e7\u00e3o: <\/strong><\/p>\n<table border=\"1\" width=\"750\" cellspacing=\"0\" cellpadding=\"5\">\n<tbody>\n<tr bgcolor=\"#eeeeee\">\n<td>ASTM (S\u00e9rie B)<\/td>\n<td>B584<\/td>\n<\/tr>\n<tr>\n<td>SAE (S\u00e9rie J)<\/td>\n<td>J462<\/td>\n<\/tr>\n<tr bgcolor=\"#eeeeee\">\n<td>Federal (S\u00e9rie QQ-C)<\/td>\n<td>390<\/td>\n<\/tr>\n<tr>\n<td>Militar (S\u00e9rie Mil-C)<\/td>\n<td>22229<\/td>\n<\/tr>\n<\/tbody>\n<\/table>\n<p><strong> Composi\u00e7\u00e3o de especifica\u00e7\u00e3o: <\/strong><\/p>\n<table border=\"1\" width=\"750\" cellspacing=\"0\" cellpadding=\"5\">\n<tbody>\n<tr bgcolor=\"#717e94\">\n<td><\/td>\n<td><strong> <span style=\"color: #ffffff;\"> M\u00ednimo <\/span> <\/strong><\/td>\n<td><span style=\"color: #ffffff;\"> <strong> M\u00e1ximo <\/strong> <\/span><\/td>\n<\/tr>\n<tr bgcolor=\"#eeeeee\">\n<td>Cobre (Cu)<\/td>\n<td>89<\/td>\n<td><\/td>\n<\/tr>\n<tr>\n<td>Estanho (Sn)<\/td>\n<td><\/td>\n<td>1<\/td>\n<\/tr>\n<tr bgcolor=\"#eeeeee\">\n<td>Chumbo (Pb)<\/td>\n<td><\/td>\n<td>0,5<\/td>\n<\/tr>\n<tr>\n<td>Zinco (Zn)<\/td>\n<td><\/td>\n<td>5<\/td>\n<\/tr>\n<tr bgcolor=\"#eeeeee\">\n<td>Ferro (Fe)<\/td>\n<td><\/td>\n<td>2,5<\/td>\n<\/tr>\n<tr>\n<td>Antim\u00f4nio (SB)<\/td>\n<td><\/td>\n<td>8<\/td>\n<\/tr>\n<tr bgcolor=\"#eeeeee\">\n<td>Alum\u00ednio (Al)<\/td>\n<td><\/td>\n<td>1,5<\/td>\n<\/tr>\n<tr>\n<td>Mangan\u00eas (Mn)<\/td>\n<td><\/td>\n<td>1,5<\/td>\n<\/tr>\n<tr bgcolor=\"#eeeeee\">\n<td>Sil\u00edcio (Si)<\/td>\n<td>1<\/td>\n<td>5<\/td>\n<\/tr>\n<\/tbody>\n<\/table>\n<p><strong> Propriedades de especifica\u00e7\u00e3o: <\/strong><\/p>\n<table border=\"1\" width=\"750\" cellspacing=\"0\" cellpadding=\"5\">\n<tbody>\n<tr bgcolor=\"#717e94\">\n<td><strong> <span style=\"color: #ffffff;\"> Tratamento t\u00e9rmico &#8216;F&#8217; indica como elenco <\/span> <\/strong><\/td>\n<td><strong> <span style=\"color: #ffffff;\"> Estado do tratamento t\u00e9rmico <\/span> <\/strong><\/td>\n<td><strong> <span style=\"color: #ffffff;\"> M\u00ednimo <\/span> <\/strong><\/td>\n<\/tr>\n<tr bgcolor=\"#eeeeee\">\n<td>Resist\u00eancia \u00e0 tra\u00e7\u00e3o (ksi)<\/td>\n<td>F<\/td>\n<td>45<\/td>\n<\/tr>\n<tr>\n<td>For\u00e7a de rendimento (0,5% de extens\u00e3o sob carga) (ksi)<\/td>\n<td>F<\/td>\n<td>18<\/td>\n<\/tr>\n<\/tbody>\n<\/table>\n<p><strong> Propriedades T\u00edpicas: <\/strong><\/p>\n<table border=\"1\" width=\"750\" cellspacing=\"0\" cellpadding=\"5\">\n<tbody>\n<tr bgcolor=\"#717e94\">\n<td><\/td>\n<td><strong> <span style=\"color: #ffffff;\"> Estado do tratamento t\u00e9rmico <\/span> <\/strong><\/td>\n<td><strong> <span style=\"color: #ffffff;\"> T\u00edpico <\/span> <\/strong><\/td>\n<\/tr>\n<tr bgcolor=\"#eeeeee\">\n<td>M\u00f3dulo de elasticidade (ksi)<\/td>\n<td><\/td>\n<td>15.000<\/td>\n<\/tr>\n<tr>\n<td>Dureza (Brinell) (HB @ 3000kg)<\/td>\n<td><\/td>\n<td>85<\/td>\n<\/tr>\n<tr bgcolor=\"#eeeeee\">\n<td>Usinabilidade (% de lat\u00e3o de corte livre)<\/td>\n<td><\/td>\n<td>40<\/td>\n<\/tr>\n<tr>\n<td>Resist\u00eancia ao impacto (Izod) (ft-lb)<\/td>\n<td><\/td>\n<td>33<\/td>\n<\/tr>\n<tr bgcolor=\"#eeeeee\">\n<td>Resist\u00eancia ao cisalhamento (ksi)<\/td>\n<td><\/td>\n<td>28<\/td>\n<\/tr>\n<tr>\n<td>Resist\u00eancia \u00e0 compress\u00e3o (0,001 pol. conjunto \/ pol.) (ksi)<\/td>\n<td><\/td>\n<td>18<\/td>\n<\/tr>\n<tr bgcolor=\"#eeeeee\">\n<td>Resist\u00eancia \u00e0 compress\u00e3o (0,010 pol. conjunto \/ pol.) (ksi)<\/td>\n<td><\/td>\n<td>60<\/td>\n<\/tr>\n<tr>\n<td>Faixa de fus\u00e3o (Liquidus-Solidus) (F)<\/td>\n<td><\/td>\n<td>1580-1780<\/td>\n<\/tr>\n<tr bgcolor=\"#eeeeee\">\n<td>Condutividade t\u00e9rmica (Btu \/ sq.ft \/ ft. \/ hr \/ F @ 68F)<\/td>\n<td><\/td>\n<td>16,4<\/td>\n<\/tr>\n<tr>\n<td>Calor espec\u00edfico (Btu \/ lb \/ F @ 68F)<\/td>\n<td><\/td>\n<td>0,09<\/td>\n<\/tr>\n<tr bgcolor=\"#eeeeee\">\n<td>Condutividade el\u00e9trica (% IACS @ 68F)<\/td>\n<td><\/td>\n<td>6<\/td>\n<\/tr>\n<tr>\n<td>Densidade (lb \/ cu.in. @ 68F)<\/td>\n<td><\/td>\n<td>0,302<\/td>\n<\/tr>\n<tr bgcolor=\"#eeeeee\">\n<td>Redu\u00e7\u00e3o dos criadores de padr\u00f5es (pol \/ ft)<\/td>\n<td><\/td>\n<td>1\/4<\/td>\n<\/tr>\n<tr>\n<td>Esc\u00f3ria<\/td>\n<td><\/td>\n<td>Baixo<\/td>\n<\/tr>\n<tr bgcolor=\"#eeeeee\">\n<td>Gaseamento<\/td>\n<td><\/td>\n<td>Alta<\/td>\n<\/tr>\n<tr>\n<td>Fluidez<\/td>\n<td><\/td>\n<td>Alta<\/td>\n<\/tr>\n<tr bgcolor=\"#eeeeee\">\n<td>Alongamento (comprimento padr\u00e3o de 2 polegadas) (%)<\/td>\n<td>F<\/td>\n<td>30<\/td>\n<\/tr>\n<\/tbody>\n<\/table>\n","protected":false},"excerpt":{"rendered":"<p>C87200 \/ CDA 872 Cobre, Liga de Sil\u00edcio e Bronze Padr\u00f5es de fundi\u00e7\u00e3o: ASTM (S\u00e9rie B) B584 SAE (S\u00e9rie J) J462 Federal (S\u00e9rie QQ-C) 390 Militar (S\u00e9rie Mil-C) 22229 Composi\u00e7\u00e3o de especifica\u00e7\u00e3o: M\u00ednimo M\u00e1ximo Cobre (Cu) 89 Estanho (Sn) 1 Chumbo (Pb) 0,5 Zinco (Zn) 5 Ferro (Fe) 2,5 Antim\u00f4nio (SB) 8 Alum\u00ednio (Al) 1,5 [&hellip;]<\/p>\n","protected":false},"author":1,"featured_media":0,"parent":0,"menu_order":0,"comment_status":"closed","ping_status":"closed","template":"","meta":{"_joinchat":[],"footnotes":""},"class_list":["post-3580","page","type-page","status-publish","hentry"],"_links":{"self":[{"href":"https:\/\/conex-casting.com\/pt-br\/wp-json\/wp\/v2\/pages\/3580","targetHints":{"allow":["GET"]}}],"collection":[{"href":"https:\/\/conex-casting.com\/pt-br\/wp-json\/wp\/v2\/pages"}],"about":[{"href":"https:\/\/conex-casting.com\/pt-br\/wp-json\/wp\/v2\/types\/page"}],"author":[{"embeddable":true,"href":"https:\/\/conex-casting.com\/pt-br\/wp-json\/wp\/v2\/users\/1"}],"replies":[{"embeddable":true,"href":"https:\/\/conex-casting.com\/pt-br\/wp-json\/wp\/v2\/comments?post=3580"}],"version-history":[{"count":1,"href":"https:\/\/conex-casting.com\/pt-br\/wp-json\/wp\/v2\/pages\/3580\/revisions"}],"predecessor-version":[{"id":3582,"href":"https:\/\/conex-casting.com\/pt-br\/wp-json\/wp\/v2\/pages\/3580\/revisions\/3582"}],"wp:attachment":[{"href":"https:\/\/conex-casting.com\/pt-br\/wp-json\/wp\/v2\/media?parent=3580"}],"curies":[{"name":"wp","href":"https:\/\/api.w.org\/{rel}","templated":true}]}}