{"id":3583,"date":"2021-02-22T11:23:01","date_gmt":"2021-02-22T11:23:01","guid":{"rendered":"http:\/\/conex-casting.com\/?page_id=3583"},"modified":"2021-03-04T14:24:11","modified_gmt":"2021-03-04T14:24:11","slug":"c87500-cda-875-cobre-silicio-bronze-ligas","status":"publish","type":"page","link":"https:\/\/conex-casting.com\/pt-br\/c87500-cda-875-cobre-silicio-bronze-ligas\/","title":{"rendered":"C87500 CDA 875 Cobre Sil\u00edcio Bronze Ligas"},"content":{"rendered":"<p style=\"text-align: center;\"><span style=\"text-decoration: underline; font-size: 18pt; color: #800000;\"><strong>C87500 \/ CDA 875 Cobre Sil\u00edcio Bronze Ligas<\/strong><\/span><\/p>\n<p><strong> Padr\u00f5es de fundi\u00e7\u00e3o: <\/strong><\/p>\n<table border=\"1\" width=\"750\" cellspacing=\"0\" cellpadding=\"5\">\n<tbody>\n<tr bgcolor=\"#eeeeee\">\n<td>ASTM (S\u00e9rie B)<\/td>\n<td>B584<\/td>\n<\/tr>\n<tr>\n<td>SAE (S\u00e9rie J)<\/td>\n<td>J462<\/td>\n<\/tr>\n<tr bgcolor=\"#eeeeee\">\n<td>Federal (S\u00e9rie QQ-C)<\/td>\n<td>390<\/td>\n<\/tr>\n<\/tbody>\n<\/table>\n<p><strong> Composi\u00e7\u00e3o de especifica\u00e7\u00e3o: <\/strong><\/p>\n<table border=\"1\" width=\"750\" cellspacing=\"0\" cellpadding=\"5\">\n<tbody>\n<tr bgcolor=\"#717e94\">\n<td><\/td>\n<td><strong> <span style=\"color: #ffffff;\"> M\u00ednimo <\/span> <\/strong><\/td>\n<td><span style=\"color: #ffffff;\"> <strong> M\u00e1ximo <\/strong> <\/span><\/td>\n<\/tr>\n<tr bgcolor=\"#eeeeee\">\n<td>Cobre (Cu)<\/td>\n<td>79<\/td>\n<td><\/td>\n<\/tr>\n<tr>\n<td>Chumbo (Pb)<\/td>\n<td><\/td>\n<td>0,5<\/td>\n<\/tr>\n<tr bgcolor=\"#eeeeee\">\n<td>Zinco (Zn)<\/td>\n<td>12<\/td>\n<td>16<\/td>\n<\/tr>\n<tr>\n<td>Alum\u00ednio (Al)<\/td>\n<td>&#8211;<\/td>\n<td>0,5<\/td>\n<\/tr>\n<tr bgcolor=\"#eeeeee\">\n<td>Sil\u00edcio (Si)<\/td>\n<td>3<\/td>\n<td>5<\/td>\n<\/tr>\n<tr>\n<td>Cobre + Soma dos Elementos Nomeados<\/td>\n<td>99,5<\/td>\n<td>5<\/td>\n<\/tr>\n<\/tbody>\n<\/table>\n<p><strong> Propriedades de especifica\u00e7\u00e3o: <\/strong><\/p>\n<table border=\"1\" width=\"750\" cellspacing=\"0\" cellpadding=\"5\">\n<tbody>\n<tr bgcolor=\"#717e94\">\n<td><strong> <span style=\"color: #ffffff;\"> Tratamento t\u00e9rmico &#8216;F&#8217; indica como elenco <\/span> <\/strong><\/td>\n<td><strong> <span style=\"color: #ffffff;\"> Estado do tratamento t\u00e9rmico <\/span> <\/strong><\/td>\n<td><strong> <span style=\"color: #ffffff;\"> M\u00ednimo <\/span> <\/strong><\/td>\n<\/tr>\n<tr bgcolor=\"#eeeeee\">\n<td>Resist\u00eancia \u00e0 tra\u00e7\u00e3o (ksi)<\/td>\n<td>F<\/td>\n<td>60<\/td>\n<\/tr>\n<tr>\n<td>For\u00e7a de rendimento (0,5% de extens\u00e3o sob carga) (ksi)<\/td>\n<td>F<\/td>\n<td>24<\/td>\n<\/tr>\n<\/tbody>\n<\/table>\n<p><strong> Propriedades T\u00edpicas: <\/strong><\/p>\n<table border=\"1\" width=\"750\" cellspacing=\"0\" cellpadding=\"5\">\n<tbody>\n<tr bgcolor=\"#717e94\">\n<td><\/td>\n<td><strong> <span style=\"color: #ffffff;\"> Estado do tratamento t\u00e9rmico <\/span> <\/strong><\/td>\n<td><strong> <span style=\"color: #ffffff;\"> T\u00edpico <\/span> <\/strong><\/td>\n<\/tr>\n<tr bgcolor=\"#eeeeee\">\n<td>Redu\u00e7\u00e3o de \u00e1rea (%)<\/td>\n<td><\/td>\n<td>20<\/td>\n<\/tr>\n<tr>\n<td>M\u00f3dulo de elasticidade (ksi)<\/td>\n<td><\/td>\n<td>15400<\/td>\n<\/tr>\n<tr bgcolor=\"#eeeeee\">\n<td>Dureza (Brinell) (HB @ 500kg)<\/td>\n<td><\/td>\n<td>115<\/td>\n<\/tr>\n<tr>\n<td>Usinabilidade (% de lat\u00e3o de corte livre)<\/td>\n<td><\/td>\n<td>50<\/td>\n<\/tr>\n<tr bgcolor=\"#eeeeee\">\n<td>Resist\u00eancia \u00e0 fadiga (10 ^ 8 ciclos) (ksi)<\/td>\n<td><\/td>\n<td>22<\/td>\n<\/tr>\n<tr>\n<td>Resist\u00eancia ao impacto (Charpy) (ft-lb)<\/td>\n<td><\/td>\n<td>32<\/td>\n<\/tr>\n<tr bgcolor=\"#eeeeee\">\n<td>Resist\u00eancia \u00e0 compress\u00e3o (0,001 pol. conjunto \/ pol.) (ksi)<\/td>\n<td><\/td>\n<td>26,5<\/td>\n<\/tr>\n<tr>\n<td>Resist\u00eancia \u00e0 compress\u00e3o (0,010 pol. conjunto \/ pol.) (ksi)<\/td>\n<td><\/td>\n<td>43<\/td>\n<\/tr>\n<tr bgcolor=\"#eeeeee\">\n<td>Resist\u00eancia \u00e0 compress\u00e3o (0,100 pol. conjunto \/ pol.) (ksi)<\/td>\n<td><\/td>\n<td>75<\/td>\n<\/tr>\n<tr>\n<td>For\u00e7a de flu\u00eancia (0,00001% por hora) (ksi)<\/td>\n<td><\/td>\n<td>28 @ 350F<\/td>\n<\/tr>\n<tr bgcolor=\"#eeeeee\">\n<td>Faixa de fus\u00e3o (Liquidus-Solidus) (F)<\/td>\n<td><\/td>\n<td>1510-1683<\/td>\n<\/tr>\n<tr>\n<td>Coeficiente de expans\u00e3o t\u00e9rmica (por F @ 68-400F)<\/td>\n<td><\/td>\n<td>0,0000109<\/td>\n<\/tr>\n<tr bgcolor=\"#eeeeee\">\n<td>Condutividade t\u00e9rmica (Btu \/ sq.ft \/ ft. \/ hr \/ F @ 68F)<\/td>\n<td><\/td>\n<td>16<\/td>\n<\/tr>\n<tr>\n<td>Calor espec\u00edfico (Btu \/ lb \/ F @ 68F)<\/td>\n<td><\/td>\n<td>0,09<\/td>\n<\/tr>\n<tr bgcolor=\"#eeeeee\">\n<td>Condutividade el\u00e9trica (% IACS @ 68F)<\/td>\n<td><\/td>\n<td>6,7<\/td>\n<\/tr>\n<tr>\n<td>Densidade (lb \/ cu.in. @ 68F)<\/td>\n<td><\/td>\n<td>0,299<\/td>\n<\/tr>\n<tr bgcolor=\"#eeeeee\">\n<td>Temperatura de derramamento (pe\u00e7as leves) (F)<\/td>\n<td><\/td>\n<td>1900-2000<\/td>\n<\/tr>\n<tr>\n<td>Temperatura de vazamento (pe\u00e7as fundidas pesadas) (F)<\/td>\n<td><\/td>\n<td>1800-1900<\/td>\n<\/tr>\n<tr bgcolor=\"#eeeeee\">\n<td>Redu\u00e7\u00e3o dos criadores de padr\u00f5es (pol \/ ft)<\/td>\n<td><\/td>\n<td>15\/64<\/td>\n<\/tr>\n<tr>\n<td>Esc\u00f3ria<\/td>\n<td><\/td>\n<td>Baixo<\/td>\n<\/tr>\n<tr bgcolor=\"#eeeeee\">\n<td>Gaseamento<\/td>\n<td><\/td>\n<td>M\u00e9dio<\/td>\n<\/tr>\n<tr>\n<td>Fluidez<\/td>\n<td><\/td>\n<td>Alta<\/td>\n<\/tr>\n<tr bgcolor=\"#eeeeee\">\n<td>Alongamento (comprimento padr\u00e3o de 2 polegadas) (%)<\/td>\n<td>F<\/td>\n<td>17<\/td>\n<\/tr>\n<\/tbody>\n<\/table>\n","protected":false},"excerpt":{"rendered":"<p>C87500 \/ CDA 875 Cobre Sil\u00edcio Bronze Ligas Padr\u00f5es de fundi\u00e7\u00e3o: ASTM (S\u00e9rie B) B584 SAE (S\u00e9rie J) J462 Federal (S\u00e9rie QQ-C) 390 Composi\u00e7\u00e3o de especifica\u00e7\u00e3o: M\u00ednimo M\u00e1ximo Cobre (Cu) 79 Chumbo (Pb) 0,5 Zinco (Zn) 12 16 Alum\u00ednio (Al) &#8211; 0,5 Sil\u00edcio (Si) 3 5 Cobre + Soma dos Elementos Nomeados 99,5 5 Propriedades [&hellip;]<\/p>\n","protected":false},"author":1,"featured_media":0,"parent":0,"menu_order":0,"comment_status":"closed","ping_status":"closed","template":"","meta":{"_joinchat":[],"footnotes":""},"class_list":["post-3583","page","type-page","status-publish","hentry"],"_links":{"self":[{"href":"https:\/\/conex-casting.com\/pt-br\/wp-json\/wp\/v2\/pages\/3583","targetHints":{"allow":["GET"]}}],"collection":[{"href":"https:\/\/conex-casting.com\/pt-br\/wp-json\/wp\/v2\/pages"}],"about":[{"href":"https:\/\/conex-casting.com\/pt-br\/wp-json\/wp\/v2\/types\/page"}],"author":[{"embeddable":true,"href":"https:\/\/conex-casting.com\/pt-br\/wp-json\/wp\/v2\/users\/1"}],"replies":[{"embeddable":true,"href":"https:\/\/conex-casting.com\/pt-br\/wp-json\/wp\/v2\/comments?post=3583"}],"version-history":[{"count":1,"href":"https:\/\/conex-casting.com\/pt-br\/wp-json\/wp\/v2\/pages\/3583\/revisions"}],"predecessor-version":[{"id":3584,"href":"https:\/\/conex-casting.com\/pt-br\/wp-json\/wp\/v2\/pages\/3583\/revisions\/3584"}],"wp:attachment":[{"href":"https:\/\/conex-casting.com\/pt-br\/wp-json\/wp\/v2\/media?parent=3583"}],"curies":[{"name":"wp","href":"https:\/\/api.w.org\/{rel}","templated":true}]}}