{"id":3585,"date":"2021-02-22T11:32:57","date_gmt":"2021-02-22T11:32:57","guid":{"rendered":"http:\/\/conex-casting.com\/?page_id=3585"},"modified":"2021-03-04T14:25:07","modified_gmt":"2021-03-04T14:25:07","slug":"c90300-cda-903-ligas-de-estanho-bronze","status":"publish","type":"page","link":"https:\/\/conex-casting.com\/pt-br\/c90300-cda-903-ligas-de-estanho-bronze\/","title":{"rendered":"C90300 CDA 903 Ligas de Estanho Bronze"},"content":{"rendered":"<p style=\"text-align: center;\"><span style=\"text-decoration: underline; color: #800000;\"><strong><span style=\"font-size: 18pt;\">C90300 \/ CDA 903 Ligas de estanho bronze<\/span><\/strong><\/span><\/p>\n<p><strong> Composi\u00e7\u00e3o Qu\u00edmica: <\/strong><\/p>\n<table border=\"1\" width=\"750\" cellspacing=\"0\" cellpadding=\"5\">\n<thead>\n<tr>\n<th>Cu%<sup>1<\/sup><\/th>\n<th>Pb%<\/th>\n<th>Sn%<\/th>\n<th>Zn%<\/th>\n<th>Fe%<\/th>\n<th>P%<sup>2<\/sup><\/th>\n<th>Ni%<sup>3<\/sup><\/th>\n<th>Al%<\/th>\n<th>S%<\/th>\n<th>Sb%<\/th>\n<th>Si%<\/th>\n<\/tr>\n<\/thead>\n<tfoot>\n<tr>\n<td colspan=\"12\">\n<div>Composi\u00e7\u00e3o qu\u00edmica de acordo com ASTM B505 \/ B505M-18<\/div>\n<div><\/div>\n<div><sup> 1 <\/sup> Na determina\u00e7\u00e3o do Cu min., o Cu pode ser calculado como Cu + Ni. <sup> 2 <\/sup> Para fundi\u00e7\u00f5es cont\u00ednuas, P deve ser 1,5%, m\u00e1x. <sup> 3 <\/sup> O valor Ni inclui Co.<\/div>\n<div>Nota: Cu + Soma dos Elementos Nomeados, 99,4% min. Valores \u00fanicos representam m\u00e1ximos.<\/div>\n<\/td>\n<\/tr>\n<\/tfoot>\n<tbody>\n<tr bgcolor=\"#eeeeee\">\n<td>86,00-<br \/>\n89,00<\/td>\n<td>0,30<\/td>\n<td>7,50-<br \/>\n9,00<\/td>\n<td>3,00-<br \/>\n5,00<\/td>\n<td>0,20<\/td>\n<td>0,05<\/td>\n<td>1,00<\/td>\n<td>0,005<\/td>\n<td>0,05<\/td>\n<td>0,20<\/td>\n<td>0,005<\/td>\n<\/tr>\n<\/tbody>\n<\/table>\n<p><strong> Usinabilidade: <\/strong><\/p>\n<table border=\"1\" width=\"750\" cellspacing=\"0\" cellpadding=\"5\">\n<tbody>\n<tr>\n<th>Liga de cobre No. UNS<\/th>\n<th>Classifica\u00e7\u00e3o de usinabilidade<\/th>\n<th>Densidade (lb \/ in <sup> 3 <\/sup> a 68 \u00b0 F)<\/th>\n<\/tr>\n<\/tbody>\n<tbody>\n<tr bgcolor=\"#eeeeee\">\n<td>C903<\/td>\n<td>30<\/td>\n<td>0,318<\/td>\n<\/tr>\n<\/tbody>\n<\/table>\n<p><strong> Propriedades Mec\u00e2nicas: <\/strong><\/p>\n<table border=\"1\" width=\"750\" cellspacing=\"0\" cellpadding=\"5\">\n<tfoot>\n<tr>\n<td colspan=\"12\">\n<div>Propriedades mec\u00e2nicas de acordo com ASTM B505 \/ B505M-18<\/div>\n<\/td>\n<\/tr>\n<\/tfoot>\n<tbody>\n<tr>\n<th colspan=\"2\">Resist\u00eancia \u00e0 tra\u00e7\u00e3o, min<\/th>\n<th colspan=\"2\">For\u00e7a de rendimento, a 0,5% de extens\u00e3o sob carga, min<\/th>\n<th>Alongamento, em 2 pol. ou 50 mm min<\/th>\n<th>Dureza Brinell (carga de 500 kg)<\/th>\n<th>Observa\u00e7\u00f5es<\/th>\n<\/tr>\n<tr>\n<th>ksi<\/th>\n<th>MPa<\/th>\n<th>ksi<\/th>\n<th>MPa<\/th>\n<th>%<\/th>\n<th>BHN t\u00edpico<\/th>\n<th><\/th>\n<\/tr>\n<\/tbody>\n<tbody>\n<tr bgcolor=\"#eeeeee\">\n<td>44<\/td>\n<td>303<\/td>\n<td>22<\/td>\n<td>152<\/td>\n<td>18<\/td>\n<td>70<\/td>\n<td><\/td>\n<\/tr>\n<\/tbody>\n<\/table>\n<p><strong> Propriedades F\u00edsicas: <\/strong><\/p>\n<table style=\"largura: 100%;\" border=\"1\" width=\"750\" cellspacing=\"0\" cellpadding=\"5\">\n<tfoot>\n<tr>\n<td style=\"largura: 101,379%;\" colspan=\"12\">\n<div>Propriedades f\u00edsicas fornecidas pelo CDA<\/div>\n<\/td>\n<\/tr>\n<\/tfoot>\n<tbody>\n<tr>\n<th style=\"width: 41.2069%;\"><\/th>\n<th style=\"width: 27.931%;\">Costumeiros nos EUA<\/th>\n<th style=\"width: 30.5172%;\">M\u00e9trica<\/th>\n<\/tr>\n<\/tbody>\n<tbody>\n<tr bgcolor=\"#eeeeee\">\n<td style=\"width: 41.2069%;\"><strong> Ponto de fus\u00e3o &#8211; Liquidus <\/strong><\/td>\n<td style=\"width: 27.931%;\">1832 \u00b0 F<\/td>\n<td style=\"width: 30.5172%;\">1000 \u00b0 C<\/td>\n<\/tr>\n<tr>\n<td style=\"width: 41.2069%;\"><strong> Ponto de fus\u00e3o &#8211; Solidus <\/strong><\/td>\n<td style=\"width: 27.931%;\">1570 \u00b0 F<\/td>\n<td style=\"width: 30.5172%;\">854 \u00b0 C<\/td>\n<\/tr>\n<tr bgcolor=\"#eeeeee\">\n<td style=\"width: 41.2069%;\"><strong> Densidade <\/strong><\/td>\n<td style=\"width: 27.931%;\">0,318 lb \/ in <sup> 3 <\/sup> a 68 \u00b0 F<\/td>\n<td style=\"width: 30.5172%;\">8,80 gm \/ cm <sup> 3 <\/sup> a 20 \u00b0 C<\/td>\n<\/tr>\n<tr>\n<td style=\"width: 41.2069%;\"><strong> Gravidade espec\u00edfica <\/strong><\/td>\n<td style=\"width: 27.931%;\">8,8<\/td>\n<td style=\"width: 30.5172%;\">8,8<\/td>\n<\/tr>\n<tr bgcolor=\"#eeeeee\">\n<td style=\"width: 41.2069%;\"><strong> Condutividade el\u00e9trica <\/strong><\/td>\n<td style=\"width: 27.931%;\">12% IACS a 68 \u00b0 F<\/td>\n<td style=\"width: 30.5172%;\">0,069 MegaSiemens \/ cm a 20 \u00b0 C<\/td>\n<\/tr>\n<tr>\n<td style=\"width: 41.2069%;\"><strong> Condutividade t\u00e9rmica <\/strong><\/td>\n<td style=\"width: 27.931%;\">43,2 Btu \/ sq ft \/ ft hr \/ \u00b0 F a 68 \u00b0 F<\/td>\n<td style=\"width: 30.5172%;\">74,8 W \/ m a 20 \u00b0 C<\/td>\n<\/tr>\n<tr bgcolor=\"#eeeeee\">\n<td style=\"width: 41.2069%;\"><strong> Coeficiente de expans\u00e3o t\u00e9rmica 68-392 <\/strong><\/td>\n<td style=\"width: 27.931%;\">10 \u00b7 10 <sup> -6 <\/sup> por \u00b0 F (68-392 \u00b0 F)<\/td>\n<td style=\"width: 30.5172%;\">17,3 \u00b7 10 <sup> -6 <\/sup> por \u00b0 C (20-200 \u00b0 C)<\/td>\n<\/tr>\n<tr>\n<td style=\"width: 41.2069%;\"><strong> Capacidade t\u00e9rmica espec\u00edfica <\/strong><\/td>\n<td style=\"width: 27.931%;\">0,09 Btu \/ lb \/ \u00b0 F a 68 \u00b0 F<\/td>\n<td style=\"width: 30.5172%;\">377,1 J \/ kg a 293 \u00b0 C<\/td>\n<\/tr>\n<tr bgcolor=\"#eeeeee\">\n<td style=\"width: 41.2069%;\"><strong> M\u00f3dulo de elasticidade na tens\u00e3o <\/strong><\/td>\n<td style=\"width: 27.931%;\">14.000 ksi<\/td>\n<td style=\"width: 30.5172%;\">96527 MPa<\/td>\n<\/tr>\n<tr>\n<td style=\"width: 41.2069%;\"><strong> Permeabilidade magn\u00e9tica * <\/strong><\/td>\n<\/tr>\n<\/tbody>\n<\/table>\n","protected":false},"excerpt":{"rendered":"<p>C90300 \/ CDA 903 Ligas de estanho bronze Composi\u00e7\u00e3o Qu\u00edmica: Cu%1 Pb% Sn% Zn% Fe% P%2 Ni%3 Al% S% Sb% Si% Composi\u00e7\u00e3o qu\u00edmica de acordo com ASTM B505 \/ B505M-18 1 Na determina\u00e7\u00e3o do Cu min., o Cu pode ser calculado como Cu + Ni. 2 Para fundi\u00e7\u00f5es cont\u00ednuas, P deve ser 1,5%, m\u00e1x. 3 [&hellip;]<\/p>\n","protected":false},"author":1,"featured_media":0,"parent":0,"menu_order":0,"comment_status":"closed","ping_status":"closed","template":"","meta":{"_joinchat":[],"footnotes":""},"class_list":["post-3585","page","type-page","status-publish","hentry"],"_links":{"self":[{"href":"https:\/\/conex-casting.com\/pt-br\/wp-json\/wp\/v2\/pages\/3585","targetHints":{"allow":["GET"]}}],"collection":[{"href":"https:\/\/conex-casting.com\/pt-br\/wp-json\/wp\/v2\/pages"}],"about":[{"href":"https:\/\/conex-casting.com\/pt-br\/wp-json\/wp\/v2\/types\/page"}],"author":[{"embeddable":true,"href":"https:\/\/conex-casting.com\/pt-br\/wp-json\/wp\/v2\/users\/1"}],"replies":[{"embeddable":true,"href":"https:\/\/conex-casting.com\/pt-br\/wp-json\/wp\/v2\/comments?post=3585"}],"version-history":[{"count":1,"href":"https:\/\/conex-casting.com\/pt-br\/wp-json\/wp\/v2\/pages\/3585\/revisions"}],"predecessor-version":[{"id":3587,"href":"https:\/\/conex-casting.com\/pt-br\/wp-json\/wp\/v2\/pages\/3585\/revisions\/3587"}],"wp:attachment":[{"href":"https:\/\/conex-casting.com\/pt-br\/wp-json\/wp\/v2\/media?parent=3585"}],"curies":[{"name":"wp","href":"https:\/\/api.w.org\/{rel}","templated":true}]}}