{"id":3588,"date":"2021-02-22T11:50:12","date_gmt":"2021-02-22T11:50:12","guid":{"rendered":"http:\/\/conex-casting.com\/?page_id=3588"},"modified":"2021-03-04T14:25:10","modified_gmt":"2021-03-04T14:25:10","slug":"c90500-cda-905-ligas-de-estanho-bronze","status":"publish","type":"page","link":"https:\/\/conex-casting.com\/pt-br\/c90500-cda-905-ligas-de-estanho-bronze\/","title":{"rendered":"C90500 CDA 905 Ligas de Estanho Bronze"},"content":{"rendered":"<p style=\"text-align: center;\"><span style=\"text-decoration: underline; font-size: 18pt; color: #800000;\"><strong>C90500 \/ CDA 905 Ligas de estanho bronze<\/strong><\/span><\/p>\n<p><strong> Especifica\u00e7\u00e3o: <\/strong><\/p>\n<table border=\"1\" width=\"750\" cellspacing=\"0\" cellpadding=\"5\">\n<tbody>\n<tr>\n<th>CDA<\/th>\n<th>ASTM<\/th>\n<th>Asarcon<\/th>\n<th>SAE<\/th>\n<th>AMS<\/th>\n<th>Federal<\/th>\n<th>Militar<\/th>\n<th>Outro<\/th>\n<\/tr>\n<\/tbody>\n<tbody>\n<tr bgcolor=\"#eeeeee\">\n<td>C905<\/td>\n<td>B505<br \/>\nB505M<br \/>\nB22<br \/>\nB22M<br \/>\nB143-1A<\/td>\n<td>100<\/td>\n<td>62<br \/>\nJ461<br \/>\nJ462<\/td>\n<td>4845<\/td>\n<td>QQ-C-390, D6<br \/>\nQQ-B-1005, COMP 16<\/td>\n<td>MIL-B-11553, COMP 16<\/td>\n<td>Gun Metal<\/td>\n<\/tr>\n<\/tbody>\n<\/table>\n<p><strong> Composi\u00e7\u00e3o Qu\u00edmica: <\/strong><\/p>\n<table border=\"1\" width=\"750\" cellspacing=\"0\" cellpadding=\"5\">\n<tbody>\n<tr>\n<th>Cu%<sup>1<\/sup><\/th>\n<th>Pb%<\/th>\n<th>Sn%<\/th>\n<th>Zn%<\/th>\n<th>Fe%<\/th>\n<th>P%<sup>2<\/sup><\/th>\n<th>Ni% 3<\/th>\n<th>Al%<\/th>\n<th>S%<\/th>\n<th>Sb%<\/th>\n<th>Si%<\/th>\n<\/tr>\n<\/tbody>\n<tfoot>\n<tr>\n<td colspan=\"12\">\n<div>Composi\u00e7\u00e3o qu\u00edmica de acordo com ASTM B505 \/ B505M-18<\/div>\n<div><\/div>\n<div><sup> 1 <\/sup> Na determina\u00e7\u00e3o do Cu min., o Cu pode ser calculado como Cu + Ni. <sup> 2 <\/sup> Para fundi\u00e7\u00f5es cont\u00ednuas, P deve ser 1,5%, m\u00e1x. <sup> 3 <\/sup> O valor Ni inclui Co.<\/div>\n<div>Nota: Cu + Soma dos Elementos Nomeados, 99,7% min. Valores \u00fanicos representam m\u00e1ximos.<\/div>\n<\/td>\n<\/tr>\n<\/tfoot>\n<tbody>\n<tr bgcolor=\"#eeeeee\">\n<td>86,00-<br \/>\n89,00<\/td>\n<td>0,30<\/td>\n<td>9,00-<br \/>\n11,00<\/td>\n<td>1,00-<br \/>\n3,00<\/td>\n<td>0,20<\/td>\n<td>0,05<\/td>\n<td>1,00<\/td>\n<td>0,005<\/td>\n<td>0,05<\/td>\n<td>0,20<\/td>\n<td>0,005<\/td>\n<\/tr>\n<\/tbody>\n<\/table>\n<p><strong> Usinabilidade: <\/strong><\/p>\n<table border=\"1\" width=\"750\" cellspacing=\"0\" cellpadding=\"5\">\n<tbody>\n<tr>\n<th>Liga<\/th>\n<th>Classifica\u00e7\u00e3o de usinabilidade<\/th>\n<th>Densidade (lb \/ in <sup> 3 <\/sup> a 68 \u00b0 F)<\/th>\n<\/tr>\n<\/tbody>\n<tbody>\n<tr bgcolor=\"#eeeeee\">\n<td>C905<\/td>\n<td>30<\/td>\n<td>0,315<\/td>\n<\/tr>\n<\/tbody>\n<\/table>\n<p><strong> Propriedades Mec\u00e2nicas: <\/strong><\/p>\n<table border=\"1\" width=\"750\" cellspacing=\"0\" cellpadding=\"5\">\n<tfoot>\n<tr>\n<td colspan=\"12\">\n<div>Propriedades mec\u00e2nicas de acordo com ASTM B505 \/ B505M-18<\/div>\n<\/td>\n<\/tr>\n<\/tfoot>\n<tbody>\n<tr>\n<th colspan=\"2\">Resist\u00eancia \u00e0 tra\u00e7\u00e3o, min<\/th>\n<th colspan=\"2\">For\u00e7a de rendimento, a 0,5% de extens\u00e3o sob carga, min<\/th>\n<th>Alongamento, em 2 pol. ou 50 mm min<\/th>\n<th>Dureza Brinell (carga de 500 kg)<\/th>\n<th>Observa\u00e7\u00f5es<\/th>\n<\/tr>\n<tr>\n<th>ksi<\/th>\n<th>MPa<\/th>\n<th>ksi<\/th>\n<th>MPa<\/th>\n<th>%<\/th>\n<th>BHN t\u00edpico<\/th>\n<th><\/th>\n<\/tr>\n<\/tbody>\n<tbody>\n<tr bgcolor=\"#eeeeee\">\n<td>44<\/td>\n<td>303<\/td>\n<td>25<\/td>\n<td>172<\/td>\n<td>10<\/td>\n<td><\/td>\n<td><\/td>\n<\/tr>\n<\/tbody>\n<\/table>\n<p><strong> Propriedades F\u00edsicas: <\/strong><\/p>\n<table border=\"1\" width=\"750\" cellspacing=\"0\" cellpadding=\"5\">\n<tfoot>\n<tr>\n<td colspan=\"12\">\n<div>Propriedades f\u00edsicas fornecidas pelo CDA<\/div>\n<\/td>\n<\/tr>\n<\/tfoot>\n<tbody>\n<tr>\n<th><\/th>\n<th>Costumeiros nos EUA<\/th>\n<th>M\u00e9trica<\/th>\n<\/tr>\n<\/tbody>\n<tbody>\n<tr bgcolor=\"#eeeeee\">\n<td><strong> Ponto de fus\u00e3o &#8211; Liquidus <\/strong><\/td>\n<td>1830 \u00b0 F<\/td>\n<td>999 \u00b0 C<\/td>\n<\/tr>\n<tr>\n<td><strong> Ponto de fus\u00e3o &#8211; Solidus <\/strong><\/td>\n<td>1570 \u00b0 F<\/td>\n<td>854 \u00b0 C<\/td>\n<\/tr>\n<tr bgcolor=\"#eeeeee\">\n<td><strong>Densidade<\/strong><\/td>\n<td>0,315 lb \/ in <sup> 3 <\/sup> a 68 \u00b0 F<\/td>\n<td>8,72 gm \/ cm <sup> 3 <\/sup> a 20 \u00b0 C<\/td>\n<\/tr>\n<tr>\n<td><strong> Gravidade espec\u00edfica <\/strong><\/td>\n<td>8,72<\/td>\n<td>8,72<\/td>\n<\/tr>\n<tr bgcolor=\"#eeeeee\">\n<td><strong> Condutividade el\u00e9trica <\/strong><\/td>\n<td>11% IACS a 68 \u00b0 F<\/td>\n<td>0,064 MegaSiemens \/ cm a 20 \u00b0 C<\/td>\n<\/tr>\n<tr>\n<td><strong> Condutividade t\u00e9rmica <\/strong><\/td>\n<td>43,2 Btu \/ p\u00e9s quadrados \/ p\u00e9s hr \/ \u00b0 F a 68 \u00b0 F<\/td>\n<td>74,8 W \/ m a 20 \u00b0 C<\/td>\n<\/tr>\n<tr bgcolor=\"#eeeeee\">\n<td><strong> Coeficiente de expans\u00e3o t\u00e9rmica 68-572 <\/strong><\/td>\n<td>11 \u00b7 10 <sup> -6 <\/sup> por \u00b0 F (68-572 \u00b0 F)<\/td>\n<td>19,8 \u00b7 10 <sup> -6 <\/sup> por \u00b0 C (20-300 \u00b0 C)<\/td>\n<\/tr>\n<tr>\n<td><strong> Capacidade de calor espec\u00edfica <\/strong><\/td>\n<td>0,09 Btu \/ lb \/ \u00b0 F a 68 \u00b0 F<\/td>\n<td>377,1 J \/ kg a 293 \u00b0 C<\/td>\n<\/tr>\n<tr bgcolor=\"#eeeeee\">\n<td><strong> M\u00f3dulo de elasticidade na tens\u00e3o <\/strong><\/td>\n<td>15.000 ksi<\/td>\n<td>103400 MPa<\/td>\n<\/tr>\n<tr>\n<td><strong> Permeabilidade magn\u00e9tica * <\/strong><\/td>\n<td>1<\/td>\n<td>1<\/td>\n<\/tr>\n<\/tbody>\n<\/table>\n<p><strong> Propriedades de Fabrica\u00e7\u00e3o: <\/strong><\/p>\n<table border=\"1\" width=\"750\" cellspacing=\"0\" cellpadding=\"5\">\n<tfoot>\n<tr>\n<td colspan=\"12\">\n<div>Propriedades de fabrica\u00e7\u00e3o fornecidas pelo CDA<\/div>\n<\/td>\n<\/tr>\n<\/tfoot>\n<tbody>\n<tr>\n<th>T\u00e9cnica de uni\u00e3o<\/th>\n<th>Adequa\u00e7\u00e3o<\/th>\n<\/tr>\n<\/tbody>\n<tbody>\n<tr bgcolor=\"#eeeeee\">\n<td><strong>De solda<\/strong><\/td>\n<td>Excelente<\/td>\n<\/tr>\n<tr>\n<td><strong>Brazing<\/strong><\/td>\n<td>Bom<\/td>\n<\/tr>\n<tr bgcolor=\"#eeeeee\">\n<td><strong> Soldagem de oxiacetileno <\/strong><\/td>\n<td>Justo<\/td>\n<\/tr>\n<tr>\n<td><strong> Soldagem a arco protegido com g\u00e1s <\/strong><\/td>\n<td>Justo<\/td>\n<\/tr>\n<tr bgcolor=\"#eeeeee\">\n<td><strong> Soldagem a arco de metal revestido <\/strong><\/td>\n<td>Justo<\/td>\n<\/tr>\n<\/tbody>\n<\/table>\n<p><strong> Propriedades t\u00e9rmicas: <\/strong><\/p>\n<table style=\"largura: 100%; altura: 480px;\" border=\"1\" width=\"750\" cellspacing=\"0\" cellpadding=\"5\">\n<tfoot>\n<tr style=\"height: 32px;\">\n<td style=\"altura: 32px;\" colspan=\"12\">\n<div>Propriedades t\u00e9rmicas fornecidas pelo CDA<\/div>\n<\/td>\n<\/tr>\n<\/tfoot>\n<tbody>\n<tr style=\"height: 32px;\">\n<th style=\"height: 32px;\">Tratamento<\/th>\n<th style=\"height: 32px;\">Temp.\/Hora &#8211; EUA<\/th>\n<th style=\"height: 32px;\">Temp.\/Tempo &#8211; SI<\/th>\n<\/tr>\n<\/tbody>\n<tbody>\n<tr style=\"altura: 32px;\" bgcolor=\"#eeeeee\">\n<td style=\"height: 32px;\"><strong> Temperatura de estresse <\/strong><\/td>\n<td style=\"height: 32px;\">500<\/td>\n<td style=\"height: 32px;\">260<\/td>\n<\/tr>\n<tr style=\"height: 32px;\">\n<td style=\"height: 32px;\"><strong> Solu\u00e7\u00e3o m\u00ednima <\/strong><\/td>\n<td style=\"height: 32px;\"><\/td>\n<td style=\"height: 32px;\"><\/td>\n<\/tr>\n<tr style=\"altura: 32px;\" bgcolor=\"#eeeeee\">\n<td style=\"height: 32px;\"><strong> Solu\u00e7\u00e3o m\u00e1xima <\/strong><\/td>\n<td style=\"height: 32px;\"><\/td>\n<td style=\"height: 32px;\"><\/td>\n<\/tr>\n<tr style=\"height: 32px;\">\n<td style=\"height: 32px;\"><strong> Tempo da solu\u00e7\u00e3o <\/strong><\/td>\n<td style=\"height: 32px;\">0,0<\/td>\n<td style=\"height: 32px;\"><\/td>\n<\/tr>\n<tr style=\"altura: 32px;\" bgcolor=\"#eeeeee\">\n<td style=\"height: 32px;\"><strong> Solu\u00e7\u00e3o M\u00e9dia <\/strong><\/td>\n<td style=\"height: 32px;\"><\/td>\n<td style=\"height: 32px;\"><\/td>\n<\/tr>\n<tr style=\"height: 32px;\">\n<td style=\"height: 32px;\"><strong> Valor de precipita\u00e7\u00e3o <\/strong><\/td>\n<td style=\"height: 32px;\"><\/td>\n<td style=\"height: 32px;\"><\/td>\n<\/tr>\n<tr style=\"altura: 32px;\" bgcolor=\"#eeeeee\">\n<td style=\"height: 32px;\"><strong> Tempo de precipita\u00e7\u00e3o <\/strong><\/td>\n<td style=\"height: 32px;\"><\/td>\n<td style=\"height: 32px;\"><\/td>\n<\/tr>\n<tr style=\"height: 32px;\">\n<td style=\"height: 32px;\"><strong> Precipita\u00e7\u00e3o m\u00e9dia <\/strong><\/td>\n<td style=\"height: 32px;\"><\/td>\n<td style=\"height: 32px;\"><\/td>\n<\/tr>\n<tr style=\"altura: 32px;\" bgcolor=\"#eeeeee\">\n<td style=\"height: 32px;\"><strong> M\u00ednimo de recozimento <\/strong><\/td>\n<td style=\"height: 32px;\"><\/td>\n<td style=\"height: 32px;\"><\/td>\n<\/tr>\n<tr style=\"height: 32px;\">\n<td style=\"height: 32px;\"><strong> M\u00e1ximo de recozimento <\/strong><\/td>\n<td style=\"height: 32px;\"><\/td>\n<td style=\"height: 32px;\"><\/td>\n<\/tr>\n<tr style=\"altura: 32px;\" bgcolor=\"#eeeeee\">\n<td style=\"height: 32px;\"><strong> Tempo de recozimento <\/strong><\/td>\n<td style=\"height: 32px;\"><\/td>\n<td style=\"height: 32px;\"><\/td>\n<\/tr>\n<tr style=\"height: 32px;\">\n<td style=\"height: 32px;\"><strong> M\u00ednimo de trabalhos a quente <\/strong><\/td>\n<td style=\"height: 32px;\"><\/td>\n<td style=\"height: 32px;\"><\/td>\n<\/tr>\n<tr style=\"altura: 32px;\" bgcolor=\"#eeeeee\">\n<td style=\"height: 32px;\"><strong> M\u00e1ximo de trabalhos a quente <\/strong><\/td>\n<\/tr>\n<\/tbody>\n<\/table>\n","protected":false},"excerpt":{"rendered":"<p>C90500 \/ CDA 905 Ligas de estanho bronze Especifica\u00e7\u00e3o: CDA ASTM Asarcon SAE AMS Federal Militar Outro C905 B505 B505M B22 B22M B143-1A 100 62 J461 J462 4845 QQ-C-390, D6 QQ-B-1005, COMP 16 MIL-B-11553, COMP 16 Gun Metal Composi\u00e7\u00e3o Qu\u00edmica: Cu%1 Pb% Sn% Zn% Fe% P%2 Ni% 3 Al% S% Sb% Si% Composi\u00e7\u00e3o qu\u00edmica de [&hellip;]<\/p>\n","protected":false},"author":1,"featured_media":0,"parent":0,"menu_order":0,"comment_status":"closed","ping_status":"closed","template":"","meta":{"_joinchat":[],"footnotes":""},"class_list":["post-3588","page","type-page","status-publish","hentry"],"_links":{"self":[{"href":"https:\/\/conex-casting.com\/pt-br\/wp-json\/wp\/v2\/pages\/3588","targetHints":{"allow":["GET"]}}],"collection":[{"href":"https:\/\/conex-casting.com\/pt-br\/wp-json\/wp\/v2\/pages"}],"about":[{"href":"https:\/\/conex-casting.com\/pt-br\/wp-json\/wp\/v2\/types\/page"}],"author":[{"embeddable":true,"href":"https:\/\/conex-casting.com\/pt-br\/wp-json\/wp\/v2\/users\/1"}],"replies":[{"embeddable":true,"href":"https:\/\/conex-casting.com\/pt-br\/wp-json\/wp\/v2\/comments?post=3588"}],"version-history":[{"count":1,"href":"https:\/\/conex-casting.com\/pt-br\/wp-json\/wp\/v2\/pages\/3588\/revisions"}],"predecessor-version":[{"id":3590,"href":"https:\/\/conex-casting.com\/pt-br\/wp-json\/wp\/v2\/pages\/3588\/revisions\/3590"}],"wp:attachment":[{"href":"https:\/\/conex-casting.com\/pt-br\/wp-json\/wp\/v2\/media?parent=3588"}],"curies":[{"name":"wp","href":"https:\/\/api.w.org\/{rel}","templated":true}]}}