{"id":3594,"date":"2021-02-22T12:06:09","date_gmt":"2021-02-22T12:06:09","guid":{"rendered":"http:\/\/conex-casting.com\/?page_id=3594"},"modified":"2021-03-04T14:25:23","modified_gmt":"2021-03-04T14:25:23","slug":"c92200-cda-922-ligas-de-estanho-com-chumbo","status":"publish","type":"page","link":"https:\/\/conex-casting.com\/pt-br\/c92200-cda-922-ligas-de-estanho-com-chumbo\/","title":{"rendered":"C92200 CDA 922 Ligas de estanho com chumbo"},"content":{"rendered":"<p style=\"text-align: center;\"><span style=\"text-decoration: underline; color: #800000; font-size: 18pt;\"><strong>C92200 \/ CDA 922 Ligas de estanho com chumbo de bronze<\/strong><\/span><\/p>\n<p><strong> Especifica\u00e7\u00f5es: <\/strong><\/p>\n<table border=\"1\" width=\"750\" cellspacing=\"0\" cellpadding=\"5\">\n<tbody>\n<tr bgcolor=\"#717e94\">\n<td><\/td>\n<td><span style=\"color: #ffffff;\"> <strong> ASTM <\/strong> <\/span><\/td>\n<td><span style=\"color: #ffffff;\"> <strong> MILITAR <\/strong> <\/span><\/td>\n<\/tr>\n<tr>\n<td>Fundi\u00e7\u00e3o centr\u00edfuga<\/td>\n<td>ASTM B271<\/td>\n<td>QQ-C-390<\/td>\n<\/tr>\n<tr bgcolor=\"#eeeeee\">\n<td>Elenco cont\u00ednuo<\/td>\n<td>ASTM B505<\/td>\n<td>QQ-C-390<\/td>\n<\/tr>\n<tr>\n<td>Elenco de areia<\/td>\n<td>ASTM B548<\/td>\n<td>QQ-C-390<\/td>\n<\/tr>\n<\/tbody>\n<\/table>\n<p><strong> Propriedades Mec\u00e2nicas: <\/strong><\/p>\n<table border=\"1\" width=\"750\" cellspacing=\"0\" cellpadding=\"5\">\n<tbody>\n<tr bgcolor=\"#717e94\">\n<td><span style=\"color: #ffffff;\"> <strong> Formul\u00e1rio <\/strong> <\/span><\/td>\n<td><span style=\"color: #ffffff;\"> <strong> Especifica\u00e7\u00e3o <\/strong> <\/span><\/td>\n<td><span style=\"color: #ffffff;\"> <strong> Tens\u00e3o, min ksi (MPa) <\/strong> <\/span><\/td>\n<td><span style=\"color: #ffffff;\"> <strong> Rendimento, min ksi (MPa) <\/strong> <\/span><\/td>\n<td><span style=\"color: #ffffff;\"> <strong> Alongamento em 2 \u201d,% min <\/strong> <\/span><\/td>\n<\/tr>\n<tr bgcolor=\"#eeeeee\">\n<td>Fundi\u00e7\u00e3o centr\u00edfuga<\/td>\n<td>ASTM B271<\/td>\n<td>40 (276)<\/td>\n<td>18 (124)<\/td>\n<td>20<\/td>\n<\/tr>\n<tr>\n<td>Elenco cont\u00ednuo<\/td>\n<td>ASTM B505<\/td>\n<td>44 (303)<\/td>\n<td>22 (152)<\/td>\n<td>18<\/td>\n<\/tr>\n<tr bgcolor=\"#eeeeee\">\n<td>Elenco de areia<\/td>\n<td>ASTM B584<\/td>\n<td>40 (276)<\/td>\n<td>18 (124)<\/td>\n<td>20<\/td>\n<\/tr>\n<\/tbody>\n<\/table>\n<p><strong> Composi\u00e7\u00f5es: <\/strong><\/p>\n<table border=\"1\" width=\"750\" cellspacing=\"0\" cellpadding=\"5\">\n<tbody>\n<tr bgcolor=\"#717e94\">\n<td>\n<div>\n<div><span style=\"color: #ffffff;\"> <strong> Comercial <\/strong> <\/span><\/div>\n<\/div>\n<\/td>\n<td><\/td>\n<td><\/td>\n<td><\/td>\n<td><\/td>\n<td><\/td>\n<td><\/td>\n<td><\/td>\n<td><\/td>\n<td><\/td>\n<td><\/td>\n<\/tr>\n<tr bgcolor=\"#eeeeee\">\n<td><\/td>\n<td>UNS No.<\/td>\n<td>Cobre<\/td>\n<td>Estanho<\/td>\n<td>Lead<\/td>\n<td>Zinco<\/td>\n<td>N\u00edquel incl. Cobalt<\/td>\n<td>Ferro<\/td>\n<td><\/td>\n<td><\/td>\n<td>F\u00f3sforo<\/td>\n<\/tr>\n<tr>\n<td><\/td>\n<td>C92200<\/td>\n<td>86,0-88,0<\/td>\n<td>5,0-6,0<\/td>\n<td>1,5-2,5<\/td>\n<td>3,0-5,5<\/td>\n<td>.5-1<\/td>\n<td>0,25 m\u00e1x<\/td>\n<td><\/td>\n<td><\/td>\n<td>0,05 m\u00e1x<\/td>\n<\/tr>\n<tr bgcolor=\"#717e94\">\n<td><strong> <span style=\"color: #ffffff;\"> QQ-C-390 <\/span> <\/strong><\/td>\n<td><\/td>\n<td><\/td>\n<td><\/td>\n<td><\/td>\n<td><\/td>\n<td><\/td>\n<td><\/td>\n<td><\/td>\n<td><\/td>\n<td><\/td>\n<\/tr>\n<tr bgcolor=\"#eeeeee\">\n<td><\/td>\n<td>UNS No.<\/td>\n<td>Cobre<\/td>\n<td>Estanho<\/td>\n<td>Lead<\/td>\n<td>Zinco<\/td>\n<td>N\u00edquel incl. Cobalt<\/td>\n<td>Ferro<\/td>\n<td><\/td>\n<td><\/td>\n<td>F\u00f3sforo<\/td>\n<\/tr>\n<tr>\n<td><\/td>\n<td>C92200<\/td>\n<td>86,0-88,0<\/td>\n<td>5,0-6,0<\/td>\n<td>1,5-2,5<\/td>\n<td>3,0-5,5<\/td>\n<td>.5-1<\/td>\n<td>0,25 m\u00e1x<\/td>\n<td><\/td>\n<td><\/td>\n<td>0,05 m\u00e1x<\/td>\n<\/tr>\n<\/tbody>\n<\/table>\n<p><strong> Propriedades F\u00edsicas: <\/strong><\/p>\n<table border=\"1\" width=\"750\" cellspacing=\"0\" cellpadding=\"5\">\n<tbody>\n<tr bgcolor=\"#717e94\">\n<td><span style=\"color: #ffffff;\"> <strong> Densidade 68o F <\/strong> <\/span><\/td>\n<td><span style=\"color: #ffffff;\"> <strong> 0,312 lb \/ pol3 <\/strong> <\/span><\/td>\n<\/tr>\n<tr bgcolor=\"#eeeeee\">\n<td>Faixa de fus\u00e3o<\/td>\n<td>1518-1810o F<\/td>\n<\/tr>\n<tr>\n<td>Rendimento de fundi\u00e7\u00e3o<\/td>\n<td>M\u00e9dio<\/td>\n<\/tr>\n<tr bgcolor=\"#eeeeee\">\n<td>Esc\u00f3ria<\/td>\n<td>Baixo<\/td>\n<\/tr>\n<tr>\n<td>Efeito no tamanho da se\u00e7\u00e3o<\/td>\n<td>Alta<\/td>\n<\/tr>\n<tr bgcolor=\"#eeeeee\">\n<td>Fluidez<\/td>\n<td>M\u00e9dio<\/td>\n<\/tr>\n<tr>\n<td>Gaseamento<\/td>\n<td>M\u00e9dio<\/td>\n<\/tr>\n<tr bgcolor=\"#eeeeee\">\n<td>Classifica\u00e7\u00e3o de usinabilidade (C360 = 100)<\/td>\n<td>42<\/td>\n<\/tr>\n<tr>\n<td>Brasagem<\/td>\n<td>Excelente<\/td>\n<\/tr>\n<tr bgcolor=\"#eeeeee\">\n<td>Solda<\/td>\n<td>Excelente<\/td>\n<\/tr>\n<\/tbody>\n<\/table>\n","protected":false},"excerpt":{"rendered":"<p>C92200 \/ CDA 922 Ligas de estanho com chumbo de bronze Especifica\u00e7\u00f5es: ASTM MILITAR Fundi\u00e7\u00e3o centr\u00edfuga ASTM B271 QQ-C-390 Elenco cont\u00ednuo ASTM B505 QQ-C-390 Elenco de areia ASTM B548 QQ-C-390 Propriedades Mec\u00e2nicas: Formul\u00e1rio Especifica\u00e7\u00e3o Tens\u00e3o, min ksi (MPa) Rendimento, min ksi (MPa) Alongamento em 2 \u201d,% min Fundi\u00e7\u00e3o centr\u00edfuga ASTM B271 40 (276) 18 (124) [&hellip;]<\/p>\n","protected":false},"author":1,"featured_media":0,"parent":0,"menu_order":0,"comment_status":"closed","ping_status":"closed","template":"","meta":{"_joinchat":[],"footnotes":""},"class_list":["post-3594","page","type-page","status-publish","hentry"],"_links":{"self":[{"href":"https:\/\/conex-casting.com\/pt-br\/wp-json\/wp\/v2\/pages\/3594","targetHints":{"allow":["GET"]}}],"collection":[{"href":"https:\/\/conex-casting.com\/pt-br\/wp-json\/wp\/v2\/pages"}],"about":[{"href":"https:\/\/conex-casting.com\/pt-br\/wp-json\/wp\/v2\/types\/page"}],"author":[{"embeddable":true,"href":"https:\/\/conex-casting.com\/pt-br\/wp-json\/wp\/v2\/users\/1"}],"replies":[{"embeddable":true,"href":"https:\/\/conex-casting.com\/pt-br\/wp-json\/wp\/v2\/comments?post=3594"}],"version-history":[{"count":1,"href":"https:\/\/conex-casting.com\/pt-br\/wp-json\/wp\/v2\/pages\/3594\/revisions"}],"predecessor-version":[{"id":3595,"href":"https:\/\/conex-casting.com\/pt-br\/wp-json\/wp\/v2\/pages\/3594\/revisions\/3595"}],"wp:attachment":[{"href":"https:\/\/conex-casting.com\/pt-br\/wp-json\/wp\/v2\/media?parent=3594"}],"curies":[{"name":"wp","href":"https:\/\/api.w.org\/{rel}","templated":true}]}}