{"id":3599,"date":"2021-02-23T05:08:31","date_gmt":"2021-02-23T05:08:31","guid":{"rendered":"http:\/\/conex-casting.com\/?page_id=3599"},"modified":"2021-03-04T14:25:30","modified_gmt":"2021-03-04T14:25:30","slug":"c92600-cda-926-ligas-de-estanho-com-chumbo","status":"publish","type":"page","link":"https:\/\/conex-casting.com\/pt-br\/c92600-cda-926-ligas-de-estanho-com-chumbo\/","title":{"rendered":"C92600 CDA 926 Ligas de estanho com chumbo"},"content":{"rendered":"<p style=\"text-align: center;\"><span style=\"text-decoration: underline; color: #800000;\"><strong><span style=\"font-size: 18pt;\">C92600 \/ CDA 926 Ligas de estanho com chumbo de bronze<\/span><\/strong><\/span><\/p>\n<p><strong> Composi\u00e7\u00e3o Qu\u00edmica (% em peso): <\/strong><\/p>\n<table border=\"1\" width=\"750\" cellspacing=\"0\" cellpadding=\"5\">\n<tbody>\n<tr bgcolor=\"#717e94\">\n<td><span style=\"color: #ffffff;\"> <strong> Elemento <\/strong> <\/span><\/td>\n<td><span style=\"color: #ffffff;\"> <strong> Nominal <\/strong> <\/span><\/td>\n<td><span style=\"color: #ffffff;\"> <strong> M\u00ednimo <\/strong> <\/span><\/td>\n<td><span style=\"color: #ffffff;\"> <strong> M\u00e1ximo <\/strong> <\/span><\/td>\n<\/tr>\n<tr bgcolor=\"#eeeeee\">\n<td>Alum\u00ednio<\/td>\n<td>&#8211;<\/td>\n<td>&#8211;<\/td>\n<td>0,005<\/td>\n<\/tr>\n<tr>\n<td>Antimony<\/td>\n<td>&#8211;<\/td>\n<td>&#8211;<\/td>\n<td>0,25<\/td>\n<\/tr>\n<tr bgcolor=\"#eeeeee\">\n<td>Cobre<\/td>\n<td>87<\/td>\n<td>86<\/td>\n<td>88,5<\/td>\n<\/tr>\n<tr>\n<td>Iron<\/td>\n<td>&#8211;<\/td>\n<td>&#8211;<\/td>\n<td>0,20<\/td>\n<\/tr>\n<tr bgcolor=\"#eeeeee\">\n<td>Lead<\/td>\n<td>1<\/td>\n<td>.8<\/td>\n<td>1,2<\/td>\n<\/tr>\n<tr>\n<td>N\u00edquel<\/td>\n<td>1<\/td>\n<td>.8<\/td>\n<td>.7<\/td>\n<\/tr>\n<tr bgcolor=\"#eeeeee\">\n<td>F\u00f3sforo<\/td>\n<td>&#8211;<\/td>\n<td>&#8211;<\/td>\n<td>.03<\/td>\n<\/tr>\n<tr>\n<td>Sil\u00edcio<\/td>\n<td>&#8211;<\/td>\n<td>&#8211;<\/td>\n<td>0,005<\/td>\n<\/tr>\n<tr bgcolor=\"#eeeeee\">\n<td>Sulfur<\/td>\n<td>&#8211;<\/td>\n<td>&#8211;<\/td>\n<td>0,05<\/td>\n<\/tr>\n<tr>\n<td>Tin<\/td>\n<td>10<\/td>\n<td>9,3<\/td>\n<td>10,5<\/td>\n<\/tr>\n<tr bgcolor=\"#eeeeee\">\n<td>Zinco<\/td>\n<td>2<\/td>\n<td>1,3<\/td>\n<td>2,5<\/td>\n<\/tr>\n<\/tbody>\n<\/table>\n<p><strong> Aplicativos: <\/strong><br \/>\nRolamentos, buchas, impulsores de bomba, an\u00e9is de pist\u00e3o, componentes de v\u00e1lvula, conex\u00f5es de vapor, engrenagens.<\/p>\n<p><strong> Propriedades Mec\u00e2nicas: <\/strong> (M07 &#8211; Como Fundi\u00e7\u00e3o Cont\u00ednua)<\/p>\n<table border=\"1\" width=\"750\" cellspacing=\"0\" cellpadding=\"5\">\n<tbody>\n<tr bgcolor=\"#eeeeee\">\n<td>Dureza *<\/td>\n<td>Dureza Brinell (carga de 500 kg)<\/td>\n<td>70<\/td>\n<\/tr>\n<tr>\n<td>Resist\u00eancia \u00e0 tra\u00e7\u00e3o **<\/td>\n<td>KSI<\/td>\n<td>44<\/td>\n<\/tr>\n<tr bgcolor=\"#eeeeee\">\n<td>For\u00e7a de rendimento **<\/td>\n<td>KSI (0,5% Ext. sob carga)<\/td>\n<td>20<\/td>\n<\/tr>\n<tr>\n<td>Alongamento **<\/td>\n<td>% em 2 polegadas<\/td>\n<td>30<\/td>\n<\/tr>\n<\/tbody>\n<\/table>\n<p>** Os valores de teste s\u00e3o aproxima\u00e7\u00f5es nominais e dependem do tamanho e orienta\u00e7\u00e3o da amostra.<\/p>\n<p><strong> Propriedades F\u00edsicas: <\/strong><\/p>\n<table border=\"1\" width=\"750\" cellspacing=\"0\" cellpadding=\"5\">\n<tbody>\n<tr bgcolor=\"#eeeeee\">\n<td>Condutividade t\u00e9rmica<\/td>\n<td>BTU \/ (sq ft-ft-hr-F)<\/td>\n<td>N \/ A<\/td>\n<\/tr>\n<tr>\n<td>Calor espec\u00edfico<\/td>\n<td>BTU \/ lb \/ \u00baF @ 68F<\/td>\n<td>0,09<\/td>\n<\/tr>\n<tr bgcolor=\"#eeeeee\">\n<td>Expans\u00e3o t\u00e9rmica<\/td>\n<td>Por \u00b0 F de 68 F a 350 F<\/td>\n<td>.000010<\/td>\n<\/tr>\n<tr>\n<td>Densidade<\/td>\n<td>lb \/ cu in @ 68 F<\/td>\n<td>0,315<\/td>\n<\/tr>\n<tr bgcolor=\"#eeeeee\">\n<td>Condutividade el\u00e9trica * (recozido)<\/td>\n<td>% IACS @ 68 F<\/td>\n<td>9<\/td>\n<\/tr>\n<tr>\n<td>M\u00f3dulo de elasticidade<\/td>\n<td>KSI<\/td>\n<td>15.000<\/td>\n<\/tr>\n<\/tbody>\n<\/table>\n<p>* Base de volume<\/p>\n<p><strong>Pr\u00e1ticas de Fabrica\u00e7\u00e3o: <\/strong><\/p>\n<table border=\"1\" width=\"750\" cellspacing=\"0\" cellpadding=\"5\">\n<tbody>\n<tr bgcolor=\"#eeeeee\">\n<td>Temperatura para aliviar o estresse<\/td>\n<td>500 F ou 260 C<\/td>\n<\/tr>\n<tr>\n<td>Tempo na temperatura<\/td>\n<td>1 hora por polegada de espessura de se\u00e7\u00e3o<\/td>\n<\/tr>\n<tr bgcolor=\"#eeeeee\">\n<td>Responde ao tratamento t\u00e9rmico<\/td>\n<td>N\u00e3o<\/td>\n<\/tr>\n<tr>\n<td>Classifica\u00e7\u00e3o de usinabilidade (lat\u00e3o de corte livre = 100)<\/td>\n<td>40<\/td>\n<\/tr>\n<tr bgcolor=\"#eeeeee\">\n<td>Adequa\u00e7\u00e3o para ser acompanhado por:<\/td>\n<td>Solda \/ Excelente<\/td>\n<\/tr>\n<tr>\n<td><\/td>\n<td>Brasagem \/ Boa *<\/td>\n<\/tr>\n<tr bgcolor=\"#eeeeee\">\n<td><\/td>\n<td>Soldagem de oxiacetileno \/ n\u00e3o recomendada<\/td>\n<\/tr>\n<tr>\n<td><\/td>\n<td>Soldagem a arco com prote\u00e7\u00e3o de g\u00e1s \/ n\u00e3o recomendada<\/td>\n<\/tr>\n<tr bgcolor=\"#eeeeee\">\n<td><\/td>\n<td>Soldagem a arco de metal revestido \/ n\u00e3o recomendada<\/td>\n<\/tr>\n<\/tbody>\n<\/table>\n<p>* Como a brasagem \u00e9 realizada em temperaturas dentro da faixa quente-curta, a tens\u00e3o deve ser evitada durante a brasagem e resfriamento desta liga.<\/p>\n<p>Os valores listados acima representam aproxima\u00e7\u00f5es razo\u00e1veis \u200b\u200badequadas para uso geral de engenharia. Devido \u00e0s varia\u00e7\u00f5es comerciais na composi\u00e7\u00e3o e \u00e0s limita\u00e7\u00f5es de fabrica\u00e7\u00e3o, eles n\u00e3o devem ser usados \u200b\u200bpara fins de especifica\u00e7\u00e3o. Consulte A.S.T.M. aplic\u00e1vel refer\u00eancias de especifica\u00e7\u00e3o.<\/p>\n","protected":false},"excerpt":{"rendered":"<p>C92600 \/ CDA 926 Ligas de estanho com chumbo de bronze Composi\u00e7\u00e3o Qu\u00edmica (% em peso): Elemento Nominal M\u00ednimo M\u00e1ximo Alum\u00ednio &#8211; &#8211; 0,005 Antimony &#8211; &#8211; 0,25 Cobre 87 86 88,5 Iron &#8211; &#8211; 0,20 Lead 1 .8 1,2 N\u00edquel 1 .8 .7 F\u00f3sforo &#8211; &#8211; .03 Sil\u00edcio &#8211; &#8211; 0,005 Sulfur &#8211; &#8211; [&hellip;]<\/p>\n","protected":false},"author":1,"featured_media":0,"parent":0,"menu_order":0,"comment_status":"closed","ping_status":"closed","template":"","meta":{"_joinchat":[],"footnotes":""},"class_list":["post-3599","page","type-page","status-publish","hentry"],"_links":{"self":[{"href":"https:\/\/conex-casting.com\/pt-br\/wp-json\/wp\/v2\/pages\/3599","targetHints":{"allow":["GET"]}}],"collection":[{"href":"https:\/\/conex-casting.com\/pt-br\/wp-json\/wp\/v2\/pages"}],"about":[{"href":"https:\/\/conex-casting.com\/pt-br\/wp-json\/wp\/v2\/types\/page"}],"author":[{"embeddable":true,"href":"https:\/\/conex-casting.com\/pt-br\/wp-json\/wp\/v2\/users\/1"}],"replies":[{"embeddable":true,"href":"https:\/\/conex-casting.com\/pt-br\/wp-json\/wp\/v2\/comments?post=3599"}],"version-history":[{"count":1,"href":"https:\/\/conex-casting.com\/pt-br\/wp-json\/wp\/v2\/pages\/3599\/revisions"}],"predecessor-version":[{"id":3601,"href":"https:\/\/conex-casting.com\/pt-br\/wp-json\/wp\/v2\/pages\/3599\/revisions\/3601"}],"wp:attachment":[{"href":"https:\/\/conex-casting.com\/pt-br\/wp-json\/wp\/v2\/media?parent=3599"}],"curies":[{"name":"wp","href":"https:\/\/api.w.org\/{rel}","templated":true}]}}