{"id":3606,"date":"2021-02-23T05:29:15","date_gmt":"2021-02-23T05:29:15","guid":{"rendered":"http:\/\/conex-casting.com\/?page_id=3606"},"modified":"2021-03-04T14:31:38","modified_gmt":"2021-03-04T14:31:38","slug":"c93200-cda-932-ligas-de-estanho-com-chumbo","status":"publish","type":"page","link":"https:\/\/conex-casting.com\/pt-br\/c93200-cda-932-ligas-de-estanho-com-chumbo\/","title":{"rendered":"C93200 CDA 932 Ligas de estanho com chumbo"},"content":{"rendered":"<p style=\"text-align: center;\"><span style=\"color: #800000;\"> <strong> <span style=\"text-decoration: underline;\"> <span style=\"font-size: 18pt;\">C93200 \/ CDA 932 Ligas de Bronze com Chumbo<\/span> <\/span> <\/strong> <\/span><\/p>\n<p><strong> Especifica\u00e7\u00e3o: <\/strong><\/p>\n<table border=\"1\" width=\"700\" cellspacing=\"0\" cellpadding=\"5\">\n<tbody>\n<tr>\n<th>CDA<\/th>\n<th>ASTM<\/th>\n<th>Asarcon<\/th>\n<th>SAE<\/th>\n<th>AMS<\/th>\n<th>Federal<\/th>\n<th>Militar<\/th>\n<th>Outro<\/th>\n<\/tr>\n<\/tbody>\n<tbody>\n<tr bgcolor=\"#eeeeee\">\n<td>C932<\/td>\n<td>B505<br \/>\nB505M<br \/>\nB144-3B<\/td>\n<td>77<\/td>\n<td>660<br \/>\nJ461<br \/>\nJ462<\/td>\n<td><\/td>\n<td>QQ-C-390, E7;<br \/>\nQQ-B-1005, COMP 12<\/td>\n<td>MIL-B-11553, COMP 12<\/td>\n<td>Bronze do rolamento<\/td>\n<\/tr>\n<\/tbody>\n<\/table>\n<p><strong> Composi\u00e7\u00e3o Qu\u00edmica: <\/strong><\/p>\n<table border=\"1\" width=\"700\" cellspacing=\"0\" cellpadding=\"5\">\n<tbody>\n<tr>\n<th>Cu%<sup>1<\/sup><\/th>\n<th>Pb%<\/th>\n<th>Sn%<\/th>\n<th>Zn%<\/th>\n<th>Fe%<\/th>\n<th>P%<sup>2<\/sup><\/th>\n<th>Ni%<sup>3<\/sup><\/th>\n<th>Al%<\/th>\n<th>S%<\/th>\n<th>Sb%<\/th>\n<th>Si%<\/th>\n<\/tr>\n<\/tbody>\n<tfoot>\n<tr>\n<td colspan=\"12\">\n<div>Composi\u00e7\u00e3o qu\u00edmica de acordo com ASTM B505 \/ B505M-18<\/div>\n<div><\/div>\n<div><sup> 1 <\/sup> Na determina\u00e7\u00e3o do Cu min., o Cu pode ser calculado como Cu + Ni. <sup> 2 <\/sup> Para fundi\u00e7\u00f5es cont\u00ednuas, P deve ser 1,5%, m\u00e1x. <sup> 3 <\/sup> O valor Ni inclui Co.<\/div>\n<div>Nota: Cu + Soma dos Elementos Nomeados, 99,0% min. Valores \u00fanicos representam m\u00e1ximos.<\/div>\n<\/td>\n<\/tr>\n<\/tfoot>\n<tbody>\n<tr bgcolor=\"#eeeeee\">\n<td>81,00-<br \/>\n85,00<\/td>\n<td>6,00-<br \/>\n8,00<\/td>\n<td>6,30-<br \/>\n7,50<\/td>\n<td>1,00-<br \/>\n4,00<\/td>\n<td>0,20<\/td>\n<td>0,15<\/td>\n<td>1,00<\/td>\n<td>0,005<\/td>\n<td>0,08<\/td>\n<td>0,35<\/td>\n<td>0,005<\/td>\n<\/tr>\n<\/tbody>\n<\/table>\n<p><strong> Usinabilidade: <\/strong><\/p>\n<table border=\"1\" width=\"700\" cellspacing=\"0\" cellpadding=\"5\">\n<tbody>\n<tr>\n<th>Liga de cobre No. UNS<\/th>\n<th>Classifica\u00e7\u00e3o de usinabilidade<\/th>\n<th>Densidade (lb \/ in <sup> 3 <\/sup> a 68 \u00b0 F)<\/th>\n<\/tr>\n<\/tbody>\n<tbody>\n<tr bgcolor=\"#eeeeee\">\n<td>C932<\/td>\n<td>70<\/td>\n<td>0,322<\/td>\n<\/tr>\n<\/tbody>\n<\/table>\n<p><strong> Propriedades Mec\u00e2nicas: <\/strong><\/p>\n<table border=\"1\" width=\"700\" cellspacing=\"0\" cellpadding=\"5\">\n<tfoot>\n<tr>\n<td colspan=\"12\">\n<div>Propriedades mec\u00e2nicas de acordo com ASTM B505 \/ B505M-18<\/div>\n<\/td>\n<\/tr>\n<\/tfoot>\n<tbody>\n<tr>\n<th colspan=\"2\">Resist\u00eancia \u00e0 tra\u00e7\u00e3o, min<\/th>\n<th colspan=\"2\">For\u00e7a de rendimento, a 0,5% de extens\u00e3o sob carga, min<\/th>\n<th>Alongamento, em 2 pol. ou 50 mm min<\/th>\n<th>Dureza Brinell (carga de 500 kg)<\/th>\n<th>Observa\u00e7\u00f5es<\/th>\n<\/tr>\n<tr>\n<th>ksi<\/th>\n<th>MPa<\/th>\n<th>ksi<\/th>\n<th>MPa<\/th>\n<th>%<\/th>\n<th>BHN t\u00edpico<\/th>\n<th><\/th>\n<\/tr>\n<\/tbody>\n<tbody>\n<tr bgcolor=\"#eeeeee\">\n<td>35<\/td>\n<td>241<\/td>\n<td>20<\/td>\n<td>138<\/td>\n<td>10<\/td>\n<td>65<\/td>\n<td><\/td>\n<\/tr>\n<\/tbody>\n<\/table>\n<p><strong> Propriedades F\u00edsicas: <\/strong><\/p>\n<table border=\"1\" width=\"700\" cellspacing=\"0\" cellpadding=\"5\">\n<tfoot>\n<tr>\n<td colspan=\"12\">\n<div>Propriedades f\u00edsicas fornecidas pelo CDA<\/div>\n<\/td>\n<\/tr>\n<\/tfoot>\n<tbody>\n<tr>\n<th><\/th>\n<th>Costumeiros nos EUA<\/th>\n<th>M\u00e9trica<\/th>\n<\/tr>\n<\/tbody>\n<tbody>\n<tr bgcolor=\"#eeeeee\">\n<td><strong> Ponto de fus\u00e3o &#8211; Liquidus <\/strong><\/td>\n<td>1790 \u00b0 F<\/td>\n<td>977 \u00b0 C<\/td>\n<\/tr>\n<tr>\n<td><strong> Ponto de fus\u00e3o &#8211; Solidus <\/strong><\/td>\n<td>1570 \u00b0 F<\/td>\n<td>854 \u00b0 C<\/td>\n<\/tr>\n<tr bgcolor=\"#eeeeee\">\n<td>Densidade<\/td>\n<td>0,322 lb \/ pol. <sup> 3 <\/sup> a 68 \u00b0 F<\/td>\n<td>8,91 gm \/ cm <sup> 3 <\/sup> a 20 \u00b0 C<\/td>\n<\/tr>\n<tr>\n<td><strong> Gravidade espec\u00edfica <\/strong><\/td>\n<td>8,91<\/td>\n<td>8,91<\/td>\n<\/tr>\n<tr bgcolor=\"#eeeeee\">\n<td><strong> Condutividade el\u00e9trica <\/strong><\/td>\n<td>12% IACS a 68 \u00b0 F<\/td>\n<td>0,07 MegaSiemens \/ cm a 20 \u00b0 C<\/td>\n<\/tr>\n<tr>\n<td><strong> Condutividade t\u00e9rmica <\/strong><\/td>\n<td>33,6 Btu \/ p\u00e9s quadrados \/ p\u00e9s hr \/ \u00b0 F a 68 \u00b0 F<\/td>\n<td>58,2 W \/ m a 20 \u00b0 C<\/td>\n<\/tr>\n<tr bgcolor=\"#eeeeee\">\n<td><strong> Coeficiente de expans\u00e3o t\u00e9rmica 68-212 <\/strong><\/td>\n<td>10 \u00b7 10 <sup> -6 <\/sup> por \u00b0 F (68-212 \u00b0 F)<\/td>\n<td>17,3 \u00b7 10 <sup> -6 <\/sup> por \u00b0 C (20-100 \u00b0 C)<\/td>\n<\/tr>\n<tr>\n<td><strong> Capacidade de calor espec\u00edfica <\/strong><\/td>\n<td>0,09 Btu \/ lb \/ \u00b0 F a 68 \u00b0 F<\/td>\n<td>377,1 J \/ kg a 293 \u00b0 C<\/td>\n<\/tr>\n<tr bgcolor=\"#eeeeee\">\n<td><strong> M\u00f3dulo de elasticidade na tens\u00e3o <\/strong><\/td>\n<td>14500 ksi<\/td>\n<td>100.000 MPa<\/td>\n<\/tr>\n<\/tbody>\n<\/table>\n<p><strong> Propriedades de Fabrica\u00e7\u00e3o: <\/strong><\/p>\n<table border=\"1\" width=\"700\" cellspacing=\"0\" cellpadding=\"5\">\n<tfoot>\n<tr>\n<td colspan=\"12\">\n<div>Propriedades de fabrica\u00e7\u00e3o fornecidas pelo CDA<\/div>\n<\/td>\n<\/tr>\n<\/tfoot>\n<tbody>\n<tr>\n<th>T\u00e9cnica de uni\u00e3o<\/th>\n<th>Adequa\u00e7\u00e3o<\/th>\n<\/tr>\n<\/tbody>\n<tbody>\n<tr bgcolor=\"#eeeeee\">\n<td><strong>Soldar<\/strong><\/td>\n<td>Excelente<\/td>\n<\/tr>\n<tr>\n<td><strong>Brazing<\/strong><\/td>\n<td>Bom<\/td>\n<\/tr>\n<tr bgcolor=\"#eeeeee\">\n<td><strong> Soldagem de oxiacetileno <\/strong><\/td>\n<td>N\u00e3o recomendado<\/td>\n<\/tr>\n<tr>\n<td><strong> Soldagem a arco protegido com g\u00e1s <\/strong><\/td>\n<td>N\u00e3o recomendado<\/td>\n<\/tr>\n<tr bgcolor=\"#eeeeee\">\n<td><strong> Soldagem a arco de metal revestido <\/strong><\/td>\n<td>N\u00e3o recomendado<\/td>\n<\/tr>\n<\/tbody>\n<\/table>\n<p><strong> Propriedades t\u00e9rmicas: <\/strong><\/p>\n<table border=\"1\" width=\"700\" cellspacing=\"0\" cellpadding=\"5\">\n<tfoot>\n<tr>\n<td colspan=\"12\">\n<div>Propriedades t\u00e9rmicas fornecidas pelo CDA<\/div>\n<\/td>\n<\/tr>\n<\/tfoot>\n<tbody>\n<tr>\n<th>Tratamento<\/th>\n<th>Temp.\/Hora &#8211; EUA<\/th>\n<th>Temp.\/Time &#8211; SI<\/th>\n<\/tr>\n<\/tbody>\n<tbody>\n<tr bgcolor=\"#eeeeee\">\n<td><strong> Temperatura de estresse <\/strong><\/td>\n<td>500<\/td>\n<td>260<\/td>\n<\/tr>\n<tr>\n<td><strong> Solu\u00e7\u00e3o m\u00ednima <\/strong><\/td>\n<td><\/td>\n<td><\/td>\n<\/tr>\n<tr bgcolor=\"#eeeeee\">\n<td><strong> Solu\u00e7\u00e3o m\u00e1xima <\/strong><\/td>\n<td><\/td>\n<td><\/td>\n<\/tr>\n<tr>\n<td><strong> Tempo da solu\u00e7\u00e3o <\/strong><\/td>\n<td>0,0<\/td>\n<td><\/td>\n<\/tr>\n<tr bgcolor=\"#eeeeee\">\n<td><strong> Solu\u00e7\u00e3o M\u00e9dia <\/strong><\/td>\n<td><\/td>\n<td><\/td>\n<\/tr>\n<tr>\n<td><strong> Valor de precipita\u00e7\u00e3o <\/strong><\/td>\n<td><\/td>\n<td><\/td>\n<\/tr>\n<tr bgcolor=\"#eeeeee\">\n<td><strong> Tempo de precipita\u00e7\u00e3o <\/strong><\/td>\n<td><\/td>\n<td><\/td>\n<\/tr>\n<tr>\n<td><strong> Precipita\u00e7\u00e3o M\u00e9dia <\/strong><\/td>\n<td><\/td>\n<td><\/td>\n<\/tr>\n<tr bgcolor=\"#eeeeee\">\n<td><strong> M\u00ednimo de recozimento <\/strong><\/td>\n<td><\/td>\n<td><\/td>\n<\/tr>\n<tr>\n<td><strong> M\u00e1ximo de recozimento <\/strong><\/td>\n<td><\/td>\n<td><\/td>\n<\/tr>\n<tr bgcolor=\"#eeeeee\">\n<td><strong> Tempo de recozimento <\/strong><\/td>\n<td><\/td>\n<td><\/td>\n<\/tr>\n<tr>\n<td><strong> M\u00ednimo de trabalhos a quente <\/strong><\/td>\n<td><\/td>\n<td><\/td>\n<\/tr>\n<tr bgcolor=\"#eeeeee\">\n<td><strong> M\u00e1ximo de trabalhos a quente <\/strong><\/td>\n<\/tr>\n<\/tbody>\n<\/table>\n","protected":false},"excerpt":{"rendered":"<p>C93200 \/ CDA 932 Ligas de Bronze com Chumbo Especifica\u00e7\u00e3o: CDA ASTM Asarcon SAE AMS Federal Militar Outro C932 B505 B505M B144-3B 77 660 J461 J462 QQ-C-390, E7; QQ-B-1005, COMP 12 MIL-B-11553, COMP 12 Bronze do rolamento Composi\u00e7\u00e3o Qu\u00edmica: Cu%1 Pb% Sn% Zn% Fe% P%2 Ni%3 Al% S% Sb% Si% Composi\u00e7\u00e3o qu\u00edmica de acordo com [&hellip;]<\/p>\n","protected":false},"author":1,"featured_media":0,"parent":0,"menu_order":0,"comment_status":"closed","ping_status":"closed","template":"","meta":{"_joinchat":[],"footnotes":""},"class_list":["post-3606","page","type-page","status-publish","hentry"],"_links":{"self":[{"href":"https:\/\/conex-casting.com\/pt-br\/wp-json\/wp\/v2\/pages\/3606","targetHints":{"allow":["GET"]}}],"collection":[{"href":"https:\/\/conex-casting.com\/pt-br\/wp-json\/wp\/v2\/pages"}],"about":[{"href":"https:\/\/conex-casting.com\/pt-br\/wp-json\/wp\/v2\/types\/page"}],"author":[{"embeddable":true,"href":"https:\/\/conex-casting.com\/pt-br\/wp-json\/wp\/v2\/users\/1"}],"replies":[{"embeddable":true,"href":"https:\/\/conex-casting.com\/pt-br\/wp-json\/wp\/v2\/comments?post=3606"}],"version-history":[{"count":1,"href":"https:\/\/conex-casting.com\/pt-br\/wp-json\/wp\/v2\/pages\/3606\/revisions"}],"predecessor-version":[{"id":3607,"href":"https:\/\/conex-casting.com\/pt-br\/wp-json\/wp\/v2\/pages\/3606\/revisions\/3607"}],"wp:attachment":[{"href":"https:\/\/conex-casting.com\/pt-br\/wp-json\/wp\/v2\/media?parent=3606"}],"curies":[{"name":"wp","href":"https:\/\/api.w.org\/{rel}","templated":true}]}}