{"id":3617,"date":"2021-02-23T06:07:45","date_gmt":"2021-02-23T06:07:45","guid":{"rendered":"http:\/\/conex-casting.com\/?page_id=3617"},"modified":"2021-03-04T14:32:06","modified_gmt":"2021-03-04T14:32:06","slug":"c93800-cda-938-ligas-de-estanho-com-chumbo","status":"publish","type":"page","link":"https:\/\/conex-casting.com\/pt-br\/c93800-cda-938-ligas-de-estanho-com-chumbo\/","title":{"rendered":"C93800 CDA 938 Ligas de estanho com chumbo"},"content":{"rendered":"<p style=\"text-align: center;\"><span style=\"text-decoration: underline;\"><span style=\"font-size: 18pt; color: #800000;\"><strong>Ligas de estanho com chumbo C93800 \/ CDA 938<\/strong><\/span><\/span><\/p>\n<p><strong> Especifica\u00e7\u00e3o: <\/strong><\/p>\n<table border=\"1\" width=\"700\" cellspacing=\"0\" cellpadding=\"5\">\n<tbody>\n<tr>\n<th>CDA<\/th>\n<th>ASTM<\/th>\n<th>Asarcon<\/th>\n<th>SAE<\/th>\n<th>AMS<\/th>\n<th>Federal<\/th>\n<th>Militar<\/th>\n<th>Outro<\/th>\n<\/tr>\n<\/tbody>\n<tbody>\n<tr bgcolor=\"#eeeeee\">\n<td>C938<\/td>\n<td>B505<br \/>\nB505M<br \/>\nB66<br \/>\nB144-3D<\/td>\n<td>715<\/td>\n<td><\/td>\n<td><\/td>\n<td>QQ-C-390, E6;<br \/>\nQQ-B-1005, COMP 19<\/td>\n<td>MIL-B-11553, COMP 19<\/td>\n<td>Metal anti-\u00e1cido<\/td>\n<\/tr>\n<\/tbody>\n<\/table>\n<p><strong> Composi\u00e7\u00e3o Qu\u00edmica: <\/strong><\/p>\n<table border=\"1\" width=\"700\" cellspacing=\"0\" cellpadding=\"5\">\n<tbody>\n<tr>\n<th>Cu%<\/th>\n<th>Pb%<\/th>\n<th>Sn%<\/th>\n<th>Zn%<\/th>\n<th>Fe%<\/th>\n<th>P%<sup>1<\/sup><\/th>\n<th>Ni%<sup>2<\/sup><\/th>\n<th>Al%<\/th>\n<th>S%<\/th>\n<th>Sb%<\/th>\n<th>Si%<\/th>\n<\/tr>\n<\/tbody>\n<tfoot>\n<tr>\n<td colspan=\"12\">\n<div>Composi\u00e7\u00e3o qu\u00edmica de acordo com ASTM B505 \/ B505M-18<\/div>\n<div><\/div>\n<div><sup> 1 <\/sup> Para vazamentos cont\u00ednuos, P deve ser 1,5%, m\u00e1x. <sup> 2 <\/sup> O valor Ni inclui Co.<\/div>\n<div>Nota: Cu + Soma dos Elementos Nomeados, 99,0% min. Valores \u00fanicos representam m\u00e1ximos.<\/div>\n<\/td>\n<\/tr>\n<\/tfoot>\n<tbody>\n<tr bgcolor=\"#eeeeee\">\n<td>75,00-<br \/>\n79,00<\/td>\n<td>13,00-<br \/>\n16,00<\/td>\n<td>6,30-<br \/>\n7,50<\/td>\n<td>0,80<\/td>\n<td>0,15<\/td>\n<td>0,05<\/td>\n<td>1,00<\/td>\n<td>0,005<\/td>\n<td>0,08<\/td>\n<td>0,80<\/td>\n<td>0,005<\/td>\n<\/tr>\n<\/tbody>\n<\/table>\n<p><strong> Usinabilidade: <\/strong><\/p>\n<table border=\"1\" width=\"700\" cellspacing=\"0\" cellpadding=\"5\">\n<tbody>\n<tr>\n<th>Liga de cobre No. UNS<\/th>\n<th>Classifica\u00e7\u00e3o de usinabilidade<\/th>\n<th>Densidade (lb \/ in <sup> 3 <\/sup> a 68 \u00b0 F)<\/th>\n<\/tr>\n<\/tbody>\n<tbody>\n<tr bgcolor=\"#eeeeee\">\n<td>C938<\/td>\n<td>80<\/td>\n<td>0,334<\/td>\n<\/tr>\n<\/tbody>\n<\/table>\n<p><strong> Propriedades Mec\u00e2nicas: <\/strong><\/p>\n<table border=\"1\" width=\"700\" cellspacing=\"0\" cellpadding=\"5\">\n<tfoot>\n<tr>\n<td colspan=\"12\">\n<div>Propriedades mec\u00e2nicas de acordo com ASTM B505 \/ B505M-18<\/div>\n<\/td>\n<\/tr>\n<\/tfoot>\n<tbody>\n<tr>\n<th colspan=\"2\">Resist\u00eancia \u00e0 tra\u00e7\u00e3o, min<\/th>\n<th colspan=\"2\">For\u00e7a de rendimento, a 0,5% de extens\u00e3o sob carga, min<\/th>\n<th>Alongamento, em 2 pol. ou 50 mm min<\/th>\n<th>Dureza Brinell (carga de 500 kg)<\/th>\n<th>Observa\u00e7\u00f5es<\/th>\n<\/tr>\n<tr>\n<th>ksi<\/th>\n<th>MPa<\/th>\n<th>ksi<\/th>\n<th>MPa<\/th>\n<th>%<\/th>\n<th>BHN t\u00edpico<\/th>\n<th><\/th>\n<\/tr>\n<\/tbody>\n<tbody>\n<tr bgcolor=\"#eeeeee\">\n<td>25<\/td>\n<td>172<\/td>\n<td>16<\/td>\n<td>110<\/td>\n<td>5<\/td>\n<td>55<\/td>\n<td><\/td>\n<\/tr>\n<\/tbody>\n<\/table>\n<p><strong> Propriedades F\u00edsicas: <\/strong><\/p>\n<table border=\"1\" width=\"700\" cellspacing=\"0\" cellpadding=\"5\">\n<tfoot>\n<tr>\n<td colspan=\"12\">\n<div>Propriedades f\u00edsicas fornecidas pelo CDA<\/div>\n<\/td>\n<\/tr>\n<\/tfoot>\n<tbody>\n<tr>\n<th><\/th>\n<th>Costumeiros nos EUA<\/th>\n<th>M\u00e9trica<\/th>\n<\/tr>\n<\/tbody>\n<tbody>\n<tr bgcolor=\"#eeeeee\">\n<td><strong> Ponto de fus\u00e3o &#8211; Liquidus <\/strong><\/td>\n<td>1730 \u00b0 F<\/td>\n<td>943 \u00b0 C<\/td>\n<\/tr>\n<tr>\n<td><strong> Ponto de fus\u00e3o &#8211; Solidus <\/strong><\/td>\n<td>1570 \u00b0 F<\/td>\n<td>854 \u00b0 C<\/td>\n<\/tr>\n<tr bgcolor=\"#eeeeee\">\n<td><strong>Densidade<\/strong><\/td>\n<td>0,334 lb \/ pol <sup> 3 <\/sup> a 68 \u00b0 F<\/td>\n<td>9,25 gm \/ cm <sup> 3 <\/sup> a 20 \u00b0 C<\/td>\n<\/tr>\n<tr>\n<td><strong> Gravidade espec\u00edfica <\/strong><\/td>\n<td>9,25<\/td>\n<td>9,25<\/td>\n<\/tr>\n<tr bgcolor=\"#eeeeee\">\n<td><strong> Condutividade el\u00e9trica <\/strong><\/td>\n<td>11% IACS a 68 \u00b0 F<\/td>\n<td>0,066 MegaSiemens \/ cm a 20 \u00b0 C<\/td>\n<\/tr>\n<tr>\n<td><strong> Condutividade t\u00e9rmica <\/strong><\/td>\n<td>30,2 Btu \/ p\u00e9s quadrados \/ p\u00e9s hr \/ \u00b0 F a 68 \u00b0 F<\/td>\n<td>52,3 W \/ m a 20 \u00b0 C<\/td>\n<\/tr>\n<tr bgcolor=\"#eeeeee\">\n<td><strong> Coeficiente de expans\u00e3o t\u00e9rmica 68-392 <\/strong><\/td>\n<td>10,3 \u00b7 10 <sup> -6 <\/sup> por \u00b0 F (68-392 \u00b0 F)<\/td>\n<td>17,8 \u00b7 10 <sup> -6 <\/sup> por \u00b0 C (20-200 \u00b0 C)<\/td>\n<\/tr>\n<tr>\n<td><strong> Capacidade de calor espec\u00edfica <\/strong><\/td>\n<td>0,09 Btu \/ lb \/ \u00b0 F a 68 \u00b0 F<\/td>\n<td>377,1 J \/ kg a 293 \u00b0 C<\/td>\n<\/tr>\n<tr bgcolor=\"#eeeeee\">\n<td><strong> M\u00f3dulo de elasticidade na tens\u00e3o <\/strong><\/td>\n<td>10500 ksi<\/td>\n<td>72400 MPa<\/td>\n<\/tr>\n<tr>\n<td><strong> Derretimento Incipiente <\/strong><\/td>\n<td>600 \u00b0 F<\/td>\n<td>316 \u00b0 C<\/td>\n<\/tr>\n<tr bgcolor=\"#eeeeee\">\n<td><strong> Permeabilidade magn\u00e9tica <\/strong><\/td>\n<td>1<\/td>\n<td>1<\/td>\n<\/tr>\n<\/tbody>\n<\/table>\n<p><strong> Propriedades de Fabrica\u00e7\u00e3o: <\/strong><\/p>\n<table border=\"1\" width=\"700\" cellspacing=\"0\" cellpadding=\"5\">\n<tfoot>\n<tr>\n<td colspan=\"12\">\n<div>Propriedades de fabrica\u00e7\u00e3o fornecidas pelo CDA<\/div>\n<div><\/div>\n<div><sup> 1 <\/sup> Visto que a brasagem \u00e9 realizada na faixa de temperatura curta quente, a tens\u00e3o deve ser evitada durante a brasagem e resfriamento.<\/div>\n<\/td>\n<\/tr>\n<\/tfoot>\n<tbody>\n<tr>\n<th>T\u00e9cnica de uni\u00e3o<\/th>\n<th>Adequa\u00e7\u00e3o<\/th>\n<\/tr>\n<\/tbody>\n<tbody>\n<tr bgcolor=\"#eeeeee\">\n<td><strong>Soldar<\/strong><\/td>\n<td>Bom<\/td>\n<\/tr>\n<tr>\n<td><strong>Brazing<\/strong><\/td>\n<td>Ruim<\/td>\n<\/tr>\n<tr bgcolor=\"#eeeeee\">\n<td><strong> Soldagem de oxiacetileno <\/strong><\/td>\n<td>N\u00e3o recomendado<\/td>\n<\/tr>\n<tr>\n<td><strong> Soldagem a arco protegido com g\u00e1s <\/strong><\/td>\n<td>N\u00e3o recomendado<\/td>\n<\/tr>\n<tr bgcolor=\"#eeeeee\">\n<td><strong> Soldagem a arco de metal revestido <\/strong><\/td>\n<td>N\u00e3o recomendado<\/td>\n<\/tr>\n<\/tbody>\n<\/table>\n<p><strong> Propriedades t\u00e9rmicas: <\/strong><\/p>\n<table border=\"1\" width=\"700\" cellspacing=\"0\" cellpadding=\"5\">\n<tfoot>\n<tr>\n<td colspan=\"12\">\n<div>Propriedades t\u00e9rmicas fornecidas pelo CDA<\/div>\n<\/td>\n<\/tr>\n<\/tfoot>\n<tbody>\n<tr>\n<th>Tratamento<\/th>\n<th>Temp.\/Hora &#8211; EUA<\/th>\n<th>Temp.\/Time &#8211; SI<\/th>\n<\/tr>\n<\/tbody>\n<tbody>\n<tr bgcolor=\"#eeeeee\">\n<td><strong> Temperatura de estresse <\/strong><\/td>\n<td>500<\/td>\n<td>260<\/td>\n<\/tr>\n<tr>\n<td><strong> Solu\u00e7\u00e3o m\u00ednima <\/strong><\/td>\n<td><\/td>\n<td><\/td>\n<\/tr>\n<tr bgcolor=\"#eeeeee\">\n<td><strong> Solu\u00e7\u00e3o m\u00e1xima <\/strong><\/td>\n<td><\/td>\n<td><\/td>\n<\/tr>\n<tr>\n<td><strong> Tempo da solu\u00e7\u00e3o <\/strong><\/td>\n<td>0,0<\/td>\n<td><\/td>\n<\/tr>\n<tr bgcolor=\"#eeeeee\">\n<td><strong> Solu\u00e7\u00e3o M\u00e9dia <\/strong><\/td>\n<td><\/td>\n<td><\/td>\n<\/tr>\n<tr>\n<td><strong> Valor de precipita\u00e7\u00e3o <\/strong><\/td>\n<td><\/td>\n<td><\/td>\n<\/tr>\n<tr bgcolor=\"#eeeeee\">\n<td><strong> Tempo de precipita\u00e7\u00e3o <\/strong><\/td>\n<td><\/td>\n<td><\/td>\n<\/tr>\n<tr>\n<td><strong> Precipita\u00e7\u00e3o M\u00e9dia <\/strong><\/td>\n<td><\/td>\n<td><\/td>\n<\/tr>\n<tr bgcolor=\"#eeeeee\">\n<td><strong> M\u00ednimo de recozimento <\/strong><\/td>\n<td><\/td>\n<td><\/td>\n<\/tr>\n<tr>\n<td><strong> M\u00e1ximo de recozimento <\/strong><\/td>\n<td><\/td>\n<td><\/td>\n<\/tr>\n<tr bgcolor=\"#eeeeee\">\n<td><strong> Tempo de recozimento <\/strong><\/td>\n<td><\/td>\n<td><\/td>\n<\/tr>\n<tr>\n<td><strong> M\u00ednimo de trabalhos a quente <\/strong><\/td>\n<td><\/td>\n<td><\/td>\n<\/tr>\n<tr bgcolor=\"#eeeeee\">\n<td><strong> M\u00e1ximo de trabalhos a quente <\/strong><\/td>\n<\/tr>\n<\/tbody>\n<\/table>\n","protected":false},"excerpt":{"rendered":"<p>Ligas de estanho com chumbo C93800 \/ CDA 938 Especifica\u00e7\u00e3o: CDA ASTM Asarcon SAE AMS Federal Militar Outro C938 B505 B505M B66 B144-3D 715 QQ-C-390, E6; QQ-B-1005, COMP 19 MIL-B-11553, COMP 19 Metal anti-\u00e1cido Composi\u00e7\u00e3o Qu\u00edmica: Cu% Pb% Sn% Zn% Fe% P%1 Ni%2 Al% S% Sb% Si% Composi\u00e7\u00e3o qu\u00edmica de acordo com ASTM B505 \/ [&hellip;]<\/p>\n","protected":false},"author":1,"featured_media":0,"parent":0,"menu_order":0,"comment_status":"closed","ping_status":"closed","template":"","meta":{"_joinchat":[],"footnotes":""},"class_list":["post-3617","page","type-page","status-publish","hentry"],"_links":{"self":[{"href":"https:\/\/conex-casting.com\/pt-br\/wp-json\/wp\/v2\/pages\/3617","targetHints":{"allow":["GET"]}}],"collection":[{"href":"https:\/\/conex-casting.com\/pt-br\/wp-json\/wp\/v2\/pages"}],"about":[{"href":"https:\/\/conex-casting.com\/pt-br\/wp-json\/wp\/v2\/types\/page"}],"author":[{"embeddable":true,"href":"https:\/\/conex-casting.com\/pt-br\/wp-json\/wp\/v2\/users\/1"}],"replies":[{"embeddable":true,"href":"https:\/\/conex-casting.com\/pt-br\/wp-json\/wp\/v2\/comments?post=3617"}],"version-history":[{"count":2,"href":"https:\/\/conex-casting.com\/pt-br\/wp-json\/wp\/v2\/pages\/3617\/revisions"}],"predecessor-version":[{"id":4411,"href":"https:\/\/conex-casting.com\/pt-br\/wp-json\/wp\/v2\/pages\/3617\/revisions\/4411"}],"wp:attachment":[{"href":"https:\/\/conex-casting.com\/pt-br\/wp-json\/wp\/v2\/media?parent=3617"}],"curies":[{"name":"wp","href":"https:\/\/api.w.org\/{rel}","templated":true}]}}