{"id":3625,"date":"2021-02-23T06:42:24","date_gmt":"2021-02-23T06:42:24","guid":{"rendered":"http:\/\/conex-casting.com\/?page_id=3625"},"modified":"2021-03-04T14:29:02","modified_gmt":"2021-03-04T14:29:02","slug":"c95400-cda-954-ligas-de-aluminio-bronze","status":"publish","type":"page","link":"https:\/\/conex-casting.com\/pt-br\/c95400-cda-954-ligas-de-aluminio-bronze\/","title":{"rendered":"C95400 CDA 954 Ligas de Alum\u00ednio Bronze"},"content":{"rendered":"<p style=\"text-align: center;\"><span style=\"text-decoration: underline; color: #800000;\"><span style=\"font-size: 18pt;\"><strong>C95400 \/ CDA 954 Ligas de Alum\u00ednio Bronze<\/strong><\/span><\/span><\/p>\n<p><strong> Especifica\u00e7\u00e3o: <\/strong><\/p>\n<table border=\"1\" width=\"700\" cellspacing=\"0\" cellpadding=\"5\">\n<tbody>\n<tr>\n<th>CDA<\/th>\n<th>ASTM<\/th>\n<th>Asarcon<\/th>\n<th>SAE<\/th>\n<th>AMS<\/th>\n<th>Federal<\/th>\n<th>Militar<\/th>\n<th>Outro<\/th>\n<\/tr>\n<\/tbody>\n<tbody>\n<tr bgcolor=\"#eeeeee\">\n<td>C954<\/td>\n<td>B505<br \/>\nB505M<\/td>\n<td><\/td>\n<td><\/td>\n<td><\/td>\n<td>QQ-C-390, G5;<br \/>\nQQ-B-671, Classe 3<\/td>\n<td>MIL-B-16033, Classe 3<\/td>\n<td>Alum\u00ednio Bronze 9C<\/td>\n<\/tr>\n<\/tbody>\n<\/table>\n<p><strong> Composi\u00e7\u00e3o Qu\u00edmica: <\/strong><\/p>\n<table border=\"1\" width=\"700\" cellspacing=\"0\" cellpadding=\"5\">\n<tbody>\n<tr>\n<th>Cu%<\/th>\n<th>Fe%<\/th>\n<th>Ni%<sup>1<\/sup><\/th>\n<th>Al%<\/th>\n<th>Mn%<\/th>\n<\/tr>\n<\/tbody>\n<tfoot>\n<tr>\n<td colspan=\"12\">\n<div>Composi\u00e7\u00e3o qu\u00edmica de acordo com ASTM B505 \/ B505M-18<\/div>\n<div><\/div>\n<div><sup> 1 <\/sup> O valor Ni inclui Co.<\/div>\n<div>Nota: Cu + Soma dos Elementos Nomeados, 99,5% min. Valores \u00fanicos, salvo indica\u00e7\u00e3o em contr\u00e1rio, representam m\u00e1ximos.<\/div>\n<\/td>\n<\/tr>\n<\/tfoot>\n<tbody>\n<tr bgcolor=\"#eeeeee\">\n<td>83,00<br \/>\nmin<\/td>\n<td>3,00-<br \/>\n5,00<\/td>\n<td>1,50<\/td>\n<td>10,00-<br \/>\n11,50<\/td>\n<td>0,50<\/td>\n<\/tr>\n<\/tbody>\n<\/table>\n<p><strong> Usinabilidade: <\/strong><\/p>\n<table border=\"1\" width=\"700\" cellspacing=\"0\" cellpadding=\"5\">\n<tbody>\n<tr>\n<th>Liga de cobre No. UNS<\/th>\n<th>Classifica\u00e7\u00e3o de usinabilidade<\/th>\n<th>Densidade (lb \/ cu in a 68 \u00b0 F)<\/th>\n<\/tr>\n<\/tbody>\n<tbody>\n<tr bgcolor=\"#eeeeee\">\n<td>C954<\/td>\n<td>60<\/td>\n<td>0,269<\/td>\n<\/tr>\n<\/tbody>\n<\/table>\n<p><strong> Propriedades Mec\u00e2nicas: <\/strong><\/p>\n<table border=\"1\" width=\"700\" cellspacing=\"0\" cellpadding=\"5\">\n<tfoot>\n<tr>\n<td colspan=\"12\">\n<div>Propriedades mec\u00e2nicas de acordo com ASTM B505 \/ B505M-18<\/div>\n<\/td>\n<\/tr>\n<\/tfoot>\n<tbody>\n<tr>\n<th colspan=\"2\">Resist\u00eancia \u00e0 tra\u00e7\u00e3o, min<\/th>\n<th colspan=\"2\">For\u00e7a de rendimento, a 0,5% de extens\u00e3o sob carga, min<\/th>\n<th>Alongamento, em 2 pol. ou 50 mm min<\/th>\n<th>Dureza Brinell (carga de 3.000 kg)<\/th>\n<th>Observa\u00e7\u00f5es<\/th>\n<\/tr>\n<tr>\n<th>ksi<\/th>\n<th>MPa<\/th>\n<th>ksi<\/th>\n<th>MPa<\/th>\n<th>%<\/th>\n<th>BHN t\u00edpico<\/th>\n<th><\/th>\n<\/tr>\n<\/tbody>\n<tbody>\n<tr bgcolor=\"#eeeeee\">\n<td>85<\/td>\n<td>586<\/td>\n<td>32<\/td>\n<td>221<\/td>\n<td>12<\/td>\n<td>170<\/td>\n<td><\/td>\n<\/tr>\n<\/tbody>\n<\/table>\n<p><strong> Propriedades F\u00edsicas: <\/strong><\/p>\n<table border=\"1\" width=\"700\" cellspacing=\"0\" cellpadding=\"5\">\n<tbody>\n<tr>\n<th><\/th>\n<th>Costumeiros nos EUA<\/th>\n<th>M\u00e9trica<\/th>\n<\/tr>\n<\/tbody>\n<tfoot>\n<tr>\n<td colspan=\"12\">\n<div>Propriedades f\u00edsicas fornecidas pelo CDA<\/div>\n<div><\/div>\n<div>* Como elenco, For\u00e7a de campo 16 kA \/ m ** TQ 50 Temperamento, For\u00e7a de campo 16 kA \/ m<\/div>\n<\/td>\n<\/tr>\n<\/tfoot>\n<tbody>\n<tr bgcolor=\"#eeeeee\">\n<td><strong> Ponto de fus\u00e3o &#8211; Liquidus <\/strong><\/td>\n<td>1900 \u00b0 F<\/td>\n<td>1038 \u00b0 C<\/td>\n<\/tr>\n<tr>\n<td><strong> Ponto de fus\u00e3o &#8211; Solidus <\/strong><\/td>\n<td>1880 \u00b0 F<\/td>\n<td>1027 \u00b0 C<\/td>\n<\/tr>\n<tr bgcolor=\"#eeeeee\">\n<td><strong>Densidade<\/strong><\/td>\n<td>0,269 lb \/ pol <sup> 3 <\/sup> a 68 \u00b0 F<\/td>\n<td>7,45 gm \/ cm <sup> 3 <\/sup> a 20 \u00b0 C<\/td>\n<\/tr>\n<tr>\n<td><strong> Gravidade espec\u00edfica <\/strong><\/td>\n<td>7,45<\/td>\n<td>7,45<\/td>\n<\/tr>\n<tr bgcolor=\"#eeeeee\">\n<td><strong> Condutividade el\u00e9trica <\/strong><\/td>\n<td>13% IACS<\/td>\n<td>0,075 MegaSiemens \/ cm a 20 \u00b0 C<\/td>\n<\/tr>\n<tr>\n<td><strong> Condutividade t\u00e9rmica <\/strong><\/td>\n<td>33,9 Btu \/ p\u00e9s quadrados \/ p\u00e9s hr \/ \u00b0 F a 68 \u00b0 F<\/td>\n<td>58,7 W \/ m a 20 \u00b0 C<\/td>\n<\/tr>\n<tr bgcolor=\"#eeeeee\">\n<td><strong> Coeficiente de expans\u00e3o t\u00e9rmica 68-572 <\/strong><\/td>\n<td>9 \u00b7 10 <sup> -6 <\/sup> por \u00b0 F (68-572 \u00b0 F)<\/td>\n<td>15,5 \u00b7 10 <sup> -6 <\/sup> por \u00b0 C (20-300 \u00b0 C)<\/td>\n<\/tr>\n<tr>\n<td><strong> Capacidade de calor espec\u00edfica <\/strong><\/td>\n<td>0,1 Btu \/ lb \/ \u00b0 F a 68 \u00b0 F<\/td>\n<td>419 J \/ kg a 293 \u00b0 C<\/td>\n<\/tr>\n<tr bgcolor=\"#eeeeee\">\n<td><strong> M\u00f3dulo de elasticidade na tens\u00e3o <\/strong><\/td>\n<td>15.500 ksi<\/td>\n<td>107000 MPa<\/td>\n<\/tr>\n<tr>\n<td><strong> Permeabilidade magn\u00e9tica * <\/strong><\/td>\n<td>1,27<\/td>\n<td>1,27<\/td>\n<\/tr>\n<tr bgcolor=\"#eeeeee\">\n<td><strong> Permeabilidade magn\u00e9tica ** <\/strong><\/td>\n<td>1,2<\/td>\n<td>1,2<\/td>\n<\/tr>\n<\/tbody>\n<\/table>\n<p><strong> Propriedades de Fabrica\u00e7\u00e3o: <\/strong><\/p>\n<table border=\"1\" width=\"700\" cellspacing=\"0\" cellpadding=\"5\">\n<tfoot>\n<tr>\n<td colspan=\"12\">\n<div>Propriedades de fabrica\u00e7\u00e3o fornecidas pelo CDA<\/div>\n<\/td>\n<\/tr>\n<\/tfoot>\n<tbody>\n<tr>\n<th>T\u00e9cnica de uni\u00e3o<\/th>\n<th>Adequa\u00e7\u00e3o<\/th>\n<\/tr>\n<\/tbody>\n<tbody>\n<tr bgcolor=\"#eeeeee\">\n<td><strong>Soldar<\/strong><\/td>\n<td>Bom<\/td>\n<\/tr>\n<tr>\n<td><strong>Brazing<\/strong><\/td>\n<td>Bom<\/td>\n<\/tr>\n<tr bgcolor=\"#eeeeee\">\n<td><strong> Soldagem de oxiacetileno <\/strong><\/td>\n<td>N\u00e3o recomendado<\/td>\n<\/tr>\n<tr>\n<td><strong> Soldagem a arco protegido com g\u00e1s <\/strong><\/td>\n<td>Bom<\/td>\n<\/tr>\n<tr bgcolor=\"#eeeeee\">\n<td><strong> Soldagem a arco de metal revestido <\/strong><\/td>\n<td>Bom<\/td>\n<\/tr>\n<\/tbody>\n<\/table>\n<p><strong> Propriedades t\u00e9rmicas: <\/strong><\/p>\n<table border=\"1\" width=\"700\" cellspacing=\"0\" cellpadding=\"5\">\n<tfoot>\n<tr>\n<td colspan=\"12\">\n<div>Propriedades t\u00e9rmicas fornecidas pelo CDA<\/div>\n<\/td>\n<\/tr>\n<\/tfoot>\n<tbody>\n<tr>\n<th>Tratamento<\/th>\n<th>Temp.\/Hora &#8211; EUA<\/th>\n<th>Temp.\/Time &#8211; SI<\/th>\n<\/tr>\n<\/tbody>\n<tbody>\n<tr bgcolor=\"#eeeeee\">\n<td><strong> Temperatura de estresse <\/strong><\/td>\n<td>600<\/td>\n<td>316<\/td>\n<\/tr>\n<tr>\n<td><strong> Solu\u00e7\u00e3o m\u00ednima <\/strong><\/td>\n<td>1600<\/td>\n<td>872<\/td>\n<\/tr>\n<tr bgcolor=\"#eeeeee\">\n<td><strong> Solu\u00e7\u00e3o m\u00e1xima <\/strong><\/td>\n<td>1675<\/td>\n<td>914<\/td>\n<\/tr>\n<tr>\n<td><strong> Tempo da solu\u00e7\u00e3o <\/strong><\/td>\n<td>1<\/td>\n<td><\/td>\n<\/tr>\n<tr bgcolor=\"#eeeeee\">\n<td><strong> Solu\u00e7\u00e3o M\u00e9dia <\/strong><\/td>\n<td>\u00c1gua<\/td>\n<td><\/td>\n<\/tr>\n<tr>\n<td><strong> Valor de precipita\u00e7\u00e3o <\/strong><\/td>\n<td><\/td>\n<td><\/td>\n<\/tr>\n<tr bgcolor=\"#eeeeee\">\n<td><strong> Tempo de precipita\u00e7\u00e3o <\/strong><\/td>\n<td><\/td>\n<td><\/td>\n<\/tr>\n<tr>\n<td><strong> Precipita\u00e7\u00e3o M\u00e9dia <\/strong><\/td>\n<td><\/td>\n<td><\/td>\n<\/tr>\n<tr bgcolor=\"#eeeeee\">\n<td><strong> M\u00ednimo de recozimento <\/strong><\/td>\n<td>1150<\/td>\n<td>622<\/td>\n<\/tr>\n<tr>\n<td><strong> M\u00e1ximo de recozimento <\/strong><\/td>\n<td>1225<\/td>\n<td>663<\/td>\n<\/tr>\n<tr bgcolor=\"#eeeeee\">\n<td><strong> Tempo de recozimento <\/strong><\/td>\n<td>1<\/td>\n<td><\/td>\n<\/tr>\n<tr>\n<td><strong> M\u00ednimo de trabalhos a quente <\/strong><\/td>\n<td><\/td>\n<td><\/td>\n<\/tr>\n<tr bgcolor=\"#eeeeee\">\n<td><strong> M\u00e1ximo de trabalhos a quente <\/strong><\/td>\n<\/tr>\n<\/tbody>\n<\/table>\n","protected":false},"excerpt":{"rendered":"<p>C95400 \/ CDA 954 Ligas de Alum\u00ednio Bronze Especifica\u00e7\u00e3o: CDA ASTM Asarcon SAE AMS Federal Militar Outro C954 B505 B505M QQ-C-390, G5; QQ-B-671, Classe 3 MIL-B-16033, Classe 3 Alum\u00ednio Bronze 9C Composi\u00e7\u00e3o Qu\u00edmica: Cu% Fe% Ni%1 Al% Mn% Composi\u00e7\u00e3o qu\u00edmica de acordo com ASTM B505 \/ B505M-18 1 O valor Ni inclui Co. Nota: Cu [&hellip;]<\/p>\n","protected":false},"author":1,"featured_media":0,"parent":0,"menu_order":0,"comment_status":"closed","ping_status":"closed","template":"","meta":{"_joinchat":[],"footnotes":""},"class_list":["post-3625","page","type-page","status-publish","hentry"],"_links":{"self":[{"href":"https:\/\/conex-casting.com\/pt-br\/wp-json\/wp\/v2\/pages\/3625","targetHints":{"allow":["GET"]}}],"collection":[{"href":"https:\/\/conex-casting.com\/pt-br\/wp-json\/wp\/v2\/pages"}],"about":[{"href":"https:\/\/conex-casting.com\/pt-br\/wp-json\/wp\/v2\/types\/page"}],"author":[{"embeddable":true,"href":"https:\/\/conex-casting.com\/pt-br\/wp-json\/wp\/v2\/users\/1"}],"replies":[{"embeddable":true,"href":"https:\/\/conex-casting.com\/pt-br\/wp-json\/wp\/v2\/comments?post=3625"}],"version-history":[{"count":1,"href":"https:\/\/conex-casting.com\/pt-br\/wp-json\/wp\/v2\/pages\/3625\/revisions"}],"predecessor-version":[{"id":3626,"href":"https:\/\/conex-casting.com\/pt-br\/wp-json\/wp\/v2\/pages\/3625\/revisions\/3626"}],"wp:attachment":[{"href":"https:\/\/conex-casting.com\/pt-br\/wp-json\/wp\/v2\/media?parent=3625"}],"curies":[{"name":"wp","href":"https:\/\/api.w.org\/{rel}","templated":true}]}}