{"id":3629,"date":"2021-02-23T06:58:14","date_gmt":"2021-02-23T06:58:14","guid":{"rendered":"http:\/\/conex-casting.com\/?page_id=3629"},"modified":"2021-03-04T14:28:40","modified_gmt":"2021-03-04T14:28:40","slug":"liga-de-bronze-c95500-cda-955","status":"publish","type":"page","link":"https:\/\/conex-casting.com\/pt-br\/liga-de-bronze-c95500-cda-955\/","title":{"rendered":"Liga de bronze C95500 CDA 955"},"content":{"rendered":"<p style=\"text-align: center;\"><span style=\"text-decoration: underline; color: #800000;\"><span style=\"font-size: 18pt;\"><strong>Liga de bronze C95500 \/ CDA 955<\/strong><\/span><\/span><\/p>\n<table style=\"height: 288px;\" border=\"1\" width=\"500\" cellspacing=\"0\" cellpadding=\"5\">\n<tbody>\n<tr style=\"altura: 24px;\" bgcolor=\"#eeeeee\">\n<th style=\"height: 24px;\"><b> Elemento% <\/b><\/th>\n<th style=\"height: 24px;\"><b> Nominal <\/b><\/th>\n<th style=\"height: 24px;\"><b> M\u00ednimo <\/b><\/th>\n<th style=\"height: 24px;\"><b> M\u00e1ximo <\/b><\/th>\n<\/tr>\n<\/tbody>\n<tbody>\n<tr style=\"height: 24px;\">\n<td style=\"height: 24px;\"><strong> Alum\u00ednio <\/strong><\/td>\n<td style=\"height: 24px;\">11<\/td>\n<td style=\"height: 24px;\">10<\/td>\n<td style=\"height: 24px;\">11,5<\/td>\n<\/tr>\n<tr style=\"altura: 24px;\" bgcolor=\"#eeeeee\">\n<td style=\"height: 24px;\"><strong> Cobre <\/strong><\/td>\n<td style=\"height: 24px;\">81<\/td>\n<td style=\"height: 24px;\">78<\/td>\n<td style=\"height: 24px;\">&#8211;<\/td>\n<\/tr>\n<tr style=\"height: 24px;\">\n<td style=\"height: 24px;\"><strong> Ferro <\/strong><\/td>\n<td style=\"height: 24px;\">4<\/td>\n<td style=\"height: 24px;\">3<\/td>\n<td style=\"height: 24px;\">5<\/td>\n<\/tr>\n<tr style=\"altura: 24px;\" bgcolor=\"#eeeeee\">\n<td style=\"height: 24px;\"><strong> Mangan\u00eas <\/strong><\/td>\n<td style=\"height: 24px;\">&#8211;<\/td>\n<td style=\"height: 24px;\">&#8211;<\/td>\n<td style=\"height: 24px;\">3,5<\/td>\n<\/tr>\n<tr style=\"height: 24px;\">\n<td style=\"height: 24px;\"><strong> N\u00edquel <\/strong><\/td>\n<td style=\"height: 24px;\">4<\/td>\n<td style=\"height: 24px;\">3<\/td>\n<td style=\"height: 24px;\">5,5<\/td>\n<\/tr>\n<tr style=\"altura: 48px;\" bgcolor=\"#eeeeee\">\n<td style=\"height: 48px;\"><strong> Dureza BHN (carga de 3.000 kg) <\/strong><\/td>\n<td style=\"height: 48px;\">&#8211;<\/td>\n<td style=\"height: 48px;\">190<\/td>\n<td style=\"height: 48px;\">&#8211;<\/td>\n<\/tr>\n<tr style=\"height: 24px;\">\n<td style=\"height: 24px;\"><strong> Resist\u00eancia \u00e0 tra\u00e7\u00e3o ksi <\/strong><\/td>\n<td style=\"height: 24px;\">&#8211;<\/td>\n<td style=\"height: 24px;\">95<\/td>\n<td style=\"height: 24px;\">&#8211;<\/td>\n<\/tr>\n<tr style=\"altura: 48px;\" bgcolor=\"#eeeeee\">\n<td style=\"height: 48px;\"><strong> For\u00e7a de elasticidade ksi (0,5% ext. sob carga) <\/strong><\/td>\n<td style=\"height: 48px;\">&#8211;<\/td>\n<td style=\"height: 48px;\">42<\/td>\n<td style=\"height: 48px;\">&#8211;<\/td>\n<\/tr>\n<tr style=\"height: 24px;\">\n<td style=\"height: 24px;\"><strong>% de alongamento em 2 polegadas <\/strong><\/td>\n<td style=\"height: 24px;\">&#8211;<\/td>\n<td style=\"height: 24px;\">10<\/td>\n<td style=\"height: 24px;\">&#8211;<\/td>\n<\/tr>\n<\/tbody>\n<\/table>\n<p style=\"text-align: justify;\">Os valores listados acima representam aproxima\u00e7\u00f5es razo\u00e1veis \u200b\u200badequadas para uso geral de engenharia. Devido \u00e0s varia\u00e7\u00f5es comerciais na composi\u00e7\u00e3o e \u00e0s limita\u00e7\u00f5es de fabrica\u00e7\u00e3o, eles n\u00e3o devem ser usados \u200b\u200bpara fins de especifica\u00e7\u00e3o.<\/p>\n<p><strong> Aplicativos: <\/strong><br \/>\nGuias de v\u00e1lvula e assentos em motores de aeronaves, pe\u00e7as resistentes \u00e0 corros\u00e3o, rolamentos, buchas, engrenagens, engrenagens sem-fim, ganchos e cestas de decapagem, agitadores.<\/p>\n<p><strong> Propriedades F\u00edsicas: <\/strong><\/p>\n<table border=\"1\" width=\"500\" cellspacing=\"0\" cellpadding=\"5\">\n<tbody>\n<tr bgcolor=\"#eeeeee\">\n<td><strong> Condutividade t\u00e9rmica <\/strong><\/td>\n<td>BTU \/ (sq ft-ft-hr-F)<\/td>\n<td>24,2<\/td>\n<\/tr>\n<tr>\n<td><strong> Calor espec\u00edfico <\/strong><\/td>\n<td>BTU \/ lb \/ \u00baF @ 68F<\/td>\n<td>0,10<\/td>\n<\/tr>\n<tr bgcolor=\"#eeeeee\">\n<td><strong> Expans\u00e3o t\u00e9rmica <\/strong><\/td>\n<td>Por \u00b0 F de 68 F a 572 F<\/td>\n<td>0,000009<\/td>\n<\/tr>\n<tr>\n<td><strong>Densidade<\/strong><\/td>\n<td>lb \/ cu in @ 68 F<\/td>\n<td>.272<\/td>\n<\/tr>\n<tr bgcolor=\"#eeeeee\">\n<td><strong> Condutividade el\u00e9trica * (recozido) <\/strong><\/td>\n<td>% IACS @ 68 F<\/td>\n<td>8,5<\/td>\n<\/tr>\n<tr>\n<td><strong> M\u00f3dulo de elasticidade <\/strong><\/td>\n<td>KSI<\/td>\n<td>16.000<\/td>\n<\/tr>\n<\/tbody>\n<\/table>\n<p><strong> Pr\u00e1ticas de Fabrica\u00e7\u00e3o: <\/strong><\/p>\n<table border=\"1\" width=\"500\" cellspacing=\"0\" cellpadding=\"5\">\n<tbody>\n<tr bgcolor=\"#eeeeee\">\n<td width=\"264\" height=\"26\"><strong> Temperatura de al\u00edvio de estresse <\/strong><\/td>\n<td width=\"200\" height=\"26\">600 F ou 316 C<\/td>\n<\/tr>\n<tr>\n<td width=\"264\" height=\"26\"><strong> Tempo na temperatura <\/strong><\/td>\n<td width=\"200\" height=\"26\">1 hora por polegada de espessura de se\u00e7\u00e3o<\/td>\n<\/tr>\n<tr bgcolor=\"#eeeeee\">\n<td width=\"264\" height=\"26\"><strong> Responde ao tratamento t\u00e9rmico <\/strong><\/td>\n<td width=\"200\" height=\"26\">Sim<\/td>\n<\/tr>\n<tr>\n<td width=\"264\" height=\"26\"><strong> Temperatura de tratamento t\u00e9rmico da solu\u00e7\u00e3o <\/strong><\/td>\n<td width=\"200\" height=\"26\">1585-1635 F ou 860-890 C<\/td>\n<\/tr>\n<tr bgcolor=\"#eeeeee\">\n<td width=\"264\" height=\"26\"><strong> Tempo na temperatura <\/strong><\/td>\n<td width=\"200\" height=\"26\">1 hora por polegada de espessura de se\u00e7\u00e3o<\/td>\n<\/tr>\n<tr>\n<td width=\"264\" height=\"26\"><strong> Meio de t\u00eampera <\/strong><\/td>\n<td width=\"200\" height=\"26\">\u00c1gua ou resfriamento de \u00f3leo<\/td>\n<\/tr>\n<tr bgcolor=\"#eeeeee\">\n<td width=\"264\" height=\"26\"><strong> Temperatura de recozimento <\/strong><\/td>\n<td width=\"200\" height=\"26\">1150-1225 F ou 620-660 C<\/td>\n<\/tr>\n<tr>\n<td width=\"264\" height=\"26\"><strong> Tempo na temperatura <\/strong><\/td>\n<td width=\"200\" height=\"26\">1 hora por polegada de espessura de se\u00e7\u00e3o<\/td>\n<\/tr>\n<tr bgcolor=\"#eeeeee\">\n<td width=\"264\" height=\"26\"><strong> Classifica\u00e7\u00e3o de usinabilidade (lat\u00e3o de corte livre = 100) <\/strong><\/td>\n<td width=\"200\" height=\"26\">50<\/td>\n<\/tr>\n<tr>\n<td width=\"264\" height=\"26\"><strong> Adequa\u00e7\u00e3o para ser unido por: <\/strong><\/td>\n<td width=\"200\" height=\"26\">Solda \/ Boa<\/td>\n<\/tr>\n<tr bgcolor=\"#eeeeee\">\n<td width=\"264\" height=\"26\"><\/td>\n<td width=\"200\" height=\"26\">Brasagem \/ Razo\u00e1vel<\/td>\n<\/tr>\n<tr>\n<td width=\"264\" height=\"26\"><\/td>\n<td width=\"200\" height=\"26\">Soldagem de oxiacetileno \/ n\u00e3o recomendada<\/td>\n<\/tr>\n<tr bgcolor=\"#eeeeee\">\n<td width=\"264\" height=\"26\"><\/td>\n<td width=\"200\" height=\"26\">Soldagem a arco de carbono \/ fraca<\/td>\n<\/tr>\n<tr>\n<td width=\"264\" height=\"26\"><\/td>\n<td width=\"200\" height=\"26\">Soldagem a arco com g\u00e1s blindado \/ boa<\/td>\n<\/tr>\n<tr bgcolor=\"#eeeeee\">\n<td width=\"264\" height=\"26\"><\/td>\n<td width=\"200\" height=\"26\">Soldagem por arco de metal revestido \/ boa<\/td>\n<\/tr>\n<\/tbody>\n<\/table>\n","protected":false},"excerpt":{"rendered":"<p>Liga de bronze C95500 \/ CDA 955 Elemento% Nominal M\u00ednimo M\u00e1ximo Alum\u00ednio 11 10 11,5 Cobre 81 78 &#8211; Ferro 4 3 5 Mangan\u00eas &#8211; &#8211; 3,5 N\u00edquel 4 3 5,5 Dureza BHN (carga de 3.000 kg) &#8211; 190 &#8211; Resist\u00eancia \u00e0 tra\u00e7\u00e3o ksi &#8211; 95 &#8211; For\u00e7a de elasticidade ksi (0,5% ext. sob carga) [&hellip;]<\/p>\n","protected":false},"author":1,"featured_media":0,"parent":0,"menu_order":0,"comment_status":"closed","ping_status":"closed","template":"","meta":{"_joinchat":[],"footnotes":""},"class_list":["post-3629","page","type-page","status-publish","hentry"],"_links":{"self":[{"href":"https:\/\/conex-casting.com\/pt-br\/wp-json\/wp\/v2\/pages\/3629","targetHints":{"allow":["GET"]}}],"collection":[{"href":"https:\/\/conex-casting.com\/pt-br\/wp-json\/wp\/v2\/pages"}],"about":[{"href":"https:\/\/conex-casting.com\/pt-br\/wp-json\/wp\/v2\/types\/page"}],"author":[{"embeddable":true,"href":"https:\/\/conex-casting.com\/pt-br\/wp-json\/wp\/v2\/users\/1"}],"replies":[{"embeddable":true,"href":"https:\/\/conex-casting.com\/pt-br\/wp-json\/wp\/v2\/comments?post=3629"}],"version-history":[{"count":1,"href":"https:\/\/conex-casting.com\/pt-br\/wp-json\/wp\/v2\/pages\/3629\/revisions"}],"predecessor-version":[{"id":3630,"href":"https:\/\/conex-casting.com\/pt-br\/wp-json\/wp\/v2\/pages\/3629\/revisions\/3630"}],"wp:attachment":[{"href":"https:\/\/conex-casting.com\/pt-br\/wp-json\/wp\/v2\/media?parent=3629"}],"curies":[{"name":"wp","href":"https:\/\/api.w.org\/{rel}","templated":true}]}}