{"id":3631,"date":"2021-02-23T07:03:34","date_gmt":"2021-02-23T07:03:34","guid":{"rendered":"http:\/\/conex-casting.com\/?page_id=3631"},"modified":"2021-03-04T14:27:15","modified_gmt":"2021-03-04T14:27:15","slug":"liga-de-bronze-c95600-cda-956","status":"publish","type":"page","link":"https:\/\/conex-casting.com\/pt-br\/liga-de-bronze-c95600-cda-956\/","title":{"rendered":"Liga de bronze C95600 CDA 956"},"content":{"rendered":"<p style=\"text-align: center;\"><span style=\"text-decoration: underline; color: #800000;\"><span style=\"font-size: 18pt;\"><strong>Liga de bronze C95600 \/ CDA 956<\/strong><\/span><\/span><\/p>\n<table border=\"1\" width=\"500\" cellspacing=\"0\" cellpadding=\"5\">\n<tbody>\n<tr bgcolor=\"#717e94\">\n<td><span style=\"color: #ffffff;\"> <strong> Elemento <\/strong> <\/span><\/td>\n<td><span style=\"color: #ffffff;\"> <strong> Nominal <\/strong> <\/span><\/td>\n<td><span style=\"color: #ffffff;\"> <strong> M\u00ednimo <\/strong> <\/span><\/td>\n<td><span style=\"color: #ffffff;\"> <strong> M\u00e1ximo <\/strong> <\/span><\/td>\n<\/tr>\n<tr>\n<td><strong>Cobre<\/strong><\/td>\n<td>90,3<\/td>\n<td>88<\/td>\n<td>Rem.<\/td>\n<\/tr>\n<tr bgcolor=\"#eeeeee\">\n<td><strong>Lead<\/strong><\/td>\n<td>&#8211;<\/td>\n<td>&#8211;<\/td>\n<td>&#8211;<\/td>\n<\/tr>\n<tr>\n<td><strong>Iron<\/strong><\/td>\n<td>&#8211;<\/td>\n<td>&#8211;<\/td>\n<td>&#8211;<\/td>\n<\/tr>\n<tr bgcolor=\"#eeeeee\">\n<td><strong> N\u00edquel (incl Co) <\/strong><\/td>\n<td>&#8211;<\/td>\n<td>&#8211;<\/td>\n<td>0,25<\/td>\n<\/tr>\n<tr>\n<td><strong>Alum\u00ednio<\/strong><\/td>\n<td>7<\/td>\n<td>6<\/td>\n<td>8<\/td>\n<\/tr>\n<tr bgcolor=\"#eeeeee\">\n<td><strong>landaMangan\u00eas<\/strong><\/td>\n<td>&#8211;<\/td>\n<td>&#8211;<\/td>\n<td>&#8211;<\/td>\n<\/tr>\n<tr>\n<td><strong>Magn\u00e9sio<\/strong><\/td>\n<td>&#8211;<\/td>\n<td>&#8211;<\/td>\n<td>&#8211;<\/td>\n<\/tr>\n<tr bgcolor=\"#eeeeee\">\n<td><strong>Sil\u00edcio<\/strong><\/td>\n<td>2,5<\/td>\n<td>1.8<\/td>\n<td>3.2<\/td>\n<\/tr>\n<tr>\n<td><strong>Zinco<\/strong><\/td>\n<td>&#8211;<\/td>\n<td>&#8211;<\/td>\n<td>&#8211;<\/td>\n<\/tr>\n<tr bgcolor=\"#eeeeee\">\n<td><strong>Tin<\/strong><\/td>\n<td>&#8211;<\/td>\n<td>&#8211;<\/td>\n<td>&#8211;<\/td>\n<\/tr>\n<\/tbody>\n<\/table>\n<p><strong> Propriedades F\u00edsicas: <\/strong><\/p>\n<table border=\"1\" width=\"500\" cellspacing=\"0\" cellpadding=\"5\">\n<tbody>\n<tr bgcolor=\"#eeeeee\">\n<td><strong> Condutividade t\u00e9rmica <\/strong><\/td>\n<td>BTU \/ (sq ft-ft-hr-F)<\/td>\n<td>22,3<\/td>\n<\/tr>\n<tr>\n<td><strong> Calor espec\u00edfico <\/strong><\/td>\n<td>BTU \/ lb \/ \u00baF @ 68F<\/td>\n<td>0,09<\/td>\n<\/tr>\n<tr bgcolor=\"#eeeeee\">\n<td><strong> Expans\u00e3o t\u00e9rmica <\/strong><\/td>\n<td>Por \u00b0 F de 68 F a 572 F<\/td>\n<td>0,000009<\/td>\n<\/tr>\n<tr>\n<td><strong>Densidade<\/strong><\/td>\n<td>lb \/ cu in @ 68 F<\/td>\n<td>.278<\/td>\n<\/tr>\n<tr bgcolor=\"#eeeeee\">\n<td><strong> Condutividade el\u00e9trica <\/strong><\/td>\n<td>% IACS @ 68 F<\/td>\n<td>8<\/td>\n<\/tr>\n<tr>\n<td><strong> M\u00f3dulo de elasticidade <\/strong><\/td>\n<td>KSI<\/td>\n<td>15.000<\/td>\n<\/tr>\n<\/tbody>\n<\/table>\n","protected":false},"excerpt":{"rendered":"<p>Liga de bronze C95600 \/ CDA 956 Elemento Nominal M\u00ednimo M\u00e1ximo Cobre 90,3 88 Rem. Lead &#8211; &#8211; &#8211; Iron &#8211; &#8211; &#8211; N\u00edquel (incl Co) &#8211; &#8211; 0,25 Alum\u00ednio 7 6 8 landaMangan\u00eas &#8211; &#8211; &#8211; Magn\u00e9sio &#8211; &#8211; &#8211; Sil\u00edcio 2,5 1.8 3.2 Zinco &#8211; &#8211; &#8211; Tin &#8211; &#8211; &#8211; Propriedades F\u00edsicas: [&hellip;]<\/p>\n","protected":false},"author":1,"featured_media":0,"parent":0,"menu_order":0,"comment_status":"closed","ping_status":"closed","template":"","meta":{"_joinchat":[],"footnotes":""},"class_list":["post-3631","page","type-page","status-publish","hentry"],"_links":{"self":[{"href":"https:\/\/conex-casting.com\/pt-br\/wp-json\/wp\/v2\/pages\/3631","targetHints":{"allow":["GET"]}}],"collection":[{"href":"https:\/\/conex-casting.com\/pt-br\/wp-json\/wp\/v2\/pages"}],"about":[{"href":"https:\/\/conex-casting.com\/pt-br\/wp-json\/wp\/v2\/types\/page"}],"author":[{"embeddable":true,"href":"https:\/\/conex-casting.com\/pt-br\/wp-json\/wp\/v2\/users\/1"}],"replies":[{"embeddable":true,"href":"https:\/\/conex-casting.com\/pt-br\/wp-json\/wp\/v2\/comments?post=3631"}],"version-history":[{"count":1,"href":"https:\/\/conex-casting.com\/pt-br\/wp-json\/wp\/v2\/pages\/3631\/revisions"}],"predecessor-version":[{"id":3632,"href":"https:\/\/conex-casting.com\/pt-br\/wp-json\/wp\/v2\/pages\/3631\/revisions\/3632"}],"wp:attachment":[{"href":"https:\/\/conex-casting.com\/pt-br\/wp-json\/wp\/v2\/media?parent=3631"}],"curies":[{"name":"wp","href":"https:\/\/api.w.org\/{rel}","templated":true}]}}