{"id":3633,"date":"2021-02-23T07:13:24","date_gmt":"2021-02-23T07:13:24","guid":{"rendered":"http:\/\/conex-casting.com\/?page_id=3633"},"modified":"2021-03-04T14:27:05","modified_gmt":"2021-03-04T14:27:05","slug":"c95800-cda-958-ligas-de-aluminio-bronze","status":"publish","type":"page","link":"https:\/\/conex-casting.com\/pt-br\/c95800-cda-958-ligas-de-aluminio-bronze\/","title":{"rendered":"C95800 CDA 958 Ligas de Alum\u00ednio Bronze"},"content":{"rendered":"<p style=\"text-align: center;\"><span style=\"text-decoration: underline; color: #800000; font-size: 18pt;\"><strong>C95800 \/ CDA 958 Ligas de Alum\u00ednio Bronze<\/strong><\/span><\/p>\n<p style=\"text-align: left;\">CDA 958 ASTM B 505, ASTM B 271<br \/>\n<strong>% de composi\u00e7\u00e3o qu\u00edmica por peso: <\/strong><\/p>\n<table border=\"1\" width=\"700\" cellspacing=\"0\" cellpadding=\"5\">\n<tbody>\n<tr bgcolor=\"#717e94\">\n<td><span style=\"color: #ffffff;\"> <strong> Elemento <\/strong> <\/span><\/td>\n<td><span style=\"color: #ffffff;\"> <strong> Nominal <\/strong> <\/span><\/td>\n<td><span style=\"color: #ffffff;\"> <strong> M\u00ednimo <\/strong> <\/span><\/td>\n<td><span style=\"color: #ffffff;\"> <strong> M\u00e1ximo <\/strong> <\/span><\/td>\n<\/tr>\n<tr bgcolor=\"#eeeeee\">\n<td>Alum\u00ednio<\/td>\n<td>9<\/td>\n<td>8,5<\/td>\n<td>9,5<\/td>\n<\/tr>\n<tr>\n<td>Cobre<\/td>\n<td>81<\/td>\n<td>79<\/td>\n<td>&#8211;<\/td>\n<\/tr>\n<tr bgcolor=\"#eeeeee\">\n<td>Iron<\/td>\n<td>4<\/td>\n<td>3,5<\/td>\n<td>4.5<\/td>\n<\/tr>\n<tr>\n<td>landaMangan\u00eas<\/td>\n<td>1<\/td>\n<td>.8<\/td>\n<td>1,5<\/td>\n<\/tr>\n<tr bgcolor=\"#eeeeee\">\n<td>N\u00edquel<\/td>\n<td>5<\/td>\n<td>4<\/td>\n<td>5<\/td>\n<\/tr>\n<tr>\n<td>Sil\u00edcio<\/td>\n<td>&#8211;<\/td>\n<td>&#8211;<\/td>\n<td>0,10<\/td>\n<\/tr>\n<\/tbody>\n<\/table>\n<p><strong> Aplicativos: <\/strong><br \/>\nCubos de h\u00e9lice, p\u00e1s e outras pe\u00e7as em contato com \u00e1gua salgada.<\/p>\n<p><strong> Propriedades mec\u00e2nicas (como fundido): <\/strong><br \/>\n<em> M07 &#8211; Como elenco cont\u00ednuo <\/em><\/p>\n<table border=\"1\" width=\"700\" cellspacing=\"0\" cellpadding=\"5\">\n<tbody>\n<tr bgcolor=\"#eeeeee\">\n<td>Dureza *<\/td>\n<td>Dureza Brinell (carga de 3.000 kg)<\/td>\n<td>159<\/td>\n<\/tr>\n<tr>\n<td>Resist\u00eancia \u00e0 tra\u00e7\u00e3o **<\/td>\n<td>KSI<\/td>\n<td>90<\/td>\n<\/tr>\n<tr bgcolor=\"#eeeeee\">\n<td>For\u00e7a de rendimento **<\/td>\n<td>KSI (0,5% Ext. sob carga)<\/td>\n<td>38<\/td>\n<\/tr>\n<tr>\n<td>Alongamento **<\/td>\n<td>% em 2 polegadas<\/td>\n<td>18<\/td>\n<\/tr>\n<\/tbody>\n<\/table>\n<p>** Os valores de teste s\u00e3o aproxima\u00e7\u00f5es nominais e dependem do tamanho e orienta\u00e7\u00e3o da amostra.<\/p>\n<p><strong> Propriedades F\u00edsicas: <\/strong><\/p>\n<table border=\"1\" width=\"700\" cellspacing=\"0\" cellpadding=\"5\">\n<tbody>\n<tr bgcolor=\"#eeeeee\">\n<td>Condutividade t\u00e9rmica<\/td>\n<td>BTU \/ (sq ft-ft-hr-F)<\/td>\n<td>20,8<\/td>\n<\/tr>\n<tr>\n<td>Calor espec\u00edfico<\/td>\n<td>BTU \/ lb \/ \u00baF @ 68F<\/td>\n<td>0,105<\/td>\n<\/tr>\n<tr bgcolor=\"#eeeeee\">\n<td>Expans\u00e3o t\u00e9rmica<\/td>\n<td>Por \u00b0 F de 68 F a 572 F<\/td>\n<td>0,000009<\/td>\n<\/tr>\n<tr>\n<td>Densidade<\/td>\n<td>lb \/ cu in @ 68 F<\/td>\n<td>.276<\/td>\n<\/tr>\n<tr bgcolor=\"#eeeeee\">\n<td>Condutividade el\u00e9trica * (recozido)<\/td>\n<td>% IACS @ 68 F<\/td>\n<td>7.1<\/td>\n<\/tr>\n<tr>\n<td>M\u00f3dulo de elasticidade<\/td>\n<td>KSI<\/td>\n<td>16.500<\/td>\n<\/tr>\n<\/tbody>\n<\/table>\n<p>* Base de volume<\/p>\n<p><strong>Pr\u00e1ticas de Fabrica\u00e7\u00e3o: <\/strong><\/p>\n<table border=\"1\" width=\"700\" cellspacing=\"0\" cellpadding=\"5\">\n<tbody>\n<tr bgcolor=\"#eeeeee\">\n<td>Temperatura para aliviar o estresse<\/td>\n<td>600 F ou 316 C<\/td>\n<\/tr>\n<tr>\n<td>Tempo na temperatura<\/td>\n<td>1 hora por polegada de espessura de se\u00e7\u00e3o<\/td>\n<\/tr>\n<tr bgcolor=\"#eeeeee\">\n<td>Responde ao tratamento t\u00e9rmico<\/td>\n<td>*<\/td>\n<\/tr>\n<tr>\n<td>Classifica\u00e7\u00e3o de usinabilidade (lat\u00e3o de corte livre = 100)<\/td>\n<td>50<\/td>\n<\/tr>\n<tr bgcolor=\"#eeeeee\">\n<td>Adequa\u00e7\u00e3o para ser acompanhado por:<\/td>\n<td>Solda \/ Boa<\/td>\n<\/tr>\n<tr>\n<td><\/td>\n<td>Brasagem \/ Justa<\/td>\n<\/tr>\n<tr bgcolor=\"#eeeeee\">\n<td><\/td>\n<td>Soldagem de oxiacetileno \/ n\u00e3o recomendada<\/td>\n<\/tr>\n<tr>\n<td><\/td>\n<td>Soldagem a arco de carbono \/ Fraca<\/td>\n<\/tr>\n<tr bgcolor=\"#eeeeee\">\n<td><\/td>\n<td>Soldagem a arco com prote\u00e7\u00e3o de g\u00e1s \/ Boa<\/td>\n<\/tr>\n<tr>\n<td><\/td>\n<td>Soldagem por arco de metal revestido \/ boa<\/td>\n<\/tr>\n<\/tbody>\n<\/table>\n","protected":false},"excerpt":{"rendered":"<p>C95800 \/ CDA 958 Ligas de Alum\u00ednio Bronze CDA 958 ASTM B 505, ASTM B 271 % de composi\u00e7\u00e3o qu\u00edmica por peso: Elemento Nominal M\u00ednimo M\u00e1ximo Alum\u00ednio 9 8,5 9,5 Cobre 81 79 &#8211; Iron 4 3,5 4.5 landaMangan\u00eas 1 .8 1,5 N\u00edquel 5 4 5 Sil\u00edcio &#8211; &#8211; 0,10 Aplicativos: Cubos de h\u00e9lice, p\u00e1s [&hellip;]<\/p>\n","protected":false},"author":1,"featured_media":0,"parent":0,"menu_order":0,"comment_status":"closed","ping_status":"closed","template":"","meta":{"_joinchat":[],"footnotes":""},"class_list":["post-3633","page","type-page","status-publish","hentry"],"_links":{"self":[{"href":"https:\/\/conex-casting.com\/pt-br\/wp-json\/wp\/v2\/pages\/3633","targetHints":{"allow":["GET"]}}],"collection":[{"href":"https:\/\/conex-casting.com\/pt-br\/wp-json\/wp\/v2\/pages"}],"about":[{"href":"https:\/\/conex-casting.com\/pt-br\/wp-json\/wp\/v2\/types\/page"}],"author":[{"embeddable":true,"href":"https:\/\/conex-casting.com\/pt-br\/wp-json\/wp\/v2\/users\/1"}],"replies":[{"embeddable":true,"href":"https:\/\/conex-casting.com\/pt-br\/wp-json\/wp\/v2\/comments?post=3633"}],"version-history":[{"count":1,"href":"https:\/\/conex-casting.com\/pt-br\/wp-json\/wp\/v2\/pages\/3633\/revisions"}],"predecessor-version":[{"id":3634,"href":"https:\/\/conex-casting.com\/pt-br\/wp-json\/wp\/v2\/pages\/3633\/revisions\/3634"}],"wp:attachment":[{"href":"https:\/\/conex-casting.com\/pt-br\/wp-json\/wp\/v2\/media?parent=3633"}],"curies":[{"name":"wp","href":"https:\/\/api.w.org\/{rel}","templated":true}]}}