{"id":3635,"date":"2021-02-23T07:19:09","date_gmt":"2021-02-23T07:19:09","guid":{"rendered":"http:\/\/conex-casting.com\/?page_id=3635"},"modified":"2021-03-04T14:26:56","modified_gmt":"2021-03-04T14:26:56","slug":"c96200-cda-962-ligas-de-cobre-e-niquel","status":"publish","type":"page","link":"https:\/\/conex-casting.com\/pt-br\/c96200-cda-962-ligas-de-cobre-e-niquel\/","title":{"rendered":"C96200 CDA 962 ligas de cobre e n\u00edquel"},"content":{"rendered":"<p style=\"text-align: center;\"><span style=\"text-decoration: underline; color: #800000;\"><span style=\"font-size: 18pt;\"><strong>C96200 \/ CDA 962 ligas de cobre e n\u00edquel<\/strong><\/span><\/span><\/p>\n<p style=\"text-align: left;\"><strong> Especifica\u00e7\u00f5es, qu\u00edmicas e dados t\u00e9cnicos da liga: <\/strong><\/p>\n<table border=\"1\" width=\"750\" cellspacing=\"0\" cellpadding=\"5\">\n<tbody>\n<tr>\n<th colspan=\"2\">Padr\u00f5es de fundi\u00e7\u00e3o aplic\u00e1veis \u200b\u200bmais pr\u00f3ximos:<\/th>\n<\/tr>\n<tr bgcolor=\"#eeeeee\">\n<td>ASTM (S\u00e9rie B)<\/td>\n<td>B369<\/td>\n<\/tr>\n<tr>\n<td>Federal (S\u00e9rie QQ-C)<\/td>\n<td>390<\/td>\n<\/tr>\n<tr bgcolor=\"#eeeeee\">\n<td>Militar (S\u00e9rie Mil-C)<\/td>\n<td>20159<\/td>\n<\/tr>\n<\/tbody>\n<\/table>\n<table border=\"1\" width=\"750\" cellspacing=\"0\" cellpadding=\"5\">\n<tbody>\n<tr>\n<th colspan=\"3\">Propriedades de Especifica\u00e7\u00e3o:<\/th>\n<\/tr>\n<tr bgcolor=\"#eeeeee\">\n<td>(Tratamento t\u00e9rmico &#8216;F&#8217; indica o elenco)<\/td>\n<td>Estado do tratamento t\u00e9rmico<\/td>\n<td>M\u00ednimo<\/td>\n<\/tr>\n<tr>\n<td>Resist\u00eancia \u00e0 tra\u00e7\u00e3o (ksi)<\/td>\n<td>F<\/td>\n<td>45<\/td>\n<\/tr>\n<tr bgcolor=\"#eeeeee\">\n<td>For\u00e7a de rendimento (extens\u00e3o de 0,5% sob carga) (ksi)<\/td>\n<td>F<\/td>\n<td>25<\/td>\n<\/tr>\n<tr>\n<td>Alongamento (comprimento de medida de 2 polegadas) (%)<\/td>\n<td>F<\/td>\n<td>20<\/td>\n<\/tr>\n<\/tbody>\n<\/table>\n<table border=\"1\" width=\"750\" cellspacing=\"0\" cellpadding=\"5\">\n<tbody>\n<tr>\n<th colspan=\"3\">Propriedades t\u00edpicas:<\/th>\n<\/tr>\n<tr>\n<td><\/td>\n<td>Estado do tratamento t\u00e9rmico<\/td>\n<td>T\u00edpico<\/td>\n<\/tr>\n<tr bgcolor=\"#eeeeee\">\n<td>M\u00f3dulo de elasticidade (ksi)<\/td>\n<td><\/td>\n<td>18.000<\/td>\n<\/tr>\n<tr>\n<td>Usinabilidade (% de lat\u00e3o de corte livre)<\/td>\n<td><\/td>\n<td>10<\/td>\n<\/tr>\n<tr bgcolor=\"#eeeeee\">\n<td>Resist\u00eancia \u00e0 fadiga (10 ^ 8 ciclos) (ksi)<\/td>\n<td><\/td>\n<td>13<\/td>\n<\/tr>\n<tr>\n<td>Resist\u00eancia ao impacto (Charpy) (ft-lb)<\/td>\n<td><\/td>\n<td>100<\/td>\n<\/tr>\n<tr bgcolor=\"#eeeeee\">\n<td>Resist\u00eancia \u00e0 compress\u00e3o (0,100 pol. conjunto \/ pol.) (ksi)<\/td>\n<td><\/td>\n<td>37<\/td>\n<\/tr>\n<tr>\n<td>Faixa de fus\u00e3o (Liquidus-Solidus) (F)<\/td>\n<td><\/td>\n<td>2010-2100<\/td>\n<\/tr>\n<tr bgcolor=\"#eeeeee\">\n<td>Coeficiente de expans\u00e3o t\u00e9rmica (por F @ 68-400F)<\/td>\n<td><\/td>\n<td>0,0000095<\/td>\n<\/tr>\n<tr>\n<td>Condutividade t\u00e9rmica (Btu \/ sq.ft \/ ft. \/ hr \/ F @ 68F)<\/td>\n<td><\/td>\n<td>26<\/td>\n<\/tr>\n<tr bgcolor=\"#eeeeee\">\n<td>Calor espec\u00edfico (Btu \/ lb \/ F @ 68F)<\/td>\n<td><\/td>\n<td>0,09<\/td>\n<\/tr>\n<tr>\n<td>Condutividade el\u00e9trica (% IACS @ 68F)<\/td>\n<td><\/td>\n<td>11<\/td>\n<\/tr>\n<tr bgcolor=\"#eeeeee\">\n<td>Densidade (lb \/ cu.in. @ 68F)<\/td>\n<td><\/td>\n<td>0,323<\/td>\n<\/tr>\n<tr>\n<td>Redu\u00e7\u00e3o dos criadores de padr\u00f5es (pol \/ p\u00e9s)<\/td>\n<td><\/td>\n<td>16\/3<\/td>\n<\/tr>\n<tr bgcolor=\"#eeeeee\">\n<td>Esc\u00f3ria<\/td>\n<td><\/td>\n<td>Baixo<\/td>\n<\/tr>\n<tr>\n<td>Gaseamento<\/td>\n<td><\/td>\n<td>Alta<\/td>\n<\/tr>\n<tr bgcolor=\"#eeeeee\">\n<td>Fluidez<\/td>\n<td><\/td>\n<td>Alta<\/td>\n<\/tr>\n<tr>\n<td>Redu\u00e7\u00e3o<\/td>\n<td><\/td>\n<td>Alta<\/td>\n<\/tr>\n<tr bgcolor=\"#eeeeee\">\n<td>Rendimento de fundi\u00e7\u00e3o<\/td>\n<td><\/td>\n<td>Baixo<\/td>\n<\/tr>\n<\/tbody>\n<\/table>\n<table border=\"1\" width=\"750\" cellspacing=\"0\" cellpadding=\"5\">\n<tbody>\n<tr>\n<th colspan=\"3\">Aplicativos:<\/th>\n<\/tr>\n<tr bgcolor=\"#eeeeee\">\n<td>Cotovelos &#8211; Corros\u00e3o da \u00c1gua do Mar<\/td>\n<\/tr>\n<tr>\n<td>Flanges<\/td>\n<\/tr>\n<tr bgcolor=\"#eeeeee\">\n<td>Corpos da bomba<\/td>\n<\/tr>\n<tr>\n<td>V\u00e1lvulas<\/td>\n<\/tr>\n<\/tbody>\n<\/table>\n<p>&nbsp;<\/p>\n","protected":false},"excerpt":{"rendered":"<p>C96200 \/ CDA 962 ligas de cobre e n\u00edquel Especifica\u00e7\u00f5es, qu\u00edmicas e dados t\u00e9cnicos da liga: Padr\u00f5es de fundi\u00e7\u00e3o aplic\u00e1veis \u200b\u200bmais pr\u00f3ximos: ASTM (S\u00e9rie B) B369 Federal (S\u00e9rie QQ-C) 390 Militar (S\u00e9rie Mil-C) 20159 Propriedades de Especifica\u00e7\u00e3o: (Tratamento t\u00e9rmico &#8216;F&#8217; indica o elenco) Estado do tratamento t\u00e9rmico M\u00ednimo Resist\u00eancia \u00e0 tra\u00e7\u00e3o (ksi) F 45 For\u00e7a [&hellip;]<\/p>\n","protected":false},"author":1,"featured_media":0,"parent":0,"menu_order":0,"comment_status":"closed","ping_status":"closed","template":"","meta":{"_joinchat":[],"footnotes":""},"class_list":["post-3635","page","type-page","status-publish","hentry"],"_links":{"self":[{"href":"https:\/\/conex-casting.com\/pt-br\/wp-json\/wp\/v2\/pages\/3635","targetHints":{"allow":["GET"]}}],"collection":[{"href":"https:\/\/conex-casting.com\/pt-br\/wp-json\/wp\/v2\/pages"}],"about":[{"href":"https:\/\/conex-casting.com\/pt-br\/wp-json\/wp\/v2\/types\/page"}],"author":[{"embeddable":true,"href":"https:\/\/conex-casting.com\/pt-br\/wp-json\/wp\/v2\/users\/1"}],"replies":[{"embeddable":true,"href":"https:\/\/conex-casting.com\/pt-br\/wp-json\/wp\/v2\/comments?post=3635"}],"version-history":[{"count":1,"href":"https:\/\/conex-casting.com\/pt-br\/wp-json\/wp\/v2\/pages\/3635\/revisions"}],"predecessor-version":[{"id":3636,"href":"https:\/\/conex-casting.com\/pt-br\/wp-json\/wp\/v2\/pages\/3635\/revisions\/3636"}],"wp:attachment":[{"href":"https:\/\/conex-casting.com\/pt-br\/wp-json\/wp\/v2\/media?parent=3635"}],"curies":[{"name":"wp","href":"https:\/\/api.w.org\/{rel}","templated":true}]}}