{"id":3647,"date":"2021-02-23T08:39:55","date_gmt":"2021-02-23T08:39:55","guid":{"rendered":"http:\/\/conex-casting.com\/?page_id=3647"},"modified":"2021-10-23T08:49:52","modified_gmt":"2021-10-23T08:49:52","slug":"fundicao-de-bronze-de-grau-eletrico","status":"publish","type":"page","link":"https:\/\/conex-casting.com\/pt-br\/fundicao-de-bronze-de-grau-eletrico\/","title":{"rendered":"Fundi\u00e7\u00e3o de bronze de grau el\u00e9trico"},"content":{"rendered":"<p style=\"text-align: center;\"><strong><span style=\"text-decoration: underline; font-size: 18pt; color: #800000;\">Fundi\u00e7\u00e3o de bronze de grau el\u00e9trico<\/span><\/strong><\/p>\n<p style=\"text-align: center;\"><a class=\"maxbutton-1 maxbutton maxbutton-product-page-button open-popup-modal\"><span class=\"mb-text\">Pe\u00e7a uma cota\u00e7\u00e3o<\/span><\/a><\/p>\n<table style=\"border-collapse: collapse; width: 100%;\" border=\"0\">\n<tbody>\n<tr style=\"height: 277px;\">\n<td style=\"width: 33.3333%; height: 277px;\">\n<p><figure id=\"attachment_1197\" aria-describedby=\"caption-attachment-1197\" style=\"width: 230px\" class=\"wp-caption aligncenter\"><a href=\"https:\/\/conex-casting.com\/pt-br\/bracadeiras-de-bronze-para-tubos\/\"><img loading=\"lazy\" decoding=\"async\" class=\"wp-image-3648\" title=\"Bra\u00e7adeiras de bronze para tubos\" src=\"http:\/\/conex-casting.com\/wp-content\/uploads\/2019\/02\/ground-pipe-clamps.png\" alt=\"Bra\u00e7adeiras de bronze para tubos\" width=\"230\" height=\"230\" srcset=\"https:\/\/conex-casting.com\/wp-content\/uploads\/2019\/02\/ground-pipe-clamps.png 250w, https:\/\/conex-casting.com\/wp-content\/uploads\/2019\/02\/ground-pipe-clamps-150x150.png 150w\" sizes=\"auto, (max-width: 230px) 100vw, 230px\" \/><\/a><figcaption id=\"caption-attachment-1197\" class=\"wp-caption-text\"><a href=\"https:\/\/conex-casting.com\/pt-br\/bracadeiras-de-bronze-para-tubos\/\"><strong><span style=\"text-decoration: underline;\">Bra\u00e7adeiras de bronze para tubos<\/span><\/strong><\/a><\/figcaption><\/figure><\/td>\n<td style=\"width: 33.3333%; height: 277px;\">\n<p><figure id=\"attachment_1198\" aria-describedby=\"caption-attachment-1198\" style=\"width: 230px\" class=\"wp-caption aligncenter\"><a href=\"https:\/\/conex-casting.com\/pt-br\/grampos-para-haste-de-aterramento\/\"><img loading=\"lazy\" decoding=\"async\" class=\"wp-image-3649\" title=\"Grampos para haste de aterramento\" src=\"http:\/\/conex-casting.com\/wp-content\/uploads\/2019\/02\/Ground-Rod-Clamps.jpg\" alt=\"Grampos para haste de aterramento\" width=\"230\" height=\"230\" srcset=\"https:\/\/conex-casting.com\/wp-content\/uploads\/2019\/02\/Ground-Rod-Clamps.jpg 250w, https:\/\/conex-casting.com\/wp-content\/uploads\/2019\/02\/Ground-Rod-Clamps-150x150.jpg 150w\" sizes=\"auto, (max-width: 230px) 100vw, 230px\" \/><\/a><figcaption id=\"caption-attachment-1198\" class=\"wp-caption-text\"><span style=\"text-decoration: underline;\"><a href=\"https:\/\/conex-casting.com\/pt-br\/grampos-para-haste-de-aterramento\/\"><strong>Grampos para haste de aterramento<\/strong><\/a><\/span><\/figcaption><\/figure><\/td>\n<td style=\"width: 33.3333%; height: 277px;\">\n<p><figure id=\"attachment_1199\" aria-describedby=\"caption-attachment-1199\" style=\"width: 230px\" class=\"wp-caption aligncenter\"><a href=\"https:\/\/conex-casting.com\/pt-br\/conectores-bronze-vise\/\"><img loading=\"lazy\" decoding=\"async\" class=\"wp-image-3650\" title=\"Grampos de bronze para torno\" src=\"http:\/\/conex-casting.com\/wp-content\/uploads\/2019\/02\/Bronze-Vise-Clamps.png\" alt=\"Grampos de bronze para torno\" width=\"230\" height=\"230\" srcset=\"https:\/\/conex-casting.com\/wp-content\/uploads\/2019\/02\/Bronze-Vise-Clamps.png 250w, https:\/\/conex-casting.com\/wp-content\/uploads\/2019\/02\/Bronze-Vise-Clamps-150x150.png 150w\" sizes=\"auto, (max-width: 230px) 100vw, 230px\" \/><\/a><figcaption id=\"caption-attachment-1199\" class=\"wp-caption-text\"><span style=\"text-decoration: underline;\"><a href=\"https:\/\/conex-casting.com\/pt-br\/conectores-bronze-vise\/\"><strong>Grampos de bronze para torno<\/strong><\/a><\/span><\/figcaption><\/figure><\/td>\n<\/tr>\n<tr style=\"height: 24px;\">\n<td style=\"width: 33.3333%; height: 24px;\">\n<p><figure id=\"attachment_1204\" aria-describedby=\"caption-attachment-1204\" style=\"width: 230px\" class=\"wp-caption aligncenter\"><a href=\"https:\/\/conex-casting.com\/pt-br\/grampos-de-colagem\/\"><img loading=\"lazy\" decoding=\"async\" class=\"wp-image-3292\" title=\"Grampos de colagem\" src=\"http:\/\/conex-casting.com\/wp-content\/uploads\/2019\/02\/Bonding-Clamps.png\" alt=\"Grampos de colagem\" width=\"230\" height=\"230\" srcset=\"https:\/\/conex-casting.com\/wp-content\/uploads\/2019\/02\/Bonding-Clamps.png 250w, https:\/\/conex-casting.com\/wp-content\/uploads\/2019\/02\/Bonding-Clamps-150x150.png 150w\" sizes=\"auto, (max-width: 230px) 100vw, 230px\" \/><\/a><figcaption id=\"caption-attachment-1204\" class=\"wp-caption-text\"><span style=\"text-decoration: underline;\"><a href=\"https:\/\/conex-casting.com\/pt-br\/grampos-de-colagem\/\"><strong>Grampos de colagem<\/strong><\/a><\/span><\/figcaption><\/figure><\/td>\n<td style=\"width: 33.3333%; height: 24px;\">\n<p><figure id=\"attachment_1205\" aria-describedby=\"caption-attachment-1205\" style=\"width: 230px\" class=\"wp-caption aligncenter\"><a href=\"https:\/\/conex-casting.com\/pt-br\/parafusos-de-olho\/\"><img loading=\"lazy\" decoding=\"async\" class=\"wp-image-3651\" title=\"Parafusos de Olho\" src=\"http:\/\/conex-casting.com\/wp-content\/uploads\/2019\/02\/Eye-Bolts.png\" alt=\"Parafusos de Olho\" width=\"230\" height=\"230\" srcset=\"https:\/\/conex-casting.com\/wp-content\/uploads\/2019\/02\/Eye-Bolts.png 250w, https:\/\/conex-casting.com\/wp-content\/uploads\/2019\/02\/Eye-Bolts-150x150.png 150w\" sizes=\"auto, (max-width: 230px) 100vw, 230px\" \/><\/a><figcaption id=\"caption-attachment-1205\" class=\"wp-caption-text\"><span style=\"text-decoration: underline;\"><a href=\"https:\/\/conex-casting.com\/pt-br\/parafusos-de-olho\/\"><strong>Parafusos de Olho<\/strong><\/a><\/span><\/figcaption><\/figure><\/td>\n<td style=\"width: 33.3333%; height: 24px;\">\n<p><figure id=\"attachment_1206\" aria-describedby=\"caption-attachment-1206\" style=\"width: 230px\" class=\"wp-caption aligncenter\"><a href=\"https:\/\/conex-casting.com\/pt-br\/colocar-em-taloes\/\"><img loading=\"lazy\" decoding=\"async\" class=\"wp-image-3652\" title=\"Colocar em tal\u00f5es\" src=\"http:\/\/conex-casting.com\/wp-content\/uploads\/2019\/02\/Lay-in-Lugs.png\" alt=\"Colocar em tal\u00f5es\" width=\"230\" height=\"230\" srcset=\"https:\/\/conex-casting.com\/wp-content\/uploads\/2019\/02\/Lay-in-Lugs.png 250w, https:\/\/conex-casting.com\/wp-content\/uploads\/2019\/02\/Lay-in-Lugs-150x150.png 150w\" sizes=\"auto, (max-width: 230px) 100vw, 230px\" \/><\/a><figcaption id=\"caption-attachment-1206\" class=\"wp-caption-text\"><span style=\"text-decoration: underline;\"><a href=\"https:\/\/conex-casting.com\/pt-br\/colocar-em-taloes\/\"><strong>Colocar em tal\u00f5es<\/strong><\/a><\/span><\/figcaption><\/figure><\/td>\n<\/tr>\n<tr style=\"height: 24px;\">\n<td style=\"width: 33.3333%; height: 24px;\" valign=\"top\">\n<p><figure id=\"attachment_1210\" aria-describedby=\"caption-attachment-1210\" style=\"width: 230px\" class=\"wp-caption aligncenter\"><a href=\"https:\/\/conex-casting.com\/pt-br\/grampos-de-vergalhao\/\"><img loading=\"lazy\" decoding=\"async\" class=\"wp-image-3653\" title=\"Grampos de vergalh\u00e3o\" src=\"http:\/\/conex-casting.com\/wp-content\/uploads\/2019\/02\/Rebar-Clamps.png\" alt=\"Grampos de vergalh\u00e3o\" width=\"230\" height=\"230\" srcset=\"https:\/\/conex-casting.com\/wp-content\/uploads\/2019\/02\/Rebar-Clamps.png 250w, https:\/\/conex-casting.com\/wp-content\/uploads\/2019\/02\/Rebar-Clamps-150x150.png 150w\" sizes=\"auto, (max-width: 230px) 100vw, 230px\" \/><\/a><figcaption id=\"caption-attachment-1210\" class=\"wp-caption-text\"><span style=\"text-decoration: underline;\"><a href=\"https:\/\/conex-casting.com\/pt-br\/grampos-de-vergalhao\/\"><strong>Grampos de vergalh\u00e3o<\/strong><\/a><\/span><\/figcaption><\/figure><\/td>\n<td style=\"width: 33.3333%; height: 24px;\" valign=\"top\">\n<div class=\"mceTemp\"><\/div>\n<p><figure id=\"attachment_1213\" aria-describedby=\"caption-attachment-1213\" style=\"width: 230px\" class=\"wp-caption aligncenter\"><a href=\"https:\/\/conex-casting.com\/pt-br\/grampos-de-parafuso-u\/\"><img loading=\"lazy\" decoding=\"async\" class=\"wp-image-3655\" title=\"Grampos de parafuso U\" src=\"http:\/\/conex-casting.com\/wp-content\/uploads\/2019\/02\/U-Bolt-Clamps.png\" alt=\"Grampos de parafuso U\" width=\"230\" height=\"230\" srcset=\"https:\/\/conex-casting.com\/wp-content\/uploads\/2019\/02\/U-Bolt-Clamps.png 250w, https:\/\/conex-casting.com\/wp-content\/uploads\/2019\/02\/U-Bolt-Clamps-150x150.png 150w\" sizes=\"auto, (max-width: 230px) 100vw, 230px\" \/><\/a><figcaption id=\"caption-attachment-1213\" class=\"wp-caption-text\"><span style=\"text-decoration: underline;\"><a href=\"https:\/\/conex-casting.com\/pt-br\/grampos-de-parafuso-u\/\"><strong>Grampos de parafuso U<\/strong><\/a><\/span><\/figcaption><\/figure><\/td>\n<td style=\"width: 33.3333%; height: 24px;\">\n<div class=\"mceTemp\"><\/div>\n<p><figure id=\"attachment_1211\" aria-describedby=\"caption-attachment-1211\" style=\"width: 230px\" class=\"wp-caption aligncenter\"><a href=\"https:\/\/conex-casting.com\/pt-br\/conectores-de-tanque-de-transformador\/\"><img loading=\"lazy\" decoding=\"async\" class=\"wp-image-3654\" title=\"Conectores de tanque transformador\" src=\"http:\/\/conex-casting.com\/wp-content\/uploads\/2019\/02\/Transformer-Tank-Connectors.png\" alt=\"Conectores de tanque transformador\" width=\"230\" height=\"230\" srcset=\"https:\/\/conex-casting.com\/wp-content\/uploads\/2019\/02\/Transformer-Tank-Connectors.png 250w, https:\/\/conex-casting.com\/wp-content\/uploads\/2019\/02\/Transformer-Tank-Connectors-150x150.png 150w\" sizes=\"auto, (max-width: 230px) 100vw, 230px\" \/><\/a><figcaption id=\"caption-attachment-1211\" class=\"wp-caption-text\"><span style=\"text-decoration: underline;\"><a href=\"https:\/\/conex-casting.com\/pt-br\/conectores-de-tanque-de-transformador\/\"><strong>Conectores de tanque transformador<\/strong><\/a><\/span><\/figcaption><\/figure><\/td>\n<\/tr>\n<tr style=\"height: 24px;\">\n<td style=\"width: 33.3333%; height: 24px;\">\n<p><figure id=\"attachment_1220\" aria-describedby=\"caption-attachment-1220\" style=\"width: 230px\" class=\"wp-caption aligncenter\"><a href=\"https:\/\/conex-casting.com\/pt-br\/pincas-de-linha-direta\/\"><img loading=\"lazy\" decoding=\"async\" class=\"wp-image-3656\" title=\"Pin\u00e7as de linha direta\" src=\"http:\/\/conex-casting.com\/wp-content\/uploads\/2019\/02\/Hot-Line-Clamps.jpg\" alt=\"Pin\u00e7as de linha direta\" width=\"230\" height=\"230\" srcset=\"https:\/\/conex-casting.com\/wp-content\/uploads\/2019\/02\/Hot-Line-Clamps.jpg 250w, https:\/\/conex-casting.com\/wp-content\/uploads\/2019\/02\/Hot-Line-Clamps-150x150.jpg 150w\" sizes=\"auto, (max-width: 230px) 100vw, 230px\" \/><\/a><figcaption id=\"caption-attachment-1220\" class=\"wp-caption-text\"><span style=\"text-decoration: underline;\"><a href=\"https:\/\/conex-casting.com\/pt-br\/pincas-de-linha-direta\/\"><strong>Pin\u00e7as de linha direta<\/strong><\/a><\/span><\/figcaption><\/figure><\/td>\n<\/tr>\n<\/tbody>\n<\/table>\n","protected":false},"excerpt":{"rendered":"<p>Fundi\u00e7\u00e3o de bronze de grau el\u00e9trico Pe\u00e7a uma cota\u00e7\u00e3o<\/p>\n","protected":false},"author":1,"featured_media":0,"parent":0,"menu_order":0,"comment_status":"closed","ping_status":"closed","template":"","meta":{"_joinchat":[],"footnotes":""},"class_list":["post-3647","page","type-page","status-publish","hentry"],"_links":{"self":[{"href":"https:\/\/conex-casting.com\/pt-br\/wp-json\/wp\/v2\/pages\/3647","targetHints":{"allow":["GET"]}}],"collection":[{"href":"https:\/\/conex-casting.com\/pt-br\/wp-json\/wp\/v2\/pages"}],"about":[{"href":"https:\/\/conex-casting.com\/pt-br\/wp-json\/wp\/v2\/types\/page"}],"author":[{"embeddable":true,"href":"https:\/\/conex-casting.com\/pt-br\/wp-json\/wp\/v2\/users\/1"}],"replies":[{"embeddable":true,"href":"https:\/\/conex-casting.com\/pt-br\/wp-json\/wp\/v2\/comments?post=3647"}],"version-history":[{"count":6,"href":"https:\/\/conex-casting.com\/pt-br\/wp-json\/wp\/v2\/pages\/3647\/revisions"}],"predecessor-version":[{"id":6317,"href":"https:\/\/conex-casting.com\/pt-br\/wp-json\/wp\/v2\/pages\/3647\/revisions\/6317"}],"wp:attachment":[{"href":"https:\/\/conex-casting.com\/pt-br\/wp-json\/wp\/v2\/media?parent=3647"}],"curies":[{"name":"wp","href":"https:\/\/api.w.org\/{rel}","templated":true}]}}