{"id":3659,"date":"2021-02-23T08:51:57","date_gmt":"2021-02-23T08:51:57","guid":{"rendered":"http:\/\/conex-casting.com\/?page_id=3659"},"modified":"2021-10-23T07:59:27","modified_gmt":"2021-10-23T07:59:27","slug":"parafusos-de-olho","status":"publish","type":"page","link":"https:\/\/conex-casting.com\/pt-br\/parafusos-de-olho\/","title":{"rendered":"Parafusos de Olho"},"content":{"rendered":"<p style=\"text-align: center;\"><span style=\"text-decoration: underline; color: #800000;\"> <span style=\"font-size: 18pt;\"> <strong> Parafusos de Olho<\/strong><\/span><\/span><\/p>\n<p style=\"text-align: center;\"><a class=\"maxbutton-1 maxbutton maxbutton-product-page-button open-popup-modal\"><span class=\"mb-text\">Pe\u00e7a uma cota\u00e7\u00e3o<\/span><\/a><\/p>\n<p style=\"text-align: justify;\">Feito de liga de cobre C955 (alum\u00ednio e bronze) por meio de fundi\u00e7\u00e3o em areia fina, geralmente usado com um conjunto de terminal e usado para aterrar pe\u00e7as do transformador.<\/p>\n<p style=\"text-align: justify;\">Eles s\u00e3o feitos em lat\u00e3o, cobre e bronze em uma variedade de tamanhos e linhas. Esses parafusos de olhal s\u00e3o usados \u200b\u200bpara fixa\u00e7\u00e3o industrial e tamb\u00e9m em aplica\u00e7\u00f5es el\u00e9tricas. Feito para ASTM A489, DIN 444 e 580.<\/p>\n<table style=\"border-collapse: collapse; width: 100%;\" border=\"0\">\n<tbody>\n<tr style=\"height: 357px;\">\n<td style=\"width: 50%; height: 357px;\"><img loading=\"lazy\" decoding=\"async\" class=\"aligncenter wp-image-1279 size-medium\" title=\"Parafusos de Olho\" src=\"http:\/\/conex-casting.com\/wp-content\/uploads\/2019\/02\/Eye-Bolts-02-300x300.jpg\" alt=\"Parafusos de Olho\" width=\"300\" height=\"300\" srcset=\"https:\/\/conex-casting.com\/wp-content\/uploads\/2019\/02\/Eye-Bolts-02-300x300.jpg 300w, https:\/\/conex-casting.com\/wp-content\/uploads\/2019\/02\/Eye-Bolts-02-150x150.jpg 150w, https:\/\/conex-casting.com\/wp-content\/uploads\/2019\/02\/Eye-Bolts-02.jpg 350w\" sizes=\"auto, (max-width: 300px) 100vw, 300px\" \/><\/td>\n<td style=\"width: 50%; height: 357px;\"><img loading=\"lazy\" decoding=\"async\" class=\"aligncenter wp-image-1278 size-medium\" title=\"Parafusos de Olho\" src=\"http:\/\/conex-casting.com\/wp-content\/uploads\/2019\/02\/Eye-Bolts-01-300x300.jpg\" alt=\"Parafusos de Olho\" width=\"300\" height=\"300\" srcset=\"https:\/\/conex-casting.com\/wp-content\/uploads\/2019\/02\/Eye-Bolts-01-300x300.jpg 300w, https:\/\/conex-casting.com\/wp-content\/uploads\/2019\/02\/Eye-Bolts-01-150x150.jpg 150w, https:\/\/conex-casting.com\/wp-content\/uploads\/2019\/02\/Eye-Bolts-01.jpg 350w\" sizes=\"auto, (max-width: 300px) 100vw, 300px\" \/><\/td>\n<\/tr>\n<\/tbody>\n<\/table>\n","protected":false},"excerpt":{"rendered":"<p>Parafusos de Olho Pe\u00e7a uma cota\u00e7\u00e3o Feito de liga de cobre C955 (alum\u00ednio e bronze) por meio de fundi\u00e7\u00e3o em areia fina, geralmente usado com um conjunto de terminal e usado para aterrar pe\u00e7as do transformador. Eles s\u00e3o feitos em lat\u00e3o, cobre e bronze em uma variedade de tamanhos e linhas. Esses parafusos de olhal [&hellip;]<\/p>\n","protected":false},"author":1,"featured_media":0,"parent":0,"menu_order":0,"comment_status":"closed","ping_status":"closed","template":"","meta":{"_joinchat":[],"footnotes":""},"class_list":["post-3659","page","type-page","status-publish","hentry"],"_links":{"self":[{"href":"https:\/\/conex-casting.com\/pt-br\/wp-json\/wp\/v2\/pages\/3659","targetHints":{"allow":["GET"]}}],"collection":[{"href":"https:\/\/conex-casting.com\/pt-br\/wp-json\/wp\/v2\/pages"}],"about":[{"href":"https:\/\/conex-casting.com\/pt-br\/wp-json\/wp\/v2\/types\/page"}],"author":[{"embeddable":true,"href":"https:\/\/conex-casting.com\/pt-br\/wp-json\/wp\/v2\/users\/1"}],"replies":[{"embeddable":true,"href":"https:\/\/conex-casting.com\/pt-br\/wp-json\/wp\/v2\/comments?post=3659"}],"version-history":[{"count":2,"href":"https:\/\/conex-casting.com\/pt-br\/wp-json\/wp\/v2\/pages\/3659\/revisions"}],"predecessor-version":[{"id":6158,"href":"https:\/\/conex-casting.com\/pt-br\/wp-json\/wp\/v2\/pages\/3659\/revisions\/6158"}],"wp:attachment":[{"href":"https:\/\/conex-casting.com\/pt-br\/wp-json\/wp\/v2\/media?parent=3659"}],"curies":[{"name":"wp","href":"https:\/\/api.w.org\/{rel}","templated":true}]}}