{"id":3663,"date":"2021-02-23T09:00:24","date_gmt":"2021-02-23T09:00:24","guid":{"rendered":"http:\/\/conex-casting.com\/?page_id=3663"},"modified":"2021-10-23T08:50:03","modified_gmt":"2021-10-23T08:50:03","slug":"fundicao-de-bronze-geral","status":"publish","type":"page","link":"https:\/\/conex-casting.com\/pt-br\/fundicao-de-bronze-geral\/","title":{"rendered":"Fundi\u00e7\u00e3o de Bronze Geral"},"content":{"rendered":"<p style=\"text-align: center;\"><strong><span style=\"text-decoration: underline; color: #800000;\"><span style=\"font-size: 18pt;\">Fundi\u00e7\u00e3o de Bronze Geral<\/span><\/span><\/strong><\/p>\n<p style=\"text-align: center;\"><a class=\"maxbutton-1 maxbutton maxbutton-product-page-button open-popup-modal\"><span class=\"mb-text\">Pe\u00e7a uma cota\u00e7\u00e3o<\/span><\/a><\/p>\n<table style=\"border-collapse: collapse; width: 100%; height: 325px;\" border=\"0\">\n<tbody>\n<tr style=\"height: 277px;\">\n<td style=\"width: 33.3333%; height: 277px;\">\n<p><figure id=\"attachment_1354\" aria-describedby=\"caption-attachment-1354\" style=\"width: 230px\" class=\"wp-caption aligncenter\"><a href=\"https:\/\/conex-casting.com\/pt-br\/flanges-de-bronze\/\"><img loading=\"lazy\" decoding=\"async\" class=\"wp-image-3665\" title=\"Flanges de bronze\" src=\"http:\/\/conex-casting.com\/wp-content\/uploads\/2019\/02\/Bronze-Flanges-NPT-01.jpg\" alt=\"Flanges de bronze\" width=\"230\" height=\"230\" srcset=\"https:\/\/conex-casting.com\/wp-content\/uploads\/2019\/02\/Bronze-Flanges-NPT-01.jpg 250w, https:\/\/conex-casting.com\/wp-content\/uploads\/2019\/02\/Bronze-Flanges-NPT-01-150x150.jpg 150w\" sizes=\"auto, (max-width: 230px) 100vw, 230px\" \/><\/a><figcaption id=\"caption-attachment-1354\" class=\"wp-caption-text\"><strong><span style=\"text-decoration: underline;\"><a href=\"https:\/\/conex-casting.com\/pt-br\/flanges-de-bronze\/\">Flanges de bronze<\/a><\/span><\/strong><\/figcaption><\/figure><\/td>\n<td style=\"width: 33.3333%; height: 277px;\">\n<p><figure id=\"attachment_1355\" aria-describedby=\"caption-attachment-1355\" style=\"width: 230px\" class=\"wp-caption aligncenter\"><a href=\"https:\/\/conex-casting.com\/pt-br\/flanges-de-bomba-de-bronze\/\"><img loading=\"lazy\" decoding=\"async\" class=\"wp-image-3666\" title=\"Flanges de bomba de bronze\" src=\"http:\/\/conex-casting.com\/wp-content\/uploads\/2019\/02\/Bronze-Pump-Flanges-01.jpg\" alt=\"Flanges de bomba de bronze\" width=\"230\" height=\"230\" srcset=\"https:\/\/conex-casting.com\/wp-content\/uploads\/2019\/02\/Bronze-Pump-Flanges-01.jpg 250w, https:\/\/conex-casting.com\/wp-content\/uploads\/2019\/02\/Bronze-Pump-Flanges-01-150x150.jpg 150w\" sizes=\"auto, (max-width: 230px) 100vw, 230px\" \/><\/a><figcaption id=\"caption-attachment-1355\" class=\"wp-caption-text\"><strong><span style=\"text-decoration: underline;\"><a href=\"https:\/\/conex-casting.com\/pt-br\/flanges-de-bomba-de-bronze\/\">Flanges de bomba de bronze<\/a><\/span><\/strong><\/figcaption><\/figure><\/td>\n<td style=\"width: 33.3333%; height: 277px;\">\n<p><figure id=\"attachment_1366\" aria-describedby=\"caption-attachment-1366\" style=\"width: 230px\" class=\"wp-caption aligncenter\"><a href=\"https:\/\/conex-casting.com\/pt-br\/porcas-de-bronze-de-silicone\/\"><img loading=\"lazy\" decoding=\"async\" class=\"wp-image-3667\" title=\"Porcas de bronze de silicone\" src=\"http:\/\/conex-casting.com\/wp-content\/uploads\/2019\/02\/Silicon-Bronze-Nuts-01.jpg\" alt=\"Porcas de bronze de silicone\" width=\"230\" height=\"230\" srcset=\"https:\/\/conex-casting.com\/wp-content\/uploads\/2019\/02\/Silicon-Bronze-Nuts-01.jpg 250w, https:\/\/conex-casting.com\/wp-content\/uploads\/2019\/02\/Silicon-Bronze-Nuts-01-150x150.jpg 150w\" sizes=\"auto, (max-width: 230px) 100vw, 230px\" \/><\/a><figcaption id=\"caption-attachment-1366\" class=\"wp-caption-text\"><strong><span style=\"text-decoration: underline;\"><a href=\"https:\/\/conex-casting.com\/pt-br\/porcas-de-bronze-de-silicone\/\">Porcas de bronze de silicone<\/a><\/span><\/strong><\/figcaption><\/figure><\/td>\n<\/tr>\n<tr style=\"height: 24px;\">\n<td style=\"width: 33.3333%; height: 24px;\">\n<p><figure id=\"attachment_1371\" aria-describedby=\"caption-attachment-1371\" style=\"width: 230px\" class=\"wp-caption aligncenter\"><a href=\"https:\/\/conex-casting.com\/pt-br\/acessorios-de-bronze-cotovelos-redutores-de-cotovelos-rosqueados\/\"><img loading=\"lazy\" decoding=\"async\" class=\"wp-image-3669\" title=\"Acess\u00f3rios de bronze cotovelos redutores de cotovelos rosqueados\" src=\"http:\/\/conex-casting.com\/wp-content\/uploads\/2019\/02\/Bronze-Pipe-Fittings-Reducing-Elbows-Threaded-Elbows-01.jpg\" alt=\"Acess\u00f3rios de bronze cotovelos redutores de cotovelos rosqueados\" width=\"230\" height=\"230\" srcset=\"https:\/\/conex-casting.com\/wp-content\/uploads\/2019\/02\/Bronze-Pipe-Fittings-Reducing-Elbows-Threaded-Elbows-01.jpg 250w, https:\/\/conex-casting.com\/wp-content\/uploads\/2019\/02\/Bronze-Pipe-Fittings-Reducing-Elbows-Threaded-Elbows-01-150x150.jpg 150w\" sizes=\"auto, (max-width: 230px) 100vw, 230px\" \/><\/a><figcaption id=\"caption-attachment-1371\" class=\"wp-caption-text\"><span style=\"text-decoration: underline;\"><strong><a href=\"https:\/\/conex-casting.com\/pt-br\/acessorios-de-bronze-cotovelos-redutores-de-cotovelos-rosqueados\/\">Acess\u00f3rios de bronze cotovelos redutores de cotovelos rosqueados<\/a><\/strong><\/span><\/figcaption><\/figure><\/td>\n<td style=\"width: 33.3333%; height: 24px;\">\n<p><figure id=\"attachment_1374\" aria-describedby=\"caption-attachment-1374\" style=\"width: 230px\" class=\"wp-caption aligncenter\"><a href=\"https:\/\/conex-casting.com\/pt-br\/t-shirt-de-acessorios-para-tubos-de-bronze\/\"><img loading=\"lazy\" decoding=\"async\" class=\"wp-image-3670\" title=\"T-shirt de acess\u00f3rios para tubos de bronze\" src=\"http:\/\/conex-casting.com\/wp-content\/uploads\/2019\/02\/Bronze-Pipe-Fittings-Tees-01.jpg\" alt=\"T-shirt de acess\u00f3rios para tubos de bronze\" width=\"230\" height=\"230\" srcset=\"https:\/\/conex-casting.com\/wp-content\/uploads\/2019\/02\/Bronze-Pipe-Fittings-Tees-01.jpg 250w, https:\/\/conex-casting.com\/wp-content\/uploads\/2019\/02\/Bronze-Pipe-Fittings-Tees-01-150x150.jpg 150w\" sizes=\"auto, (max-width: 230px) 100vw, 230px\" \/><\/a><figcaption id=\"caption-attachment-1374\" class=\"wp-caption-text\"><a href=\"https:\/\/conex-casting.com\/pt-br\/t-shirt-de-acessorios-para-tubos-de-bronze\/\"><span style=\"text-decoration: underline;\"><strong>T-shirt de acess\u00f3rios para tubos de bronze<\/strong><\/span><\/a><\/figcaption><\/figure><\/td>\n<td style=\"width: 33.3333%; height: 24px;\">\n<div class=\"mceTemp\"><\/div>\n<p><figure id=\"attachment_1377\" aria-describedby=\"caption-attachment-1377\" style=\"width: 230px\" class=\"wp-caption aligncenter\"><a href=\"https:\/\/conex-casting.com\/pt-br\/acoplamentos-de-mangueira-de-fogo-de-bronze\/\"><img loading=\"lazy\" decoding=\"async\" class=\"wp-image-3672\" title=\"Acoplamentos de mangueira de fogo de bronze\" src=\"http:\/\/conex-casting.com\/wp-content\/uploads\/2019\/02\/Bronze-Fire-Hose-Couplings-01.jpg\" alt=\"Acoplamentos de mangueira de fogo de bronze\" width=\"230\" height=\"230\" srcset=\"https:\/\/conex-casting.com\/wp-content\/uploads\/2019\/02\/Bronze-Fire-Hose-Couplings-01.jpg 250w, https:\/\/conex-casting.com\/wp-content\/uploads\/2019\/02\/Bronze-Fire-Hose-Couplings-01-150x150.jpg 150w\" sizes=\"auto, (max-width: 230px) 100vw, 230px\" \/><\/a><figcaption id=\"caption-attachment-1377\" class=\"wp-caption-text\"><span style=\"text-decoration: underline;\"><a href=\"https:\/\/conex-casting.com\/pt-br\/acoplamentos-de-mangueira-de-fogo-de-bronze\/\"><strong>Acoplamentos de mangueira de fogo de bronze<\/strong><\/a><\/span><\/figcaption><\/figure><\/td>\n<\/tr>\n<tr style=\"height: 24px;\">\n<td style=\"width: 33.3333%; height: 24px;\" valign=\"top\">\n<div class=\"mceTemp\"><\/div>\n<p><figure id=\"attachment_1379\" aria-describedby=\"caption-attachment-1379\" style=\"width: 230px\" class=\"wp-caption aligncenter\"><a href=\"https:\/\/conex-casting.com\/pt-br\/buchas-de-bronze\/\"><img loading=\"lazy\" decoding=\"async\" class=\"wp-image-3673\" title=\"Buchas de Bronze\" src=\"http:\/\/conex-casting.com\/wp-content\/uploads\/2019\/02\/Bronze-Bushings-01.jpg\" alt=\"Buchas de Bronze\" width=\"230\" height=\"230\" srcset=\"https:\/\/conex-casting.com\/wp-content\/uploads\/2019\/02\/Bronze-Bushings-01.jpg 250w, https:\/\/conex-casting.com\/wp-content\/uploads\/2019\/02\/Bronze-Bushings-01-150x150.jpg 150w\" sizes=\"auto, (max-width: 230px) 100vw, 230px\" \/><\/a><figcaption id=\"caption-attachment-1379\" class=\"wp-caption-text\"><span style=\"text-decoration: underline;\"><a href=\"https:\/\/conex-casting.com\/pt-br\/buchas-de-bronze\/\"><strong>Buchas de Bronze<\/strong><\/a><\/span><\/figcaption><\/figure><\/td>\n<td style=\"width: 33.3333%; height: 24px;\">\n<div class=\"mceTemp\"><\/div>\n<p><figure id=\"attachment_1375\" aria-describedby=\"caption-attachment-1375\" style=\"width: 230px\" class=\"wp-caption aligncenter\"><a href=\"https:\/\/conex-casting.com\/pt-br\/bicos-de-mangueira-de-bronze-caudas-de-farpas\/\"><img loading=\"lazy\" decoding=\"async\" class=\"wp-image-3671\" title=\"Bicos de mangueira de bronze caudas\" src=\"http:\/\/conex-casting.com\/wp-content\/uploads\/2019\/02\/Bronze-Hose-Nipples-Barbs-Tails-01.jpg\" alt=\"Bicos de mangueira de bronze caudas\" width=\"230\" height=\"230\" srcset=\"https:\/\/conex-casting.com\/wp-content\/uploads\/2019\/02\/Bronze-Hose-Nipples-Barbs-Tails-01.jpg 250w, https:\/\/conex-casting.com\/wp-content\/uploads\/2019\/02\/Bronze-Hose-Nipples-Barbs-Tails-01-150x150.jpg 150w\" sizes=\"auto, (max-width: 230px) 100vw, 230px\" \/><\/a><figcaption id=\"caption-attachment-1375\" class=\"wp-caption-text\"><span style=\"text-decoration: underline;\"><a href=\"https:\/\/conex-casting.com\/pt-br\/bicos-de-mangueira-de-bronze-caudas-de-farpas\/\"><strong>Bicos de mangueira de bronze caudas<\/strong><\/a><\/span><\/figcaption><\/figure><\/td>\n<td style=\"width: 33.3333%; height: 24px;\"><\/td>\n<\/tr>\n<\/tbody>\n<\/table>\n","protected":false},"excerpt":{"rendered":"<p>Fundi\u00e7\u00e3o de Bronze Geral Pe\u00e7a uma cota\u00e7\u00e3o<\/p>\n","protected":false},"author":1,"featured_media":0,"parent":0,"menu_order":0,"comment_status":"closed","ping_status":"closed","template":"","meta":{"_joinchat":[],"footnotes":""},"class_list":["post-3663","page","type-page","status-publish","hentry"],"_links":{"self":[{"href":"https:\/\/conex-casting.com\/pt-br\/wp-json\/wp\/v2\/pages\/3663","targetHints":{"allow":["GET"]}}],"collection":[{"href":"https:\/\/conex-casting.com\/pt-br\/wp-json\/wp\/v2\/pages"}],"about":[{"href":"https:\/\/conex-casting.com\/pt-br\/wp-json\/wp\/v2\/types\/page"}],"author":[{"embeddable":true,"href":"https:\/\/conex-casting.com\/pt-br\/wp-json\/wp\/v2\/users\/1"}],"replies":[{"embeddable":true,"href":"https:\/\/conex-casting.com\/pt-br\/wp-json\/wp\/v2\/comments?post=3663"}],"version-history":[{"count":4,"href":"https:\/\/conex-casting.com\/pt-br\/wp-json\/wp\/v2\/pages\/3663\/revisions"}],"predecessor-version":[{"id":6319,"href":"https:\/\/conex-casting.com\/pt-br\/wp-json\/wp\/v2\/pages\/3663\/revisions\/6319"}],"wp:attachment":[{"href":"https:\/\/conex-casting.com\/pt-br\/wp-json\/wp\/v2\/media?parent=3663"}],"curies":[{"name":"wp","href":"https:\/\/api.w.org\/{rel}","templated":true}]}}