{"id":3683,"date":"2021-02-23T09:54:26","date_gmt":"2021-02-23T09:54:26","guid":{"rendered":"http:\/\/conex-casting.com\/?page_id=3683"},"modified":"2021-10-23T07:59:01","modified_gmt":"2021-10-23T07:59:01","slug":"grampos-para-haste-de-aterramento","status":"publish","type":"page","link":"https:\/\/conex-casting.com\/pt-br\/grampos-para-haste-de-aterramento\/","title":{"rendered":"Grampos para haste de aterramento"},"content":{"rendered":"<p style=\"text-align: center;\"><span style=\"text-decoration: underline; color: #800000;\"><span style=\"font-size: 18pt;\"><strong>Grampos para haste de aterramento<\/strong><\/span><\/span><\/p>\n<p style=\"text-align: center;\"><a class=\"maxbutton-1 maxbutton maxbutton-product-page-button open-popup-modal\"><span class=\"mb-text\">Pe\u00e7a uma cota\u00e7\u00e3o<\/span><\/a><\/p>\n<p style=\"text-align: justify;\">Usado para prender fios de cobre a hastes de aterramento para enterramento na terra. Feito de liga de cobre, como C955, usando fundi\u00e7\u00e3o em areia fina. O hardware est\u00e1 dispon\u00edvel em Bronze e A\u00e7o Inoxid\u00e1vel. Varia de 3\/8 &#8220;a 3\/4&#8221;.<\/p>\n<table style=\"border-collapse: collapse; width: 100%;\" border=\"0\">\n<tbody>\n<tr>\n<td style=\"width: 50%;\"><img loading=\"lazy\" decoding=\"async\" class=\"aligncenter wp-image-1238 size-medium\" title=\"Grampos para haste de aterramento\" src=\"http:\/\/conex-casting.com\/wp-content\/uploads\/2019\/02\/Ground-Rod-Clamps-01-300x300.jpg\" alt=\"Grampos para haste de aterramento\" width=\"300\" height=\"300\" srcset=\"https:\/\/conex-casting.com\/wp-content\/uploads\/2019\/02\/Ground-Rod-Clamps-01-300x300.jpg 300w, https:\/\/conex-casting.com\/wp-content\/uploads\/2019\/02\/Ground-Rod-Clamps-01-150x150.jpg 150w, https:\/\/conex-casting.com\/wp-content\/uploads\/2019\/02\/Ground-Rod-Clamps-01.jpg 350w\" sizes=\"auto, (max-width: 300px) 100vw, 300px\" \/><\/td>\n<td style=\"width: 50%;\"><img loading=\"lazy\" decoding=\"async\" class=\"aligncenter wp-image-1239 size-medium\" title=\"Grampos para haste de aterramento\" src=\"http:\/\/conex-casting.com\/wp-content\/uploads\/2019\/02\/Ground-Rod-Clamps-02-300x300.jpg\" alt=\"Grampos para haste de aterramento\" width=\"300\" height=\"300\" srcset=\"https:\/\/conex-casting.com\/wp-content\/uploads\/2019\/02\/Ground-Rod-Clamps-02-300x300.jpg 300w, https:\/\/conex-casting.com\/wp-content\/uploads\/2019\/02\/Ground-Rod-Clamps-02-150x150.jpg 150w, https:\/\/conex-casting.com\/wp-content\/uploads\/2019\/02\/Ground-Rod-Clamps-02.jpg 350w\" sizes=\"auto, (max-width: 300px) 100vw, 300px\" \/><\/td>\n<\/tr>\n<\/tbody>\n<\/table>\n","protected":false},"excerpt":{"rendered":"<p>Grampos para haste de aterramento Pe\u00e7a uma cota\u00e7\u00e3o Usado para prender fios de cobre a hastes de aterramento para enterramento na terra. Feito de liga de cobre, como C955, usando fundi\u00e7\u00e3o em areia fina. O hardware est\u00e1 dispon\u00edvel em Bronze e A\u00e7o Inoxid\u00e1vel. Varia de 3\/8 &#8220;a 3\/4&#8221;.<\/p>\n","protected":false},"author":1,"featured_media":0,"parent":0,"menu_order":0,"comment_status":"closed","ping_status":"closed","template":"","meta":{"_joinchat":[],"footnotes":""},"class_list":["post-3683","page","type-page","status-publish","hentry"],"_links":{"self":[{"href":"https:\/\/conex-casting.com\/pt-br\/wp-json\/wp\/v2\/pages\/3683","targetHints":{"allow":["GET"]}}],"collection":[{"href":"https:\/\/conex-casting.com\/pt-br\/wp-json\/wp\/v2\/pages"}],"about":[{"href":"https:\/\/conex-casting.com\/pt-br\/wp-json\/wp\/v2\/types\/page"}],"author":[{"embeddable":true,"href":"https:\/\/conex-casting.com\/pt-br\/wp-json\/wp\/v2\/users\/1"}],"replies":[{"embeddable":true,"href":"https:\/\/conex-casting.com\/pt-br\/wp-json\/wp\/v2\/comments?post=3683"}],"version-history":[{"count":2,"href":"https:\/\/conex-casting.com\/pt-br\/wp-json\/wp\/v2\/pages\/3683\/revisions"}],"predecessor-version":[{"id":6155,"href":"https:\/\/conex-casting.com\/pt-br\/wp-json\/wp\/v2\/pages\/3683\/revisions\/6155"}],"wp:attachment":[{"href":"https:\/\/conex-casting.com\/pt-br\/wp-json\/wp\/v2\/media?parent=3683"}],"curies":[{"name":"wp","href":"https:\/\/api.w.org\/{rel}","templated":true}]}}