{"id":3687,"date":"2021-02-23T09:58:46","date_gmt":"2021-02-23T09:58:46","guid":{"rendered":"http:\/\/conex-casting.com\/?page_id=3687"},"modified":"2021-10-23T08:03:13","modified_gmt":"2021-10-23T08:03:13","slug":"oi-liga-de-cobre-fundicao-centrifuga","status":"publish","type":"page","link":"https:\/\/conex-casting.com\/pt-br\/oi-liga-de-cobre-fundicao-centrifuga\/","title":{"rendered":"Oi Liga de cobre Fundi\u00e7\u00e3o Centr\u00edfuga"},"content":{"rendered":"<p style=\"text-align: center;\"><span style=\"text-decoration: underline; color: #800000;\"><span style=\"font-size: 18pt;\"><strong>Oi Liga de cobre Fundi\u00e7\u00e3o Centr\u00edfuga<\/strong><\/span><\/span><\/p>\n<p style=\"text-align: center;\"><a class=\"maxbutton-1 maxbutton maxbutton-product-page-button open-popup-modal\"><span class=\"mb-text\">Pe\u00e7a uma cota\u00e7\u00e3o<\/span><\/a><\/p>\n<p style=\"text-align: justify;\">Nossa fundi\u00e7\u00e3o tem fundido ligas \u00e0 base de cobre desde sua concep\u00e7\u00e3o como produtor de fundi\u00e7\u00e3o, j\u00e1 em d\u00e9cadas. Todas as ligas s\u00e3o fundidas em areia usando o processo de areia verde ou de ar definido. Todas as ligas est\u00e3o em conformidade com BS1400.<\/p>\n<table style=\"border-collapse: collapse; width: 100%;\">\n<tbody>\n<tr>\n<td style=\"width: 33.3333%;\"><img loading=\"lazy\" decoding=\"async\" class=\"aligncenter wp-image-3469 size-full\" title=\"Oi Liga de cobre Fundi\u00e7\u00e3o Centr\u00edfuga\" src=\"http:\/\/conex-casting.com\/wp-content\/uploads\/2020\/08\/Hi-Copper-Alloy-Centrifugal-Casting-01.jpg\" alt=\"Oi Liga de cobre Fundi\u00e7\u00e3o Centr\u00edfuga\" width=\"250\" height=\"250\" srcset=\"https:\/\/conex-casting.com\/wp-content\/uploads\/2020\/08\/Hi-Copper-Alloy-Centrifugal-Casting-01.jpg 250w, https:\/\/conex-casting.com\/wp-content\/uploads\/2020\/08\/Hi-Copper-Alloy-Centrifugal-Casting-01-150x150.jpg 150w\" sizes=\"auto, (max-width: 250px) 100vw, 250px\" \/><\/td>\n<td style=\"width: 33.3333%;\"><img loading=\"lazy\" decoding=\"async\" class=\"aligncenter wp-image-3689 size-full\" title=\"Oi Liga de cobre Fundi\u00e7\u00e3o Centr\u00edfuga\" src=\"http:\/\/conex-casting.com\/wp-content\/uploads\/2020\/08\/Hi-Copper-Alloy-Centrifugal-Casting-03.jpg\" alt=\"Oi Liga de cobre Fundi\u00e7\u00e3o Centr\u00edfuga\" width=\"250\" height=\"250\" srcset=\"https:\/\/conex-casting.com\/wp-content\/uploads\/2020\/08\/Hi-Copper-Alloy-Centrifugal-Casting-03.jpg 250w, https:\/\/conex-casting.com\/wp-content\/uploads\/2020\/08\/Hi-Copper-Alloy-Centrifugal-Casting-03-150x150.jpg 150w\" sizes=\"auto, (max-width: 250px) 100vw, 250px\" \/><\/td>\n<td style=\"width: 33.3333%;\"><img loading=\"lazy\" decoding=\"async\" class=\"aligncenter wp-image-3688 size-full\" title=\"Oi Liga de cobre Fundi\u00e7\u00e3o Centr\u00edfuga\" src=\"http:\/\/conex-casting.com\/wp-content\/uploads\/2020\/08\/Hi-Copper-Alloy-Centrifugal-Casting-02.jpg\" alt=\"Oi Liga de cobre Fundi\u00e7\u00e3o Centr\u00edfuga\" width=\"250\" height=\"250\" srcset=\"https:\/\/conex-casting.com\/wp-content\/uploads\/2020\/08\/Hi-Copper-Alloy-Centrifugal-Casting-02.jpg 250w, https:\/\/conex-casting.com\/wp-content\/uploads\/2020\/08\/Hi-Copper-Alloy-Centrifugal-Casting-02-150x150.jpg 150w\" sizes=\"auto, (max-width: 250px) 100vw, 250px\" \/><\/td>\n<\/tr>\n<\/tbody>\n<\/table>\n","protected":false},"excerpt":{"rendered":"<p>Oi Liga de cobre Fundi\u00e7\u00e3o Centr\u00edfuga Pe\u00e7a uma cota\u00e7\u00e3o Nossa fundi\u00e7\u00e3o tem fundido ligas \u00e0 base de cobre desde sua concep\u00e7\u00e3o como produtor de fundi\u00e7\u00e3o, j\u00e1 em d\u00e9cadas. Todas as ligas s\u00e3o fundidas em areia usando o processo de areia verde ou de ar definido. Todas as ligas est\u00e3o em conformidade com BS1400.<\/p>\n","protected":false},"author":1,"featured_media":0,"parent":0,"menu_order":0,"comment_status":"closed","ping_status":"closed","template":"","meta":{"_joinchat":[],"footnotes":""},"class_list":["post-3687","page","type-page","status-publish","hentry"],"_links":{"self":[{"href":"https:\/\/conex-casting.com\/pt-br\/wp-json\/wp\/v2\/pages\/3687","targetHints":{"allow":["GET"]}}],"collection":[{"href":"https:\/\/conex-casting.com\/pt-br\/wp-json\/wp\/v2\/pages"}],"about":[{"href":"https:\/\/conex-casting.com\/pt-br\/wp-json\/wp\/v2\/types\/page"}],"author":[{"embeddable":true,"href":"https:\/\/conex-casting.com\/pt-br\/wp-json\/wp\/v2\/users\/1"}],"replies":[{"embeddable":true,"href":"https:\/\/conex-casting.com\/pt-br\/wp-json\/wp\/v2\/comments?post=3687"}],"version-history":[{"count":3,"href":"https:\/\/conex-casting.com\/pt-br\/wp-json\/wp\/v2\/pages\/3687\/revisions"}],"predecessor-version":[{"id":6175,"href":"https:\/\/conex-casting.com\/pt-br\/wp-json\/wp\/v2\/pages\/3687\/revisions\/6175"}],"wp:attachment":[{"href":"https:\/\/conex-casting.com\/pt-br\/wp-json\/wp\/v2\/media?parent=3687"}],"curies":[{"name":"wp","href":"https:\/\/api.w.org\/{rel}","templated":true}]}}