{"id":3706,"date":"2021-02-23T10:46:09","date_gmt":"2021-02-23T10:46:09","guid":{"rendered":"http:\/\/conex-casting.com\/?page_id=3706"},"modified":"2021-10-23T07:59:35","modified_gmt":"2021-10-23T07:59:35","slug":"colocar-em-taloes","status":"publish","type":"page","link":"https:\/\/conex-casting.com\/pt-br\/colocar-em-taloes\/","title":{"rendered":"Colocar em tal\u00f5es"},"content":{"rendered":"<p style=\"text-align: center;\"><span style=\"text-decoration: underline; color: #800000;\"><span style=\"font-size: 18pt;\"><strong>Colocar em tal\u00f5es<\/strong><\/span><\/span><\/p>\n<p style=\"text-align: center;\"><a class=\"maxbutton-1 maxbutton maxbutton-product-page-button open-popup-modal\"><span class=\"mb-text\">Pe\u00e7a uma cota\u00e7\u00e3o<\/span><\/a><\/p>\n<p style=\"text-align: justify;\">Fabricado com 99,99% de cobre e tem um serrilhado no final. O parafuso de fixa\u00e7\u00e3o do fio \u00e9 feito de a\u00e7o inoxid\u00e1vel. \u00c9 adequado para condutores de alum\u00ednio e cobre e \u00e9 muito \u00fatil para colocar fios em um painel solar.<\/p>\n<table style=\"border-collapse: collapse; width: 100%;\" border=\"0\">\n<tbody>\n<tr>\n<td style=\"width: 50%;\"><img loading=\"lazy\" decoding=\"async\" class=\"aligncenter wp-image-1283 size-medium\" title=\"Colocar em tal\u00f5es\" src=\"http:\/\/conex-casting.com\/wp-content\/uploads\/2019\/02\/Lay-in-Lugs-01-300x300.jpg\" alt=\"Colocar em tal\u00f5es\" width=\"300\" height=\"300\" srcset=\"https:\/\/conex-casting.com\/wp-content\/uploads\/2019\/02\/Lay-in-Lugs-01-300x300.jpg 300w, https:\/\/conex-casting.com\/wp-content\/uploads\/2019\/02\/Lay-in-Lugs-01-150x150.jpg 150w, https:\/\/conex-casting.com\/wp-content\/uploads\/2019\/02\/Lay-in-Lugs-01.jpg 350w\" sizes=\"auto, (max-width: 300px) 100vw, 300px\" \/><\/td>\n<td style=\"width: 50%;\"><img loading=\"lazy\" decoding=\"async\" class=\"aligncenter wp-image-1284 size-medium\" title=\"Colocar em tal\u00f5es\" src=\"http:\/\/conex-casting.com\/wp-content\/uploads\/2019\/02\/Lay-in-Lugs-02-300x300.jpg\" alt=\"Colocar em tal\u00f5es\" width=\"300\" height=\"300\" srcset=\"https:\/\/conex-casting.com\/wp-content\/uploads\/2019\/02\/Lay-in-Lugs-02-300x300.jpg 300w, https:\/\/conex-casting.com\/wp-content\/uploads\/2019\/02\/Lay-in-Lugs-02-150x150.jpg 150w, https:\/\/conex-casting.com\/wp-content\/uploads\/2019\/02\/Lay-in-Lugs-02.jpg 350w\" sizes=\"auto, (max-width: 300px) 100vw, 300px\" \/><\/td>\n<\/tr>\n<\/tbody>\n<\/table>\n","protected":false},"excerpt":{"rendered":"<p>Colocar em tal\u00f5es Pe\u00e7a uma cota\u00e7\u00e3o Fabricado com 99,99% de cobre e tem um serrilhado no final. O parafuso de fixa\u00e7\u00e3o do fio \u00e9 feito de a\u00e7o inoxid\u00e1vel. \u00c9 adequado para condutores de alum\u00ednio e cobre e \u00e9 muito \u00fatil para colocar fios em um painel solar.<\/p>\n","protected":false},"author":1,"featured_media":0,"parent":0,"menu_order":0,"comment_status":"closed","ping_status":"closed","template":"","meta":{"_joinchat":[],"footnotes":""},"class_list":["post-3706","page","type-page","status-publish","hentry"],"_links":{"self":[{"href":"https:\/\/conex-casting.com\/pt-br\/wp-json\/wp\/v2\/pages\/3706","targetHints":{"allow":["GET"]}}],"collection":[{"href":"https:\/\/conex-casting.com\/pt-br\/wp-json\/wp\/v2\/pages"}],"about":[{"href":"https:\/\/conex-casting.com\/pt-br\/wp-json\/wp\/v2\/types\/page"}],"author":[{"embeddable":true,"href":"https:\/\/conex-casting.com\/pt-br\/wp-json\/wp\/v2\/users\/1"}],"replies":[{"embeddable":true,"href":"https:\/\/conex-casting.com\/pt-br\/wp-json\/wp\/v2\/comments?post=3706"}],"version-history":[{"count":2,"href":"https:\/\/conex-casting.com\/pt-br\/wp-json\/wp\/v2\/pages\/3706\/revisions"}],"predecessor-version":[{"id":6159,"href":"https:\/\/conex-casting.com\/pt-br\/wp-json\/wp\/v2\/pages\/3706\/revisions\/6159"}],"wp:attachment":[{"href":"https:\/\/conex-casting.com\/pt-br\/wp-json\/wp\/v2\/media?parent=3706"}],"curies":[{"name":"wp","href":"https:\/\/api.w.org\/{rel}","templated":true}]}}