{"id":3710,"date":"2021-02-23T10:49:30","date_gmt":"2021-02-23T10:49:30","guid":{"rendered":"http:\/\/conex-casting.com\/?page_id=3710"},"modified":"2021-10-23T08:49:58","modified_gmt":"2021-10-23T08:49:58","slug":"fundicao-de-bronze-de-grau-naval","status":"publish","type":"page","link":"https:\/\/conex-casting.com\/pt-br\/fundicao-de-bronze-de-grau-naval\/","title":{"rendered":"Fundi\u00e7\u00e3o de bronze de grau naval"},"content":{"rendered":"<p style=\"text-align: center;\"><span style=\"text-decoration: underline; color: #800000;\"><strong><span style=\"font-size: 18pt;\">Fundi\u00e7\u00e3o de bronze de grau naval<\/span><\/strong><\/span><\/p>\n<p style=\"text-align: center;\"><a class=\"maxbutton-1 maxbutton maxbutton-product-page-button open-popup-modal\"><span class=\"mb-text\">Pe\u00e7a uma cota\u00e7\u00e3o<\/span><\/a><\/p>\n<table style=\"border-collapse: collapse; width: 80%;\" border=\"0\">\n<tbody>\n<tr style=\"height: 257px;\">\n<td style=\"width: 50%; height: 236px;\">\n<p><figure id=\"attachment_1324\" aria-describedby=\"caption-attachment-1324\" style=\"width: 250px\" class=\"wp-caption aligncenter\"><a href=\"https:\/\/conex-casting.com\/pt-br\/filtros-para-casco-de-bronze-para-marinhas\/\"><img loading=\"lazy\" decoding=\"async\" class=\"wp-image-3711 size-full\" title=\"Filtros de casco de bronze Filtros de concha mar\u00edtimaBronze Hull Strainers Marine Sea Scoop Strainers\" src=\"http:\/\/conex-casting.com\/wp-content\/uploads\/2019\/02\/Bronze-Hull-Strainers-Marine-Sea-Scoop-Strainers-01.jpg\" alt=\"Filtros de casco de bronze Filtros de concha mar\u00edtimaBronze Hull Strainers Marine Sea Scoop Strainers\" width=\"250\" height=\"250\" srcset=\"https:\/\/conex-casting.com\/wp-content\/uploads\/2019\/02\/Bronze-Hull-Strainers-Marine-Sea-Scoop-Strainers-01.jpg 250w, https:\/\/conex-casting.com\/wp-content\/uploads\/2019\/02\/Bronze-Hull-Strainers-Marine-Sea-Scoop-Strainers-01-150x150.jpg 150w\" sizes=\"auto, (max-width: 250px) 100vw, 250px\" \/><\/a><figcaption id=\"caption-attachment-1324\" class=\"wp-caption-text\"><span style=\"text-decoration: underline;\"><strong><a href=\"https:\/\/conex-casting.com\/pt-br\/filtros-para-casco-de-bronze-para-marinhas\/\">Filtros de casco de bronze Filtros de concha mar\u00edtimaBronze Hull Strainers Marine Sea Scoop Strainers<\/a><\/strong><\/span><\/figcaption><\/figure><\/td>\n<td style=\"width: 50%; height: 236px;\">\n<p><figure id=\"attachment_1325\" aria-describedby=\"caption-attachment-1325\" style=\"width: 250px\" class=\"wp-caption aligncenter\"><a href=\"https:\/\/conex-casting.com\/pt-br\/acessorios-para-casco-marinho-com-revestimento-de-bronze\/\"><img loading=\"lazy\" decoding=\"async\" class=\"wp-image-3712 size-full\" title=\"Acess\u00f3rios para casco marinho com revestimento de bronzeBronze Skin Fitting Marine Hull Fittings\" src=\"http:\/\/conex-casting.com\/wp-content\/uploads\/2019\/02\/Bronze-Skin-Fitting-Marine-Hull-Fittings.jpg\" alt=\"Acess\u00f3rios para casco marinho com revestimento de bronzeBronze Skin Fitting Marine Hull Fittings\" width=\"250\" height=\"250\" srcset=\"https:\/\/conex-casting.com\/wp-content\/uploads\/2019\/02\/Bronze-Skin-Fitting-Marine-Hull-Fittings.jpg 250w, https:\/\/conex-casting.com\/wp-content\/uploads\/2019\/02\/Bronze-Skin-Fitting-Marine-Hull-Fittings-150x150.jpg 150w\" sizes=\"auto, (max-width: 250px) 100vw, 250px\" \/><\/a><figcaption id=\"caption-attachment-1325\" class=\"wp-caption-text\"><span style=\"text-decoration: underline;\"><a href=\"https:\/\/conex-casting.com\/pt-br\/acessorios-para-casco-marinho-com-revestimento-de-bronze\/\"><strong>Acess\u00f3rios para casco marinho com revestimento de bronzeBronze Skin Fitting Marine Hull Fittings<\/strong><\/a><\/span><\/figcaption><\/figure><\/td>\n<\/tr>\n<\/tbody>\n<\/table>\n","protected":false},"excerpt":{"rendered":"<p>Fundi\u00e7\u00e3o de bronze de grau naval Pe\u00e7a uma cota\u00e7\u00e3o<\/p>\n","protected":false},"author":1,"featured_media":0,"parent":0,"menu_order":0,"comment_status":"closed","ping_status":"closed","template":"","meta":{"_joinchat":[],"footnotes":""},"class_list":["post-3710","page","type-page","status-publish","hentry"],"_links":{"self":[{"href":"https:\/\/conex-casting.com\/pt-br\/wp-json\/wp\/v2\/pages\/3710","targetHints":{"allow":["GET"]}}],"collection":[{"href":"https:\/\/conex-casting.com\/pt-br\/wp-json\/wp\/v2\/pages"}],"about":[{"href":"https:\/\/conex-casting.com\/pt-br\/wp-json\/wp\/v2\/types\/page"}],"author":[{"embeddable":true,"href":"https:\/\/conex-casting.com\/pt-br\/wp-json\/wp\/v2\/users\/1"}],"replies":[{"embeddable":true,"href":"https:\/\/conex-casting.com\/pt-br\/wp-json\/wp\/v2\/comments?post=3710"}],"version-history":[{"count":5,"href":"https:\/\/conex-casting.com\/pt-br\/wp-json\/wp\/v2\/pages\/3710\/revisions"}],"predecessor-version":[{"id":6318,"href":"https:\/\/conex-casting.com\/pt-br\/wp-json\/wp\/v2\/pages\/3710\/revisions\/6318"}],"wp:attachment":[{"href":"https:\/\/conex-casting.com\/pt-br\/wp-json\/wp\/v2\/media?parent=3710"}],"curies":[{"name":"wp","href":"https:\/\/api.w.org\/{rel}","templated":true}]}}