{"id":3716,"date":"2021-02-23T10:54:39","date_gmt":"2021-02-23T10:54:39","guid":{"rendered":"http:\/\/conex-casting.com\/?page_id=3716"},"modified":"2021-10-23T07:59:43","modified_gmt":"2021-10-23T07:59:43","slug":"grampos-de-vergalhao","status":"publish","type":"page","link":"https:\/\/conex-casting.com\/pt-br\/grampos-de-vergalhao\/","title":{"rendered":"Grampos de vergalh\u00e3o"},"content":{"rendered":"<p style=\"text-align: center;\"><span style=\"text-decoration: underline; color: #800000;\"><span style=\"font-size: 18pt;\"><strong>Grampos de vergalh\u00e3o<\/strong><\/span><\/span><\/p>\n<p style=\"text-align: center;\"><a class=\"maxbutton-1 maxbutton maxbutton-product-page-button open-popup-modal\"><span class=\"mb-text\">Pe\u00e7a uma cota\u00e7\u00e3o<\/span><\/a><\/p>\n<p style=\"text-align: justify;\">O grampo para vergalh\u00e3o \u00e9 muito semelhante ao grampo para tubo em seu uso e fun\u00e7\u00e3o. O grampo \u00e9 feito de liga de bronze de alta resist\u00eancia e hardware de a\u00e7o. A se\u00e7\u00e3o de configura\u00e7\u00e3o na parte superior torna a instala\u00e7\u00e3o r\u00e1pida e f\u00e1cil de usar.<\/p>\n<table style=\"border-collapse: collapse; width: 100%;\" border=\"0\">\n<tbody>\n<tr>\n<td style=\"width: 50%;\"><img loading=\"lazy\" decoding=\"async\" class=\"aligncenter wp-image-1288 size-medium\" title=\"Grampos de vergalh\u00e3o\" src=\"http:\/\/conex-casting.com\/wp-content\/uploads\/2019\/02\/Rebar-Clamps-01-300x300.jpg\" alt=\"Grampos de vergalh\u00e3o\" width=\"300\" height=\"300\" srcset=\"https:\/\/conex-casting.com\/wp-content\/uploads\/2019\/02\/Rebar-Clamps-01-300x300.jpg 300w, https:\/\/conex-casting.com\/wp-content\/uploads\/2019\/02\/Rebar-Clamps-01-150x150.jpg 150w, https:\/\/conex-casting.com\/wp-content\/uploads\/2019\/02\/Rebar-Clamps-01.jpg 350w\" sizes=\"auto, (max-width: 300px) 100vw, 300px\" \/><\/td>\n<td style=\"width: 50%;\"><img loading=\"lazy\" decoding=\"async\" class=\"aligncenter wp-image-1291 size-medium\" title=\"Grampos de vergalh\u00e3o\" src=\"http:\/\/conex-casting.com\/wp-content\/uploads\/2019\/02\/Rebar-Clamps-02-300x300.jpg\" alt=\"Grampos de vergalh\u00e3o\" width=\"300\" height=\"300\" srcset=\"https:\/\/conex-casting.com\/wp-content\/uploads\/2019\/02\/Rebar-Clamps-02-300x300.jpg 300w, https:\/\/conex-casting.com\/wp-content\/uploads\/2019\/02\/Rebar-Clamps-02-150x150.jpg 150w, https:\/\/conex-casting.com\/wp-content\/uploads\/2019\/02\/Rebar-Clamps-02.jpg 350w\" sizes=\"auto, (max-width: 300px) 100vw, 300px\" \/><\/td>\n<\/tr>\n<\/tbody>\n<\/table>\n","protected":false},"excerpt":{"rendered":"<p>Grampos de vergalh\u00e3o Pe\u00e7a uma cota\u00e7\u00e3o O grampo para vergalh\u00e3o \u00e9 muito semelhante ao grampo para tubo em seu uso e fun\u00e7\u00e3o. O grampo \u00e9 feito de liga de bronze de alta resist\u00eancia e hardware de a\u00e7o. A se\u00e7\u00e3o de configura\u00e7\u00e3o na parte superior torna a instala\u00e7\u00e3o r\u00e1pida e f\u00e1cil de usar.<\/p>\n","protected":false},"author":1,"featured_media":0,"parent":0,"menu_order":0,"comment_status":"closed","ping_status":"closed","template":"","meta":{"_joinchat":[],"footnotes":""},"class_list":["post-3716","page","type-page","status-publish","hentry"],"_links":{"self":[{"href":"https:\/\/conex-casting.com\/pt-br\/wp-json\/wp\/v2\/pages\/3716","targetHints":{"allow":["GET"]}}],"collection":[{"href":"https:\/\/conex-casting.com\/pt-br\/wp-json\/wp\/v2\/pages"}],"about":[{"href":"https:\/\/conex-casting.com\/pt-br\/wp-json\/wp\/v2\/types\/page"}],"author":[{"embeddable":true,"href":"https:\/\/conex-casting.com\/pt-br\/wp-json\/wp\/v2\/users\/1"}],"replies":[{"embeddable":true,"href":"https:\/\/conex-casting.com\/pt-br\/wp-json\/wp\/v2\/comments?post=3716"}],"version-history":[{"count":2,"href":"https:\/\/conex-casting.com\/pt-br\/wp-json\/wp\/v2\/pages\/3716\/revisions"}],"predecessor-version":[{"id":6160,"href":"https:\/\/conex-casting.com\/pt-br\/wp-json\/wp\/v2\/pages\/3716\/revisions\/6160"}],"wp:attachment":[{"href":"https:\/\/conex-casting.com\/pt-br\/wp-json\/wp\/v2\/media?parent=3716"}],"curies":[{"name":"wp","href":"https:\/\/api.w.org\/{rel}","templated":true}]}}