{"id":3720,"date":"2021-02-23T11:00:15","date_gmt":"2021-02-23T11:00:15","guid":{"rendered":"http:\/\/conex-casting.com\/?page_id=3720"},"modified":"2021-10-23T08:01:58","modified_gmt":"2021-10-23T08:01:58","slug":"porcas-de-bronze-de-silicone","status":"publish","type":"page","link":"https:\/\/conex-casting.com\/pt-br\/porcas-de-bronze-de-silicone\/","title":{"rendered":"Porcas de bronze de silicone"},"content":{"rendered":"<p style=\"text-align: center;\"><span style=\"text-decoration: underline; color: #800000; font-size: 18pt;\"><strong>Porcas de bronze de silicone<\/strong><\/span><\/p>\n<p style=\"text-align: center;\"><a class=\"maxbutton-1 maxbutton maxbutton-product-page-button open-popup-modal\"><span class=\"mb-text\">Pe\u00e7a uma cota\u00e7\u00e3o<\/span><\/a><\/p>\n<p style=\"text-align: justify;\">O bronze de sil\u00edcio \u00e9 a escolha preferida para a maioria dos ambientes marinhos por causa de sua resist\u00eancia superior \u00e0 corros\u00e3o e sua durabilidade e resist\u00eancia. As porcas de bronze de sil\u00edcio s\u00e3o geralmente usadas em barcos &#8211; constru\u00e7\u00e3o naval, ind\u00fastrias de for\u00e7a e energia, refinarias e ind\u00fastria de constru\u00e7\u00e3o em geral.<\/p>\n<p style=\"text-align: justify;\">Nossas porcas de bronze de silicone est\u00e3o dispon\u00edveis em tamanhos que variam de M3 a M30. Diferentes tipos de porcas de bronze de sil\u00edcio fabricadas por n\u00f3s incluem porcas sextavadas de bronze de sil\u00edcio, porcas quadradas de bronze de sil\u00edcio, porcas de tampa em c\u00fapula de bronze de sil\u00edcio, porcas de gel\u00e9ia, porcas traseiras flangeadas, porcas de bloqueio de bronze de sil\u00edcio e porcas de acoplamento hexagonais de sil\u00edcio de bronze, etc.<\/p>\n<p>As porcas de bronze de silicone dispon\u00edveis s\u00e3o ligas de bronze de silicone 651 *, 655 * e 661 *.<\/p>\n<table style=\"border-collapse: collapse; width: 100%;\" border=\"1\">\n<tbody>\n<tr valign=\"top\">\n<td style=\"width: 31.954%;\">Tamanhos de <strong> Porcas de bronze de silicone <\/strong><\/td>\n<td style=\"width: 1.72414%; text-align: center;\">:<\/td>\n<td style=\"width: 66.6091%;\">3\/16 \u201d, \u00bc\u201d, 5\/16 \u201d, 3\/8\u201d, \u00bd \u201d, \u00be\u201d, 1 \u201d, 1-1 \/ 2\u201d e M3, M4, M5, M6, M8, M10, M12, M16, M20, M24, M30<\/td>\n<\/tr>\n<tr valign=\"top\">\n<td style=\"width: 31.954%;\">Fios de <strong> Porcas de bronze de silicone <\/strong><\/td>\n<td style=\"width: 1.72414%; text-align: center;\">:<\/td>\n<td style=\"width: 66.6091%;\">UNC, UNF, Metric, UNEF<\/td>\n<\/tr>\n<\/tbody>\n<\/table>\n<p><strong> Ligas de bronze de sil\u00edcio devem ser selecionadas com base no uso pretendido. Especificamente: <\/strong><\/p>\n<ul>\n<li style=\"text-align: justify;\">A liga de bronze de sil\u00edcio 651, a 98,5 por cento Cu e 1,5 por cento Si, \u00e9 normalmente melhor em pe\u00e7as de cabe\u00e7a fria.<\/li>\n<li style=\"text-align: justify;\">A liga de bronze de sil\u00edcio 655, com 97 por cento de Cu e 3 por cento de Si, \u00e9 mais usada para fixadores que devem ser feitos a quente.<\/li>\n<li style=\"text-align: justify;\">A liga de bronze de sil\u00edcio 661, composta por 95 por cento de Cu, 3 por cento de Si e 0,5 por cento de Pb \u00e9 uma escolha s\u00f3lida para pe\u00e7as que requerem usinagem.<\/li>\n<\/ul>\n<p>&nbsp;<\/p>\n<table style=\"border-collapse: collapse; width: 100%;\" border=\"0\">\n<tbody>\n<tr valign=\"top\">\n<td style=\"width: 50%;\"><img loading=\"lazy\" decoding=\"async\" class=\"wp-image-3722 size-full aligncenter\" title=\"Porcas de bronze de silicone\" src=\"http:\/\/conex-casting.com\/wp-content\/uploads\/2019\/02\/Silicon-Bronze-Nuts-02.jpg\" alt=\"Porcas de bronze de silicone\" width=\"300\" height=\"300\" srcset=\"https:\/\/conex-casting.com\/wp-content\/uploads\/2019\/02\/Silicon-Bronze-Nuts-02.jpg 300w, https:\/\/conex-casting.com\/wp-content\/uploads\/2019\/02\/Silicon-Bronze-Nuts-02-150x150.jpg 150w\" sizes=\"auto, (max-width: 300px) 100vw, 300px\" \/><\/td>\n<td style=\"width: 50%;\"><img loading=\"lazy\" decoding=\"async\" class=\"aligncenter wp-image-3726 size-full\" title=\"Porcas de bronze de silicone\" src=\"http:\/\/conex-casting.com\/wp-content\/uploads\/2021\/02\/silicon-bronze-nuts-01.jpg\" alt=\"Porcas de bronze de silicone\" width=\"300\" height=\"300\" srcset=\"https:\/\/conex-casting.com\/wp-content\/uploads\/2021\/02\/silicon-bronze-nuts-01.jpg 300w, https:\/\/conex-casting.com\/wp-content\/uploads\/2021\/02\/silicon-bronze-nuts-01-150x150.jpg 150w\" sizes=\"auto, (max-width: 300px) 100vw, 300px\" \/><\/td>\n<\/tr>\n<\/tbody>\n<\/table>\n","protected":false},"excerpt":{"rendered":"<p>Porcas de bronze de silicone Pe\u00e7a uma cota\u00e7\u00e3o O bronze de sil\u00edcio \u00e9 a escolha preferida para a maioria dos ambientes marinhos por causa de sua resist\u00eancia superior \u00e0 corros\u00e3o e sua durabilidade e resist\u00eancia. As porcas de bronze de sil\u00edcio s\u00e3o geralmente usadas em barcos &#8211; constru\u00e7\u00e3o naval, ind\u00fastrias de for\u00e7a e energia, refinarias [&hellip;]<\/p>\n","protected":false},"author":1,"featured_media":0,"parent":0,"menu_order":0,"comment_status":"closed","ping_status":"closed","template":"","meta":{"_joinchat":[],"footnotes":""},"class_list":["post-3720","page","type-page","status-publish","hentry"],"_links":{"self":[{"href":"https:\/\/conex-casting.com\/pt-br\/wp-json\/wp\/v2\/pages\/3720","targetHints":{"allow":["GET"]}}],"collection":[{"href":"https:\/\/conex-casting.com\/pt-br\/wp-json\/wp\/v2\/pages"}],"about":[{"href":"https:\/\/conex-casting.com\/pt-br\/wp-json\/wp\/v2\/types\/page"}],"author":[{"embeddable":true,"href":"https:\/\/conex-casting.com\/pt-br\/wp-json\/wp\/v2\/users\/1"}],"replies":[{"embeddable":true,"href":"https:\/\/conex-casting.com\/pt-br\/wp-json\/wp\/v2\/comments?post=3720"}],"version-history":[{"count":4,"href":"https:\/\/conex-casting.com\/pt-br\/wp-json\/wp\/v2\/pages\/3720\/revisions"}],"predecessor-version":[{"id":6171,"href":"https:\/\/conex-casting.com\/pt-br\/wp-json\/wp\/v2\/pages\/3720\/revisions\/6171"}],"wp:attachment":[{"href":"https:\/\/conex-casting.com\/pt-br\/wp-json\/wp\/v2\/media?parent=3720"}],"curies":[{"name":"wp","href":"https:\/\/api.w.org\/{rel}","templated":true}]}}