{"id":3757,"date":"2021-02-23T12:28:00","date_gmt":"2021-02-23T12:28:00","guid":{"rendered":"http:\/\/conex-casting.com\/?page_id=3757"},"modified":"2021-03-09T20:19:25","modified_gmt":"2021-03-09T20:19:25","slug":"privacy-policy","status":"publish","type":"page","link":"https:\/\/conex-casting.com\/pt-br\/privacy-policy\/","title":{"rendered":"Pol\u00edtica de Privacidade"},"content":{"rendered":"<p style=\"text-align: center;\"><span style=\"text-decoration: underline; color: #800000;\"> <span style=\"font-size: 18pt;\"> <strong> Pol\u00edtica de privacidade<\/strong><\/span><\/span><\/p>\n<p><span style=\"text-decoration: underline;\"> <span style=\"color: # 800000; text-decoration: underline;\"> <strong> Pol\u00edtica de privacidade <\/strong> <\/span> <\/span><\/p>\n<p>Data de vig\u00eancia: 23 de fevereiro de 2021<\/p>\n<p>Indiv\u00edduo (&#8220;n\u00f3s&#8221;, &#8220;n\u00f3s&#8221; ou &#8220;nosso&#8221;) opera o site <strong> https:\/\/www.conex-casting.com\/ <\/strong> (o &#8220;Servi\u00e7o&#8221;).<\/p>\n<p>Esta p\u00e1gina informa sobre nossas pol\u00edticas em rela\u00e7\u00e3o \u00e0 coleta, uso e divulga\u00e7\u00e3o de dados pessoais quando voc\u00ea usa nosso Servi\u00e7o e as op\u00e7\u00f5es que voc\u00ea associou a esses dados.<\/p>\n<p>Usamos seus dados para fornecer e melhorar o Servi\u00e7o. Ao usar o Servi\u00e7o, voc\u00ea concorda com a coleta e uso de informa\u00e7\u00f5es de acordo com esta pol\u00edtica. A menos que definido de outra forma nesta Pol\u00edtica de Privacidade, os termos usados \u200b\u200bnesta Pol\u00edtica de Privacidade t\u00eam os mesmos significados que em nossos Termos e Condi\u00e7\u00f5es, acess\u00edveis em <strong> https:\/\/www.conex-casting.com\/ <\/strong><\/p>\n<p><span style=\"text-decoration: underline;\"> <span style=\"color: # 800000; text-decoration: underline;\"> <strong> Coleta e uso de informa\u00e7\u00f5es <\/strong> <\/span> <\/span><\/p>\n<p>Coletamos diversos tipos de informa\u00e7\u00f5es para diversos fins, a fim de fornecer e melhorar nosso Servi\u00e7o para voc\u00ea.<\/p>\n<p><span style=\"text-decoration: underline;\"> <span style=\"color: # 800000; text-decoration: underline;\"> <strong> Tipos de dados coletados <\/strong> <\/span> <\/span><\/p>\n<p><span style=\"text-decoration: underline;\"> <span style=\"color: # 800000; text-decoration: underline;\"> <strong> Dados pessoais <\/strong> <\/span> <\/span><\/p>\n<p>Ao usar nosso servi\u00e7o, podemos pedir que voc\u00ea nos forne\u00e7a certas informa\u00e7\u00f5es de identifica\u00e7\u00e3o pessoal que podem ser usadas para contat\u00e1-lo ou identific\u00e1-lo (&#8220;Dados pessoais&#8221;). As informa\u00e7\u00f5es de identifica\u00e7\u00e3o pessoal podem incluir, mas n\u00e3o se limitam a:<\/p>\n<ul>\n<li>endere\u00e7o de e-mail<\/li>\n<li>Nome e sobrenome<\/li>\n<li>N\u00famero de telefone<\/li>\n<li>Endere\u00e7o, estado, prov\u00edncia, CEP \/ c\u00f3digo postal, cidade<\/li>\n<li>Cookies e dados de uso<\/li>\n<\/ul>\n<p><span style=\"text-decoration: underline;\"> <span style=\"color: # 800000; text-decoration: underline;\"> <strong> Dados de uso <\/strong> <\/span> <\/span><\/p>\n<p>Tamb\u00e9m podemos coletar informa\u00e7\u00f5es sobre como o Servi\u00e7o \u00e9 acessado e usado (&#8220;Dados de Uso&#8221;). Estes Dados de Uso podem incluir informa\u00e7\u00f5es como o endere\u00e7o de protocolo da Internet do seu computador (por exemplo, endere\u00e7o IP), tipo de navegador, vers\u00e3o do navegador, as p\u00e1ginas do nosso servi\u00e7o que voc\u00ea visita, a hora e data da sua visita, o tempo gasto nessas p\u00e1ginas, exclusivo identificadores de dispositivo e outros dados de diagn\u00f3stico.<\/p>\n<p><span style=\"text-decoration: underline;\"> <span style=\"color: # 800000; text-decoration: underline;\"> <strong> Rastreamento &amp; amp; Dados de cookies <\/strong> <\/span> <\/span><\/p>\n<p>Usamos cookies e tecnologias de rastreamento semelhantes para rastrear a atividade em nosso Servi\u00e7o e manter certas informa\u00e7\u00f5es.<\/p>\n<p>Cookies s\u00e3o arquivos com pequena quantidade de dados que podem incluir um identificador \u00fanico an\u00f4nimo. Os cookies s\u00e3o enviados para o seu navegador a partir de um site e armazenados no seu dispositivo. As tecnologias de rastreamento tamb\u00e9m utilizadas s\u00e3o beacons, tags e scripts para coletar e rastrear informa\u00e7\u00f5es e para melhorar e analisar nosso Servi\u00e7o.<\/p>\n<p>Voc\u00ea pode instruir seu navegador a recusar todos os cookies ou indicar quando um cookie est\u00e1 sendo enviado. No entanto, se voc\u00ea n\u00e3o aceitar cookies, pode n\u00e3o conseguir usar algumas partes do nosso Servi\u00e7o.<\/p>\n<p><span style=\"text-decoration: underline;\"> <span style=\"color: # 800000; text-decoration: underline;\"> <strong> Exemplos de cookies que usamos:\u00a0<\/strong><\/span><\/span><\/p>\n<ul>\n<li><strong> Cookies de sess\u00e3o. <\/strong> Usamos cookies de sess\u00e3o para operar nosso servi\u00e7o.<\/li>\n<li><strong> Cookies de prefer\u00eancia. <\/strong> Usamos cookies de prefer\u00eancia para lembrar suas prefer\u00eancias e v\u00e1rias configura\u00e7\u00f5es.<\/li>\n<li><strong> Cookies de seguran\u00e7a. <\/strong> Usamos cookies de seguran\u00e7a para fins de seguran\u00e7a.<\/li>\n<\/ul>\n<p><span style=\"text-decoration: underline;\"> <span style=\"color: # 800000; text-decoration: underline;\"> <strong> Uso de Dados <\/strong> <\/span> <\/span><\/p>\n<p>O indiv\u00edduo usa os dados coletados para v\u00e1rios fins:<\/p>\n<ul>\n<li>Para fornecer e manter o servi\u00e7o<\/li>\n<li>Para notific\u00e1-lo sobre mudan\u00e7as em nosso servi\u00e7o<\/li>\n<li>Para permitir que voc\u00ea participe de recursos interativos de nosso Servi\u00e7o quando voc\u00ea decidir faz\u00ea-lo<\/li>\n<li>Para fornecer atendimento e suporte ao cliente<\/li>\n<li>Para fornecer an\u00e1lises ou informa\u00e7\u00f5es valiosas para que possamos melhorar o servi\u00e7o<\/li>\n<li>Para monitorar o uso do servi\u00e7o<\/li>\n<li>Para detectar, prevenir e resolver problemas t\u00e9cnicos<\/li>\n<\/ul>\n<p><span style=\"text-decoration: underline;\"> <span style=\"color: # 800000; text-decoration: underline;\"> <strong> Transfer\u00eancia de dados <\/strong> <\/span> <\/span><\/p>\n<p>Suas informa\u00e7\u00f5es, incluindo dados pessoais, podem ser transferidas para &#8211; e mantidas em &#8211; computadores localizados fora de seu estado, prov\u00edncia, pa\u00eds ou outra jurisdi\u00e7\u00e3o governamental onde as leis de prote\u00e7\u00e3o de dados podem ser diferentes daquelas de sua jurisdi\u00e7\u00e3o.<\/p>\n<p>Se voc\u00ea estiver localizado fora da \u00cdndia e optar por nos fornecer informa\u00e7\u00f5es, observe que transferimos os dados, incluindo Dados Pessoais, para a \u00cdndia e os processamos l\u00e1.<\/p>\n<p>O seu consentimento com esta Pol\u00edtica de Privacidade, seguido do envio de tais informa\u00e7\u00f5es, representa a sua concord\u00e2ncia com essa transfer\u00eancia.<\/p>\n<p>O indiv\u00edduo tomar\u00e1 todas as medidas razoavelmente necess\u00e1rias para garantir que seus dados sejam tratados com seguran\u00e7a e de acordo com esta Pol\u00edtica de Privacidade e nenhuma transfer\u00eancia de seus Dados Pessoais ocorrer\u00e1 para uma organiza\u00e7\u00e3o ou pa\u00eds, a menos que haja controles adequados em vigor, incluindo a seguran\u00e7a de seu dados e outras informa\u00e7\u00f5es pessoais.<\/p>\n<p><span style=\"text-decoration: underline;\"> <span style=\"color: # 800000; text-decoration: underline;\"> <strong> Divulga\u00e7\u00e3o de dados <\/strong> <\/span> <\/span><\/p>\n<p><span style=\"text-decoration: underline;\"> <span style=\"color: # 800000; text-decoration: underline;\"> <strong> Requisitos legais <\/strong> <\/span> <\/span><\/p>\n<p>O indiv\u00edduo pode divulgar seus Dados pessoais acreditando de boa f\u00e9 que tal a\u00e7\u00e3o \u00e9 necess\u00e1ria para:<\/p>\n<ul>\n<li>Para cumprir uma obriga\u00e7\u00e3o legal<\/li>\n<li>Para proteger e defender os direitos ou propriedade do indiv\u00edduo<\/li>\n<li>Para prevenir ou investigar poss\u00edveis atos il\u00edcitos em conex\u00e3o com o Servi\u00e7o<\/li>\n<li>Para proteger a seguran\u00e7a pessoal dos usu\u00e1rios do Servi\u00e7o ou do p\u00fablico<\/li>\n<li>Para se proteger contra responsabilidade legal<\/li>\n<\/ul>\n<p><span style=\"text-decoration: underline;\"> <span style=\"color: # 800000; text-decoration: underline;\"> <strong> Seguran\u00e7a de dados <\/strong> <\/span> <\/span><\/p>\n<p>A seguran\u00e7a dos seus dados \u00e9 importante para n\u00f3s, mas lembre-se que nenhum m\u00e9todo de transmiss\u00e3o pela Internet ou m\u00e9todo de armazenamento eletr\u00f4nico \u00e9 100% seguro. Embora nos esforcemos para usar meios comercialmente aceit\u00e1veis \u200b\u200bpara proteger seus dados pessoais, n\u00e3o podemos garantir sua seguran\u00e7a absoluta.<\/p>\n<p><span style=\"text-decoration: underline;\"> <span style=\"color: # 800000; text-decoration: underline;\"> <strong> Provedores de servi\u00e7os <\/strong> <\/span> <\/span><\/p>\n<p>Podemos contratar empresas terceirizadas e indiv\u00edduos para facilitar nosso Servi\u00e7o (&#8220;Provedores de Servi\u00e7o&#8221;), para fornecer o Servi\u00e7o em nosso nome, para realizar servi\u00e7os relacionados ao Servi\u00e7o ou para nos ajudar a analisar como nosso Servi\u00e7o \u00e9 usado.<\/p>\n<p>Esses terceiros t\u00eam acesso aos seus Dados Pessoais apenas para realizar essas tarefas em nosso nome e s\u00e3o obrigados a n\u00e3o divulg\u00e1-los ou us\u00e1-los para qualquer outra finalidade.<\/p>\n<p><span style=\"text-decoration: underline;\"> <span style=\"color: # 800000; text-decoration: underline;\"> <strong> Analytics <\/strong> <\/span> <\/span><\/p>\n<p>Podemos usar Provedores de Servi\u00e7os terceirizados para monitorar e analisar o uso de nosso Servi\u00e7o.<\/p>\n<ul>\n<li><span style=\"font-size: 10pt;\"> <strong> Google Analytics <\/strong> <\/span><\/li>\n<\/ul>\n<p>O Google Analytics \u00e9 um servi\u00e7o de an\u00e1lise da web oferecido pelo Google que rastreia e relata o tr\u00e1fego do site. O Google usa os dados coletados para rastrear e monitorar o uso de nosso Servi\u00e7o. Esses dados s\u00e3o compartilhados com outros servi\u00e7os do Google. O Google pode usar os dados coletados para contextualizar e personalizar os an\u00fancios de sua pr\u00f3pria rede de publicidade.<\/p>\n<p>Voc\u00ea pode optar por n\u00e3o ter disponibilizado sua atividade no Servi\u00e7o para o Google Analytics instalando o add-on do navegador para desativa\u00e7\u00e3o do Google Analytics. O add-on impede que o JavaScript do Google Analytics (ga.js, analytics.js e dc.js) compartilhe informa\u00e7\u00f5es com o Google Analytics sobre a atividade de visitas.<\/p>\n<p>Para obter mais informa\u00e7\u00f5es sobre as pr\u00e1ticas de privacidade do Google, visite a p\u00e1gina Privacidade do Google &amp; amp; P\u00e1gina da web dos termos: <a href=\"https:\/\/policies.google.com\/privacy?hl=en\"> https:\/\/policies.google.com\/privacy?hl=en <\/a><\/p>\n<p><span style=\"text-decoration: underline;\"> <span style=\"color: # 800000; text-decoration: underline;\"> <strong> Links para outros sites <\/strong> <\/span> <\/span><\/p>\n<p>Nosso servi\u00e7o pode conter links para outros sites que n\u00e3o s\u00e3o operados por n\u00f3s. Se voc\u00ea clicar em um link de terceiros, ser\u00e1 direcionado para o site desse terceiro. Aconselhamos vivamente que reveja a Pol\u00edtica de Privacidade de cada site que visitar.<\/p>\n<p>N\u00e3o temos controle e n\u00e3o assumimos responsabilidade pelo conte\u00fado, pol\u00edticas de privacidade ou pr\u00e1ticas de quaisquer sites ou servi\u00e7os de terceiros.<\/p>\n<p><span style=\"text-decoration: underline;\"> <span style=\"color: # 800000; text-decoration: underline;\"> <strong> Privacidade infantil <\/strong> <\/span> <\/span><\/p>\n<p>O nosso servi\u00e7o n\u00e3o se dirige a menores de 18 anos (&#8220;Crian\u00e7as&#8221;).<\/p>\n<p>N\u00e3o coletamos intencionalmente informa\u00e7\u00f5es de identifica\u00e7\u00e3o pessoal de qualquer pessoa menor de 18 anos. Se voc\u00ea for um dos pais ou respons\u00e1vel e souber que seus filhos nos forneceram Dados pessoais, entre em contato conosco. Se ficarmos cientes de que coletamos Dados Pessoais de crian\u00e7as sem a verifica\u00e7\u00e3o do consentimento dos pais, tomaremos medidas para remover essas informa\u00e7\u00f5es de nossos servidores.<\/p>\n<p><span style=\"text-decoration: underline;\"> <span style=\"color: # 800000; text-decoration: underline;\"> <strong> Mudan\u00e7as nesta Pol\u00edtica de Privacidade\u00a0<\/strong><\/span><\/span><\/p>\n<p>Podemos atualizar nossa Pol\u00edtica de Privacidade de tempos em tempos. Iremos notific\u00e1-lo de quaisquer altera\u00e7\u00f5es, publicando a nova Pol\u00edtica de Privacidade nesta p\u00e1gina.<\/p>\n<p>Iremos inform\u00e1-lo por e-mail e \/ ou um aviso destacado em nosso servi\u00e7o, antes que a altera\u00e7\u00e3o entre em vigor e atualizar a &#8220;data efetiva&#8221; no topo desta Pol\u00edtica de Privacidade.<\/p>\n<p>Aconselhamos voc\u00ea a revisar esta Pol\u00edtica de Privacidade periodicamente para verificar quaisquer altera\u00e7\u00f5es. As altera\u00e7\u00f5es a esta Pol\u00edtica de Privacidade entram em vigor quando publicadas nesta p\u00e1gina.<\/p>\n<p><span style=\"text-decoration: underline;\"> <span style=\"color: # 800000; text-decoration: underline;\"> <strong> Entre em contato <\/strong> <\/span> <\/span><\/p>\n<p>Se voc\u00ea tiver alguma d\u00favida sobre esta Pol\u00edtica de Privacidade, entre em contato conosco:<\/p>\n<ul>\n<li>Por e-mail: <a href=\"mailto:sales@conex-casting.com\"> sales@conex-casting.com <\/a><\/li>\n<\/ul>\n","protected":false},"excerpt":{"rendered":"<p>Pol\u00edtica de privacidade Pol\u00edtica de privacidade Data de vig\u00eancia: 23 de fevereiro de 2021 Indiv\u00edduo (&#8220;n\u00f3s&#8221;, &#8220;n\u00f3s&#8221; ou &#8220;nosso&#8221;) opera o site https:\/\/www.conex-casting.com\/ (o &#8220;Servi\u00e7o&#8221;). Esta p\u00e1gina informa sobre nossas pol\u00edticas em rela\u00e7\u00e3o \u00e0 coleta, uso e divulga\u00e7\u00e3o de dados pessoais quando voc\u00ea usa nosso Servi\u00e7o e as op\u00e7\u00f5es que voc\u00ea associou a esses dados. [&hellip;]<\/p>\n","protected":false},"author":1,"featured_media":0,"parent":0,"menu_order":0,"comment_status":"closed","ping_status":"closed","template":"","meta":{"_joinchat":[],"footnotes":""},"class_list":["post-3757","page","type-page","status-publish","hentry"],"_links":{"self":[{"href":"https:\/\/conex-casting.com\/pt-br\/wp-json\/wp\/v2\/pages\/3757","targetHints":{"allow":["GET"]}}],"collection":[{"href":"https:\/\/conex-casting.com\/pt-br\/wp-json\/wp\/v2\/pages"}],"about":[{"href":"https:\/\/conex-casting.com\/pt-br\/wp-json\/wp\/v2\/types\/page"}],"author":[{"embeddable":true,"href":"https:\/\/conex-casting.com\/pt-br\/wp-json\/wp\/v2\/users\/1"}],"replies":[{"embeddable":true,"href":"https:\/\/conex-casting.com\/pt-br\/wp-json\/wp\/v2\/comments?post=3757"}],"version-history":[{"count":2,"href":"https:\/\/conex-casting.com\/pt-br\/wp-json\/wp\/v2\/pages\/3757\/revisions"}],"predecessor-version":[{"id":4672,"href":"https:\/\/conex-casting.com\/pt-br\/wp-json\/wp\/v2\/pages\/3757\/revisions\/4672"}],"wp:attachment":[{"href":"https:\/\/conex-casting.com\/pt-br\/wp-json\/wp\/v2\/media?parent=3757"}],"curies":[{"name":"wp","href":"https:\/\/api.w.org\/{rel}","templated":true}]}}