{"id":3795,"date":"2021-02-24T06:57:47","date_gmt":"2021-02-24T06:57:47","guid":{"rendered":"http:\/\/conex-casting.com\/?page_id=3795"},"modified":"2021-10-23T07:59:52","modified_gmt":"2021-10-23T07:59:52","slug":"conectores-de-tanque-de-transformador","status":"publish","type":"page","link":"https:\/\/conex-casting.com\/pt-br\/conectores-de-tanque-de-transformador\/","title":{"rendered":"Conectores de tanque de transformador"},"content":{"rendered":"<p style=\"text-align: center;\"><span style=\"text-decoration: underline; color: #800000;\"><span style=\"font-size: 18pt;\"><strong>Conectores de tanque de transformador<\/strong><\/span><\/span><\/p>\n<p style=\"text-align: center;\"><a class=\"maxbutton-1 maxbutton maxbutton-product-page-button open-popup-modal\"><span class=\"mb-text\">Pe\u00e7a uma cota\u00e7\u00e3o<\/span><\/a><\/p>\n<p style=\"text-align: justify;\">Consiste em um parafuso com olhal girat\u00f3rio que pode acomodar o cabo vertical ou horizontalmente. A pe\u00e7a \u00e9 feita de liga de cobre de alta resist\u00eancia, como C955. \u00c9 f\u00e1cil de usar e pode ser usado com uma chave inglesa comum.<\/p>\n<table style=\"border-collapse: collapse; width: 100%;\" border=\"0\">\n<tbody>\n<tr>\n<td style=\"width: 50%;\"><img loading=\"lazy\" decoding=\"async\" class=\"aligncenter wp-image-1294 size-medium\" title=\"Conectores de tanque de transformador\" src=\"http:\/\/conex-casting.com\/wp-content\/uploads\/2019\/02\/Transformer-Tank-Connectors-01-300x300.jpg\" alt=\"Conectores de tanque de transformador\" width=\"300\" height=\"300\" srcset=\"https:\/\/conex-casting.com\/wp-content\/uploads\/2019\/02\/Transformer-Tank-Connectors-01-300x300.jpg 300w, https:\/\/conex-casting.com\/wp-content\/uploads\/2019\/02\/Transformer-Tank-Connectors-01-150x150.jpg 150w, https:\/\/conex-casting.com\/wp-content\/uploads\/2019\/02\/Transformer-Tank-Connectors-01.jpg 350w\" sizes=\"auto, (max-width: 300px) 100vw, 300px\" \/><\/td>\n<td style=\"width: 50%;\"><img loading=\"lazy\" decoding=\"async\" class=\"aligncenter wp-image-1295 size-medium\" title=\"Conectores de tanque de transformador\" src=\"http:\/\/conex-casting.com\/wp-content\/uploads\/2019\/02\/Transformer-Tank-Connectors-03-300x300.jpg\" alt=\"Conectores de tanque de transformador\" width=\"300\" height=\"300\" srcset=\"https:\/\/conex-casting.com\/wp-content\/uploads\/2019\/02\/Transformer-Tank-Connectors-03-300x300.jpg 300w, https:\/\/conex-casting.com\/wp-content\/uploads\/2019\/02\/Transformer-Tank-Connectors-03-150x150.jpg 150w, https:\/\/conex-casting.com\/wp-content\/uploads\/2019\/02\/Transformer-Tank-Connectors-03.jpg 350w\" sizes=\"auto, (max-width: 300px) 100vw, 300px\" \/><\/td>\n<\/tr>\n<\/tbody>\n<\/table>\n","protected":false},"excerpt":{"rendered":"<p>Conectores de tanque de transformador Pe\u00e7a uma cota\u00e7\u00e3o Consiste em um parafuso com olhal girat\u00f3rio que pode acomodar o cabo vertical ou horizontalmente. A pe\u00e7a \u00e9 feita de liga de cobre de alta resist\u00eancia, como C955. \u00c9 f\u00e1cil de usar e pode ser usado com uma chave inglesa comum.<\/p>\n","protected":false},"author":1,"featured_media":0,"parent":0,"menu_order":0,"comment_status":"closed","ping_status":"closed","template":"","meta":{"_joinchat":[],"footnotes":""},"class_list":["post-3795","page","type-page","status-publish","hentry"],"_links":{"self":[{"href":"https:\/\/conex-casting.com\/pt-br\/wp-json\/wp\/v2\/pages\/3795","targetHints":{"allow":["GET"]}}],"collection":[{"href":"https:\/\/conex-casting.com\/pt-br\/wp-json\/wp\/v2\/pages"}],"about":[{"href":"https:\/\/conex-casting.com\/pt-br\/wp-json\/wp\/v2\/types\/page"}],"author":[{"embeddable":true,"href":"https:\/\/conex-casting.com\/pt-br\/wp-json\/wp\/v2\/users\/1"}],"replies":[{"embeddable":true,"href":"https:\/\/conex-casting.com\/pt-br\/wp-json\/wp\/v2\/comments?post=3795"}],"version-history":[{"count":2,"href":"https:\/\/conex-casting.com\/pt-br\/wp-json\/wp\/v2\/pages\/3795\/revisions"}],"predecessor-version":[{"id":6161,"href":"https:\/\/conex-casting.com\/pt-br\/wp-json\/wp\/v2\/pages\/3795\/revisions\/6161"}],"wp:attachment":[{"href":"https:\/\/conex-casting.com\/pt-br\/wp-json\/wp\/v2\/media?parent=3795"}],"curies":[{"name":"wp","href":"https:\/\/api.w.org\/{rel}","templated":true}]}}