{"id":3799,"date":"2021-02-24T07:03:35","date_gmt":"2021-02-24T07:03:35","guid":{"rendered":"http:\/\/conex-casting.com\/?page_id=3799"},"modified":"2021-10-23T07:59:59","modified_gmt":"2021-10-23T07:59:59","slug":"grampos-de-parafuso-u","status":"publish","type":"page","link":"https:\/\/conex-casting.com\/pt-br\/grampos-de-parafuso-u\/","title":{"rendered":"Grampos de parafuso U"},"content":{"rendered":"<p style=\"text-align: center;\"><span style=\"text-decoration: underline; color: #800000;\"><span style=\"font-size: 18pt;\"><strong>Grampos de parafuso U<\/strong><\/span><\/span><\/p>\n<p style=\"text-align: center;\"><a class=\"maxbutton-1 maxbutton maxbutton-product-page-button open-popup-modal\"><span class=\"mb-text\">Pe\u00e7a uma cota\u00e7\u00e3o<\/span><\/a><\/p>\n<p style=\"text-align: justify;\">Eles s\u00e3o usados \u200b\u200bpara conectar o condutor circular s\u00f3lido \u00e0 haste de aterramento de cobre. Eles s\u00e3o feitos com hardware de cobre e bronze de alta qualidade.<\/p>\n<table style=\"border-collapse: collapse; width: 100%;\" border=\"0\">\n<tbody>\n<tr>\n<td style=\"width: 50%;\"><img loading=\"lazy\" decoding=\"async\" class=\"aligncenter wp-image-1299 size-medium\" title=\"Grampos de parafuso U\" src=\"http:\/\/conex-casting.com\/wp-content\/uploads\/2019\/02\/U-Bolt-Clamps-01-300x300.jpg\" alt=\"Grampos de parafuso U\" width=\"300\" height=\"300\" srcset=\"https:\/\/conex-casting.com\/wp-content\/uploads\/2019\/02\/U-Bolt-Clamps-01-300x300.jpg 300w, https:\/\/conex-casting.com\/wp-content\/uploads\/2019\/02\/U-Bolt-Clamps-01-150x150.jpg 150w, https:\/\/conex-casting.com\/wp-content\/uploads\/2019\/02\/U-Bolt-Clamps-01.jpg 350w\" sizes=\"auto, (max-width: 300px) 100vw, 300px\" \/><\/td>\n<td style=\"width: 50%;\"><img loading=\"lazy\" decoding=\"async\" class=\"aligncenter wp-image-1301 size-medium\" title=\"Grampos de parafuso U\" src=\"http:\/\/conex-casting.com\/wp-content\/uploads\/2019\/02\/U-Bolt-Clamps-02-300x300.jpg\" alt=\"Grampos de parafuso U\" width=\"300\" height=\"300\" srcset=\"https:\/\/conex-casting.com\/wp-content\/uploads\/2019\/02\/U-Bolt-Clamps-02-300x300.jpg 300w, https:\/\/conex-casting.com\/wp-content\/uploads\/2019\/02\/U-Bolt-Clamps-02-150x150.jpg 150w, https:\/\/conex-casting.com\/wp-content\/uploads\/2019\/02\/U-Bolt-Clamps-02.jpg 350w\" sizes=\"auto, (max-width: 300px) 100vw, 300px\" \/><\/td>\n<\/tr>\n<\/tbody>\n<\/table>\n","protected":false},"excerpt":{"rendered":"<p>Grampos de parafuso U Pe\u00e7a uma cota\u00e7\u00e3o Eles s\u00e3o usados \u200b\u200bpara conectar o condutor circular s\u00f3lido \u00e0 haste de aterramento de cobre. Eles s\u00e3o feitos com hardware de cobre e bronze de alta qualidade.<\/p>\n","protected":false},"author":1,"featured_media":0,"parent":0,"menu_order":0,"comment_status":"closed","ping_status":"closed","template":"","meta":{"_joinchat":[],"footnotes":""},"class_list":["post-3799","page","type-page","status-publish","hentry"],"_links":{"self":[{"href":"https:\/\/conex-casting.com\/pt-br\/wp-json\/wp\/v2\/pages\/3799","targetHints":{"allow":["GET"]}}],"collection":[{"href":"https:\/\/conex-casting.com\/pt-br\/wp-json\/wp\/v2\/pages"}],"about":[{"href":"https:\/\/conex-casting.com\/pt-br\/wp-json\/wp\/v2\/types\/page"}],"author":[{"embeddable":true,"href":"https:\/\/conex-casting.com\/pt-br\/wp-json\/wp\/v2\/users\/1"}],"replies":[{"embeddable":true,"href":"https:\/\/conex-casting.com\/pt-br\/wp-json\/wp\/v2\/comments?post=3799"}],"version-history":[{"count":2,"href":"https:\/\/conex-casting.com\/pt-br\/wp-json\/wp\/v2\/pages\/3799\/revisions"}],"predecessor-version":[{"id":6162,"href":"https:\/\/conex-casting.com\/pt-br\/wp-json\/wp\/v2\/pages\/3799\/revisions\/6162"}],"wp:attachment":[{"href":"https:\/\/conex-casting.com\/pt-br\/wp-json\/wp\/v2\/media?parent=3799"}],"curies":[{"name":"wp","href":"https:\/\/api.w.org\/{rel}","templated":true}]}}