{"id":6949,"date":"2024-08-23T06:50:06","date_gmt":"2024-08-23T06:50:06","guid":{"rendered":"https:\/\/conex-casting.com\/?page_id=6949"},"modified":"2026-02-07T08:12:08","modified_gmt":"2026-02-07T08:12:08","slug":"fundicoes-de-aco-inoxidavel-usinadas-em-cnc","status":"publish","type":"page","link":"https:\/\/conex-casting.com\/pt-br\/fundicoes-de-aco-inoxidavel-usinadas-em-cnc\/","title":{"rendered":"Fundi\u00e7\u00f5es de A\u00e7o Inoxid\u00e1vel Usinadas em CNC"},"content":{"rendered":"\n<p><img loading=\"lazy\" decoding=\"async\" class=\"alignnone size-medium wp-image-6761\" src=\"http:\/\/conex-casting.com\/wp-content\/uploads\/2024\/05\/Stainless-Steel-CNC-Machined-Castings-4-300x300.jpeg\" alt=\"\" width=\"300\" height=\"300\" srcset=\"https:\/\/conex-casting.com\/wp-content\/uploads\/2024\/05\/Stainless-Steel-CNC-Machined-Castings-4-300x300.jpeg 300w, https:\/\/conex-casting.com\/wp-content\/uploads\/2024\/05\/Stainless-Steel-CNC-Machined-Castings-4-150x150.jpeg 150w, https:\/\/conex-casting.com\/wp-content\/uploads\/2024\/05\/Stainless-Steel-CNC-Machined-Castings-4.jpeg 512w\" sizes=\"auto, (max-width: 300px) 100vw, 300px\" \/> <img loading=\"lazy\" decoding=\"async\" class=\"alignnone size-medium wp-image-6773\" src=\"http:\/\/conex-casting.com\/wp-content\/uploads\/2024\/05\/Stainless-Steel-CNC-Machined-Castings-2-300x300.jpeg\" alt=\"\" width=\"300\" height=\"300\" srcset=\"https:\/\/conex-casting.com\/wp-content\/uploads\/2024\/05\/Stainless-Steel-CNC-Machined-Castings-2-300x300.jpeg 300w, https:\/\/conex-casting.com\/wp-content\/uploads\/2024\/05\/Stainless-Steel-CNC-Machined-Castings-2-150x150.jpeg 150w, https:\/\/conex-casting.com\/wp-content\/uploads\/2024\/05\/Stainless-Steel-CNC-Machined-Castings-2.jpeg 512w\" sizes=\"auto, (max-width: 300px) 100vw, 300px\" \/> <img loading=\"lazy\" decoding=\"async\" class=\"alignnone size-medium wp-image-6767\" src=\"http:\/\/conex-casting.com\/wp-content\/uploads\/2024\/05\/Stainless-Steel-CNC-Machined-Castings-1-300x300.jpeg\" alt=\"\" width=\"300\" height=\"300\" srcset=\"https:\/\/conex-casting.com\/wp-content\/uploads\/2024\/05\/Stainless-Steel-CNC-Machined-Castings-1-300x300.jpeg 300w, https:\/\/conex-casting.com\/wp-content\/uploads\/2024\/05\/Stainless-Steel-CNC-Machined-Castings-1-150x150.jpeg 150w, https:\/\/conex-casting.com\/wp-content\/uploads\/2024\/05\/Stainless-Steel-CNC-Machined-Castings-1.jpeg 512w\" sizes=\"auto, (max-width: 300px) 100vw, 300px\" \/><\/p>\n<p style=\"text-align: center;\"><strong><a class=\"maxbutton-1 maxbutton maxbutton-product-page-button open-popup-modal\"><span class=\"mb-text\">Get Quotes In 24 Hours<\/span><\/a><\/strong><\/p>\n<p><strong>Fundi\u00e7\u00f5es de A\u00e7o Inoxid\u00e1vel Usinadas em CNC<\/strong><\/p>\n<p>Excepcional resist\u00eancia \u00e0 corros\u00e3o: o a\u00e7o inoxid\u00e1vel \u00e9 conhecido por sua resist\u00eancia superior \u00e0 corros\u00e3o, tornando-o ideal para aplica\u00e7\u00f5es em ambientes marinhos, qu\u00edmicos e outros ambientes agressivos.<\/p>\n<p>Alta rela\u00e7\u00e3o for\u00e7a-peso: as fundi\u00e7\u00f5es de a\u00e7o inoxid\u00e1vel oferecem excelente resist\u00eancia, permanecendo leves, reduzindo o peso total e melhorando a efici\u00eancia.<\/p>\n<p>Precis\u00e3o e repetibilidade: a usinagem CNC garante toler\u00e2ncias rigorosas, qualidade consistente e reprodu\u00e7\u00e3o precisa de geometrias complexas.<\/p>\n<p>Versatilidade: as fundi\u00e7\u00f5es de a\u00e7o inoxid\u00e1vel usinadas em CNC podem ser usadas em uma ampla gama de ind\u00fastrias, incluindo aeroespacial, automotiva, m\u00e9dica e outras.<\/p>\n<p><strong>Aplica\u00e7\u00f5es das fundi\u00e7\u00f5es de a\u00e7o inoxid\u00e1vel usinadas em CNC:<\/strong> Nossas fundi\u00e7\u00f5es de a\u00e7o inoxid\u00e1vel usinadas em CNC s\u00e3o comumente utilizadas nas seguintes aplica\u00e7\u00f5es:<\/p>\n<ul>\n<li>Corpos de v\u00e1lvulas e conex\u00f5es para as ind\u00fastrias de processamento qu\u00edmico e petr\u00f3leo e g\u00e1s.<\/li>\n<li>Componentes aeroespaciais, como pe\u00e7as de motores e componentes estruturais.<\/li>\n<li>Componentes de dispositivos m\u00e9dicos, incluindo instrumentos cir\u00fargicos e implantes.<\/li>\n<li>Equipamentos de processamento de alimentos, garantindo superf\u00edcies higi\u00eanicas e resistentes \u00e0 corros\u00e3o.<\/li>\n<li>Ferragens e acess\u00f3rios mar\u00edtimos, resistindo a ambientes agressivos de \u00e1gua salgada.<\/li>\n<\/ul>\n<p>Na Conex Casting, oferecemos uma variedade de graus de a\u00e7o inoxid\u00e1vel, incluindo 304, 316 e a\u00e7os inoxid\u00e1veis duplex, para atender aos requisitos espec\u00edficos do seu projeto. Entre em contato conosco hoje para discutir suas necessidades de fundi\u00e7\u00e3o usinada em CNC de a\u00e7o inoxid\u00e1vel e permita que nossa equipe entregue componentes projetados com precis\u00e3o que superem suas expectativas.<\/p>\n<table dir=\"ltr\" border=\"1\" cellspacing=\"0\" cellpadding=\"0\" data-sheets-root=\"1\" data-sheets-baot=\"1\"><colgroup><col width=\"100\" \/><col width=\"100\" \/><col width=\"100\" \/><col width=\"100\" \/><col width=\"100\" \/><col width=\"100\" \/><col width=\"100\" \/><col width=\"100\" \/><col width=\"100\" \/><col width=\"100\" \/><\/colgroup>\n<tbody>\n<tr>\n<td><strong>Grau de A\u00e7o Inoxid\u00e1vel<\/strong><\/td>\n<td><strong>Cromo (%)<\/strong><\/td>\n<td><strong>N\u00edquel (%)<\/strong><\/td>\n<td><strong>Molibd\u00eanio (%)<\/strong><\/td>\n<td><strong>Cobre (%)<\/strong><\/td>\n<td><strong>Nitrog\u00eanio (%)<\/strong><\/td>\n<td><strong>Balance<\/strong><\/td>\n<td><strong>Classifica\u00e7\u00e3o<\/strong><\/td>\n<td><strong>Propriedades Principais<\/strong><\/td>\n<td>\n<div>\n<div><strong>Aplica\u00e7\u00f5es T\u00edpicas<\/strong><\/div>\n<\/div>\n<\/td>\n<\/tr>\n<tr>\n<td>CF8\/CF8M (304)<\/td>\n<td>18-20<\/td>\n<td>8-12<\/td>\n<td>\u2013<\/td>\n<td>\u2013<\/td>\n<td>\u2013<\/td>\n<td>Ferro<\/td>\n<td>Austen\u00edtico<\/td>\n<td>Boa resist\u00eancia \u00e0 corros\u00e3o, d\u00factil, n\u00e3o magn\u00e9tico<\/td>\n<td>\n<div>\n<div>Utens\u00edlios dom\u00e9sticos, equipamentos aliment\u00edcios, arquitetura<\/div>\n<\/div>\n<\/td>\n<\/tr>\n<tr>\n<td>CF3\/CF3M (316)<\/td>\n<td>16-18<\/td>\n<td>10-14<\/td>\n<td>2-3<\/td>\n<td>\u2013<\/td>\n<td>\u2013<\/td>\n<td>Ferro<\/td>\n<td>Austen\u00edtico<\/td>\n<td>Alta resist\u00eancia \u00e0 corros\u00e3o, incluindo ambientes marinhos, d\u00factil<\/td>\n<td>\n<div>\n<div>Ind\u00fastria qu\u00edmica, petroqu\u00edmica, equipamentos m\u00e9dicos<\/div>\n<\/div>\n<\/td>\n<\/tr>\n<tr>\n<td>CN7M (Liga 20)<\/td>\n<td>19-23<\/td>\n<td>31-37<\/td>\n<td>2-3<\/td>\n<td>\u2013<\/td>\n<td>\u2013<\/td>\n<td>Ferro<\/td>\n<td>Austen\u00edtico<\/td>\n<td>Excelente resist\u00eancia \u00e0 corros\u00e3o em ambientes \u00e1cidos, alta resist\u00eancia \u00e0 tra\u00e7\u00e3o<\/td>\n<td>\n<div>\n<div>Ind\u00fastria qu\u00edmica, papel e celulose<\/div>\n<\/div>\n<\/td>\n<\/tr>\n<tr>\n<td>CH20 (Duplex)<\/td>\n<td>24-26<\/td>\n<td>4.5-6.5<\/td>\n<td>2.5-3.5<\/td>\n<td>\u2013<\/td>\n<td>\u2013<\/td>\n<td>Ferro<\/td>\n<td>Duplex<\/td>\n<td>Alta resist\u00eancia \u00e0 corros\u00e3o e \u00e0 tens\u00e3o, boa resist\u00eancia mec\u00e2nica<\/td>\n<td>\n<div>\n<div>Ind\u00fastria qu\u00edmica, petroqu\u00edmica, constru\u00e7\u00e3o naval<\/div>\n<\/div>\n<\/td>\n<\/tr>\n<tr>\n<td>CK20 (Duplex)<\/td>\n<td>21-23.5<\/td>\n<td>4.5-6.5<\/td>\n<td>2.5-3.5<\/td>\n<td>\u2013<\/td>\n<td>0.07-0.2<\/td>\n<td>Ferro<\/td>\n<td>Duplex<\/td>\n<td>Propriedades semelhantes ao CH20, com adi\u00e7\u00e3o de nitrog\u00eanio para melhorar a resist\u00eancia \u00e0 corros\u00e3o por pites<\/td>\n<td>\n<div>\n<div>Aplica\u00e7\u00f5es similares ao CH20<\/div>\n<\/div>\n<\/td>\n<\/tr>\n<tr>\n<td>CC50 (Super Austen\u00edticos)<\/td>\n<td>25-27<\/td>\n<td>19-23<\/td>\n<td>3.5-4.5<\/td>\n<td>1.5-2.5<\/td>\n<td>\u2013<\/td>\n<td>Ferro<\/td>\n<td>Super Austen\u00edtico<\/td>\n<td>Excelente resist\u00eancia \u00e0 corros\u00e3o em ambientes altamente corrosivos, incluindo \u00e1cido clor\u00eddrico<\/td>\n<td>\n<div>\n<div>Ind\u00fastria qu\u00edmica, papel e celulose, dessaliniza\u00e7\u00e3o<\/div>\n<\/div>\n<\/td>\n<\/tr>\n<tr>\n<td>CE30 (Martens\u00edticos)<\/td>\n<td>16-18<\/td>\n<td>0.5-1<\/td>\n<td>\u2013<\/td>\n<td>\u2013<\/td>\n<td>\u2013<\/td>\n<td>Ferro<\/td>\n<td>Martens\u00edtico<\/td>\n<td>Alta resist\u00eancia mec\u00e2nica, endurec\u00edvel por tratamento t\u00e9rmico, moderada resist\u00eancia \u00e0 corros\u00e3o<\/td>\n<td>\n<div>\n<div>L\u00e2minas de corte, pe\u00e7as de molas, componentes automotivos<\/div>\n<\/div>\n<\/td>\n<\/tr>\n<\/tbody>\n<\/table>\n\n\n","protected":false},"excerpt":{"rendered":"<p>Get Quotes In 24 Hours Fundi\u00e7\u00f5es de A\u00e7o Inoxid\u00e1vel Usinadas em CNC Excepcional resist\u00eancia \u00e0 corros\u00e3o: o a\u00e7o inoxid\u00e1vel \u00e9 conhecido por sua resist\u00eancia superior \u00e0 corros\u00e3o, tornando-o ideal para aplica\u00e7\u00f5es em ambientes marinhos, qu\u00edmicos e outros ambientes agressivos. Alta rela\u00e7\u00e3o for\u00e7a-peso: as fundi\u00e7\u00f5es de a\u00e7o inoxid\u00e1vel oferecem excelente resist\u00eancia, permanecendo leves, reduzindo o peso [&hellip;]<\/p>\n","protected":false},"author":1,"featured_media":0,"parent":0,"menu_order":0,"comment_status":"closed","ping_status":"closed","template":"","meta":{"_joinchat":[],"footnotes":""},"class_list":["post-6949","page","type-page","status-publish","hentry"],"_links":{"self":[{"href":"https:\/\/conex-casting.com\/pt-br\/wp-json\/wp\/v2\/pages\/6949","targetHints":{"allow":["GET"]}}],"collection":[{"href":"https:\/\/conex-casting.com\/pt-br\/wp-json\/wp\/v2\/pages"}],"about":[{"href":"https:\/\/conex-casting.com\/pt-br\/wp-json\/wp\/v2\/types\/page"}],"author":[{"embeddable":true,"href":"https:\/\/conex-casting.com\/pt-br\/wp-json\/wp\/v2\/users\/1"}],"replies":[{"embeddable":true,"href":"https:\/\/conex-casting.com\/pt-br\/wp-json\/wp\/v2\/comments?post=6949"}],"version-history":[{"count":2,"href":"https:\/\/conex-casting.com\/pt-br\/wp-json\/wp\/v2\/pages\/6949\/revisions"}],"predecessor-version":[{"id":8611,"href":"https:\/\/conex-casting.com\/pt-br\/wp-json\/wp\/v2\/pages\/6949\/revisions\/8611"}],"wp:attachment":[{"href":"https:\/\/conex-casting.com\/pt-br\/wp-json\/wp\/v2\/media?parent=6949"}],"curies":[{"name":"wp","href":"https:\/\/api.w.org\/{rel}","templated":true}]}}