{"id":6965,"date":"2024-08-23T10:22:25","date_gmt":"2024-08-23T10:22:25","guid":{"rendered":"https:\/\/conex-casting.com\/?page_id=6965"},"modified":"2026-02-07T08:19:30","modified_gmt":"2026-02-07T08:19:30","slug":"pecas-fundidas-em-latao-usinadas-por-cnc-fundicao-de-latao-na-india","status":"publish","type":"page","link":"https:\/\/conex-casting.com\/pt-br\/pecas-fundidas-em-latao-usinadas-por-cnc-fundicao-de-latao-na-india\/","title":{"rendered":"Pe\u00e7as fundidas em lat\u00e3o usinadas por CNC, Fundi\u00e7\u00e3o de lat\u00e3o na \u00cdndia"},"content":{"rendered":"\n<p><img loading=\"lazy\" decoding=\"async\" class=\"alignnone size-medium wp-image-6913\" src=\"http:\/\/conex-casting.com\/wp-content\/uploads\/2024\/08\/Brass-CNC-machined-Castings-300x300.jpeg\" alt=\"Brass CNC machined Castings\" width=\"300\" height=\"300\" srcset=\"https:\/\/conex-casting.com\/wp-content\/uploads\/2024\/08\/Brass-CNC-machined-Castings-300x300.jpeg 300w, https:\/\/conex-casting.com\/wp-content\/uploads\/2024\/08\/Brass-CNC-machined-Castings-150x150.jpeg 150w, https:\/\/conex-casting.com\/wp-content\/uploads\/2024\/08\/Brass-CNC-machined-Castings.jpeg 512w\" sizes=\"auto, (max-width: 300px) 100vw, 300px\" \/> <img loading=\"lazy\" decoding=\"async\" class=\"alignnone size-medium wp-image-6907\" src=\"http:\/\/conex-casting.com\/wp-content\/uploads\/2024\/08\/Brass-CNC-machined-Castings-2-300x300.jpeg\" alt=\"Brass CNC machined Castings 2\" width=\"300\" height=\"300\" srcset=\"https:\/\/conex-casting.com\/wp-content\/uploads\/2024\/08\/Brass-CNC-machined-Castings-2-300x300.jpeg 300w, https:\/\/conex-casting.com\/wp-content\/uploads\/2024\/08\/Brass-CNC-machined-Castings-2-150x150.jpeg 150w, https:\/\/conex-casting.com\/wp-content\/uploads\/2024\/08\/Brass-CNC-machined-Castings-2.jpeg 512w\" sizes=\"auto, (max-width: 300px) 100vw, 300px\" \/> <img loading=\"lazy\" decoding=\"async\" class=\"alignnone size-medium wp-image-6901\" src=\"http:\/\/conex-casting.com\/wp-content\/uploads\/2024\/08\/Brass-CNC-machined-Castings-3-300x300.jpeg\" alt=\"Brass CNC machined Castings 3\" width=\"300\" height=\"300\" srcset=\"https:\/\/conex-casting.com\/wp-content\/uploads\/2024\/08\/Brass-CNC-machined-Castings-3-300x300.jpeg 300w, https:\/\/conex-casting.com\/wp-content\/uploads\/2024\/08\/Brass-CNC-machined-Castings-3-150x150.jpeg 150w, https:\/\/conex-casting.com\/wp-content\/uploads\/2024\/08\/Brass-CNC-machined-Castings-3.jpeg 512w\" sizes=\"auto, (max-width: 300px) 100vw, 300px\" \/> <img loading=\"lazy\" decoding=\"async\" class=\"alignnone wp-image-6895 size-medium\" src=\"http:\/\/conex-casting.com\/wp-content\/uploads\/2024\/08\/Brass-CNC-machined-Castings-4-300x300.jpeg\" alt=\"Brass CNC machined Castings 4\" width=\"300\" height=\"300\" srcset=\"https:\/\/conex-casting.com\/wp-content\/uploads\/2024\/08\/Brass-CNC-machined-Castings-4-300x300.jpeg 300w, https:\/\/conex-casting.com\/wp-content\/uploads\/2024\/08\/Brass-CNC-machined-Castings-4-150x150.jpeg 150w, https:\/\/conex-casting.com\/wp-content\/uploads\/2024\/08\/Brass-CNC-machined-Castings-4.jpeg 512w\" sizes=\"auto, (max-width: 300px) 100vw, 300px\" \/><\/p>\n<p style=\"text-align: center;\"><strong><a class=\"maxbutton-1 maxbutton maxbutton-product-page-button open-popup-modal\"><span class=\"mb-text\">Get Quotes In 24 Hours<\/span><\/a><\/strong><\/p>\n<p><strong>Excel\u00eancia em engenharia de precis\u00e3o em pe\u00e7as fundidas de lat\u00e3o e componentes usinados por CNC.<\/strong><br \/>As pe\u00e7as fundidas de lat\u00e3o usinadas por CNC combinam os benef\u00edcios dos m\u00e9todos tradicionais de fundi\u00e7\u00e3o com a precis\u00e3o da usinagem por controle num\u00e9rico computadorizado (CNC). Esse processo permite a cria\u00e7\u00e3o de componentes de lat\u00e3o complexos com toler\u00e2ncias rigorosas e excelentes acabamentos de superf\u00edcie. Oferecemos fundi\u00e7\u00e3o em areia, moldagem em casca, fundi\u00e7\u00e3o em cera perdida, fundi\u00e7\u00e3o por gravidade, fundi\u00e7\u00e3o em molde aberto, fundi\u00e7\u00e3o em molde permanente, etc., a partir de v\u00e1rias ligas de lat\u00e3o.<\/p>\n<p>Na Conex Casting, nos especializamos na produ\u00e7\u00e3o de pe\u00e7as fundidas de lat\u00e3o usinadas por CNC de alta qualidade para uma ampla gama de ind\u00fastrias. Nossa tecnologia CNC de ponta, combinada com nossa experi\u00eancia em fundi\u00e7\u00e3o de lat\u00e3o, nos permite fornecer componentes com precis\u00e3o e consist\u00eancia incompar\u00e1veis.<\/p>\n<p><strong>Nosso processo:<\/strong><\/p>\n<ul>\n<li><strong>Fundi\u00e7\u00e3o:<\/strong> Come\u00e7amos com ligas de lat\u00e3o de alta qualidade, cuidadosamente fundidas em forma quase final usando fundi\u00e7\u00e3o em areia, moldagem em casca, fundi\u00e7\u00e3o em cera perdida, fundi\u00e7\u00e3o por gravidade, fundi\u00e7\u00e3o em molde aberto, fundi\u00e7\u00e3o em molde permanente, etc.<\/li>\n<li><strong>Material:<\/strong> Todos os graus de lat\u00e3o podem ser fundidos por n\u00f3s, incluindo lat\u00e3o de corte livre, lat\u00f5es de sil\u00edcio e lat\u00f5es sem chumbo.<\/li>\n<li><strong>Usinagem CNC:<\/strong> Nossas avan\u00e7adas m\u00e1quinas CNC refinam precisamente as pe\u00e7as fundidas de acordo com suas especifica\u00e7\u00f5es exatas.<\/li>\n<li><strong>Controle de Qualidade:<\/strong> Inspe\u00e7\u00f5es rigorosas garantem que cada pe\u00e7a atenda aos nossos padr\u00f5es r\u00edgidos, bem como \u00e0s normas ISO, e cumpra um plano de inspe\u00e7\u00e3o estrito.<\/li>\n<\/ul>\n<p><strong>Ligas Fundidas:<\/strong><\/p>\n<ul>\n<li><strong>Lat\u00e3o Vermelho (C83600):<\/strong> Esta liga \u00e9 conhecida por sua excelente resist\u00eancia \u00e0 corros\u00e3o, usinabilidade e ductilidade. \u00c9 amplamente utilizada em acess\u00f3rios de encanamento, ferragens marinhas e itens decorativos.<\/li>\n<li><strong>Lat\u00e3o Amarelo (C36000):<\/strong> Esta \u00e9 uma liga popular para pe\u00e7as fundidas de uso geral devido \u00e0 sua boa usinabilidade, ductilidade e resist\u00eancia. \u00c9 utilizada em uma ampla gama de aplica\u00e7\u00f5es, incluindo acess\u00f3rios de encanamento, ferragens e componentes el\u00e9tricos.<\/li>\n<li><strong>Lat\u00e3o Naval (C46400):<\/strong> Oferecendo alta resist\u00eancia e resist\u00eancia \u00e0 corros\u00e3o, o lat\u00e3o naval \u00e9 frequentemente usado em aplica\u00e7\u00f5es marinhas, trocadores de calor e impulsores de bombas.<\/li>\n<li><strong>Bronze ao Mangan\u00eas (C61400):<\/strong> Esta liga combina boa resist\u00eancia, ductilidade e resist\u00eancia \u00e0 corros\u00e3o, tornando-a adequada para engrenagens, rolamentos e outros componentes de alta tens\u00e3o.<\/li>\n<li><strong>Lat\u00e3o com Chumbo (C37700):<\/strong> Conhecido por sua excelente usinabilidade, o lat\u00e3o com chumbo \u00e9 utilizado em aplica\u00e7\u00f5es onde a facilidade de usinagem \u00e9 crucial. No entanto, devido a preocupa\u00e7\u00f5es ambientais, alternativas sem chumbo est\u00e3o ganhando popularidade.<\/li>\n<li><strong>Lat\u00e3o ao Sil\u00edcio (C35600):<\/strong> Esta liga oferece boa fundibilidade e usinabilidade, tornando-a adequada para pe\u00e7as fundidas complexas. \u00c9 frequentemente utilizada em componentes automotivos e de encanamento.<\/li>\n<\/ul>\n<p><strong>Aplica\u00e7\u00f5es:<\/strong><\/p>\n<ul>\n<li>Conectores e componentes el\u00e9tricos, incluindo componentes de transformadores e equipamentos de comuta\u00e7\u00e3o<\/li>\n<li>Acess\u00f3rios e componentes de encanamento<\/li>\n<li>Ferragens marinhas<\/li>\n<li>Pe\u00e7as de m\u00e1quinas industriais<\/li>\n<\/ul>\n<p><strong>Produtos principais:<\/strong> Alguns dos principais produtos das pe\u00e7as fundidas de lat\u00e3o usinadas por CNC incluem acess\u00f3rios de tubo de lat\u00e3o, acess\u00f3rios de mangueira, conectores, flanges, v\u00e1lvulas, pe\u00e7as de bombas, pe\u00e7as de engrenagens, blocos terminais, entre outros.<\/p>\n\n\n","protected":false},"excerpt":{"rendered":"<p>Get Quotes In 24 Hours Excel\u00eancia em engenharia de precis\u00e3o em pe\u00e7as fundidas de lat\u00e3o e componentes usinados por CNC.As pe\u00e7as fundidas de lat\u00e3o usinadas por CNC combinam os benef\u00edcios dos m\u00e9todos tradicionais de fundi\u00e7\u00e3o com a precis\u00e3o da usinagem por controle num\u00e9rico computadorizado (CNC). Esse processo permite a cria\u00e7\u00e3o de componentes de lat\u00e3o complexos [&hellip;]<\/p>\n","protected":false},"author":1,"featured_media":0,"parent":0,"menu_order":0,"comment_status":"closed","ping_status":"closed","template":"","meta":{"_joinchat":[],"footnotes":""},"class_list":["post-6965","page","type-page","status-publish","hentry"],"_links":{"self":[{"href":"https:\/\/conex-casting.com\/pt-br\/wp-json\/wp\/v2\/pages\/6965","targetHints":{"allow":["GET"]}}],"collection":[{"href":"https:\/\/conex-casting.com\/pt-br\/wp-json\/wp\/v2\/pages"}],"about":[{"href":"https:\/\/conex-casting.com\/pt-br\/wp-json\/wp\/v2\/types\/page"}],"author":[{"embeddable":true,"href":"https:\/\/conex-casting.com\/pt-br\/wp-json\/wp\/v2\/users\/1"}],"replies":[{"embeddable":true,"href":"https:\/\/conex-casting.com\/pt-br\/wp-json\/wp\/v2\/comments?post=6965"}],"version-history":[{"count":2,"href":"https:\/\/conex-casting.com\/pt-br\/wp-json\/wp\/v2\/pages\/6965\/revisions"}],"predecessor-version":[{"id":8627,"href":"https:\/\/conex-casting.com\/pt-br\/wp-json\/wp\/v2\/pages\/6965\/revisions\/8627"}],"wp:attachment":[{"href":"https:\/\/conex-casting.com\/pt-br\/wp-json\/wp\/v2\/media?parent=6965"}],"curies":[{"name":"wp","href":"https:\/\/api.w.org\/{rel}","templated":true}]}}