{"id":6989,"date":"2024-08-23T12:04:48","date_gmt":"2024-08-23T12:04:48","guid":{"rendered":"https:\/\/conex-casting.com\/?page_id=6989"},"modified":"2026-02-07T08:16:00","modified_gmt":"2026-02-07T08:16:00","slug":"pecas-fundidas-em-cobre-usinadas-por-cnc","status":"publish","type":"page","link":"https:\/\/conex-casting.com\/pt-br\/pecas-fundidas-em-cobre-usinadas-por-cnc\/","title":{"rendered":"Pe\u00e7as fundidas em cobre usinadas por CNC"},"content":{"rendered":"\n<p><img loading=\"lazy\" decoding=\"async\" class=\"alignnone size-medium wp-image-6825\" src=\"http:\/\/conex-casting.com\/wp-content\/uploads\/2024\/05\/Copper-CNC-machined-castings-300x300.jpeg\" alt=\"Copper CNC machined castings\" width=\"300\" height=\"300\" srcset=\"https:\/\/conex-casting.com\/wp-content\/uploads\/2024\/05\/Copper-CNC-machined-castings-300x300.jpeg 300w, https:\/\/conex-casting.com\/wp-content\/uploads\/2024\/05\/Copper-CNC-machined-castings-150x150.jpeg 150w, https:\/\/conex-casting.com\/wp-content\/uploads\/2024\/05\/Copper-CNC-machined-castings.jpeg 512w\" sizes=\"auto, (max-width: 300px) 100vw, 300px\" \/> <img loading=\"lazy\" decoding=\"async\" class=\"alignnone size-medium wp-image-6831\" src=\"http:\/\/conex-casting.com\/wp-content\/uploads\/2024\/05\/Copper-CNC-machined-castings-2-300x300.jpeg\" alt=\"Copper CNC machined castings 2\" width=\"300\" height=\"300\" srcset=\"https:\/\/conex-casting.com\/wp-content\/uploads\/2024\/05\/Copper-CNC-machined-castings-2-300x300.jpeg 300w, https:\/\/conex-casting.com\/wp-content\/uploads\/2024\/05\/Copper-CNC-machined-castings-2-150x150.jpeg 150w, https:\/\/conex-casting.com\/wp-content\/uploads\/2024\/05\/Copper-CNC-machined-castings-2.jpeg 512w\" sizes=\"auto, (max-width: 300px) 100vw, 300px\" \/><\/p>\n<p style=\"text-align: center;\"><strong><a class=\"maxbutton-1 maxbutton maxbutton-product-page-button open-popup-modal\"><span class=\"mb-text\">Get Quotes In 24 Hours<\/span><\/a><\/strong><\/p>\n<p>Solu\u00e7\u00f5es de alto desempenho, fabricadas com precis\u00e3o. Na Conex Casting, somos especializados na produ\u00e7\u00e3o de pe\u00e7as fundidas em cobre usinadas por CNC de alta qualidade em nossa fundi\u00e7\u00e3o na \u00cdndia, combinando a for\u00e7a e durabilidade do cobre com a precis\u00e3o da usinagem por controle num\u00e9rico computadorizado (CNC). Nossos componentes fundidos em cobre s\u00e3o projetados para atender aos requisitos industriais e de engenharia mais exigentes, garantindo desempenho e confiabilidade excepcionais.<\/p>\n<p><strong>Ampla gama de graus de cobre<\/strong> Oferecemos pe\u00e7as fundidas usinadas por CNC em v\u00e1rios graus de cobre, incluindo, mas n\u00e3o se limitando a:<\/p>\n<ul>\n<li><strong>Cobre ETP (Electrolytic Tough Pitch):<\/strong> Excelente condutividade el\u00e9trica e t\u00e9rmica, ideal para aplica\u00e7\u00f5es el\u00e9tricas e eletr\u00f4nicas.<\/li>\n<li><strong>Liga de cobre 194 (Bronze de alum\u00ednio):<\/strong> Alta resist\u00eancia, resist\u00eancia \u00e0 corros\u00e3o e ao desgaste, adequado para ambientes marinhos e industriais.<\/li>\n<li><strong>Liga de cobre 688 (Lat\u00e3o de alum\u00ednio):<\/strong> Excelente usinabilidade e resist\u00eancia \u00e0 corros\u00e3o, utilizado nas ind\u00fastrias automotiva, de encanamento e de ferragens.<\/li>\n<li><strong>Ligas de cobre C1100 e C1200:<\/strong> Graus de cobre de alta condutividade utilizados na ind\u00fastria el\u00e9trica.<\/li>\n<li><strong>Liga de cobre 675 (Cobre-Sil\u00edcio):<\/strong> Alta condutividade t\u00e9rmica e resist\u00eancia ao desgaste, adequado para trocadores de calor e rolamentos.<\/li>\n<li><strong>Liga de cobre 706 (Cobre-N\u00edquel):<\/strong> Resist\u00eancia superior \u00e0 corros\u00e3o em ambientes marinhos e qu\u00edmicos.<\/li>\n<\/ul>\n<p><strong>As vantagens das pe\u00e7as fundidas em cobre usinadas por CNC:<\/strong> O cobre \u00e9 conhecido por sua excepcional condutividade t\u00e9rmica e el\u00e9trica, tornando-se uma escolha ideal de material para aplica\u00e7\u00f5es que exigem transfer\u00eancia eficiente de calor ou fluxo de corrente el\u00e9trica. Nossas pe\u00e7as fundidas em cobre usinadas por CNC oferecem as seguintes vantagens:<\/p>\n<ul>\n<li><strong>Precis\u00e3o dimensional precisa:<\/strong> Aproveitando a tecnologia de usinagem CNC de ponta, garantimos que nossas pe\u00e7as fundidas em cobre atendam \u00e0s toler\u00e2ncias e especifica\u00e7\u00f5es mais rigorosas, oferecendo resultados consistentes e precisos.<\/li>\n<li><strong>Acabamento de superf\u00edcie superior:<\/strong> Nosso processo de usinagem CNC garante um acabamento de superf\u00edcie suave e uniforme em nossas pe\u00e7as fundidas em cobre, reduzindo o atrito e o desgaste enquanto melhora o desempenho geral do componente.<\/li>\n<li><strong>Geometrias complexas:<\/strong> Com a usinagem CNC, podemos criar formas intrincadas e complexas, permitindo-nos produzir pe\u00e7as fundidas em cobre at\u00e9 mesmo para as aplica\u00e7\u00f5es e requisitos de design mais exigentes.<\/li>\n<\/ul>\n<p><strong>Capacidades de personaliza\u00e7\u00e3o<\/strong> Nossa equipe interna de design e engenharia trabalha em estreita colabora\u00e7\u00e3o com os clientes para desenvolver solu\u00e7\u00f5es de fundi\u00e7\u00e3o de cobre personalizadas, adaptadas \u00e0s suas necessidades espec\u00edficas, garantindo funcionalidade e desempenho ideais.<\/p>\n<p><strong>Aplica\u00e7\u00f5es das pe\u00e7as fundidas em cobre usinadas por CNC<\/strong> Nossas pe\u00e7as fundidas em cobre usinadas por CNC encontram aplica\u00e7\u00f5es em uma ampla gama de ind\u00fastrias, incluindo:<\/p>\n<ul>\n<li>Eletr\u00f4nica e telecomunica\u00e7\u00f5es<\/li>\n<li>Automotiva e aeroespacial<\/li>\n<li>Gera\u00e7\u00e3o e distribui\u00e7\u00e3o de energia<\/li>\n<li>HVAC e refrigera\u00e7\u00e3o<\/li>\n<li>Processamento qu\u00edmico e petroqu\u00edmico<\/li>\n<li>Sistemas de energia renov\u00e1vel<\/li>\n<li>E muitos mais<\/li>\n<\/ul>\n<p><strong>Qualidade e confiabilidade em que voc\u00ea pode confiar<\/strong> Na Conex Casting, estamos comprometidos em fornecer produtos da mais alta qualidade e confiabilidade. Nossas pe\u00e7as fundidas em cobre usinadas por CNC passam por rigorosos processos de controle de qualidade, garantindo desempenho consistente e conformidade com os padr\u00f5es da ind\u00fastria e especifica\u00e7\u00f5es dos clientes.<\/p>\n<p><strong>Parceria conosco<\/strong> Se voc\u00ea precisa de uma solu\u00e7\u00e3o de fundi\u00e7\u00e3o de cobre padr\u00e3o ou personalizada, nossa equipe de especialistas est\u00e1 pronta para ajud\u00e1-lo. Entre em contato conosco hoje para discutir suas necessidades espec\u00edficas, e permita-nos fornecer-lhe as pe\u00e7as fundidas em cobre usinadas por CNC de alto desempenho que voc\u00ea precisa para ter sucesso.<\/p>\n\n\n","protected":false},"excerpt":{"rendered":"<p>Get Quotes In 24 Hours Solu\u00e7\u00f5es de alto desempenho, fabricadas com precis\u00e3o. Na Conex Casting, somos especializados na produ\u00e7\u00e3o de pe\u00e7as fundidas em cobre usinadas por CNC de alta qualidade em nossa fundi\u00e7\u00e3o na \u00cdndia, combinando a for\u00e7a e durabilidade do cobre com a precis\u00e3o da usinagem por controle num\u00e9rico computadorizado (CNC). Nossos componentes fundidos [&hellip;]<\/p>\n","protected":false},"author":1,"featured_media":0,"parent":0,"menu_order":0,"comment_status":"closed","ping_status":"closed","template":"","meta":{"_joinchat":[],"footnotes":""},"class_list":["post-6989","page","type-page","status-publish","hentry"],"_links":{"self":[{"href":"https:\/\/conex-casting.com\/pt-br\/wp-json\/wp\/v2\/pages\/6989","targetHints":{"allow":["GET"]}}],"collection":[{"href":"https:\/\/conex-casting.com\/pt-br\/wp-json\/wp\/v2\/pages"}],"about":[{"href":"https:\/\/conex-casting.com\/pt-br\/wp-json\/wp\/v2\/types\/page"}],"author":[{"embeddable":true,"href":"https:\/\/conex-casting.com\/pt-br\/wp-json\/wp\/v2\/users\/1"}],"replies":[{"embeddable":true,"href":"https:\/\/conex-casting.com\/pt-br\/wp-json\/wp\/v2\/comments?post=6989"}],"version-history":[{"count":2,"href":"https:\/\/conex-casting.com\/pt-br\/wp-json\/wp\/v2\/pages\/6989\/revisions"}],"predecessor-version":[{"id":8619,"href":"https:\/\/conex-casting.com\/pt-br\/wp-json\/wp\/v2\/pages\/6989\/revisions\/8619"}],"wp:attachment":[{"href":"https:\/\/conex-casting.com\/pt-br\/wp-json\/wp\/v2\/media?parent=6989"}],"curies":[{"name":"wp","href":"https:\/\/api.w.org\/{rel}","templated":true}]}}